{"id":6408,"date":"2026-02-04T11:20:18","date_gmt":"2026-02-04T16:20:18","guid":{"rendered":"https:\/\/www.pvtravels.com\/?post_type=product&#038;p=6408"},"modified":"2026-02-04T11:42:32","modified_gmt":"2026-02-04T16:42:32","slug":"oxapampa-pozuzo-3-dias-2-noches","status":"publish","type":"product","link":"https:\/\/www.pvtravels.com\/es\/tour\/paquetes-para-peruanos-es\/oxapampa-pozuzo-3-dias-2-noches\/","title":{"rendered":"Oxapampa &#038; Pozuzo 3 d\u00edas 2 noches"},"content":{"rendered":"\t\t<div data-elementor-type=\"product-post\" data-elementor-id=\"6408\" class=\"elementor elementor-6408\" data-elementor-post-type=\"product\">\n\t\t\t\t\t\t<section class=\"elementor-section elementor-top-section elementor-element elementor-element-75ba2c0f elementor-section-boxed elementor-section-height-default elementor-section-height-default\" data-id=\"75ba2c0f\" data-element_type=\"section\" data-e-type=\"section\">\n\t\t\t\t\t\t<div class=\"elementor-container elementor-column-gap-default\">\n\t\t\t\t\t<div class=\"elementor-column elementor-col-100 elementor-top-column elementor-element elementor-element-72857de5\" data-id=\"72857de5\" data-element_type=\"column\" data-e-type=\"column\">\n\t\t\t<div class=\"elementor-widget-wrap elementor-element-populated\">\n\t\t\t\t\t\t<div class=\"elementor-element elementor-element-8e907a8 elementor-widget elementor-widget-heading\" data-id=\"8e907a8\" data-element_type=\"widget\" data-e-type=\"widget\" data-widget_type=\"heading.default\">\n\t\t\t\t<div class=\"elementor-widget-container\">\n\t\t\t\t\t<h3 class=\"elementor-heading-title elementor-size-default\">Itinerario<\/h3>\t\t\t\t<\/div>\n\t\t\t\t<\/div>\n\t\t\t\t<div class=\"elementor-element elementor-element-1204a38b elementor-widget elementor-widget-accordion\" data-id=\"1204a38b\" data-element_type=\"widget\" data-e-type=\"widget\" data-widget_type=\"accordion.default\">\n\t\t\t\t<div class=\"elementor-widget-container\">\n\t\t\t\t\t\t\t<div class=\"elementor-accordion\">\n\t\t\t\t\t\t\t<div class=\"elementor-accordion-item\">\n\t\t\t\t\t<div id=\"elementor-tab-title-3021\" class=\"elementor-tab-title\" data-tab=\"1\" role=\"button\" aria-controls=\"elementor-tab-content-3021\" aria-expanded=\"false\">\n\t\t\t\t\t\t\t\t\t\t\t\t\t<span class=\"elementor-accordion-icon elementor-accordion-icon-left\" aria-hidden=\"true\">\n\t\t\t\t\t\t\t\t\t\t\t\t\t\t\t<span class=\"elementor-accordion-icon-closed\"><i class=\"fas fa-plus\"><\/i><\/span>\n\t\t\t\t\t\t\t\t<span class=\"elementor-accordion-icon-opened\"><i class=\"fas fa-minus\"><\/i><\/span>\n\t\t\t\t\t\t\t\t\t\t\t\t\t\t<\/span>\n\t\t\t\t\t\t\t\t\t\t\t\t<a class=\"elementor-accordion-title\" tabindex=\"0\">D\u00eda 1: Llegada a Oxapampa<\/a>\n\t\t\t\t\t<\/div>\n\t\t\t\t\t<div id=\"elementor-tab-content-3021\" class=\"elementor-tab-content elementor-clearfix\" data-tab=\"1\" role=\"region\" aria-labelledby=\"elementor-tab-title-3021\"><p style=\"text-align: justify;\">En su llegada a Oxapampa estaci\u00f3n de buses, recojo y traslado al hotel.<br \/>**NOTA:. Check in en el hotel a partir de la 1pm<\/p><p style=\"text-align: justify;\"><strong>Chontabamba &amp; Oxapampa<\/strong><\/p><p>Recojo en el hotel a las 10:00am y traslado a Chontabamba (10 minutos).<\/p><p>Realizaremos un recorrido degustando diversos productos locales.<\/p><p>Al finalizar, nos presentar\u00e1n un espect\u00e1culo de danzas tradicionales austroalemanas.<\/p><p>Visitaremos una procesadora, all\u00ed observaremos la producci\u00f3n<br \/>de quesos y derivados l\u00e1cteos. Tiempo libre.<\/p><p>Conoceremos una destiler\u00eda donde aprenderemos sobre la elaboraci\u00f3n y degustaremos Wharapo, aguardiente, miel de ca\u00f1a, entre otras.<\/p><p>Tendremos una breve caminata por un bosque de pinos nos llevar\u00e1 hasta lo alto de una monta\u00f1a, desde aqu\u00ed tendremos una vista panor\u00e1mica del valle de Chontabamba y la ciudad de Oxapampa.<\/p><p>Tiempo libre para fotos.<\/p><p>Visitaremos la Plaza principal de Chontabamba donde aprenderemos m\u00e1s sobre el distrito.<\/p><p>Retorno al hotel.<\/p><p>Pernocte en hotel &#8211; Hotel CAROLINA EGG<\/p><\/div>\n\t\t\t\t<\/div>\n\t\t\t\t\t\t\t<div class=\"elementor-accordion-item\">\n\t\t\t\t\t<div id=\"elementor-tab-title-3022\" class=\"elementor-tab-title\" data-tab=\"2\" role=\"button\" aria-controls=\"elementor-tab-content-3022\" aria-expanded=\"false\">\n\t\t\t\t\t\t\t\t\t\t\t\t\t<span class=\"elementor-accordion-icon elementor-accordion-icon-left\" aria-hidden=\"true\">\n\t\t\t\t\t\t\t\t\t\t\t\t\t\t\t<span class=\"elementor-accordion-icon-closed\"><i class=\"fas fa-plus\"><\/i><\/span>\n\t\t\t\t\t\t\t\t<span class=\"elementor-accordion-icon-opened\"><i class=\"fas fa-minus\"><\/i><\/span>\n\t\t\t\t\t\t\t\t\t\t\t\t\t\t<\/span>\n\t\t\t\t\t\t\t\t\t\t\t\t<a class=\"elementor-accordion-title\" tabindex=\"0\">D\u00eda 2: Full day Pozuzo<\/a>\n\t\t\t\t\t<\/div>\n\t\t\t\t\t<div id=\"elementor-tab-content-3022\" class=\"elementor-tab-content elementor-clearfix\" data-tab=\"2\" role=\"region\" aria-labelledby=\"elementor-tab-title-3022\"><p>Recojo en el hotel a las 06:00am y traslado a Pozuzo (03 horas).<\/p><p>Parque Nacional Yanachaga Chemill\u00e9n: En la ruta observaremos diversas cataratas, bosques nubosos y sus curiosos habitantes (\u00a1Atentos con el tunki!).<\/p><p>Portal de ingreso: Saliendo de entre las monta\u00f1as nos detendremos en la portada de ingreso que nos dar\u00e1 la bienvenida a la Colonia \u201c\u00a1Willkomen Pozuzo!\u201d<\/p><p>City tour peatonal: Visitaremos el centro de la Colonia, su Plaza principal, parque tem\u00e1tico, y Puente Colgante emperador Guillermo I.<\/p><p><br \/>Manantial de Agua y Sal: Aguas cristalinas contrastan con el verde de las monta\u00f1as y el cielo azul, regal\u00e1ndonos un paradisiaco paisaje.<\/p><p><br \/>Podremos nadar, aplicarnos barro con propiedades curativas y disfrutar al m\u00e1ximo este hermoso paraje.<\/p><p>Tiempo libre.<\/p><p>Prusia: Aqu\u00ed observaremos donde se estableci\u00f3 la Colonia alemana, su parque principal, iglesia con estilo B\u00e1varo y sus bellas casas con estilo<\/p><p>Tirol\u00e9s.<\/p><p>F\u00e1brica de cervezas: Aqu\u00ed encontraremos cervezas con sabores cl\u00e1sicos y frutados.<\/p><p>Retorno al hotel.<\/p><p style=\"text-align: justify;\">Pernocte en hotel &#8211; Hotel CAROLINA EGG<\/p><\/div>\n\t\t\t\t<\/div>\n\t\t\t\t\t\t\t<div class=\"elementor-accordion-item\">\n\t\t\t\t\t<div id=\"elementor-tab-title-3023\" class=\"elementor-tab-title\" data-tab=\"3\" role=\"button\" aria-controls=\"elementor-tab-content-3023\" aria-expanded=\"false\">\n\t\t\t\t\t\t\t\t\t\t\t\t\t<span class=\"elementor-accordion-icon elementor-accordion-icon-left\" aria-hidden=\"true\">\n\t\t\t\t\t\t\t\t\t\t\t\t\t\t\t<span class=\"elementor-accordion-icon-closed\"><i class=\"fas fa-plus\"><\/i><\/span>\n\t\t\t\t\t\t\t\t<span class=\"elementor-accordion-icon-opened\"><i class=\"fas fa-minus\"><\/i><\/span>\n\t\t\t\t\t\t\t\t\t\t\t\t\t\t<\/span>\n\t\t\t\t\t\t\t\t\t\t\t\t<a class=\"elementor-accordion-title\" tabindex=\"0\">D\u00eda 3: D\u00eda libre en Oxampampa<\/a>\n\t\t\t\t\t<\/div>\n\t\t\t\t\t<div id=\"elementor-tab-content-3023\" class=\"elementor-tab-content elementor-clearfix\" data-tab=\"3\" role=\"region\" aria-labelledby=\"elementor-tab-title-3023\"><p>Tendremos este d\u00eda libre para poder realizar nuestras \u00faltimas compras por vuestros propios medios o disfrutar del Hotel.<\/p><p><strong>A la hora oportuna traslado al terminal de buses para emprender el retorno.<\/strong><\/p><p>Fin de nuestros servicios!<\/p><\/div>\n\t\t\t\t<\/div>\n\t\t\t\t\t\t\t\t<\/div>\n\t\t\t\t\t\t<\/div>\n\t\t\t\t<\/div>\n\t\t\t\t<div class=\"elementor-element elementor-element-57e53965 elementor-widget elementor-widget-text-editor\" data-id=\"57e53965\" data-element_type=\"widget\" data-e-type=\"widget\" data-widget_type=\"text-editor.default\">\n\t\t\t\t<div class=\"elementor-widget-container\">\n\t\t\t\t\t\t\t\t\t<h3><span style=\"color: #ff0000;\"><strong>Precios:<\/strong><\/span><\/h3><ul><li><strong> Habitaci\u00f3n individual &#8211; S\/1,211.00<\/strong><\/li><li><strong>Habitaci\u00f3n doble\/matrimonial &#8211; S\/811.00<\/strong><\/li><li><strong>Habitaci\u00f3n triple &#8211; S\/796.00<\/strong><\/li><li><strong>Habitaci\u00f3n cu\u00e1druple &#8211; S\/789.00<\/strong><\/li><\/ul><p><em>**Todos los precios son por persona<\/em><\/p><h3><span style=\"color: #008000;\"><strong>Qu\u00e9 est\u00e1 incluido:<\/strong><\/span><\/h3><ul><li>Traslado estaci\u00f3n de buses &#8211; hotel &#8211; estaci\u00f3n de buses<\/li><li>2 noches de alojamiento en Oxapampa<\/li><li>2 desayunos<\/li><li>Visitas como especificado en el itinerario<\/li><li>Todas las entradas a las visitas<\/li><li>Guia en espa\u00f1ol<\/li><li>Transporte a todas las visitas<\/li><li>Soporte 24\/7<\/li><\/ul><h3><span style=\"color: #008000;\"><strong>No incluido:<\/strong><\/span><\/h3><ul><li>Transporte de llegada y salida de Oxapampa<\/li><li>Comidas no especificadas<\/li><li>Seguro de viaje<\/li><\/ul><h3><span style=\"color: #008000;\"><strong>Lista recomendada<\/strong><\/span><\/h3><ul><li>Snacks (frutas secas, galletas, caramelos, chocolates, etc)<\/li><li>Zapatos para caminar o zapatillas de deporte<\/li><li>Traje de ba\u00f1o<\/li><li>Sombrero o gorra<\/li><li>Lentes de sol<\/li><li>Protector solar<\/li><li>Art\u00edculos de aseo (shampoo, cremas, jab\u00f3n)<\/li><li>Botella de agua<\/li><\/ul><h3><span style=\"color: #ff0000;\"><strong>NOTAS IMPORTANTES:<\/strong><\/span><\/h3><p><strong>**Precios exclusivos para Peruanos**<\/strong><\/p><p><strong>Pol\u00edtica de Reservas<\/strong><\/p><ul><li>Precios en SOLES.<\/li><li>Todos los precios son por persona.<\/li><li>Para confirmar una reserva, se debe abonar el importe total.<\/li><li>PV Travel no se responsabiliza por la p\u00e9rdida o el robo de objetos en ninguno de nuestros tours, programas o alojamientos.<\/li><li>Caso sea deseable la emisi\u00f3n de factura, ser\u00e1 cobrado 18% al valor total que deber\u00e1 ser pagado por el usuario<\/li><li>Las cancelaciones por cambios clim\u00e1ticos, tormentas, deslizamientos o fuerza mayor NO ser\u00e1n reembolsadas.<\/li><li>Si el viajero decide retirarse antes de la finalizaci\u00f3n del servicio, NO se realizar\u00e1 ning\u00fan reembolso.<\/li><li>Si el viajero no asiste el d\u00eda del servicio, este se considerar\u00e1 \u00abcompletado\u00bb sin derecho a reclamos ni reembolsos.<\/li><li>Los asientos en el transporte no se asignan; el transporte se organiza por orden de llegada.<\/li><li>Todos los servicios se comparten con otros viajeros en grupos, a menos que se especifique lo contrario.<\/li><li>Los ni\u00f1os menores de 3 a\u00f1os no pagan, siempre que compartan asiento y cama con sus tutores.<\/li><li>M\u00e1ximo un ni\u00f1o por habitaci\u00f3n que no paga.<\/li><\/ul><p><strong>Pol\u00edtica de cancelaci\u00f3n y reembolso<\/strong><\/p><ul><li>Todas las cancelaciones realizadas 30 d\u00edas o menos antes del inicio de nuestros servicios tendr\u00e1n un cargo del 100% y, por lo tanto, no son reembolsables ni<br \/>transferibles.<\/li><li>Los servicios de viaje cancelados 31 d\u00edas antes del inicio del programa son reembolsables hasta el 50%, menos los cargos de pago ( transferencia bancaria ) y\/o<br \/>los cr\u00e9ditos aplicados.<\/li><\/ul>\t\t\t\t\t\t\t\t<\/div>\n\t\t\t\t<\/div>\n\t\t\t\t\t<\/div>\n\t\t<\/div>\n\t\t\t\t\t<\/div>\n\t\t<\/section>\n\t\t\t\t<\/div>\n\t\t","protected":false},"excerpt":{"rendered":"<p><strong>PVT &#8211; OXA3001<\/strong><\/p>\n<h3><span style=\"color: #ff0000;\"><strong>Precios:<\/strong><\/span><\/h3>\n<ul>\n<li><strong> Habitaci\u00f3n individual &#8211; S\/1,211.00<\/strong><\/li>\n<li><strong>Habitaci\u00f3n doble\/matrimonial &#8211; S\/811.00<\/strong><\/li>\n<li><strong>Habitaci\u00f3n triple &#8211; S\/796.00<\/strong><\/li>\n<li><strong>Habitaci\u00f3n cu\u00e1druple &#8211; S\/789.00<\/strong><\/li>\n<\/ul>\n<p>Para reservas, por favor\u00a0<a href=\"https:\/\/www.pvtravels.com\/es\/contacto\/\">cont\u00e1ctenos<\/a><\/p>\n","protected":false},"featured_media":6409,"template":"","meta":{"site-sidebar-layout":"no-sidebar","site-content-layout":"page-builder","ast-site-content-layout":"full-width-container","site-content-style":"unboxed","site-sidebar-style":"unboxed","ast-global-header-display":"","ast-banner-title-visibility":"","ast-main-header-display":"","ast-hfb-above-header-display":"","ast-hfb-below-header-display":"","ast-hfb-mobile-header-display":"","site-post-title":"disabled","ast-breadcrumbs-content":"","ast-featured-img":"disabled","footer-sml-layout":"","ast-disable-related-posts":"","theme-transparent-header-meta":"default","adv-header-id-meta":"","stick-header-meta":"default","header-above-stick-meta":"","header-main-stick-meta":"","header-below-stick-meta":"","astra-migrate-meta-layouts":"set","ast-page-background-enabled":"default","ast-page-background-meta":{"desktop":{"background-color":"var(--ast-global-color-4)","background-image":"","background-repeat":"repeat","background-position":"center center","background-size":"auto","background-attachment":"scroll","background-type":"","background-media":"","overlay-type":"","overlay-color":"","overlay-opacity":"","overlay-gradient":""},"tablet":{"background-color":"","background-image":"","background-repeat":"repeat","background-position":"center center","background-size":"auto","background-attachment":"scroll","background-type":"","background-media":"","overlay-type":"","overlay-color":"","overlay-opacity":"","overlay-gradient":""},"mobile":{"background-color":"","background-image":"","background-repeat":"repeat","background-position":"center center","background-size":"auto","background-attachment":"scroll","background-type":"","background-media":"","overlay-type":"","overlay-color":"","overlay-opacity":"","overlay-gradient":""}},"ast-content-background-meta":{"desktop":{"background-color":"var(--ast-global-color-5)","background-image":"","background-repeat":"repeat","background-position":"center center","background-size":"auto","background-attachment":"scroll","background-type":"","background-media":"","overlay-type":"","overlay-color":"","overlay-opacity":"","overlay-gradient":""},"tablet":{"background-color":"var(--ast-global-color-5)","background-image":"","background-repeat":"repeat","background-position":"center center","background-size":"auto","background-attachment":"scroll","background-type":"","background-media":"","overlay-type":"","overlay-color":"","overlay-opacity":"","overlay-gradient":""},"mobile":{"background-color":"var(--ast-global-color-5)","background-image":"","background-repeat":"repeat","background-position":"center center","background-size":"auto","background-attachment":"scroll","background-type":"","background-media":"","overlay-type":"","overlay-color":"","overlay-opacity":"","overlay-gradient":""}},"_joinchat":[]},"product_brand":[],"product_cat":[162],"product_tag":[],"class_list":{"0":"post-6408","1":"product","2":"type-product","3":"status-publish","4":"has-post-thumbnail","6":"product_cat-paquetes-para-peruanos-es","7":"desktop-align-center","8":"tablet-align-center","9":"mobile-align-center","10":"ast-product-gallery-layout-horizontal-slider","11":"ast-product-gallery-with-no-image","12":"ast-product-tabs-layout-horizontal","14":"first","15":"instock","16":"shipping-taxable","17":"product-type-simple"},"_links":{"self":[{"href":"https:\/\/www.pvtravels.com\/es\/wp-json\/wp\/v2\/product\/6408","targetHints":{"allow":["GET"]}}],"collection":[{"href":"https:\/\/www.pvtravels.com\/es\/wp-json\/wp\/v2\/product"}],"about":[{"href":"https:\/\/www.pvtravels.com\/es\/wp-json\/wp\/v2\/types\/product"}],"version-history":[{"count":4,"href":"https:\/\/www.pvtravels.com\/es\/wp-json\/wp\/v2\/product\/6408\/revisions"}],"predecessor-version":[{"id":6415,"href":"https:\/\/www.pvtravels.com\/es\/wp-json\/wp\/v2\/product\/6408\/revisions\/6415"}],"wp:featuredmedia":[{"embeddable":true,"href":"https:\/\/www.pvtravels.com\/es\/wp-json\/wp\/v2\/media\/6409"}],"wp:attachment":[{"href":"https:\/\/www.pvtravels.com\/es\/wp-json\/wp\/v2\/media?parent=6408"}],"wp:term":[{"taxonomy":"product_brand","embeddable":true,"href":"https:\/\/www.pvtravels.com\/es\/wp-json\/wp\/v2\/product_brand?post=6408"},{"taxonomy":"product_cat","embeddable":true,"href":"https:\/\/www.pvtravels.com\/es\/wp-json\/wp\/v2\/product_cat?post=6408"},{"taxonomy":"product_tag","embeddable":true,"href":"https:\/\/www.pvtravels.com\/es\/wp-json\/wp\/v2\/product_tag?post=6408"}],"curies":[{"name":"wp","href":"https:\/\/api.w.org\/{rel}","templated":true}]}}