{"id":6399,"date":"2026-02-04T10:33:54","date_gmt":"2026-02-04T15:33:54","guid":{"rendered":"https:\/\/www.pvtravels.com\/?post_type=product&#038;p=6399"},"modified":"2026-02-04T11:44:09","modified_gmt":"2026-02-04T16:44:09","slug":"tarapoto-4-dias-3-noches","status":"publish","type":"product","link":"https:\/\/www.pvtravels.com\/es\/tour\/paquetes-para-peruanos-es\/tarapoto-4-dias-3-noches\/","title":{"rendered":"Tarapoto 4 d\u00edas 3 noches"},"content":{"rendered":"\t\t<div data-elementor-type=\"product-post\" data-elementor-id=\"6399\" class=\"elementor elementor-6399\" data-elementor-post-type=\"product\">\n\t\t\t\t\t\t<section class=\"elementor-section elementor-top-section elementor-element elementor-element-75ba2c0f elementor-section-boxed elementor-section-height-default elementor-section-height-default\" data-id=\"75ba2c0f\" data-element_type=\"section\" data-e-type=\"section\">\n\t\t\t\t\t\t<div class=\"elementor-container elementor-column-gap-default\">\n\t\t\t\t\t<div class=\"elementor-column elementor-col-100 elementor-top-column elementor-element elementor-element-72857de5\" data-id=\"72857de5\" data-element_type=\"column\" data-e-type=\"column\">\n\t\t\t<div class=\"elementor-widget-wrap elementor-element-populated\">\n\t\t\t\t\t\t<div class=\"elementor-element elementor-element-8e907a8 elementor-widget elementor-widget-heading\" data-id=\"8e907a8\" data-element_type=\"widget\" data-e-type=\"widget\" data-widget_type=\"heading.default\">\n\t\t\t\t<div class=\"elementor-widget-container\">\n\t\t\t\t\t<h3 class=\"elementor-heading-title elementor-size-default\">Itinerario<\/h3>\t\t\t\t<\/div>\n\t\t\t\t<\/div>\n\t\t\t\t<div class=\"elementor-element elementor-element-1204a38b elementor-widget elementor-widget-accordion\" data-id=\"1204a38b\" data-element_type=\"widget\" data-e-type=\"widget\" data-widget_type=\"accordion.default\">\n\t\t\t\t<div class=\"elementor-widget-container\">\n\t\t\t\t\t\t\t<div class=\"elementor-accordion\">\n\t\t\t\t\t\t\t<div class=\"elementor-accordion-item\">\n\t\t\t\t\t<div id=\"elementor-tab-title-3021\" class=\"elementor-tab-title\" data-tab=\"1\" role=\"button\" aria-controls=\"elementor-tab-content-3021\" aria-expanded=\"false\">\n\t\t\t\t\t\t\t\t\t\t\t\t\t<span class=\"elementor-accordion-icon elementor-accordion-icon-left\" aria-hidden=\"true\">\n\t\t\t\t\t\t\t\t\t\t\t\t\t\t\t<span class=\"elementor-accordion-icon-closed\"><i class=\"fas fa-plus\"><\/i><\/span>\n\t\t\t\t\t\t\t\t<span class=\"elementor-accordion-icon-opened\"><i class=\"fas fa-minus\"><\/i><\/span>\n\t\t\t\t\t\t\t\t\t\t\t\t\t\t<\/span>\n\t\t\t\t\t\t\t\t\t\t\t\t<a class=\"elementor-accordion-title\" tabindex=\"0\">D\u00eda 1: Llegada a Tarapoto<\/a>\n\t\t\t\t\t<\/div>\n\t\t\t\t\t<div id=\"elementor-tab-content-3021\" class=\"elementor-tab-content elementor-clearfix\" data-tab=\"1\" role=\"region\" aria-labelledby=\"elementor-tab-title-3021\"><p style=\"text-align: justify;\">En su llegada a Tarapoto (aeropuerto o estaci\u00f3n de buses) recojo y traslado al hotel.<br \/>**NOTA:. Check in en el hotel a partir de la 1pm<\/p><p style=\"text-align: justify;\"><em><strong><span style=\"text-decoration: underline;\">Tour Nocturno<\/span><\/strong><\/em><\/p><p style=\"text-align: justify;\">El tour nocturno en tarapoto se inicia alrededor de las 6:30 p.m. cuando le pasaremos a buscar por su hotel en Tarapoto para dirigirnos hacia<br \/>una peque\u00f1a cocha boscosa cercana a la ciudad. Al llegar al lugar, le proporcionaremos botas y casco para su seguridad y nuestro gu\u00eda<br \/>especializado le brindar\u00e1 una breve charla introductoria sobre la fauna nocturna de la zona. Iniciaremos una caminata nocturna alrededor de la<br \/>laguna para avistar anfibios, reptiles y otros animales en su h\u00e1bitat natural. Tras aproximadamente 2 horas de aventura, regresaremos a<br \/>Tarapoto y le dejaremos nuevamente en su hotel alrededor de las 9:30 p.m. Fin del tour de Caminata Nocturna por la Selva.<\/p><p style=\"text-align: justify;\">Pernocte en hotel &#8211; Hotel Bubinzana<\/p><\/div>\n\t\t\t\t<\/div>\n\t\t\t\t\t\t\t<div class=\"elementor-accordion-item\">\n\t\t\t\t\t<div id=\"elementor-tab-title-3022\" class=\"elementor-tab-title\" data-tab=\"2\" role=\"button\" aria-controls=\"elementor-tab-content-3022\" aria-expanded=\"false\">\n\t\t\t\t\t\t\t\t\t\t\t\t\t<span class=\"elementor-accordion-icon elementor-accordion-icon-left\" aria-hidden=\"true\">\n\t\t\t\t\t\t\t\t\t\t\t\t\t\t\t<span class=\"elementor-accordion-icon-closed\"><i class=\"fas fa-plus\"><\/i><\/span>\n\t\t\t\t\t\t\t\t<span class=\"elementor-accordion-icon-opened\"><i class=\"fas fa-minus\"><\/i><\/span>\n\t\t\t\t\t\t\t\t\t\t\t\t\t\t<\/span>\n\t\t\t\t\t\t\t\t\t\t\t\t<a class=\"elementor-accordion-title\" tabindex=\"0\">D\u00eda 2: Full day Laguna Azul<\/a>\n\t\t\t\t\t<\/div>\n\t\t\t\t\t<div id=\"elementor-tab-content-3022\" class=\"elementor-tab-content elementor-clearfix\" data-tab=\"2\" role=\"region\" aria-labelledby=\"elementor-tab-title-3022\"><p style=\"text-align: justify;\">El tour se inicia en torno a las 08:30 cuando le pasemos a buscar por su hotel para dirigirnos a la poblaci\u00f3n de sauce, donde se encuentra la<br \/>Laguna Azul.<\/p><p>Durante el trayecto de 2 horas de duraci\u00f3n haremos 2 paradas: la primera para cruzar el r\u00edo huallaga en una balsa cautiva donde<br \/>transportaremos el carro; la segunda en el mirador la punta del gallinazo, un lugar elevado desde donde se divisa toda la rivera verde del<br \/>huallaga.<\/p><p>Una vez lleguemos a Sauce, nos dirigiremos a su puerto y tomaremos un bote para navegar por la Laguna durante una hora<br \/>aproximadamente.<\/p><p>Despu\u00e9s atracaremos el barco en el recreo el ca\u00f1o. All\u00ed tendr\u00e1n la ocasi\u00f3n de ba\u00f1arse en la laguna, dar un peque\u00f1o paseo en<br \/>caballo por los alrededores de la laguna y practicar actividades adicionales (no incluidas en el precio) como kayak, canopy y moto acu\u00e1tica.<\/p><p>Cuando terminemos, iremos a almorzar a las orillas de la laguna un men\u00fa tur\u00edstico donde podr\u00e1n escoger entre diversos platos de cocina<br \/>amaz\u00f3nica. Despu\u00e9s en torno a las 04:00 p.m. iniciaremos el regreso a Tarapoto y alrededor de las 06:00 p.m. le estaremos dejando en su hotel.<\/p><p style=\"text-align: justify;\">Pernocte en hotel &#8211; Hotel Bubinzana<\/p><\/div>\n\t\t\t\t<\/div>\n\t\t\t\t\t\t\t<div class=\"elementor-accordion-item\">\n\t\t\t\t\t<div id=\"elementor-tab-title-3023\" class=\"elementor-tab-title\" data-tab=\"3\" role=\"button\" aria-controls=\"elementor-tab-content-3023\" aria-expanded=\"false\">\n\t\t\t\t\t\t\t\t\t\t\t\t\t<span class=\"elementor-accordion-icon elementor-accordion-icon-left\" aria-hidden=\"true\">\n\t\t\t\t\t\t\t\t\t\t\t\t\t\t\t<span class=\"elementor-accordion-icon-closed\"><i class=\"fas fa-plus\"><\/i><\/span>\n\t\t\t\t\t\t\t\t<span class=\"elementor-accordion-icon-opened\"><i class=\"fas fa-minus\"><\/i><\/span>\n\t\t\t\t\t\t\t\t\t\t\t\t\t\t<\/span>\n\t\t\t\t\t\t\t\t\t\t\t\t<a class=\"elementor-accordion-title\" tabindex=\"0\">D\u00eda 3: Full day Alto Mayo<\/a>\n\t\t\t\t\t<\/div>\n\t\t\t\t\t<div id=\"elementor-tab-content-3023\" class=\"elementor-tab-content elementor-clearfix\" data-tab=\"3\" role=\"region\" aria-labelledby=\"elementor-tab-title-3023\"><p>Para comenzar el viaje, le pasamos a buscar en torno a las 07:30 a.m..<\/p><p>En este tour visitamos por la ma\u00f1ana la zona de Rioja y por la tarde la de<br \/>Moyobamba* .<\/p><p>En Rioja acudiremos, en primer lugar, a conocer la naciente del r\u00edo Tioyacu. All\u00ed podremos tomar un ba\u00f1o y pasear por las \u00e1reas<br \/>verdes del recinto.<\/p><p>La segunda parada ser\u00e1 en el centro turistico la chacra. <br \/>Despu\u00e9s de ello, iremos a almorzar un men\u00fa tur\u00edstico que incluye<br \/>diversas especialidades de comidas regional y ya por la tarde nos dirigiremos a moyobamba para visitar el orquideario de la ciudad.<\/p><p>All\u00ed un gu\u00eda<br \/>especializado nos explicar\u00e1 algunas particularidades de estas bellas plantas y si lo desean podr\u00e1n comprar alguna. Finalmente, emprenderemos el camino de vuelta llegando a Tarapoto en torno a las 07:30 de la noche dej\u00e1ndole en su hotel.<\/p><p style=\"text-align: justify;\">Pernocte en hotel &#8211; Hotel Bubinzana<\/p><\/div>\n\t\t\t\t<\/div>\n\t\t\t\t\t\t\t<div class=\"elementor-accordion-item\">\n\t\t\t\t\t<div id=\"elementor-tab-title-3024\" class=\"elementor-tab-title\" data-tab=\"4\" role=\"button\" aria-controls=\"elementor-tab-content-3024\" aria-expanded=\"false\">\n\t\t\t\t\t\t\t\t\t\t\t\t\t<span class=\"elementor-accordion-icon elementor-accordion-icon-left\" aria-hidden=\"true\">\n\t\t\t\t\t\t\t\t\t\t\t\t\t\t\t<span class=\"elementor-accordion-icon-closed\"><i class=\"fas fa-plus\"><\/i><\/span>\n\t\t\t\t\t\t\t\t<span class=\"elementor-accordion-icon-opened\"><i class=\"fas fa-minus\"><\/i><\/span>\n\t\t\t\t\t\t\t\t\t\t\t\t\t\t<\/span>\n\t\t\t\t\t\t\t\t\t\t\t\t<a class=\"elementor-accordion-title\" tabindex=\"0\">D\u00eda 4: Salida de Tarapoto<\/a>\n\t\t\t\t\t<\/div>\n\t\t\t\t\t<div id=\"elementor-tab-content-3024\" class=\"elementor-tab-content elementor-clearfix\" data-tab=\"4\" role=\"region\" aria-labelledby=\"elementor-tab-title-3024\"><p>En la hora apropiada, traslado del hote al aeropuerto o estaci\u00f3n de buses de Tarapoto<\/p><p>**NOTA:. Check out en el hotel a las 11am<\/p><p>Fin de nuestros servicios!<\/p><\/div>\n\t\t\t\t<\/div>\n\t\t\t\t\t\t\t\t<\/div>\n\t\t\t\t\t\t<\/div>\n\t\t\t\t<\/div>\n\t\t\t\t<div class=\"elementor-element elementor-element-57e53965 elementor-widget elementor-widget-text-editor\" data-id=\"57e53965\" data-element_type=\"widget\" data-e-type=\"widget\" data-widget_type=\"text-editor.default\">\n\t\t\t\t<div class=\"elementor-widget-container\">\n\t\t\t\t\t\t\t\t\t<h3><span style=\"color: #ff0000;\"><strong>Precios:<\/strong><\/span><\/h3><ul><li><strong> Habitaci\u00f3n individual &#8211; S\/1,183.00<\/strong><\/li><li><strong>Habitaci\u00f3n doble\/matrimonial &#8211; S\/864.00<\/strong><\/li><li><strong>Habitaci\u00f3n triple &#8211; S\/732.00<\/strong><\/li><li><strong>Habitaci\u00f3n cu\u00e1druple &#8211; S\/677.00<\/strong><\/li><\/ul><p><em>**Todos los precios son por persona<\/em><\/p><h3><span style=\"color: #008000;\"><strong>Qu\u00e9 est\u00e1 incluido:<\/strong><\/span><\/h3><ul><li>Traslado aeropuerto-hotel aeropuerto (o estaci\u00f3n de buses)<\/li><li>3 noches de alojamiento en Tarapoto<\/li><li>3 desayunos 2 almuerzos<\/li><li>Visitas como especificado en el itinerario<\/li><li>Todas las entradas a las visitas<\/li><li>Guia en espa\u00f1ol<\/li><li>Transporte a todas las visitas<\/li><li>Soporte 24\/7<\/li><\/ul><h3><span style=\"color: #008000;\"><strong>No incluido:<\/strong><\/span><\/h3><ul><li>Transporte de llegada y salida de Tarapoto<\/li><li>Comidas no especificadas<\/li><li>Degustaci\u00f3n de tragos en la chacra<\/li><li>Las actividades opcionales de Kayak, canopy, moto acu\u00e1tica entre otros JUEGOS EN LAGUNA AZUL<\/li><li>Seguro de viaje<\/li><\/ul><h3><span style=\"color: #008000;\"><strong>Lista recomendada<\/strong><\/span><\/h3><ul><li>Snacks (frutas secas, galletas, caramelos, chocolates, etc)<\/li><li>Zapatos para caminar o zapatillas de deporte<\/li><li>Traje de ba\u00f1o<\/li><li>Sombrero o gorra<\/li><li>Lentes de sol<\/li><li>Protector solar<\/li><li>Art\u00edculos de aseo (shampoo, cremas, jab\u00f3n)<\/li><li>Botella de agua<\/li><\/ul><h3><span style=\"color: #ff0000;\"><strong>NOTAS IMPORTANTES:<\/strong><\/span><\/h3><p><strong>**Precios exclusivos para Peruanos**<\/strong><\/p><p><strong>Pol\u00edtica de Reservas<\/strong><\/p><ul><li>Precios en SOLES.<\/li><li>Todos los precios son por persona.<\/li><li>Para confirmar una reserva, se debe abonar el importe total.<\/li><li>PV Travel no se responsabiliza por la p\u00e9rdida o el robo de objetos en ninguno de nuestros tours, programas o alojamientos.<\/li><li>Caso sea deseable la emisi\u00f3n de factura, ser\u00e1 cobrado 18% al valor total que deber\u00e1 ser pagado por el usuario<\/li><li>Las cancelaciones por cambios clim\u00e1ticos, tormentas, deslizamientos o fuerza mayor NO ser\u00e1n reembolsadas.<\/li><li>Si el viajero decide retirarse antes de la finalizaci\u00f3n del servicio, NO se realizar\u00e1 ning\u00fan reembolso.<\/li><li>Si el viajero no asiste el d\u00eda del servicio, este se considerar\u00e1 \u00abcompletado\u00bb sin derecho a reclamos ni reembolsos.<\/li><li>Los asientos en el transporte no se asignan; el transporte se organiza por orden de llegada.<\/li><li>Todos los servicios se comparten con otros viajeros en grupos, a menos que se especifique lo contrario.<\/li><li>Los ni\u00f1os menores de 3 a\u00f1os no pagan, siempre que compartan asiento y cama con sus tutores.<\/li><li>M\u00e1ximo un ni\u00f1o por habitaci\u00f3n que no paga.<\/li><\/ul><p><br \/><strong>Pol\u00edtica de cancelaci\u00f3n y reembolso<\/strong><\/p><ul><li>Todas las cancelaciones realizadas 30 d\u00edas o menos antes del inicio de nuestros servicios tendr\u00e1n un cargo del 100% y, por lo tanto, no son reembolsables ni<br \/>transferibles.<\/li><li>Los servicios de viaje cancelados 31 d\u00edas antes del inicio del programa son reembolsables hasta el 50%, menos los cargos de pago ( transferencia bancaria ) y\/o<br \/>los cr\u00e9ditos aplicados.<\/li><\/ul>\t\t\t\t\t\t\t\t<\/div>\n\t\t\t\t<\/div>\n\t\t\t\t\t<\/div>\n\t\t<\/div>\n\t\t\t\t\t<\/div>\n\t\t<\/section>\n\t\t\t\t<\/div>\n\t\t","protected":false},"excerpt":{"rendered":"<p><strong>PVT &#8211; TP4001<\/strong><\/p>\n<h3><span style=\"color: #ff0000;\"><strong>Precios:<\/strong><\/span><\/h3>\n<ul>\n<li><strong> Habitaci\u00f3n individual &#8211; S\/1,183.00<\/strong><\/li>\n<li><strong>Habitaci\u00f3n doble\/matrimonial &#8211; S\/864.00<\/strong><\/li>\n<li><strong>Habitaci\u00f3n triple &#8211; S\/732.00<\/strong><\/li>\n<li><strong>Habitaci\u00f3n cu\u00e1druple &#8211; S\/677.00<\/strong><\/li>\n<\/ul>\n<p>Para reservas, por favor\u00a0<a href=\"https:\/\/www.pvtravels.com\/es\/contacto\/\">cont\u00e1ctenos<\/a><\/p>\n","protected":false},"featured_media":6400,"template":"","meta":{"site-sidebar-layout":"no-sidebar","site-content-layout":"page-builder","ast-site-content-layout":"full-width-container","site-content-style":"unboxed","site-sidebar-style":"unboxed","ast-global-header-display":"","ast-banner-title-visibility":"","ast-main-header-display":"","ast-hfb-above-header-display":"","ast-hfb-below-header-display":"","ast-hfb-mobile-header-display":"","site-post-title":"disabled","ast-breadcrumbs-content":"","ast-featured-img":"disabled","footer-sml-layout":"","ast-disable-related-posts":"","theme-transparent-header-meta":"default","adv-header-id-meta":"","stick-header-meta":"default","header-above-stick-meta":"","header-main-stick-meta":"","header-below-stick-meta":"","astra-migrate-meta-layouts":"set","ast-page-background-enabled":"default","ast-page-background-meta":{"desktop":{"background-color":"var(--ast-global-color-4)","background-image":"","background-repeat":"repeat","background-position":"center center","background-size":"auto","background-attachment":"scroll","background-type":"","background-media":"","overlay-type":"","overlay-color":"","overlay-opacity":"","overlay-gradient":""},"tablet":{"background-color":"","background-image":"","background-repeat":"repeat","background-position":"center center","background-size":"auto","background-attachment":"scroll","background-type":"","background-media":"","overlay-type":"","overlay-color":"","overlay-opacity":"","overlay-gradient":""},"mobile":{"background-color":"","background-image":"","background-repeat":"repeat","background-position":"center center","background-size":"auto","background-attachment":"scroll","background-type":"","background-media":"","overlay-type":"","overlay-color":"","overlay-opacity":"","overlay-gradient":""}},"ast-content-background-meta":{"desktop":{"background-color":"var(--ast-global-color-5)","background-image":"","background-repeat":"repeat","background-position":"center center","background-size":"auto","background-attachment":"scroll","background-type":"","background-media":"","overlay-type":"","overlay-color":"","overlay-opacity":"","overlay-gradient":""},"tablet":{"background-color":"var(--ast-global-color-5)","background-image":"","background-repeat":"repeat","background-position":"center center","background-size":"auto","background-attachment":"scroll","background-type":"","background-media":"","overlay-type":"","overlay-color":"","overlay-opacity":"","overlay-gradient":""},"mobile":{"background-color":"var(--ast-global-color-5)","background-image":"","background-repeat":"repeat","background-position":"center center","background-size":"auto","background-attachment":"scroll","background-type":"","background-media":"","overlay-type":"","overlay-color":"","overlay-opacity":"","overlay-gradient":""}},"_joinchat":[]},"product_brand":[],"product_cat":[162],"product_tag":[],"class_list":{"0":"post-6399","1":"product","2":"type-product","3":"status-publish","4":"has-post-thumbnail","6":"product_cat-paquetes-para-peruanos-es","7":"desktop-align-center","8":"tablet-align-center","9":"mobile-align-center","10":"ast-product-gallery-layout-horizontal-slider","11":"ast-product-gallery-with-no-image","12":"ast-product-tabs-layout-horizontal","14":"first","15":"instock","16":"shipping-taxable","17":"product-type-simple"},"_links":{"self":[{"href":"https:\/\/www.pvtravels.com\/es\/wp-json\/wp\/v2\/product\/6399","targetHints":{"allow":["GET"]}}],"collection":[{"href":"https:\/\/www.pvtravels.com\/es\/wp-json\/wp\/v2\/product"}],"about":[{"href":"https:\/\/www.pvtravels.com\/es\/wp-json\/wp\/v2\/types\/product"}],"version-history":[{"count":7,"href":"https:\/\/www.pvtravels.com\/es\/wp-json\/wp\/v2\/product\/6399\/revisions"}],"predecessor-version":[{"id":6418,"href":"https:\/\/www.pvtravels.com\/es\/wp-json\/wp\/v2\/product\/6399\/revisions\/6418"}],"wp:featuredmedia":[{"embeddable":true,"href":"https:\/\/www.pvtravels.com\/es\/wp-json\/wp\/v2\/media\/6400"}],"wp:attachment":[{"href":"https:\/\/www.pvtravels.com\/es\/wp-json\/wp\/v2\/media?parent=6399"}],"wp:term":[{"taxonomy":"product_brand","embeddable":true,"href":"https:\/\/www.pvtravels.com\/es\/wp-json\/wp\/v2\/product_brand?post=6399"},{"taxonomy":"product_cat","embeddable":true,"href":"https:\/\/www.pvtravels.com\/es\/wp-json\/wp\/v2\/product_cat?post=6399"},{"taxonomy":"product_tag","embeddable":true,"href":"https:\/\/www.pvtravels.com\/es\/wp-json\/wp\/v2\/product_tag?post=6399"}],"curies":[{"name":"wp","href":"https:\/\/api.w.org\/{rel}","templated":true}]}}