{"id":5132,"date":"2023-02-14T16:58:27","date_gmt":"2023-02-14T21:58:27","guid":{"rendered":"https:\/\/www.pvtravels.com\/?post_type=product&#038;p=5132"},"modified":"2023-05-12T11:52:39","modified_gmt":"2023-05-12T16:52:39","slug":"cusco-6-dias-5-noches-en-tren-turistico","status":"publish","type":"product","link":"https:\/\/www.pvtravels.com\/es\/tour\/paquetes-para-peruanos-es\/cusco-machu-picchu-en-tren-es\/cusco-6-dias-5-noches-en-tren-turistico\/","title":{"rendered":"Cusco 6 d\u00edas 5 noches en tren Tur\u00edstico"},"content":{"rendered":"\t\t<div data-elementor-type=\"product-post\" data-elementor-id=\"5132\" class=\"elementor elementor-5132\" data-elementor-post-type=\"product\">\n\t\t\t\t\t\t<section class=\"elementor-section elementor-top-section elementor-element elementor-element-6cf376e4 elementor-section-boxed elementor-section-height-default elementor-section-height-default\" data-id=\"6cf376e4\" data-element_type=\"section\" data-e-type=\"section\">\n\t\t\t\t\t\t<div class=\"elementor-container elementor-column-gap-default\">\n\t\t\t\t\t<div class=\"elementor-column elementor-col-100 elementor-top-column elementor-element elementor-element-66500853\" data-id=\"66500853\" data-element_type=\"column\" data-e-type=\"column\">\n\t\t\t<div class=\"elementor-widget-wrap elementor-element-populated\">\n\t\t\t\t\t\t<div class=\"elementor-element elementor-element-6caa0387 elementor-widget elementor-widget-heading\" data-id=\"6caa0387\" data-element_type=\"widget\" data-e-type=\"widget\" data-widget_type=\"heading.default\">\n\t\t\t\t<div class=\"elementor-widget-container\">\n\t\t\t\t\t<h3 class=\"elementor-heading-title elementor-size-default\">Itinerario<\/h3>\t\t\t\t<\/div>\n\t\t\t\t<\/div>\n\t\t\t\t<div class=\"elementor-element elementor-element-1cfe24f elementor-widget elementor-widget-accordion\" data-id=\"1cfe24f\" data-element_type=\"widget\" data-e-type=\"widget\" data-widget_type=\"accordion.default\">\n\t\t\t\t<div class=\"elementor-widget-container\">\n\t\t\t\t\t\t\t<div class=\"elementor-accordion\">\n\t\t\t\t\t\t\t<div class=\"elementor-accordion-item\">\n\t\t\t\t\t<div id=\"elementor-tab-title-3041\" class=\"elementor-tab-title\" data-tab=\"1\" role=\"button\" aria-controls=\"elementor-tab-content-3041\" aria-expanded=\"false\">\n\t\t\t\t\t\t\t\t\t\t\t\t\t<span class=\"elementor-accordion-icon elementor-accordion-icon-left\" aria-hidden=\"true\">\n\t\t\t\t\t\t\t\t\t\t\t\t\t\t\t<span class=\"elementor-accordion-icon-closed\"><i class=\"fas fa-plus\"><\/i><\/span>\n\t\t\t\t\t\t\t\t<span class=\"elementor-accordion-icon-opened\"><i class=\"fas fa-minus\"><\/i><\/span>\n\t\t\t\t\t\t\t\t\t\t\t\t\t\t<\/span>\n\t\t\t\t\t\t\t\t\t\t\t\t<a class=\"elementor-accordion-title\" tabindex=\"0\">D\u00eda 1: Llegada a Cusco<\/a>\n\t\t\t\t\t<\/div>\n\t\t\t\t\t<div id=\"elementor-tab-content-3041\" class=\"elementor-tab-content elementor-clearfix\" data-tab=\"1\" role=\"region\" aria-labelledby=\"elementor-tab-title-3041\"><p style=\"text-align: justify;\">A su llegada a Cusco, recepci\u00f3n en el aeropuerto \/ estaci\u00f3n de autobuses y traslado al hotel\u00a0en el centro de la ciudad.<\/p><p style=\"text-align: justify;\">**\u00a0<strong>Nota:\u00a0<\/strong><em>Recomendamos llegar a Cusco antes de las 11am.<\/em><\/p><p style=\"text-align: justify;\"><span style=\"text-decoration: underline;\"><strong>Tarde: Cusco City Tour<\/strong><\/span><\/p><p style=\"text-align: justify;\">Por la tarde, alrededor de la 2:10pm, nos encontramos en la Plaza de Armas de Cusco. El tour comenzar\u00e1 visitando as 4 ruinas de Cusco, empezando por la fabulosa ruina de Sacsayhuaman, Kenko, PucaPucara y Tambomachay. Y regreso a las 7:00 pm.<\/p><p style=\"text-align: justify;\">La tarde ser\u00e1 libre para descansar y aclimatarse a la altitud.<\/p><p style=\"text-align: justify;\">Pernocte en Cusco.<\/p><\/div>\n\t\t\t\t<\/div>\n\t\t\t\t\t\t\t<div class=\"elementor-accordion-item\">\n\t\t\t\t\t<div id=\"elementor-tab-title-3042\" class=\"elementor-tab-title\" data-tab=\"2\" role=\"button\" aria-controls=\"elementor-tab-content-3042\" aria-expanded=\"false\">\n\t\t\t\t\t\t\t\t\t\t\t\t\t<span class=\"elementor-accordion-icon elementor-accordion-icon-left\" aria-hidden=\"true\">\n\t\t\t\t\t\t\t\t\t\t\t\t\t\t\t<span class=\"elementor-accordion-icon-closed\"><i class=\"fas fa-plus\"><\/i><\/span>\n\t\t\t\t\t\t\t\t<span class=\"elementor-accordion-icon-opened\"><i class=\"fas fa-minus\"><\/i><\/span>\n\t\t\t\t\t\t\t\t\t\t\t\t\t\t<\/span>\n\t\t\t\t\t\t\t\t\t\t\t\t<a class=\"elementor-accordion-title\" tabindex=\"0\">D\u00eda 2: Valle Sagrado tour \u2013 conexi\u00f3n a Aguas Calientes<\/a>\n\t\t\t\t\t<\/div>\n\t\t\t\t\t<div id=\"elementor-tab-content-3042\" class=\"elementor-tab-content elementor-clearfix\" data-tab=\"2\" role=\"region\" aria-labelledby=\"elementor-tab-title-3042\"><p style=\"text-align: justify;\">Despu\u00e9s de un delicioso desayuno, recogeremos en su hotel alrededor de las 8:30am para el maravilloso Tour Valle Sagrado de los Incas y visitaremos el parque arqueol\u00f3gico Pisac y su mercado tradicional, disfrutaremos de un delicioso almuerzo buffet en Urubamba, luego visitaremos la maravillosa ciudad de Ollantaytambo, donde deber\u00eda caminar por las calles empedradas que mantienen viva la cultura inca que nos hace retroceder en el tiempo.<\/p><p style=\"text-align: justify;\">Por la tarde, tomaremos nuestro tren hacia la cuidad de Aguas Calientes, el viaje ser\u00e1 de aproximadamente 2 horas. En el camino podr\u00e1s ver maravillosas vistas de las monta\u00f1as Andinas!<\/p><p style=\"text-align: justify;\">En la llegada a la estaci\u00f3n de trenes de Aguas Calientes, recepci\u00f3n y traslado al alojamiento.<\/p><p style=\"text-align: justify;\">\u00a0Pernocte en Aguas Calientes.<\/p><\/div>\n\t\t\t\t<\/div>\n\t\t\t\t\t\t\t<div class=\"elementor-accordion-item\">\n\t\t\t\t\t<div id=\"elementor-tab-title-3043\" class=\"elementor-tab-title\" data-tab=\"3\" role=\"button\" aria-controls=\"elementor-tab-content-3043\" aria-expanded=\"false\">\n\t\t\t\t\t\t\t\t\t\t\t\t\t<span class=\"elementor-accordion-icon elementor-accordion-icon-left\" aria-hidden=\"true\">\n\t\t\t\t\t\t\t\t\t\t\t\t\t\t\t<span class=\"elementor-accordion-icon-closed\"><i class=\"fas fa-plus\"><\/i><\/span>\n\t\t\t\t\t\t\t\t<span class=\"elementor-accordion-icon-opened\"><i class=\"fas fa-minus\"><\/i><\/span>\n\t\t\t\t\t\t\t\t\t\t\t\t\t\t<\/span>\n\t\t\t\t\t\t\t\t\t\t\t\t<a class=\"elementor-accordion-title\" tabindex=\"0\">D\u00eda 3: Machu Picchu tour \u2013 retorno a Cusco<\/a>\n\t\t\t\t\t<\/div>\n\t\t\t\t\t<div id=\"elementor-tab-content-3043\" class=\"elementor-tab-content elementor-clearfix\" data-tab=\"3\" role=\"region\" aria-labelledby=\"elementor-tab-title-3043\"><p style=\"text-align: justify;\">Por la ma\u00f1ana despu\u00e9s del desayuno, nos encontraremos con nuestro gu\u00eda experto.\u00a0 Juntos tomar\u00e1n el bus de Aguas Calientes a Machu Picchu que dura 25 minutos.<\/p><p style=\"text-align: justify;\">Al llegar a Machu Picchu, entrar\u00e1n al sitio y el gu\u00eda le dar\u00e1 un tour de la ciudadela por 2horas. Despu\u00e9s de su tour guiado, habr\u00e1 tiempo libre para explorar, tomar fotos.<\/p><p style=\"text-align: justify;\">Despu\u00e9s de explorar Machu Picchu bajar\u00e1 por bus a Aguas Calientes. Luego puede disfrutar de los restaurantes, explorar el pueblo, o relajarse en los ba\u00f1os termales.<\/p><p style=\"text-align: justify;\">Por la tarde, tomaremos el tren de regreso a Ollantaytambo, y el bus de retorno a Cusco, donde nuestro conductor lo estar\u00e1 esperando y nos llevar\u00e1 de regreso a nuestro alojamiento en Cusco.<\/p><p style=\"text-align: justify;\">Pernocte en Cusco.<\/p><\/div>\n\t\t\t\t<\/div>\n\t\t\t\t\t\t\t<div class=\"elementor-accordion-item\">\n\t\t\t\t\t<div id=\"elementor-tab-title-3044\" class=\"elementor-tab-title\" data-tab=\"4\" role=\"button\" aria-controls=\"elementor-tab-content-3044\" aria-expanded=\"false\">\n\t\t\t\t\t\t\t\t\t\t\t\t\t<span class=\"elementor-accordion-icon elementor-accordion-icon-left\" aria-hidden=\"true\">\n\t\t\t\t\t\t\t\t\t\t\t\t\t\t\t<span class=\"elementor-accordion-icon-closed\"><i class=\"fas fa-plus\"><\/i><\/span>\n\t\t\t\t\t\t\t\t<span class=\"elementor-accordion-icon-opened\"><i class=\"fas fa-minus\"><\/i><\/span>\n\t\t\t\t\t\t\t\t\t\t\t\t\t\t<\/span>\n\t\t\t\t\t\t\t\t\t\t\t\t<a class=\"elementor-accordion-title\" tabindex=\"0\">D\u00eda 4: Ma\u00f1ana: Maras y Moray medio d\u00eda<\/a>\n\t\t\t\t\t<\/div>\n\t\t\t\t\t<div id=\"elementor-tab-content-3044\" class=\"elementor-tab-content elementor-clearfix\" data-tab=\"4\" role=\"region\" aria-labelledby=\"elementor-tab-title-3044\"><p style=\"text-align: justify;\">Salimos de nuestro alojamiento alrededor de las 8:30am. Primera visita a Moray, que consiste en varias terrazas agr\u00edcolas circulares construidas por los incas en sumideros naturales en una meseta de piedra caliza que domina el valle de Urubamba. Se ha sugerido que las terrazas tienen un significado cosmol\u00f3gico, pero su funci\u00f3n adem\u00e1s de los fines agr\u00edcolas, a\u00fan no est\u00e1 clara. Luego visitaremos la ciudad colonial de Maras. Esta es una importante mina de sal explotada durante los tiempos incas y m\u00e1s tarde durante la era colonial. Muestra las minas de sal en antiguas terrazas y estanques. Regreso a Cusco alrededor de las 3pm.<\/p><p style=\"text-align: justify;\">Pernocte en Cusco.<\/p><\/div>\n\t\t\t\t<\/div>\n\t\t\t\t\t\t\t<div class=\"elementor-accordion-item\">\n\t\t\t\t\t<div id=\"elementor-tab-title-3045\" class=\"elementor-tab-title\" data-tab=\"5\" role=\"button\" aria-controls=\"elementor-tab-content-3045\" aria-expanded=\"false\">\n\t\t\t\t\t\t\t\t\t\t\t\t\t<span class=\"elementor-accordion-icon elementor-accordion-icon-left\" aria-hidden=\"true\">\n\t\t\t\t\t\t\t\t\t\t\t\t\t\t\t<span class=\"elementor-accordion-icon-closed\"><i class=\"fas fa-plus\"><\/i><\/span>\n\t\t\t\t\t\t\t\t<span class=\"elementor-accordion-icon-opened\"><i class=\"fas fa-minus\"><\/i><\/span>\n\t\t\t\t\t\t\t\t\t\t\t\t\t\t<\/span>\n\t\t\t\t\t\t\t\t\t\t\t\t<a class=\"elementor-accordion-title\" tabindex=\"0\">D\u00eda 5: D\u00eda completo:. Caminata Monta\u00f1a de Colores<\/a>\n\t\t\t\t\t<\/div>\n\t\t\t\t\t<div id=\"elementor-tab-content-3045\" class=\"elementor-tab-content elementor-clearfix\" data-tab=\"5\" role=\"region\" aria-labelledby=\"elementor-tab-title-3045\"><p style=\"text-align: justify;\">Nuestro d\u00eda comienza con la recogida en su hotel en Cusco alrededor de las 04:00 a.m. Comenzaremos nuestro viaje en camioneta hasta el comienzo del sendero, aproximadamente 3 horas desde Cusco para llegar a la comunidad Hanchipacha, donde nos detendremos para desayunar. Despu\u00e9s de eso, lo llevaremos 15 minutos m\u00e1s a la comunidad de Quesiuno (4,326 m \/ 14,189 pies). Comenzaremos nuestra caminata por aproximadamente 3 horas aprox. En el camino, podremos disfrutar de incre\u00edbles paisajes de reba\u00f1os de alpacas y llamas, la monta\u00f1a Ausangate, muchas monta\u00f1as rojas y casas locales tradicionales.<\/p><p style=\"text-align: justify;\">Las monta\u00f1as son uno de los lugares espectaculares de la cordillera de Vilcanota, a la espera de una coloraci\u00f3n natural, esta coloraci\u00f3n se debe a la presencia de piedras sedimentarias en la erosi\u00f3n. Lo impresionante es c\u00f3mo se han formado las piedras para formar un conjunto de siete colores.<\/p><p style=\"text-align: justify;\">Cuando finalmente lleguemos a la Monta\u00f1as de Colores (5.020 m \/ 16.466 pies), tendr\u00e1 tiempo para explorar el \u00e1rea y tomar fotograf\u00edas. Dedicaremos aproximadamente 30 minutos a 1 hora (depende de la velocidad de su caminata y las condiciones clim\u00e1ticas).<\/p><p style=\"text-align: justify;\">Despu\u00e9s, comenzaremos nuestra caminata de regreso al comienzo del sendero que dura 2 horas aprox. (Comunidad Quesiuno) donde tomaremos nuestro transporte a la comunidad Hanchipacha para almorzar. Luego, conducir\u00e1 a Cusco y lo dejar\u00e1 en la plaza Regocijos, a 2 cuadras de la plaza principal.<\/p><p style=\"text-align: justify;\">Pernocte en Cusco.<\/p><\/div>\n\t\t\t\t<\/div>\n\t\t\t\t\t\t\t<div class=\"elementor-accordion-item\">\n\t\t\t\t\t<div id=\"elementor-tab-title-3046\" class=\"elementor-tab-title\" data-tab=\"6\" role=\"button\" aria-controls=\"elementor-tab-content-3046\" aria-expanded=\"false\">\n\t\t\t\t\t\t\t\t\t\t\t\t\t<span class=\"elementor-accordion-icon elementor-accordion-icon-left\" aria-hidden=\"true\">\n\t\t\t\t\t\t\t\t\t\t\t\t\t\t\t<span class=\"elementor-accordion-icon-closed\"><i class=\"fas fa-plus\"><\/i><\/span>\n\t\t\t\t\t\t\t\t<span class=\"elementor-accordion-icon-opened\"><i class=\"fas fa-minus\"><\/i><\/span>\n\t\t\t\t\t\t\t\t\t\t\t\t\t\t<\/span>\n\t\t\t\t\t\t\t\t\t\t\t\t<a class=\"elementor-accordion-title\" tabindex=\"0\">D\u00eda 6: Salida de Cusco<\/a>\n\t\t\t\t\t<\/div>\n\t\t\t\t\t<div id=\"elementor-tab-content-3046\" class=\"elementor-tab-content elementor-clearfix\" data-tab=\"6\" role=\"region\" aria-labelledby=\"elementor-tab-title-3046\"><p>Despu\u00e9s del desayuno en el hotel y traslado al aeropuerto para tomar el vuelo de regreso.<\/p><p>Fin de nuestros servicios!<\/p><\/div>\n\t\t\t\t<\/div>\n\t\t\t\t\t\t\t\t<\/div>\n\t\t\t\t\t\t<\/div>\n\t\t\t\t<\/div>\n\t\t\t\t<div class=\"elementor-element elementor-element-4ad84fa4 elementor-widget elementor-widget-text-editor\" data-id=\"4ad84fa4\" data-element_type=\"widget\" data-e-type=\"widget\" data-widget_type=\"text-editor.default\">\n\t\t\t\t<div class=\"elementor-widget-container\">\n\t\t\t\t\t\t\t\t\t<h3><span style=\"color: #ff0000;\"><strong>Precios:<\/strong><\/span><\/h3><ul><li><strong> Habitaci\u00f3n individual &#8211; S\/1,777.00<\/strong><\/li><li><strong>Habitaci\u00f3n doble\/matrimonial &#8211; S\/1398.00<\/strong><\/li><li><strong>Habitaci\u00f3n triple &#8211; S\/1,370.00<\/strong><\/li><li><strong>Habitaci\u00f3n cu\u00e1druple -S\/1,368.00<\/strong><\/li><li><strong>Estudiantes de 3 a 12 a\u00f1os &#8211; S\/ 1,252.00<\/strong><\/li><\/ul><p><em>**Todos los precios son por persona<\/em><\/p><h3><span style=\"color: #008000;\"><strong>Qu\u00e9 est\u00e1 incluido:<\/strong><\/span><\/h3><ul><li>Traslados aeropuerto &#8211; hotel &#8211; aeropuerto (o terminal de bus)<\/li><li>4 noches en Cusco<\/li><li>1 noche en Aguas Calientes<\/li><li>Desayuno<\/li><li>Almuerzo en Urubamba<\/li><li>Almuerzo en la Monta\u00f1a<\/li><li>Cusco City tour<\/li><li>Valle Sagrado<\/li><li>Maras &amp; Moray tour<\/li><li>Caminata Monta\u00f1a de Colores<\/li><li>Gu\u00eda profesional en espa\u00f1ol.<\/li><li>Entradas a Machu Picchu.<\/li><li>BTG (Ticket Tur\u00edstico General).<\/li><li>Entradas Machu Picchu.<\/li><li>Ticket de bus: Aguas Calientes-Machu Picchu-Aguas Calientes.<\/li><li>Ticket de tren Ollantaytambo-Aguas Calientes-Ollantaytambo<\/li><li>Movilidad para todos los tours mencionados.<\/li><li>Soporte 24\/7<\/li><\/ul><h3><span style=\"color: #008000;\"><strong>No incluido:<\/strong><\/span><\/h3><ul><li>Entradas a Monta\u00f1a<\/li><li>Entradas a salineras de Maras<\/li><li>Comidas no especificadas en el itinerario.<\/li><li>Llegada \/ Salida de Cusco<\/li><li>Propinas<\/li><\/ul><h3><span style=\"color: #008000;\"><strong>Lista recomendada<\/strong><\/span><\/h3><ul><li>Snacks (frutas secas, galletas, dulces, chocolates, etc.)<\/li><li>Zapatos para caminar o zapatillas de deporte<\/li><li>Equipo completo para lluvia o poncho (de noviembre a abril)<\/li><li>Guantes<\/li><li>Sombrero o gorra<\/li><li>Gafas de sol<\/li><li>Protector solar<\/li><li>Art\u00edculos de tocador (champ\u00fa, jab\u00f3n, crema corporal)<\/li><li>C\u00e1maras de fotos \/ video y cargadores.<\/li><li>Botella de agua<\/li><\/ul><h3><span style=\"color: #ff0000;\"><strong>NOTAS IMPORTANTES:<\/strong><\/span><\/h3><p><strong>**Precios exclusivos para Peruanos**<\/strong><\/p><p>&#8211;\u00a0 Todos los precios son por persona<\/p><p class=\"MsoNormal\" style=\"text-align: justify;\"><span lang=\"ES-PE\">&#8211; Los precios est\u00e1n en SOLES.<\/span><\/p><p class=\"MsoNormal\" style=\"text-align: justify;\"><span lang=\"ES-PE\">&#8211; Para confirmar una reserva, un dep\u00f3sito no reembolsable y no transferible de S\/400.00 por persona, debe ser pagado para realizar la reserva. Si el viaje es menos de S\/400 la cantidad total debe ser pagada para confirmar la reserva.<\/span><\/p><p class=\"MsoNormal\" style=\"text-align: justify;\"><span lang=\"ES-PE\">&#8211; Si la reserva se realiza 10 d\u00edas o menos desde el inicio del programa debe ser pagado en su totalidad.<\/span><\/p><p class=\"MsoNormal\" style=\"text-align: justify;\"><span lang=\"ES-PE\">&#8211; Las reservas no se confirman hasta que se pague el dep\u00f3sito. <\/span><\/p><p class=\"MsoNormal\" style=\"text-align: justify;\"><span lang=\"ES-PE\">&#8211; Todas las reservas deben ser pagadas en su totalidad por lo menos 5 d\u00edas antes del inicio de nuestros servicios.<\/span><\/p><p class=\"MsoNormal\" style=\"text-align: justify;\"><span lang=\"ES-PE\">&#8211; Reservas puedes ser pagadas hasta 4 cuotas.<\/span><\/p><p class=\"MsoNormal\" style=\"text-align: justify;\"><span lang=\"ES-PE\">&#8211; PVTravels no se hace responsable de los art\u00edculos perdidos o robados en cualquiera de nuestros tours, programas o alojamientos.<\/span><\/p><p class=\"MsoNormal\" style=\"text-align: justify;\"><span lang=\"ES-PE\">&#8211; Los precios incluyen IGV 18% aplicable a los peruanos o residentes para reservas de hoteles.<\/span><\/p><p class=\"MsoNormal\" style=\"text-align: justify;\"><span lang=\"ES-PE\">-Caso sea deseable la emisi\u00f3n de factura, ser\u00e1 cobrado 18% al valor total que deber\u00e1 ser pagado por el usuario.<\/span><\/p><p class=\"MsoNormal\"><span lang=\"ES-PE\">-Si el viajero decide irse antes del final del servicio, NO habr\u00e1 reembolso por ello.<\/span><\/p><p class=\"MsoNormal\"><span lang=\"ES-PE\">-Si el viajero no asiste el d\u00eda del servicio, se considerar\u00e1 \u00abRealizado\u00bb sin reclamos o reembolsos.<\/span><\/p><p class=\"MsoNormal\"><span lang=\"ES-PE\">&#8211; Todas las cancelaciones 30 d\u00edas o menos antes del inicio de nuestros servicios no son reembolsables ni transferibles.<\/span><\/p><p class=\"MsoNormal\"><span lang=\"ES-PE\">&#8211; Los servicios cancelados entre 60 a 31 d\u00edas antes del inicio del programa son reembolsables hasta un 50% menos los gastos de pago por transferencia nacional de banco S\/18,00 y \/ o cr\u00e9ditos que se aplica.<\/span><\/p><p class=\"MsoNormal\"><span lang=\"ES-PE\">&#8211; Los dep\u00f3sitos no son reembolsables ni transferibles en todo momento.<\/span><\/p><p>\u00a0<\/p><p class=\"MsoNormal\">-RESERVAS A MACHUPICCHU NO SON REMBOLSABLE EN NINGUM MOMENTO<\/p>\t\t\t\t\t\t\t\t<\/div>\n\t\t\t\t<\/div>\n\t\t\t\t\t<\/div>\n\t\t<\/div>\n\t\t\t\t\t<\/div>\n\t\t<\/section>\n\t\t\t\t<\/div>\n\t\t","protected":false},"excerpt":{"rendered":"<p>PVT &#8211; PECUZ007<\/p>\n<h3><span style=\"color: #ff0000;\"><strong>Precios:<\/strong><\/span><\/h3>\n<ul>\n<li><strong> Habitaci\u00f3n individual &#8211; S\/1,777.00<\/strong><\/li>\n<li><strong>Habitaci\u00f3n doble\/matrimonial &#8211; S\/1,398.00<\/strong><\/li>\n<li><strong>Habitaci\u00f3n triple &#8211; S\/1,370.00<\/strong><\/li>\n<li><strong>Habitaci\u00f3n cu\u00e1druple &#8211; S\/1,368.00<\/strong><\/li>\n<li><strong>Estudiantes de 3 a 12 a\u00f1os &#8211; S\/ 1,252.00<\/strong><\/li>\n<\/ul>\n<p>Para reservas, por favor\u00a0<a href=\"https:\/\/www.pvtravels.com\/es\/contacto\/\">cont\u00e1ctenos<\/a><\/p>\n","protected":false},"featured_media":5118,"template":"","meta":{"site-sidebar-layout":"no-sidebar","site-content-layout":"page-builder","ast-site-content-layout":"default","site-content-style":"default","site-sidebar-style":"default","ast-global-header-display":"","ast-banner-title-visibility":"","ast-main-header-display":"","ast-hfb-above-header-display":"","ast-hfb-below-header-display":"","ast-hfb-mobile-header-display":"","site-post-title":"disabled","ast-breadcrumbs-content":"","ast-featured-img":"disabled","footer-sml-layout":"","ast-disable-related-posts":"","theme-transparent-header-meta":"default","adv-header-id-meta":"","stick-header-meta":"default","header-above-stick-meta":"","header-main-stick-meta":"","header-below-stick-meta":"","astra-migrate-meta-layouts":"default","ast-page-background-enabled":"default","ast-page-background-meta":{"desktop":{"background-color":"var(--ast-global-color-4)","background-image":"","background-repeat":"repeat","background-position":"center center","background-size":"auto","background-attachment":"scroll","background-type":"","background-media":"","overlay-type":"","overlay-color":"","overlay-opacity":"","overlay-gradient":""},"tablet":{"background-color":"","background-image":"","background-repeat":"repeat","background-position":"center center","background-size":"auto","background-attachment":"scroll","background-type":"","background-media":"","overlay-type":"","overlay-color":"","overlay-opacity":"","overlay-gradient":""},"mobile":{"background-color":"","background-image":"","background-repeat":"repeat","background-position":"center center","background-size":"auto","background-attachment":"scroll","background-type":"","background-media":"","overlay-type":"","overlay-color":"","overlay-opacity":"","overlay-gradient":""}},"ast-content-background-meta":{"desktop":{"background-color":"var(--ast-global-color-5)","background-image":"","background-repeat":"repeat","background-position":"center center","background-size":"auto","background-attachment":"scroll","background-type":"","background-media":"","overlay-type":"","overlay-color":"","overlay-opacity":"","overlay-gradient":""},"tablet":{"background-color":"var(--ast-global-color-5)","background-image":"","background-repeat":"repeat","background-position":"center center","background-size":"auto","background-attachment":"scroll","background-type":"","background-media":"","overlay-type":"","overlay-color":"","overlay-opacity":"","overlay-gradient":""},"mobile":{"background-color":"var(--ast-global-color-5)","background-image":"","background-repeat":"repeat","background-position":"center center","background-size":"auto","background-attachment":"scroll","background-type":"","background-media":"","overlay-type":"","overlay-color":"","overlay-opacity":"","overlay-gradient":""}},"_joinchat":[]},"product_brand":[],"product_cat":[165],"product_tag":[],"class_list":{"0":"post-5132","1":"product","2":"type-product","3":"status-publish","4":"has-post-thumbnail","6":"product_cat-cusco-machu-picchu-en-tren-es","7":"desktop-align-center","8":"tablet-align-center","9":"mobile-align-center","10":"ast-product-gallery-layout-horizontal-slider","11":"ast-product-gallery-with-no-image","12":"ast-product-tabs-layout-horizontal","14":"first","15":"instock","16":"shipping-taxable","17":"product-type-simple"},"_links":{"self":[{"href":"https:\/\/www.pvtravels.com\/es\/wp-json\/wp\/v2\/product\/5132","targetHints":{"allow":["GET"]}}],"collection":[{"href":"https:\/\/www.pvtravels.com\/es\/wp-json\/wp\/v2\/product"}],"about":[{"href":"https:\/\/www.pvtravels.com\/es\/wp-json\/wp\/v2\/types\/product"}],"version-history":[{"count":22,"href":"https:\/\/www.pvtravels.com\/es\/wp-json\/wp\/v2\/product\/5132\/revisions"}],"predecessor-version":[{"id":5186,"href":"https:\/\/www.pvtravels.com\/es\/wp-json\/wp\/v2\/product\/5132\/revisions\/5186"}],"wp:featuredmedia":[{"embeddable":true,"href":"https:\/\/www.pvtravels.com\/es\/wp-json\/wp\/v2\/media\/5118"}],"wp:attachment":[{"href":"https:\/\/www.pvtravels.com\/es\/wp-json\/wp\/v2\/media?parent=5132"}],"wp:term":[{"taxonomy":"product_brand","embeddable":true,"href":"https:\/\/www.pvtravels.com\/es\/wp-json\/wp\/v2\/product_brand?post=5132"},{"taxonomy":"product_cat","embeddable":true,"href":"https:\/\/www.pvtravels.com\/es\/wp-json\/wp\/v2\/product_cat?post=5132"},{"taxonomy":"product_tag","embeddable":true,"href":"https:\/\/www.pvtravels.com\/es\/wp-json\/wp\/v2\/product_tag?post=5132"}],"curies":[{"name":"wp","href":"https:\/\/api.w.org\/{rel}","templated":true}]}}