{"id":5080,"date":"2023-02-14T15:39:01","date_gmt":"2023-02-14T20:39:01","guid":{"rendered":"https:\/\/www.pvtravels.com\/?post_type=product&#038;p=5080"},"modified":"2023-05-12T10:52:30","modified_gmt":"2023-05-12T15:52:30","slug":"canon-del-colca-2-dias-1-noche","status":"publish","type":"product","link":"https:\/\/www.pvtravels.com\/es\/tour\/paquetes-para-peruanos-es\/arequipa-es-2\/canon-del-colca-2-dias-1-noche\/","title":{"rendered":"Ca\u00f1\u00f3n del Colca 2 d\u00edas 1 noche"},"content":{"rendered":"\t\t<div data-elementor-type=\"product-post\" data-elementor-id=\"5080\" class=\"elementor elementor-5080\" data-elementor-post-type=\"product\">\n\t\t\t\t\t\t<section class=\"elementor-section elementor-top-section elementor-element elementor-element-4a229502 elementor-section-boxed elementor-section-height-default elementor-section-height-default\" data-id=\"4a229502\" data-element_type=\"section\" data-e-type=\"section\">\n\t\t\t\t\t\t<div class=\"elementor-container elementor-column-gap-default\">\n\t\t\t\t\t<div class=\"elementor-column elementor-col-100 elementor-top-column elementor-element elementor-element-4ef0c75c\" data-id=\"4ef0c75c\" data-element_type=\"column\" data-e-type=\"column\">\n\t\t\t<div class=\"elementor-widget-wrap elementor-element-populated\">\n\t\t\t\t\t\t<div class=\"elementor-element elementor-element-4e79de16 elementor-widget elementor-widget-heading\" data-id=\"4e79de16\" data-element_type=\"widget\" data-e-type=\"widget\" data-widget_type=\"heading.default\">\n\t\t\t\t<div class=\"elementor-widget-container\">\n\t\t\t\t\t<h3 class=\"elementor-heading-title elementor-size-default\">Itinerario<\/h3>\t\t\t\t<\/div>\n\t\t\t\t<\/div>\n\t\t\t\t<div class=\"elementor-element elementor-element-13a16840 elementor-widget elementor-widget-accordion\" data-id=\"13a16840\" data-element_type=\"widget\" data-e-type=\"widget\" data-widget_type=\"accordion.default\">\n\t\t\t\t<div class=\"elementor-widget-container\">\n\t\t\t\t\t\t\t<div class=\"elementor-accordion\">\n\t\t\t\t\t\t\t<div class=\"elementor-accordion-item\">\n\t\t\t\t\t<div id=\"elementor-tab-title-3291\" class=\"elementor-tab-title\" data-tab=\"1\" role=\"button\" aria-controls=\"elementor-tab-content-3291\" aria-expanded=\"false\">\n\t\t\t\t\t\t\t\t\t\t\t\t\t<span class=\"elementor-accordion-icon elementor-accordion-icon-left\" aria-hidden=\"true\">\n\t\t\t\t\t\t\t\t\t\t\t\t\t\t\t<span class=\"elementor-accordion-icon-closed\"><i class=\"fas fa-plus\"><\/i><\/span>\n\t\t\t\t\t\t\t\t<span class=\"elementor-accordion-icon-opened\"><i class=\"fas fa-minus\"><\/i><\/span>\n\t\t\t\t\t\t\t\t\t\t\t\t\t\t<\/span>\n\t\t\t\t\t\t\t\t\t\t\t\t<a class=\"elementor-accordion-title\" tabindex=\"0\">D\u00eda 1: Arequipa \u2013 Chivay<\/a>\n\t\t\t\t\t<\/div>\n\t\t\t\t\t<div id=\"elementor-tab-content-3291\" class=\"elementor-tab-content elementor-clearfix\" data-tab=\"1\" role=\"region\" aria-labelledby=\"elementor-tab-title-3291\"><p style=\"text-align: justify;\">A las 8:00am lo recogemos de su hotel para salir de Arequipa (2,325m) destino a la monta\u00f1a nevada Chachani en nuestro transporte. Veremos vicu\u00f1as silvestres, alpacas y llamas en la Reserva Nacional de Pampa Ca\u00f1ahu, as\u00ed como aves como flamencos, ibis, gansos andinos, patos, \u00e1guilas y andinos llamados Kara Kara.<\/p><p style=\"text-align: justify;\">Tambi\u00e9n visitaremos el mirador de volcanes y monta\u00f1as nevadas en Patapampa (4,800m).<\/p><p style=\"text-align: justify;\">Al llegar a Chivay (3.600 m), la capital del Valle del Colca, almorzaremos (no incluido) y disfrutaremos de una tarde libre para relajarse o visitar las aguas termales (opcional)<\/p><p style=\"text-align: justify;\">Pernocte en Chivay.<\/p><\/div>\n\t\t\t\t<\/div>\n\t\t\t\t\t\t\t<div class=\"elementor-accordion-item\">\n\t\t\t\t\t<div id=\"elementor-tab-title-3292\" class=\"elementor-tab-title\" data-tab=\"2\" role=\"button\" aria-controls=\"elementor-tab-content-3292\" aria-expanded=\"false\">\n\t\t\t\t\t\t\t\t\t\t\t\t\t<span class=\"elementor-accordion-icon elementor-accordion-icon-left\" aria-hidden=\"true\">\n\t\t\t\t\t\t\t\t\t\t\t\t\t\t\t<span class=\"elementor-accordion-icon-closed\"><i class=\"fas fa-plus\"><\/i><\/span>\n\t\t\t\t\t\t\t\t<span class=\"elementor-accordion-icon-opened\"><i class=\"fas fa-minus\"><\/i><\/span>\n\t\t\t\t\t\t\t\t\t\t\t\t\t\t<\/span>\n\t\t\t\t\t\t\t\t\t\t\t\t<a class=\"elementor-accordion-title\" tabindex=\"0\">D\u00eda 2: Ca\u00f1\u00f3n del Colca- Arequipa<\/a>\n\t\t\t\t\t<\/div>\n\t\t\t\t\t<div id=\"elementor-tab-content-3292\" class=\"elementor-tab-content elementor-clearfix\" data-tab=\"2\" role=\"region\" aria-labelledby=\"elementor-tab-title-3292\"><p style=\"text-align: justify;\">Temprano por la ma\u00f1ana despu\u00e9s del desayuno (alrededor de las 6:00 am), salimos para una excursi\u00f3n de un d\u00eda completo en el lado izquierdo del ca\u00f1\u00f3n y visitamos hermosos pueblos como Yanque y Maca con iglesias coloniales y gente amable que est\u00e1 feliz de mostrar su ropa bordada tradicional. Vea cientos de terrazas pre-incas que a\u00fan se utilizan para la granja y el ma\u00edz andino, la quinoa, el amaranto y otros.<\/p><p style=\"text-align: justify;\">Despu\u00e9s de un viaje de dos horas, llegamos al lugar que estaba esperando: La Cruz del C\u00f3ndor. Aqu\u00ed podemos ver la profundidad del ca\u00f1\u00f3n y el maravilloso recorrido del c\u00f3ndor. Tiempo libre para observar a los c\u00f3ndores y explorar el mirador. Luego regresamos a Arequipa donde llegaremos alrededor de las 5:00 pm y nos trasladaremos a su hotel.<\/p><p style=\"text-align: justify;\">Fin de nuestros servicios.<\/p><\/div>\n\t\t\t\t<\/div>\n\t\t\t\t\t\t\t\t<\/div>\n\t\t\t\t\t\t<\/div>\n\t\t\t\t<\/div>\n\t\t\t\t<div class=\"elementor-element elementor-element-30f26b1e elementor-widget elementor-widget-text-editor\" data-id=\"30f26b1e\" data-element_type=\"widget\" data-e-type=\"widget\" data-widget_type=\"text-editor.default\">\n\t\t\t\t<div class=\"elementor-widget-container\">\n\t\t\t\t\t\t\t\t\t<h3><span style=\"color: #ff0000;\"><strong>Precios:<\/strong><\/span><\/h3><ul><li style=\"text-align: justify;\"><strong> Habitaci\u00f3n individual &#8211; S\/268.00<\/strong><\/li><li style=\"text-align: justify;\"><strong>Habitaci\u00f3n doble\/matrimonial &#8211; S\/240.00<\/strong><\/li><li style=\"text-align: justify;\"><strong>Habitaci\u00f3n triple &#8211; S\/235.00<\/strong><\/li><li style=\"text-align: justify;\"><strong>Habitaci\u00f3n cu\u00e1druple &#8211; S\/220.00<\/strong><\/li><li style=\"text-align: justify;\"><strong>Estudiantes de 3 a 12 a\u00f1os &#8211; S\/ 216.00<\/strong><\/li><\/ul><p style=\"text-align: justify;\"><em>**Todos los precios son por persona<\/em><\/p><h3 style=\"text-align: justify;\"><span style=\"color: #008000;\"><strong>Qu\u00e9 est\u00e1 incluido:<\/strong><\/span><\/h3><ul style=\"text-align: justify;\"><li>Recogida y regreso al alojamiento en Arequipa<\/li><li>Transporte de ida y vuelta desde Arequipa al Ca\u00f1\u00f3n del Colca<\/li><li>Hotel en Chivay<\/li><li>Desayuno<\/li><li>Gu\u00eda profesional en espa\u00f1ol<\/li><\/ul><h3 style=\"text-align: justify;\"><span style=\"color: #008000;\"><strong>No incluido:<\/strong><\/span><\/h3><ul style=\"text-align: justify;\"><li>Entrada al Ca\u00f1\u00f3n del Colca<\/li><li>Comidas no especificadas en el itinerario<\/li><li>Alojamiento en Arequipa<\/li><\/ul><h3 style=\"text-align: justify;\"><span style=\"color: #008000;\"><strong>Lista recomendada<\/strong><\/span><\/h3><ul style=\"text-align: justify;\"><li>Snacks (frutas secas, galletas, dulces, chocolates, etc.)<\/li><li>Zapatos para caminar o zapatillas de deporte<\/li><li>Equipo completo para lluvia o poncho (de noviembre a abril)<\/li><li>Guantes<\/li><li>Sombrero o gorra<\/li><li>Gafas de sol<\/li><li>Protector solar<\/li><li>Art\u00edculos de tocador (champ\u00fa, jab\u00f3n, crema corporal)<\/li><li>C\u00e1maras de fotos \/ video y cargadores.<\/li><li>Botella de agua<\/li><\/ul><h3 style=\"text-align: justify;\"><span style=\"color: #ff0000;\"><strong>NOTAS IMPORTANTES:<\/strong><\/span><\/h3><p style=\"text-align: justify;\"><strong>**Precios exclusivos para Peruanos**<\/strong><\/p><p style=\"text-align: justify;\">&#8211; Los precios est\u00e1n en SOLES.<\/p><p style=\"text-align: justify;\">&#8211; Precios por persona en base a habitaci\u00f3n doble o matrimonial (por favor, consultar para otros tipos de alojamiento).<\/p><p style=\"text-align: justify;\">&#8211; Para confirmar una reserva, un dep\u00f3sito no reembolsable y no transferible de S\/400.00 por persona, debe ser pagado para realizar la reserva. Si el viaje es menos de S\/400 la cantidad total debe ser pagada para confirmar la reserva.<\/p><p style=\"text-align: justify;\">&#8211; Si la reserva se realiza 5 d\u00edas o menos desde el inicio del programa debe ser pagado en su totalidad.<\/p><p style=\"text-align: justify;\">&#8211; Las reservas no se confirman hasta que se pague el deposito.<\/p><p style=\"text-align: justify;\">&#8211; Todas las reservas deben ser pagadas en su totalidad por lo menos 5 d\u00edas antes del inicio de nuestros servicios.<\/p><p style=\"text-align: justify;\">&#8211; Reservas puedes ser pagadas hasta 4 cuotas.<\/p><p style=\"text-align: justify;\">&#8211; PVTravels no se hace responsable de los art\u00edculos perdidos o robados en cualquiera de nuestros tours, programas o alojamientos.<\/p><p style=\"text-align: justify;\">&#8211; Los precios incluyen IGV 18% aplicable a los peruanos o residentes para reservas de hoteles.<\/p><p style=\"text-align: justify;\">-Caso sea deseable la emisi\u00f3n de factura, ser\u00e1 cobrado 18% al valor total que deber\u00e1 ser pagado por el usuario.<\/p><p style=\"text-align: justify;\">-Si el viajero decide irse antes del final del servicio, NO habr\u00e1 reembolso por ello.<\/p><p style=\"text-align: justify;\">-Si el viajero no asiste el d\u00eda del servicio, se considerar\u00e1 \u00abListo\u00bb sin reclamos o reembolsos.<\/p>\t\t\t\t\t\t\t\t<\/div>\n\t\t\t\t<\/div>\n\t\t\t\t\t<\/div>\n\t\t<\/div>\n\t\t\t\t\t<\/div>\n\t\t<\/section>\n\t\t\t\t<\/div>\n\t\t","protected":false},"excerpt":{"rendered":"<p>PVT &#8211; PEAQP002<\/p>\n<h3><span style=\"color: #ff0000;\"><strong>Precios:<\/strong><\/span><\/h3>\n<ul>\n<li><strong> Habitaci\u00f3n individual &#8211; S\/268.00<\/strong><\/li>\n<li><strong>Habitaci\u00f3n doble\/matrimonial &#8211; S\/240.00<\/strong><\/li>\n<li><strong>Habitaci\u00f3n triple &#8211; S\/235.00<\/strong><\/li>\n<li><strong>Habitaci\u00f3n cu\u00e1druple &#8211; S\/220.00<\/strong><\/li>\n<li><strong>Estudiantes de 3 a 12 a\u00f1os &#8211; S\/ 216.00<\/strong><\/li>\n<\/ul>\n<p>Para reservas, por favor <a href=\"https:\/\/www.pvtravels.com\/es\/contacto\/\">cont\u00e1ctenos<\/a><\/p>\n","protected":false},"featured_media":5081,"template":"","meta":{"site-sidebar-layout":"no-sidebar","site-content-layout":"page-builder","ast-site-content-layout":"default","site-content-style":"default","site-sidebar-style":"default","ast-global-header-display":"","ast-banner-title-visibility":"","ast-main-header-display":"","ast-hfb-above-header-display":"","ast-hfb-below-header-display":"","ast-hfb-mobile-header-display":"","site-post-title":"disabled","ast-breadcrumbs-content":"","ast-featured-img":"disabled","footer-sml-layout":"","ast-disable-related-posts":"","theme-transparent-header-meta":"default","adv-header-id-meta":"","stick-header-meta":"default","header-above-stick-meta":"","header-main-stick-meta":"","header-below-stick-meta":"","astra-migrate-meta-layouts":"default","ast-page-background-enabled":"default","ast-page-background-meta":{"desktop":{"background-color":"var(--ast-global-color-4)","background-image":"","background-repeat":"repeat","background-position":"center center","background-size":"auto","background-attachment":"scroll","background-type":"","background-media":"","overlay-type":"","overlay-color":"","overlay-opacity":"","overlay-gradient":""},"tablet":{"background-color":"","background-image":"","background-repeat":"repeat","background-position":"center center","background-size":"auto","background-attachment":"scroll","background-type":"","background-media":"","overlay-type":"","overlay-color":"","overlay-opacity":"","overlay-gradient":""},"mobile":{"background-color":"","background-image":"","background-repeat":"repeat","background-position":"center center","background-size":"auto","background-attachment":"scroll","background-type":"","background-media":"","overlay-type":"","overlay-color":"","overlay-opacity":"","overlay-gradient":""}},"ast-content-background-meta":{"desktop":{"background-color":"var(--ast-global-color-5)","background-image":"","background-repeat":"repeat","background-position":"center center","background-size":"auto","background-attachment":"scroll","background-type":"","background-media":"","overlay-type":"","overlay-color":"","overlay-opacity":"","overlay-gradient":""},"tablet":{"background-color":"var(--ast-global-color-5)","background-image":"","background-repeat":"repeat","background-position":"center center","background-size":"auto","background-attachment":"scroll","background-type":"","background-media":"","overlay-type":"","overlay-color":"","overlay-opacity":"","overlay-gradient":""},"mobile":{"background-color":"var(--ast-global-color-5)","background-image":"","background-repeat":"repeat","background-position":"center center","background-size":"auto","background-attachment":"scroll","background-type":"","background-media":"","overlay-type":"","overlay-color":"","overlay-opacity":"","overlay-gradient":""}},"_joinchat":[]},"product_brand":[],"product_cat":[172],"product_tag":[],"class_list":{"0":"post-5080","1":"product","2":"type-product","3":"status-publish","4":"has-post-thumbnail","6":"product_cat-arequipa-es-2","7":"desktop-align-center","8":"tablet-align-center","9":"mobile-align-center","10":"ast-product-gallery-layout-horizontal-slider","11":"ast-product-gallery-with-no-image","12":"ast-product-tabs-layout-horizontal","14":"first","15":"instock","16":"shipping-taxable","17":"product-type-simple"},"_links":{"self":[{"href":"https:\/\/www.pvtravels.com\/es\/wp-json\/wp\/v2\/product\/5080","targetHints":{"allow":["GET"]}}],"collection":[{"href":"https:\/\/www.pvtravels.com\/es\/wp-json\/wp\/v2\/product"}],"about":[{"href":"https:\/\/www.pvtravels.com\/es\/wp-json\/wp\/v2\/types\/product"}],"version-history":[{"count":9,"href":"https:\/\/www.pvtravels.com\/es\/wp-json\/wp\/v2\/product\/5080\/revisions"}],"predecessor-version":[{"id":5116,"href":"https:\/\/www.pvtravels.com\/es\/wp-json\/wp\/v2\/product\/5080\/revisions\/5116"}],"wp:featuredmedia":[{"embeddable":true,"href":"https:\/\/www.pvtravels.com\/es\/wp-json\/wp\/v2\/media\/5081"}],"wp:attachment":[{"href":"https:\/\/www.pvtravels.com\/es\/wp-json\/wp\/v2\/media?parent=5080"}],"wp:term":[{"taxonomy":"product_brand","embeddable":true,"href":"https:\/\/www.pvtravels.com\/es\/wp-json\/wp\/v2\/product_brand?post=5080"},{"taxonomy":"product_cat","embeddable":true,"href":"https:\/\/www.pvtravels.com\/es\/wp-json\/wp\/v2\/product_cat?post=5080"},{"taxonomy":"product_tag","embeddable":true,"href":"https:\/\/www.pvtravels.com\/es\/wp-json\/wp\/v2\/product_tag?post=5080"}],"curies":[{"name":"wp","href":"https:\/\/api.w.org\/{rel}","templated":true}]}}