{"id":5068,"date":"2023-02-14T15:10:52","date_gmt":"2023-02-14T20:10:52","guid":{"rendered":"https:\/\/www.pvtravels.com\/?post_type=product&#038;p=5068"},"modified":"2023-05-12T12:24:28","modified_gmt":"2023-05-12T17:24:28","slug":"cusco-machupichu-4-dias-3-noches-en-tren-turistico","status":"publish","type":"product","link":"https:\/\/www.pvtravels.com\/es\/tour\/paquetes-para-peruanos-es\/cusco-machu-picchu-en-tren-es\/cusco-machupichu-4-dias-3-noches-en-tren-turistico\/","title":{"rendered":"Cusco &#038; Machupichu  4 d\u00edas 3 noches en tren Tur\u00edstico"},"content":{"rendered":"\t\t<div data-elementor-type=\"product-post\" data-elementor-id=\"5068\" class=\"elementor elementor-5068\" data-elementor-post-type=\"product\">\n\t\t\t\t\t\t<section class=\"elementor-section elementor-top-section elementor-element elementor-element-1cff0eb1 elementor-section-boxed elementor-section-height-default elementor-section-height-default\" data-id=\"1cff0eb1\" data-element_type=\"section\" data-e-type=\"section\">\n\t\t\t\t\t\t<div class=\"elementor-container elementor-column-gap-default\">\n\t\t\t\t\t<div class=\"elementor-column elementor-col-100 elementor-top-column elementor-element elementor-element-64b107e7\" data-id=\"64b107e7\" data-element_type=\"column\" data-e-type=\"column\">\n\t\t\t<div class=\"elementor-widget-wrap elementor-element-populated\">\n\t\t\t\t\t\t<div class=\"elementor-element elementor-element-2182d229 elementor-widget elementor-widget-heading\" data-id=\"2182d229\" data-element_type=\"widget\" data-e-type=\"widget\" data-widget_type=\"heading.default\">\n\t\t\t\t<div class=\"elementor-widget-container\">\n\t\t\t\t\t<h3 class=\"elementor-heading-title elementor-size-default\">Itinerario<\/h3>\t\t\t\t<\/div>\n\t\t\t\t<\/div>\n\t\t\t\t<div class=\"elementor-element elementor-element-15106f46 elementor-widget elementor-widget-accordion\" data-id=\"15106f46\" data-element_type=\"widget\" data-e-type=\"widget\" data-widget_type=\"accordion.default\">\n\t\t\t\t<div class=\"elementor-widget-container\">\n\t\t\t\t\t\t\t<div class=\"elementor-accordion\">\n\t\t\t\t\t\t\t<div class=\"elementor-accordion-item\">\n\t\t\t\t\t<div id=\"elementor-tab-title-3531\" class=\"elementor-tab-title\" data-tab=\"1\" role=\"button\" aria-controls=\"elementor-tab-content-3531\" aria-expanded=\"false\">\n\t\t\t\t\t\t\t\t\t\t\t\t\t<span class=\"elementor-accordion-icon elementor-accordion-icon-left\" aria-hidden=\"true\">\n\t\t\t\t\t\t\t\t\t\t\t\t\t\t\t<span class=\"elementor-accordion-icon-closed\"><i class=\"fas fa-plus\"><\/i><\/span>\n\t\t\t\t\t\t\t\t<span class=\"elementor-accordion-icon-opened\"><i class=\"fas fa-minus\"><\/i><\/span>\n\t\t\t\t\t\t\t\t\t\t\t\t\t\t<\/span>\n\t\t\t\t\t\t\t\t\t\t\t\t<a class=\"elementor-accordion-title\" tabindex=\"0\">D\u00eda 1: Llegada a Cusco<\/a>\n\t\t\t\t\t<\/div>\n\t\t\t\t\t<div id=\"elementor-tab-content-3531\" class=\"elementor-tab-content elementor-clearfix\" data-tab=\"1\" role=\"region\" aria-labelledby=\"elementor-tab-title-3531\"><p style=\"text-align: justify;\">A su llegada a Cusco, recepci\u00f3n en el aeropuerto \/ estaci\u00f3n de autobuses y traslado al hotel\u00a0en el centro de la ciudad.<\/p><p style=\"text-align: justify;\">**\u00a0<em><strong><span style=\"text-decoration: underline;\">Nota:<\/span><\/strong><\/em>\u00a0Recomendamos llegar a Cusco antes de las 11am.<\/p><p style=\"text-align: justify;\"><strong><em><span style=\"text-decoration: underline;\">Tarde: Mirabus Cusco Tour<\/span><\/em><\/strong><\/p><p style=\"text-align: justify;\">Recojo de su alojamiento a las 12:30pm para encontrarnos que su guia en el punto de encuentro. Nuestro gu\u00eda le dar\u00e1 un breve resumen de lo que puede esperar del recorrido en nuestro Mirabus. Luego caminar\u00e1 a trav\u00e9s de los adoquines de las calles de Cusco hasta nuestra exclusiva estaci\u00f3n de Mirabuses. Comenzaremos el recorrido conduciendo por el centro hist\u00f3rico de Cusco. Puede sentarse en nuestro Mirabus y disfrutar de las mejores vistas panor\u00e1micas, mientras nuestro gu\u00eda le explicar\u00e1 sobre los lugares mas destacados de la ciudad.<\/p><p style=\"text-align: justify;\">La tarde ser\u00e1 libre para descansar y aclimatarse a la altitud.<\/p><p style=\"text-align: justify;\">Pernocte en Cusco.<\/p><\/div>\n\t\t\t\t<\/div>\n\t\t\t\t\t\t\t<div class=\"elementor-accordion-item\">\n\t\t\t\t\t<div id=\"elementor-tab-title-3532\" class=\"elementor-tab-title\" data-tab=\"2\" role=\"button\" aria-controls=\"elementor-tab-content-3532\" aria-expanded=\"false\">\n\t\t\t\t\t\t\t\t\t\t\t\t\t<span class=\"elementor-accordion-icon elementor-accordion-icon-left\" aria-hidden=\"true\">\n\t\t\t\t\t\t\t\t\t\t\t\t\t\t\t<span class=\"elementor-accordion-icon-closed\"><i class=\"fas fa-plus\"><\/i><\/span>\n\t\t\t\t\t\t\t\t<span class=\"elementor-accordion-icon-opened\"><i class=\"fas fa-minus\"><\/i><\/span>\n\t\t\t\t\t\t\t\t\t\t\t\t\t\t<\/span>\n\t\t\t\t\t\t\t\t\t\t\t\t<a class=\"elementor-accordion-title\" tabindex=\"0\">D\u00eda 2: Fullday:. Valle Sagrado & Maras tour<\/a>\n\t\t\t\t\t<\/div>\n\t\t\t\t\t<div id=\"elementor-tab-content-3532\" class=\"elementor-tab-content elementor-clearfix\" data-tab=\"2\" role=\"region\" aria-labelledby=\"elementor-tab-title-3532\"><p style=\"text-align: justify;\">Nuestro recorrido comenzar\u00e1 con la recogida del hotel a las 6:30 a.m.\u00a0 Tendremos como primer punto de visita la Zona Arqueol\u00f3gica y el centro textil ubicado en Chinchero.<\/p><p style=\"text-align: justify;\">Luego visitaremos el Parque Arqueol\u00f3gico de Moray, tambi\u00e9n pasaremos por la ciudad de Maras y tambi\u00e9n visitaremos las Salineras y luego iremos al pueblo de Urubamba donde haremos una parada para almorzar. Despu\u00e9s del almuerzo visitaremos los sitios arqueol\u00f3gicos de Ollantaytambo; m\u00e1s tarde el parque arqueol\u00f3gico de Pisaq, y para finalizar la visita iremos a la ciudad de Pisaq en este lugar se realizar\u00e1 una parada de 30 minutos para que los pasajeros puedan visitar el mercado de artesan\u00edas. Terminaremos nuestro recorrido aproximadamente a las 7:00 p.m. En el centro de la ciudad de Cusco. Cerca de la plaza de armas.<\/p><p style=\"text-align: justify;\">La noche ser\u00e1 libre para relajarse y cenar en el restaurante de su elecci\u00f3n.<\/p><p style=\"text-align: justify;\">Pernocte en Cusco.<\/p><\/div>\n\t\t\t\t<\/div>\n\t\t\t\t\t\t\t<div class=\"elementor-accordion-item\">\n\t\t\t\t\t<div id=\"elementor-tab-title-3533\" class=\"elementor-tab-title\" data-tab=\"3\" role=\"button\" aria-controls=\"elementor-tab-content-3533\" aria-expanded=\"false\">\n\t\t\t\t\t\t\t\t\t\t\t\t\t<span class=\"elementor-accordion-icon elementor-accordion-icon-left\" aria-hidden=\"true\">\n\t\t\t\t\t\t\t\t\t\t\t\t\t\t\t<span class=\"elementor-accordion-icon-closed\"><i class=\"fas fa-plus\"><\/i><\/span>\n\t\t\t\t\t\t\t\t<span class=\"elementor-accordion-icon-opened\"><i class=\"fas fa-minus\"><\/i><\/span>\n\t\t\t\t\t\t\t\t\t\t\t\t\t\t<\/span>\n\t\t\t\t\t\t\t\t\t\t\t\t<a class=\"elementor-accordion-title\" tabindex=\"0\">D\u00eda 3: Fullday:. Machu Picchu tour<\/a>\n\t\t\t\t\t<\/div>\n\t\t\t\t\t<div id=\"elementor-tab-content-3533\" class=\"elementor-tab-content elementor-clearfix\" data-tab=\"3\" role=\"region\" aria-labelledby=\"elementor-tab-title-3533\"><p style=\"text-align: justify;\">Recojo de nuestro hotel en Cusco por la ma\u00f1ana alrededor de las 3am. Iremos a la estaci\u00f3n de tren en Ollantaytambo, aproximadamente a la 1.30h de Cusco, luego nos embarcaremos en este extraordinario viaje en tren a Machu Picchu, donde tendr\u00e1 hermosas vistas. El tren pasa a trav\u00e9s de hermosos ecosistemas y luego tiene su c\u00e1mara lista para tomar fotos.<\/p><p style=\"text-align: justify;\">Aproximadamente 4 horas despu\u00e9s de nuestra partida de Cusco, llegaremos a la estaci\u00f3n de tren en Aguas Calientes (la ciudad ubicada en la parte inferior de Machu Picchu). Donde nuestro experto gu\u00eda estar\u00e1 esperando. Juntos tomaremos el bus de Aguas Calientes a Machu Picchu que dura 25 minutos.<\/p><p style=\"text-align: justify;\">Al llegar a Machu Picchu, ingresaremos al sitio, y nuestro gu\u00eda nos dar\u00e1 un recorrido por la ciudadela durante 2 horas. Despu\u00e9s de la visita guiada, habr\u00e1 tiempo libre para explorar, tomar fotos.<\/p><p style=\"text-align: justify;\">Despu\u00e9s de explorar Machu Picchu, tomaremos el bus de regreso a Aguas Calientes. Luego puede disfrutar de los restaurantes, explorar el pueblo o relajarse.<\/p><p style=\"text-align: justify;\">Por la tarde, tomaremos el tren de regreso a Ollantaytambo,y el bus de retorno a Cusco, donde nuestro conductor lo estar\u00e1 esperando y nos llevar\u00e1 de regreso a nuestro alojamiento en Cusco.<\/p><p style=\"text-align: justify;\">Pernocte en Cusco.<\/p><\/div>\n\t\t\t\t<\/div>\n\t\t\t\t\t\t\t<div class=\"elementor-accordion-item\">\n\t\t\t\t\t<div id=\"elementor-tab-title-3534\" class=\"elementor-tab-title\" data-tab=\"4\" role=\"button\" aria-controls=\"elementor-tab-content-3534\" aria-expanded=\"false\">\n\t\t\t\t\t\t\t\t\t\t\t\t\t<span class=\"elementor-accordion-icon elementor-accordion-icon-left\" aria-hidden=\"true\">\n\t\t\t\t\t\t\t\t\t\t\t\t\t\t\t<span class=\"elementor-accordion-icon-closed\"><i class=\"fas fa-plus\"><\/i><\/span>\n\t\t\t\t\t\t\t\t<span class=\"elementor-accordion-icon-opened\"><i class=\"fas fa-minus\"><\/i><\/span>\n\t\t\t\t\t\t\t\t\t\t\t\t\t\t<\/span>\n\t\t\t\t\t\t\t\t\t\t\t\t<a class=\"elementor-accordion-title\" tabindex=\"0\">D\u00eda 4: Salida de Cusco<\/a>\n\t\t\t\t\t<\/div>\n\t\t\t\t\t<div id=\"elementor-tab-content-3534\" class=\"elementor-tab-content elementor-clearfix\" data-tab=\"4\" role=\"region\" aria-labelledby=\"elementor-tab-title-3534\"><p>Despu\u00e9s del desayuno en el hotel y traslado al aeropuerto para tomar el vuelo de regreso.<\/p><p>Fin de nuestros servicios!<\/p><\/div>\n\t\t\t\t<\/div>\n\t\t\t\t\t\t\t\t<\/div>\n\t\t\t\t\t\t<\/div>\n\t\t\t\t<\/div>\n\t\t\t\t<div class=\"elementor-element elementor-element-4bcdf45 elementor-widget elementor-widget-text-editor\" data-id=\"4bcdf45\" data-element_type=\"widget\" data-e-type=\"widget\" data-widget_type=\"text-editor.default\">\n\t\t\t\t<div class=\"elementor-widget-container\">\n\t\t\t\t\t\t\t\t\t<h3><span style=\"color: #ff0000;\"><strong>Precios:<\/strong><\/span><\/h3><ul><li><strong> Habitaci\u00f3n individual &#8211; S\/1,258.00<\/strong><\/li><li><strong>Habitaci\u00f3n doble\/matrimonial &#8211; S\/1,069.00<\/strong><\/li><li><strong>Habitaci\u00f3n triple &#8211; S\/1,031.00<\/strong><\/li><li><strong>Habitaci\u00f3n cu\u00e1druple &#8211; S\/964.00<\/strong><\/li><li><strong>Estudiantes de 3 a 12 a\u00f1os &#8211; S\/ 859.00<\/strong><\/li><\/ul><p><em>**Todos los precios son por persona<\/em><\/p><h3><span style=\"color: #008000;\"><strong>Qu\u00e9 est\u00e1 incluido:<\/strong><\/span><\/h3><ul><li>Traslados aeropuerto &#8211; hotel &#8211; aeropuerto (o terminal de bus)<\/li><li>3 noches en Cusco<\/li><li>Desayuno<\/li><li>Almuerzo Buffet en Urubamba.<\/li><li>City tour en Cusco<\/li><li>Tour al Valle Sagrado de los Incas<\/li><li>Gu\u00eda profesional en espa\u00f1ol.<\/li><li>Entradas Machu Picchu.<\/li><li>Ticket de bus: Aguas Calientes-Machu Picchu-Aguas Calientes.<\/li><li>Ticket de tren Ollantaytambo-Aguas Calientes-Ollantaytambo<\/li><li>Movilidad para todos los tours mencionados.<\/li><li>Soporte 24\/7<\/li><\/ul><h3><span style=\"color: #008000;\"><strong>No incluido:<\/strong><\/span><\/h3><ul><li>Comidas no especificadas en el itinerario.<\/li><li>BTP ( Boleto Tur\u00edstico)<\/li><li>Entradas a salineras de Maras<\/li><li>Llegada \/ Salida de Cusco<\/li><li>Propinas<\/li><\/ul><h3><span style=\"color: #008000;\"><strong>Lista recomendada<\/strong><\/span><\/h3><ul><li>Snacks (frutas secas, galletas, dulces, chocolates, etc.)<\/li><li>Zapatos para caminar o zapatillas de deporte<\/li><li>Equipo completo para lluvia o poncho (de noviembre a abril)<\/li><li>Guantes<\/li><li>Sombrero o gorra<\/li><li>Gafas de sol<\/li><li>\u00a0Protector solar<\/li><li>Art\u00edculos de tocador (champ\u00fa, jab\u00f3n, crema corporal)<\/li><li>C\u00e1maras de fotos \/ video y cargadores.<\/li><li>Botella de agua<\/li><\/ul><h3><span style=\"color: #ff0000;\"><strong>NOTAS IMPORTANTES:<\/strong><\/span><\/h3><p><strong>**Precios exclusivos para Peruanos**<\/strong><\/p><p>&#8211;\u00a0 Todos los precios son por persona<\/p><p class=\"MsoNormal\" style=\"text-align: justify;\"><span lang=\"ES-PE\">&#8211; Los precios est\u00e1n en SOLES.<\/span><\/p><p class=\"MsoNormal\" style=\"text-align: justify;\"><span lang=\"ES-PE\">&#8211; Para confirmar una reserva, un dep\u00f3sito no reembolsable y no transferible de S\/400.00 por persona, debe ser pagado para realizar la reserva. Si el viaje es menos de S\/400 la cantidad total debe ser pagada para confirmar la reserva.<\/span><\/p><p class=\"MsoNormal\" style=\"text-align: justify;\"><span lang=\"ES-PE\">&#8211; Si la reserva se realiza 10 d\u00edas o menos desde el inicio del programa debe ser pagado en su totalidad.<\/span><\/p><p class=\"MsoNormal\" style=\"text-align: justify;\"><span lang=\"ES-PE\">&#8211; Las reservas no se confirman hasta que se pague el dep\u00f3sito. <\/span><\/p><p class=\"MsoNormal\" style=\"text-align: justify;\"><span lang=\"ES-PE\">&#8211; Todas las reservas deben ser pagadas en su totalidad por lo menos 5 d\u00edas antes del inicio de nuestros servicios.<\/span><\/p><p class=\"MsoNormal\" style=\"text-align: justify;\"><span lang=\"ES-PE\">&#8211; Reservas puedes ser pagadas hasta 4 cuotas.<\/span><\/p><p class=\"MsoNormal\" style=\"text-align: justify;\"><span lang=\"ES-PE\">&#8211; PVTravels no se hace responsable de los art\u00edculos perdidos o robados en cualquiera de nuestros tours, programas o alojamientos.<\/span><\/p><p class=\"MsoNormal\" style=\"text-align: justify;\"><span lang=\"ES-PE\">&#8211; Los precios incluyen IGV 18% aplicable a los peruanos o residentes para reservas de hoteles.<\/span><\/p><p class=\"MsoNormal\" style=\"text-align: justify;\"><span lang=\"ES-PE\">-Caso sea deseable la emisi\u00f3n de factura, ser\u00e1 cobrado 18% al valor total que deber\u00e1 ser pagado por el usuario.<\/span><\/p><p class=\"MsoNormal\"><span lang=\"ES-PE\">-Si el viajero decide irse antes del final del servicio, NO habr\u00e1 reembolso por ello.<\/span><\/p><p class=\"MsoNormal\"><span lang=\"ES-PE\">-Si el viajero no asiste el d\u00eda del servicio, se considerar\u00e1 \u00abRealizado\u00bb sin reclamos o reembolsos.<\/span><\/p><p class=\"MsoNormal\"><span lang=\"ES-PE\">&#8211; Todas las cancelaciones 30 d\u00edas o menos antes del inicio de nuestros servicios no son reembolsables ni transferibles.<\/span><\/p><p class=\"MsoNormal\"><span lang=\"ES-PE\">&#8211; Los servicios cancelados entre 60 a 31 d\u00edas antes del inicio del programa son reembolsables hasta un 50% menos los gastos de pago por transferencia nacional de banco S\/18,00 y \/ o cr\u00e9ditos que se aplica.<\/span><\/p><p class=\"MsoNormal\"><span lang=\"ES-PE\">&#8211; Los dep\u00f3sitos no son reembolsables ni transferibles en todo momento.<\/span><\/p><p>\u00a0<\/p><p class=\"MsoNormal\">-RESERVAS A MACHUPICCHU NO SON REMBOLSABLE EN NINGUM MOMENTO<\/p>\t\t\t\t\t\t\t\t<\/div>\n\t\t\t\t<\/div>\n\t\t\t\t\t<\/div>\n\t\t<\/div>\n\t\t\t\t\t<\/div>\n\t\t<\/section>\n\t\t\t\t<\/div>\n\t\t","protected":false},"excerpt":{"rendered":"<p>PVT &#8211; PECUZ005<\/p>\n<h3><span style=\"color: #ff0000;\"><strong>Precios:<\/strong><\/span><\/h3>\n<ul>\n<li><strong> Habitaci\u00f3n individual &#8211; S\/1,258.00<\/strong><\/li>\n<li><strong>Habitaci\u00f3n doble\/matrimonial &#8211; S\/1,069.00<\/strong><\/li>\n<li><strong>Habitaci\u00f3n triple &#8211; S\/1,031.00<\/strong><\/li>\n<li><strong>Habitaci\u00f3n cu\u00e1druple &#8211; S\/964.00<\/strong><\/li>\n<li><strong>Estudiantes de 3 a 12 a\u00f1os &#8211; S\/ 859.00<\/strong><\/li>\n<\/ul>\n<p>Para reservas, por favor <a href=\"https:\/\/www.pvtravels.com\/es\/contacto\/\">contactenos<\/a><\/p>\n","protected":false},"featured_media":5069,"template":"","meta":{"site-sidebar-layout":"no-sidebar","site-content-layout":"page-builder","ast-site-content-layout":"default","site-content-style":"default","site-sidebar-style":"default","ast-global-header-display":"","ast-banner-title-visibility":"","ast-main-header-display":"","ast-hfb-above-header-display":"","ast-hfb-below-header-display":"","ast-hfb-mobile-header-display":"","site-post-title":"disabled","ast-breadcrumbs-content":"","ast-featured-img":"disabled","footer-sml-layout":"","ast-disable-related-posts":"","theme-transparent-header-meta":"default","adv-header-id-meta":"","stick-header-meta":"default","header-above-stick-meta":"","header-main-stick-meta":"","header-below-stick-meta":"","astra-migrate-meta-layouts":"default","ast-page-background-enabled":"default","ast-page-background-meta":{"desktop":{"background-color":"var(--ast-global-color-4)","background-image":"","background-repeat":"repeat","background-position":"center center","background-size":"auto","background-attachment":"scroll","background-type":"","background-media":"","overlay-type":"","overlay-color":"","overlay-opacity":"","overlay-gradient":""},"tablet":{"background-color":"","background-image":"","background-repeat":"repeat","background-position":"center center","background-size":"auto","background-attachment":"scroll","background-type":"","background-media":"","overlay-type":"","overlay-color":"","overlay-opacity":"","overlay-gradient":""},"mobile":{"background-color":"","background-image":"","background-repeat":"repeat","background-position":"center center","background-size":"auto","background-attachment":"scroll","background-type":"","background-media":"","overlay-type":"","overlay-color":"","overlay-opacity":"","overlay-gradient":""}},"ast-content-background-meta":{"desktop":{"background-color":"var(--ast-global-color-5)","background-image":"","background-repeat":"repeat","background-position":"center center","background-size":"auto","background-attachment":"scroll","background-type":"","background-media":"","overlay-type":"","overlay-color":"","overlay-opacity":"","overlay-gradient":""},"tablet":{"background-color":"var(--ast-global-color-5)","background-image":"","background-repeat":"repeat","background-position":"center center","background-size":"auto","background-attachment":"scroll","background-type":"","background-media":"","overlay-type":"","overlay-color":"","overlay-opacity":"","overlay-gradient":""},"mobile":{"background-color":"var(--ast-global-color-5)","background-image":"","background-repeat":"repeat","background-position":"center center","background-size":"auto","background-attachment":"scroll","background-type":"","background-media":"","overlay-type":"","overlay-color":"","overlay-opacity":"","overlay-gradient":""}},"_joinchat":[]},"product_brand":[],"product_cat":[165],"product_tag":[],"class_list":{"0":"post-5068","1":"product","2":"type-product","3":"status-publish","4":"has-post-thumbnail","6":"product_cat-cusco-machu-picchu-en-tren-es","7":"desktop-align-center","8":"tablet-align-center","9":"mobile-align-center","10":"ast-product-gallery-layout-horizontal-slider","11":"ast-product-gallery-with-no-image","12":"ast-product-tabs-layout-horizontal","14":"first","15":"instock","16":"shipping-taxable","17":"product-type-simple"},"_links":{"self":[{"href":"https:\/\/www.pvtravels.com\/es\/wp-json\/wp\/v2\/product\/5068","targetHints":{"allow":["GET"]}}],"collection":[{"href":"https:\/\/www.pvtravels.com\/es\/wp-json\/wp\/v2\/product"}],"about":[{"href":"https:\/\/www.pvtravels.com\/es\/wp-json\/wp\/v2\/types\/product"}],"version-history":[{"count":14,"href":"https:\/\/www.pvtravels.com\/es\/wp-json\/wp\/v2\/product\/5068\/revisions"}],"predecessor-version":[{"id":5198,"href":"https:\/\/www.pvtravels.com\/es\/wp-json\/wp\/v2\/product\/5068\/revisions\/5198"}],"wp:featuredmedia":[{"embeddable":true,"href":"https:\/\/www.pvtravels.com\/es\/wp-json\/wp\/v2\/media\/5069"}],"wp:attachment":[{"href":"https:\/\/www.pvtravels.com\/es\/wp-json\/wp\/v2\/media?parent=5068"}],"wp:term":[{"taxonomy":"product_brand","embeddable":true,"href":"https:\/\/www.pvtravels.com\/es\/wp-json\/wp\/v2\/product_brand?post=5068"},{"taxonomy":"product_cat","embeddable":true,"href":"https:\/\/www.pvtravels.com\/es\/wp-json\/wp\/v2\/product_cat?post=5068"},{"taxonomy":"product_tag","embeddable":true,"href":"https:\/\/www.pvtravels.com\/es\/wp-json\/wp\/v2\/product_tag?post=5068"}],"curies":[{"name":"wp","href":"https:\/\/api.w.org\/{rel}","templated":true}]}}