{"id":442,"date":"2021-12-16T11:05:19","date_gmt":"2021-12-16T16:05:19","guid":{"rendered":"https:\/\/www.pvtravels.com\/?post_type=product&#038;p=442"},"modified":"2026-03-05T12:53:18","modified_gmt":"2026-03-05T17:53:18","slug":"zipline","status":"publish","type":"product","link":"https:\/\/www.pvtravels.com\/es\/tour\/cusco-machu-picchu-es\/aventuras-cusco\/zipline\/","title":{"rendered":"Zipline"},"content":{"rendered":"\t\t<div data-elementor-type=\"product-post\" data-elementor-id=\"442\" class=\"elementor elementor-442 elementor-441\" data-elementor-post-type=\"product\">\n\t\t\t\t\t\t<section class=\"elementor-section elementor-top-section elementor-element elementor-element-78c985d6 elementor-section-boxed elementor-section-height-default elementor-section-height-default\" data-id=\"78c985d6\" data-element_type=\"section\" data-e-type=\"section\">\n\t\t\t\t\t\t<div class=\"elementor-container elementor-column-gap-default\">\n\t\t\t\t\t<div class=\"elementor-column elementor-col-100 elementor-top-column elementor-element elementor-element-8315301\" data-id=\"8315301\" data-element_type=\"column\" data-e-type=\"column\">\n\t\t\t<div class=\"elementor-widget-wrap elementor-element-populated\">\n\t\t\t\t\t\t<div class=\"elementor-element elementor-element-257b6f1 elementor-widget elementor-widget-text-editor\" data-id=\"257b6f1\" data-element_type=\"widget\" data-e-type=\"widget\" data-widget_type=\"text-editor.default\">\n\t\t\t\t<div class=\"elementor-widget-container\">\n\t\t\t\t\t\t\t\t\t<h3><span style=\"color: #008000;\"><strong>Itinerario:<\/strong><\/span><\/h3><p>Recojo de su hotel en Cusco desde donde nos dirigiremos a Racchi para comenzar nuestro tour de aventura. Racchi se encuentra en medio de un magn\u00edfico para\u00edso natural donde comenzaremos la tirolesa y sentiremos como si estuvi\u00e9ramos volando por el aire. A trav\u00e9s del vuelo en tirolesa el participante tendr\u00e1 la posibilidad de apreciar las diversas monta\u00f1as y para\u00edsos andinos, el Valle Sagrado de los incas y la viva cultura de la comunidad Racchi.<br \/>La tirolesa se encuentra a 35 km (o 22 millas) de Cusco, un viaje estimado de 40 minutos en el pueblo de Racchi. Este pueblo est\u00e1 situado en la regi\u00f3n del Valle Sagrado y en medio de un para\u00edso natural conocido como la Meseta de Chinchero, cerca del Ca\u00f1\u00f3n de P\u2019acchayoc y a la sombra de los nevados Chicon y Pitusiray.<br \/>Cusco Zipline cuenta con 4 cables diferentes que se extienden a una distancia de 600 metros (o aproximadamente 2000 pies), el m\u00e1s alto de los cuales est\u00e1 a una altura de 200 metros (o 700 pies) sobre el suelo.<br \/>El primer cable es suave, lo que permite a los participantes iniciar el viaje con confianza y la oportunidad de sentirse c\u00f3modos con la actividad.<br \/>El segundo cable viaja a una velocidad ligeramente mayor, lo que permite a los participantes imaginar la sensaci\u00f3n de volar por el aire.<br \/>El tercer cable es el m\u00e1s largo y brinda a los participantes la posibilidad de viajar en varias posiciones extremas si lo desean, como boca abajo, estilo mono o cualquier posici\u00f3n que puedas inventar.<br \/>El cuarto cable es el cable m\u00e1s alto con las mejores y m\u00e1s hermosas vistas del ca\u00f1\u00f3n de P\u2019acchayoc, el Valle Sagrado y la Cordillera de los Andes circundante.<br \/>Luego de finalizar la tirolesa, regresaremos a Cusco.<br \/>**<strong>IMPORTANTE:<\/strong> Use pantalones largos y zapatos cerrados, NO sandalias.<\/p><h3><span style=\"color: #008000;\"><strong>Que est\u00e1 incluido:<\/strong><\/span><\/h3><ul><li>Recogida de alojamiento en Cusco.<\/li><li>Transporte<\/li><li>Instructor de tirolesa en ingl\u00e9s o espa\u00f1ol.<\/li><li>Equipo de seguridad<\/li><\/ul><h3><span style=\"color: #008000;\"><strong>No incluido:<\/strong><\/span><\/h3><ul><li>Comidas no especificadas en el itinerario.<\/li><li>Alojamiento en Cusco<\/li><\/ul><h3><span style=\"color: #008000;\"><strong>Lista Recomendada<\/strong><\/span><\/h3><ul><li>Snacks<\/li><li>Zapatos para caminar o zapatillas de deporte<\/li><li>Sombrero o gorra<\/li><li>Gafas de sol<\/li><li>Protector solar<\/li><li>Art\u00edculos de aseo<\/li><li>Botella de agua<\/li><\/ul>\t\t\t\t\t\t\t\t<\/div>\n\t\t\t\t<\/div>\n\t\t\t\t\t<\/div>\n\t\t<\/div>\n\t\t\t\t\t<\/div>\n\t\t<\/section>\n\t\t\t\t<\/div>\n\t\t","protected":false},"excerpt":{"rendered":"<p><strong>C\u00d3DIGO: PVT &#8211; CA006<\/strong><\/p>\n<ul>\n<li><strong>Salida: Diaria &#8211; 9:00am \/ 14:00h<\/strong><\/li>\n<li><strong>Duraci\u00f3n: 4 horas<\/strong><\/li>\n<\/ul>\n","protected":false},"featured_media":448,"template":"","meta":{"site-sidebar-layout":"default","site-content-layout":"default","ast-site-content-layout":"default","site-content-style":"default","site-sidebar-style":"default","ast-global-header-display":"","ast-banner-title-visibility":"","ast-main-header-display":"","ast-hfb-above-header-display":"","ast-hfb-below-header-display":"","ast-hfb-mobile-header-display":"","site-post-title":"","ast-breadcrumbs-content":"","ast-featured-img":"","footer-sml-layout":"","ast-disable-related-posts":"","theme-transparent-header-meta":"default","adv-header-id-meta":"","stick-header-meta":"default","header-above-stick-meta":"","header-main-stick-meta":"","header-below-stick-meta":"","astra-migrate-meta-layouts":"set","ast-page-background-enabled":"default","ast-page-background-meta":{"desktop":{"background-color":"var(--ast-global-color-4)","background-image":"","background-repeat":"repeat","background-position":"center center","background-size":"auto","background-attachment":"scroll","background-type":"","background-media":"","overlay-type":"","overlay-color":"","overlay-opacity":"","overlay-gradient":""},"tablet":{"background-color":"","background-image":"","background-repeat":"repeat","background-position":"center center","background-size":"auto","background-attachment":"scroll","background-type":"","background-media":"","overlay-type":"","overlay-color":"","overlay-opacity":"","overlay-gradient":""},"mobile":{"background-color":"","background-image":"","background-repeat":"repeat","background-position":"center center","background-size":"auto","background-attachment":"scroll","background-type":"","background-media":"","overlay-type":"","overlay-color":"","overlay-opacity":"","overlay-gradient":""}},"ast-content-background-meta":{"desktop":{"background-color":"var(--ast-global-color-5)","background-image":"","background-repeat":"repeat","background-position":"center center","background-size":"auto","background-attachment":"scroll","background-type":"","background-media":"","overlay-type":"","overlay-color":"","overlay-opacity":"","overlay-gradient":""},"tablet":{"background-color":"var(--ast-global-color-5)","background-image":"","background-repeat":"repeat","background-position":"center center","background-size":"auto","background-attachment":"scroll","background-type":"","background-media":"","overlay-type":"","overlay-color":"","overlay-opacity":"","overlay-gradient":""},"mobile":{"background-color":"var(--ast-global-color-5)","background-image":"","background-repeat":"repeat","background-position":"center center","background-size":"auto","background-attachment":"scroll","background-type":"","background-media":"","overlay-type":"","overlay-color":"","overlay-opacity":"","overlay-gradient":""}},"_joinchat":[]},"product_brand":[],"product_cat":[41,42],"product_tag":[],"class_list":{"0":"post-442","1":"product","2":"type-product","3":"status-publish","4":"has-post-thumbnail","6":"product_cat-cusco-machu-picchu-es","7":"product_cat-aventuras-cusco","8":"desktop-align-center","9":"tablet-align-center","10":"mobile-align-center","11":"ast-product-gallery-layout-horizontal-slider","12":"ast-product-gallery-with-no-image","13":"ast-product-tabs-layout-horizontal","15":"first","16":"instock","17":"shipping-taxable","18":"purchasable","19":"product-type-simple"},"_links":{"self":[{"href":"https:\/\/www.pvtravels.com\/es\/wp-json\/wp\/v2\/product\/442","targetHints":{"allow":["GET"]}}],"collection":[{"href":"https:\/\/www.pvtravels.com\/es\/wp-json\/wp\/v2\/product"}],"about":[{"href":"https:\/\/www.pvtravels.com\/es\/wp-json\/wp\/v2\/types\/product"}],"version-history":[{"count":12,"href":"https:\/\/www.pvtravels.com\/es\/wp-json\/wp\/v2\/product\/442\/revisions"}],"predecessor-version":[{"id":6747,"href":"https:\/\/www.pvtravels.com\/es\/wp-json\/wp\/v2\/product\/442\/revisions\/6747"}],"wp:featuredmedia":[{"embeddable":true,"href":"https:\/\/www.pvtravels.com\/es\/wp-json\/wp\/v2\/media\/448"}],"wp:attachment":[{"href":"https:\/\/www.pvtravels.com\/es\/wp-json\/wp\/v2\/media?parent=442"}],"wp:term":[{"taxonomy":"product_brand","embeddable":true,"href":"https:\/\/www.pvtravels.com\/es\/wp-json\/wp\/v2\/product_brand?post=442"},{"taxonomy":"product_cat","embeddable":true,"href":"https:\/\/www.pvtravels.com\/es\/wp-json\/wp\/v2\/product_cat?post=442"},{"taxonomy":"product_tag","embeddable":true,"href":"https:\/\/www.pvtravels.com\/es\/wp-json\/wp\/v2\/product_tag?post=442"}],"curies":[{"name":"wp","href":"https:\/\/api.w.org\/{rel}","templated":true}]}}