{"id":4388,"date":"2022-02-21T15:35:41","date_gmt":"2022-02-21T20:35:41","guid":{"rendered":"https:\/\/www.pvtravels.com\/?post_type=product&#038;p=4388"},"modified":"2023-05-12T13:20:05","modified_gmt":"2023-05-12T18:20:05","slug":"valle-sagrado-machu-picchu-2-dias-1-noche","status":"publish","type":"product","link":"https:\/\/www.pvtravels.com\/es\/tour\/paquetes-para-peruanos-es\/cusco-machu-picchu-en-tren-es\/valle-sagrado-machu-picchu-2-dias-1-noche\/","title":{"rendered":"Valle Sagrado &#038; Machu Picchu 2 d\u00edas 1 noche"},"content":{"rendered":"\t\t<div data-elementor-type=\"product-post\" data-elementor-id=\"4388\" class=\"elementor elementor-4388\" data-elementor-post-type=\"product\">\n\t\t\t\t\t\t<section class=\"elementor-section elementor-top-section elementor-element elementor-element-10c035ba elementor-section-boxed elementor-section-height-default elementor-section-height-default\" data-id=\"10c035ba\" data-element_type=\"section\" data-e-type=\"section\">\n\t\t\t\t\t\t<div class=\"elementor-container elementor-column-gap-default\">\n\t\t\t\t\t<div class=\"elementor-column elementor-col-100 elementor-top-column elementor-element elementor-element-2ab13e7d\" data-id=\"2ab13e7d\" data-element_type=\"column\" data-e-type=\"column\">\n\t\t\t<div class=\"elementor-widget-wrap elementor-element-populated\">\n\t\t\t\t\t\t<div class=\"elementor-element elementor-element-24ade8f4 elementor-widget elementor-widget-heading\" data-id=\"24ade8f4\" data-element_type=\"widget\" data-e-type=\"widget\" data-widget_type=\"heading.default\">\n\t\t\t\t<div class=\"elementor-widget-container\">\n\t\t\t\t\t<h3 class=\"elementor-heading-title elementor-size-default\">Itinerario<\/h3>\t\t\t\t<\/div>\n\t\t\t\t<\/div>\n\t\t\t\t<div class=\"elementor-element elementor-element-66ff1b1a elementor-widget elementor-widget-accordion\" data-id=\"66ff1b1a\" data-element_type=\"widget\" data-e-type=\"widget\" data-widget_type=\"accordion.default\">\n\t\t\t\t<div class=\"elementor-widget-container\">\n\t\t\t\t\t\t\t<div class=\"elementor-accordion\">\n\t\t\t\t\t\t\t<div class=\"elementor-accordion-item\">\n\t\t\t\t\t<div id=\"elementor-tab-title-1721\" class=\"elementor-tab-title\" data-tab=\"1\" role=\"button\" aria-controls=\"elementor-tab-content-1721\" aria-expanded=\"false\">\n\t\t\t\t\t\t\t\t\t\t\t\t\t<span class=\"elementor-accordion-icon elementor-accordion-icon-left\" aria-hidden=\"true\">\n\t\t\t\t\t\t\t\t\t\t\t\t\t\t\t<span class=\"elementor-accordion-icon-closed\"><i class=\"fas fa-plus\"><\/i><\/span>\n\t\t\t\t\t\t\t\t<span class=\"elementor-accordion-icon-opened\"><i class=\"fas fa-minus\"><\/i><\/span>\n\t\t\t\t\t\t\t\t\t\t\t\t\t\t<\/span>\n\t\t\t\t\t\t\t\t\t\t\t\t<a class=\"elementor-accordion-title\" tabindex=\"0\">D\u00eda 1: Valle Sagrado tour \u2013 conexi\u00f3n a Aguas Calientes<\/a>\n\t\t\t\t\t<\/div>\n\t\t\t\t\t<div id=\"elementor-tab-content-1721\" class=\"elementor-tab-content elementor-clearfix\" data-tab=\"1\" role=\"region\" aria-labelledby=\"elementor-tab-title-1721\"><p style=\"text-align: justify;\">Despu\u00e9s de un delicioso desayuno, recogeremos en su hotel alrededor de las 7:30am para el maravilloso Tour Valle Sagrado de los Incas y visitaremos el parque arqueol\u00f3gico Pisac y su mercado tradicional, disfrutaremos de un delicioso almuerzo buffet en Urubamba, luego visitaremos la maravillosa ciudad de Ollantaytambo, donde deber\u00eda caminar por las calles empedradas que mantienen viva la cultura inca que nos hace retroceder en el tiempo.<\/p><p style=\"text-align: justify;\">Por la tarde, tomaremos nuestro tren hacia la cuidad de Aguas Calientes, el viaje ser\u00e1 de aproximadamente 2 horas. En el camino podr\u00e1s ver maravillosas vistas de las monta\u00f1as Andinas!<\/p><p style=\"text-align: justify;\">En la llegada a la estaci\u00f3n de trenes de Aguas Calientes, recepci\u00f3n y traslado al alojamiento.<\/p><p style=\"text-align: justify;\">\u00a0Pernocte en Aguas Calientes.<\/p><\/div>\n\t\t\t\t<\/div>\n\t\t\t\t\t\t\t<div class=\"elementor-accordion-item\">\n\t\t\t\t\t<div id=\"elementor-tab-title-1722\" class=\"elementor-tab-title\" data-tab=\"2\" role=\"button\" aria-controls=\"elementor-tab-content-1722\" aria-expanded=\"false\">\n\t\t\t\t\t\t\t\t\t\t\t\t\t<span class=\"elementor-accordion-icon elementor-accordion-icon-left\" aria-hidden=\"true\">\n\t\t\t\t\t\t\t\t\t\t\t\t\t\t\t<span class=\"elementor-accordion-icon-closed\"><i class=\"fas fa-plus\"><\/i><\/span>\n\t\t\t\t\t\t\t\t<span class=\"elementor-accordion-icon-opened\"><i class=\"fas fa-minus\"><\/i><\/span>\n\t\t\t\t\t\t\t\t\t\t\t\t\t\t<\/span>\n\t\t\t\t\t\t\t\t\t\t\t\t<a class=\"elementor-accordion-title\" tabindex=\"0\">D\u00eda 2: Machu Picchu tour \u2013 retorno a Cusco<\/a>\n\t\t\t\t\t<\/div>\n\t\t\t\t\t<div id=\"elementor-tab-content-1722\" class=\"elementor-tab-content elementor-clearfix\" data-tab=\"2\" role=\"region\" aria-labelledby=\"elementor-tab-title-1722\"><p style=\"text-align: justify;\">Por la ma\u00f1ana despu\u00e9s del desayuno, nos encontraremos con nuestro gu\u00eda experto.\u00a0 Juntos tomar\u00e1n el bus de Aguas Calientes a Machu Picchu que dura 25 minutos.<\/p><p style=\"text-align: justify;\">Al llegar a Machu Picchu, entrar\u00e1n al sitio y el gu\u00eda le dar\u00e1 un tour de la ciudadela por 2horas. Despu\u00e9s de su tour guiado, habr\u00e1 tiempo libre para explorar, tomar fotos.<\/p><p style=\"text-align: justify;\">Despu\u00e9s de explorar Machu Picchu bajar\u00e1 por bus a Aguas Calientes. Luego puede disfrutar de los restaurantes, explorar el pueblo, o relajarse en los ba\u00f1os termales.<\/p><p style=\"text-align: justify;\">Por la tarde, tomaremos el tren de regreso a Ollantaytambo, y el bus de retorno a Cusco,\u00a0donde nuestro conductor lo estar\u00e1 esperando y nos llevar\u00e1 de regreso a nuestro alojamiento en Cusco.<\/p><p style=\"text-align: justify;\">Fin de nuestros servicios!<\/p><\/div>\n\t\t\t\t<\/div>\n\t\t\t\t\t\t\t\t<\/div>\n\t\t\t\t\t\t<\/div>\n\t\t\t\t<\/div>\n\t\t\t\t<div class=\"elementor-element elementor-element-5f315f6c elementor-widget elementor-widget-text-editor\" data-id=\"5f315f6c\" data-element_type=\"widget\" data-e-type=\"widget\" data-widget_type=\"text-editor.default\">\n\t\t\t\t<div class=\"elementor-widget-container\">\n\t\t\t\t\t\t\t\t\t<h3><span style=\"color: #ff0000;\"><strong> Precios:<\/strong><\/span><\/h3><ul><li><b>Habitaci\u00f3n individual &#8211; S\/937.00<\/b><\/li><li><b>Habitaci\u00f3n doble\/matrimonial &#8211; S\/891.00<\/b><\/li><li><strong>Habitaci\u00f3n triple &#8211; S\/883.00<\/strong><\/li><li><strong>Habitaci\u00f3n cuadruple &#8211; S\/841.00<\/strong><\/li><li><strong>Estudiantes de 3 a 12 a\u00f1os &#8211; S\/ 711.00<\/strong><\/li><\/ul><p><em>**Todos los precios son por persona<\/em><\/p><h3><span style=\"color: #008000;\"><strong>Qu\u00e9 est\u00e1 incluido:<\/strong><\/span><\/h3><ul><li>1 noche en Aguas Calientes<\/li><li>Desayuno<\/li><li>Almuerzo Buffet en Urubamba.<\/li><li>Visita a Pisac y Ollantaytambo<\/li><li>Gu\u00eda profesional en espa\u00f1ol.<\/li><li>Entradas a Machu Picchu.<\/li><li>Ticket de bus: Aguas Calientes-Machu Picchu-Aguas Calientes.<\/li><li>Ticket de tren Ollantaytambo-Aguas Calientes-Ollantaytambo<\/li><li>Movilidad para todos los tours mencionados.<\/li><li>Soporte 24\/7<\/li><\/ul><p><strong style=\"color: #008000; font-size: 24px;\">No incluido:<\/strong><\/p><ul><li><span style=\"font-style: inherit; font-weight: inherit; color: var(--ast-global-color-3);\">Comidas no especificadas en el itinerario.<\/span><\/li><li>BTP (Boleto Turistico Parcial).<\/li><li>Llegada \/ Salida de Cusco<\/li><li>Alojamiento en Cusco<\/li><li>Propinas<\/li><\/ul><h3><span style=\"color: #008000;\">Lista recomendada<\/span><\/h3><ul><li>Snacks (frutas secas, galletas, dulces, chocolates, etc.)<\/li><li>Zapatos para caminar o zapatillas de deporte<\/li><li>Equipo completo para lluvia o poncho (de noviembre a abril)<\/li><li>\u00a0Guantes<\/li><li>Sombrero o gorra<\/li><li>\u00a0Gafas de sol<\/li><li>Protector solar<\/li><li>Art\u00edculos de tocador (champ\u00fa, jab\u00f3n, crema corporal)<\/li><li>C\u00e1maras de fotos \/ video y cargadores.<\/li><li>Botella de agua<\/li><\/ul><h3><strong><span style=\"color: #ff0000;\">NOTAS IMPORTANTES:<\/span><\/strong><\/h3><p><strong>**Precios exclusivos para Peruanos**<\/strong><\/p><p>&#8211;\u00a0 Todos los precios son por persona<\/p><p class=\"MsoNormal\" style=\"text-align: justify;\"><span lang=\"ES-PE\">&#8211; Los precios est\u00e1n en SOLES.<\/span><\/p><p class=\"MsoNormal\" style=\"text-align: justify;\"><span lang=\"ES-PE\">&#8211; Para confirmar una reserva, un dep\u00f3sito no reembolsable y no transferible de S\/400.00 por persona, debe ser pagado para realizar la reserva. Si el viaje es menos de S\/400 la cantidad total debe ser pagada para confirmar la reserva.<\/span><\/p><p class=\"MsoNormal\" style=\"text-align: justify;\"><span lang=\"ES-PE\">&#8211; Si la reserva se realiza 10 d\u00edas o menos desde el inicio del programa debe ser pagado en su totalidad.<\/span><\/p><p class=\"MsoNormal\" style=\"text-align: justify;\"><span lang=\"ES-PE\">&#8211; Las reservas no se confirman hasta que se pague el dep\u00f3sito. <\/span><\/p><p class=\"MsoNormal\" style=\"text-align: justify;\"><span lang=\"ES-PE\">&#8211; Todas las reservas deben ser pagadas en su totalidad por lo menos 5 d\u00edas antes del inicio de nuestros servicios.<\/span><\/p><p class=\"MsoNormal\" style=\"text-align: justify;\"><span lang=\"ES-PE\">&#8211; Reservas puedes ser pagadas hasta 4 cuotas.<\/span><\/p><p class=\"MsoNormal\" style=\"text-align: justify;\"><span lang=\"ES-PE\">&#8211; PVTravels no se hace responsable de los art\u00edculos perdidos o robados en cualquiera de nuestros tours, programas o alojamientos.<\/span><\/p><p class=\"MsoNormal\" style=\"text-align: justify;\"><span lang=\"ES-PE\">&#8211; Los precios incluyen IGV 18% aplicable a los peruanos o residentes para reservas de hoteles.<\/span><\/p><p class=\"MsoNormal\" style=\"text-align: justify;\"><span lang=\"ES-PE\">-Caso sea deseable la emisi\u00f3n de factura, ser\u00e1 cobrado 18% al valor total que deber\u00e1 ser pagado por el usuario.<\/span><\/p><p class=\"MsoNormal\"><span lang=\"ES-PE\">-Si el viajero decide irse antes del final del servicio, NO habr\u00e1 reembolso por ello.<\/span><\/p><p class=\"MsoNormal\"><span lang=\"ES-PE\">-Si el viajero no asiste el d\u00eda del servicio, se considerar\u00e1 \u00abRealizado\u00bb sin reclamos o reembolsos.<\/span><\/p><p class=\"MsoNormal\"><span lang=\"ES-PE\">&#8211; Todas las cancelaciones 30 d\u00edas o menos antes del inicio de nuestros servicios no son reembolsables ni transferibles.<\/span><\/p><p class=\"MsoNormal\"><span lang=\"ES-PE\">&#8211; Los servicios cancelados entre 60 a 31 d\u00edas antes del inicio del programa son reembolsables hasta un 50% menos los gastos de pago por transferencia nacional de banco S\/18,00 y \/ o cr\u00e9ditos que se aplica.<\/span><\/p><p class=\"MsoNormal\"><span lang=\"ES-PE\">&#8211; Los dep\u00f3sitos no son reembolsables ni transferibles en todo momento.<\/span><\/p><p style=\"text-align: justify;\">\u00a0<\/p><p class=\"MsoNormal\">-RESERVAS A MACHUPICCHU NO SON REMBOLSABLE EN NINGUM MOMENTO<\/p>\t\t\t\t\t\t\t\t<\/div>\n\t\t\t\t<\/div>\n\t\t\t\t\t<\/div>\n\t\t<\/div>\n\t\t\t\t\t<\/div>\n\t\t<\/section>\n\t\t\t\t<\/div>\n\t\t","protected":false},"excerpt":{"rendered":"<p>PVT &#8211; PECUZ002<\/p>\n<h3><span style=\"color: #ff0000;\"><strong>Precios:<\/strong><\/span><\/h3>\n<ul>\n<li><strong> Habitaci\u00f3n individual &#8211; S\/937.00<\/strong><\/li>\n<li><strong>Habitaci\u00f3n doble\/matrimonial &#8211; S\/891.00<\/strong><\/li>\n<li><strong>Habitaci\u00f3n triple &#8211; S\/883.00<\/strong><\/li>\n<li><strong>Habitaci\u00f3n cu\u00e1druple &#8211; S\/841.00<\/strong><\/li>\n<li><strong>Estudiantes de 3 a 12 a\u00f1os &#8211; S\/ 711.00<\/strong><\/li>\n<\/ul>\n<p>Para reservas, por favor\u00a0<a href=\"https:\/\/www.pvtravels.com\/es\/contacto\/\">cont\u00e1ctenos<\/a><\/p>\n","protected":false},"featured_media":3657,"template":"","meta":{"site-sidebar-layout":"no-sidebar","site-content-layout":"page-builder","ast-site-content-layout":"default","site-content-style":"default","site-sidebar-style":"default","ast-global-header-display":"","ast-banner-title-visibility":"","ast-main-header-display":"","ast-hfb-above-header-display":"","ast-hfb-below-header-display":"","ast-hfb-mobile-header-display":"","site-post-title":"disabled","ast-breadcrumbs-content":"","ast-featured-img":"disabled","footer-sml-layout":"","ast-disable-related-posts":"","theme-transparent-header-meta":"default","adv-header-id-meta":"","stick-header-meta":"default","header-above-stick-meta":"","header-main-stick-meta":"","header-below-stick-meta":"","astra-migrate-meta-layouts":"default","ast-page-background-enabled":"default","ast-page-background-meta":{"desktop":{"background-color":"var(--ast-global-color-4)","background-image":"","background-repeat":"repeat","background-position":"center center","background-size":"auto","background-attachment":"scroll","background-type":"","background-media":"","overlay-type":"","overlay-color":"","overlay-opacity":"","overlay-gradient":""},"tablet":{"background-color":"","background-image":"","background-repeat":"repeat","background-position":"center center","background-size":"auto","background-attachment":"scroll","background-type":"","background-media":"","overlay-type":"","overlay-color":"","overlay-opacity":"","overlay-gradient":""},"mobile":{"background-color":"","background-image":"","background-repeat":"repeat","background-position":"center center","background-size":"auto","background-attachment":"scroll","background-type":"","background-media":"","overlay-type":"","overlay-color":"","overlay-opacity":"","overlay-gradient":""}},"ast-content-background-meta":{"desktop":{"background-color":"var(--ast-global-color-5)","background-image":"","background-repeat":"repeat","background-position":"center center","background-size":"auto","background-attachment":"scroll","background-type":"","background-media":"","overlay-type":"","overlay-color":"","overlay-opacity":"","overlay-gradient":""},"tablet":{"background-color":"var(--ast-global-color-5)","background-image":"","background-repeat":"repeat","background-position":"center center","background-size":"auto","background-attachment":"scroll","background-type":"","background-media":"","overlay-type":"","overlay-color":"","overlay-opacity":"","overlay-gradient":""},"mobile":{"background-color":"var(--ast-global-color-5)","background-image":"","background-repeat":"repeat","background-position":"center center","background-size":"auto","background-attachment":"scroll","background-type":"","background-media":"","overlay-type":"","overlay-color":"","overlay-opacity":"","overlay-gradient":""}},"_joinchat":[]},"product_brand":[],"product_cat":[165],"product_tag":[],"class_list":{"0":"post-4388","1":"product","2":"type-product","3":"status-publish","4":"has-post-thumbnail","6":"product_cat-cusco-machu-picchu-en-tren-es","7":"desktop-align-center","8":"tablet-align-center","9":"mobile-align-center","10":"ast-product-gallery-layout-horizontal-slider","11":"ast-product-gallery-with-no-image","12":"ast-product-tabs-layout-horizontal","14":"first","15":"instock","16":"shipping-taxable","17":"purchasable","18":"product-type-simple"},"_links":{"self":[{"href":"https:\/\/www.pvtravels.com\/es\/wp-json\/wp\/v2\/product\/4388","targetHints":{"allow":["GET"]}}],"collection":[{"href":"https:\/\/www.pvtravels.com\/es\/wp-json\/wp\/v2\/product"}],"about":[{"href":"https:\/\/www.pvtravels.com\/es\/wp-json\/wp\/v2\/types\/product"}],"version-history":[{"count":27,"href":"https:\/\/www.pvtravels.com\/es\/wp-json\/wp\/v2\/product\/4388\/revisions"}],"predecessor-version":[{"id":5220,"href":"https:\/\/www.pvtravels.com\/es\/wp-json\/wp\/v2\/product\/4388\/revisions\/5220"}],"wp:featuredmedia":[{"embeddable":true,"href":"https:\/\/www.pvtravels.com\/es\/wp-json\/wp\/v2\/media\/3657"}],"wp:attachment":[{"href":"https:\/\/www.pvtravels.com\/es\/wp-json\/wp\/v2\/media?parent=4388"}],"wp:term":[{"taxonomy":"product_brand","embeddable":true,"href":"https:\/\/www.pvtravels.com\/es\/wp-json\/wp\/v2\/product_brand?post=4388"},{"taxonomy":"product_cat","embeddable":true,"href":"https:\/\/www.pvtravels.com\/es\/wp-json\/wp\/v2\/product_cat?post=4388"},{"taxonomy":"product_tag","embeddable":true,"href":"https:\/\/www.pvtravels.com\/es\/wp-json\/wp\/v2\/product_tag?post=4388"}],"curies":[{"name":"wp","href":"https:\/\/api.w.org\/{rel}","templated":true}]}}