{"id":4379,"date":"2022-02-19T10:43:02","date_gmt":"2022-02-19T15:43:02","guid":{"rendered":"https:\/\/www.pvtravels.com\/?post_type=product&#038;p=4379"},"modified":"2023-05-12T11:14:10","modified_gmt":"2023-05-12T16:14:10","slug":"machu-picchu-fullday-en-tren-turistico","status":"publish","type":"product","link":"https:\/\/www.pvtravels.com\/es\/tour\/paquetes-para-peruanos-es\/cusco-machu-picchu-en-tren-es\/machu-picchu-fullday-en-tren-turistico\/","title":{"rendered":"Machu Picchu fullday en tren Tur\u00edstico"},"content":{"rendered":"<h3 style=\"text-align: justify;\"><span style=\"color: #008000;\"><strong><u>Itinerario:<\/u><\/strong><\/span><\/h3>\n<p style=\"text-align: justify;\">Recojo de nuestro hotel en Cusco por la ma\u00f1ana alrededor de las 3:30am. Iremos a la estaci\u00f3n de tren en Ollantaytambo, aproximadamente a la 1.30h de Cusco, luego nos embarcaremos en este extraordinario viaje en tren a Machu Picchu, donde tendr\u00e1 hermosas vistas. El tren pasa a trav\u00e9s de hermosos ecosistemas y luego tiene su c\u00e1mara lista para tomar fotos.<\/p>\n<p style=\"text-align: justify;\">Aproximadamente 4 horas despu\u00e9s de nuestra partida de Cusco, llegaremos a la estaci\u00f3n de tren en Aguas Calientes (la ciudad ubicada en la parte inferior de Machu Picchu). Donde nuestro experto gu\u00eda estar\u00e1 esperando.<\/p>\n<p style=\"text-align: justify;\">Juntos tomaremos el bus de Aguas Calientes a Machu Picchu que dura 25 minutos.<\/p>\n<p style=\"text-align: justify;\">Al llegar a Machu Picchu, ingresaremos al sitio y nuestro gu\u00eda nos dar\u00e1 un recorrido por la ciudadela durante 2horas. Despu\u00e9s de la visita guiada, habr\u00e1 tiempo libre para explorar y tomar fotos.<\/p>\n<p style=\"text-align: justify;\">Despu\u00e9s de explorar Machu Picchu, tomaremos el bus de regreso a Aguas Calientes. Luego puede disfrutar de los restaurantes, explorar el pueblo o relajarse.<\/p>\n<p style=\"text-align: justify;\">Por la tarde, tomaremos el tren de regreso a Ollantaytambo, donde nuestro conductor lo estar\u00e1 esperando y nos llevar\u00e1 de regreso a nuestro alojamiento en Cusco.<\/p>\n<p style=\"text-align: justify;\">\u00a1Fin de nuestros servicios!<\/p>\n<h3 style=\"text-align: justify;\"><span style=\"color: #ff0000;\"><strong>Precios:<\/strong><\/span><\/h3>\n<ul style=\"text-align: justify;\">\n<li><strong> 1 persona &#8211; S\/778.00 <\/strong><\/li>\n<li><strong>2 personas &#8211; S\/725.00<\/strong><\/li>\n<li><strong>3 personas &#8211; S\/715.00<\/strong><\/li>\n<li><strong>4 personas o m\u00e1s &#8211; S\/709.00<\/strong><\/li>\n<li><strong>Estudiantes de 3 a 12 a\u00f1os &#8211; S\/ 630.00<\/strong><\/li>\n<\/ul>\n<p style=\"text-align: justify;\"><em><strong>**<\/strong>todos los precios son por persona<\/em><\/p>\n<h3 style=\"text-align: justify;\"><span style=\"color: #008000;\"><strong>Qu\u00e9 est\u00e1 incluido:<\/strong><\/span><\/h3>\n<ul style=\"text-align: justify;\">\n<li>Gu\u00eda profesional en espa\u00f1ol.<\/li>\n<li>Entradas a Machu Picchu.<\/li>\n<li>Ticket de bus: Aguas Calientes-Machu Picchu-Aguas Calientes.<\/li>\n<li>Ticket de tren Ollantaytambo-Aguas Calientes-Ollantaytambo<\/li>\n<li>Traslado desde alojamiento cerca al centro de Cusco<\/li>\n<li>Soporte 24\/7<\/li>\n<\/ul>\n<h3 style=\"text-align: justify;\"><span style=\"color: #008000;\"><strong>No incluido:<\/strong><\/span><\/h3>\n<ul style=\"text-align: justify;\">\n<li>Comidas no especificadas en el itinerario.<\/li>\n<li>Llegada \/ Salida de Cusco<\/li>\n<li>Alojamiento en Cusco<\/li>\n<li>Propinas<\/li>\n<\/ul>\n<h3 style=\"text-align: justify;\"><span style=\"color: #008000;\"><strong>Lista recomendada<\/strong><\/span><\/h3>\n<ul style=\"text-align: justify;\">\n<li>Snacks (frutas secas, galletas, dulces, chocolates, etc.)<\/li>\n<li>Zapatos para caminar o zapatillas de deporte<\/li>\n<li>Equipo completo para lluvia o poncho (de noviembre a abril)<\/li>\n<li>Guantes<\/li>\n<li>Sombrero o gorra<\/li>\n<li>Gafas de sol<\/li>\n<li>Protector solar<\/li>\n<li>Art\u00edculos de tocador (champ\u00fa, jab\u00f3n, crema corporal)<\/li>\n<li>C\u00e1maras de fotos \/ video y cargadores.<\/li>\n<li>Botella de agua<\/li>\n<\/ul>\n<h3 style=\"text-align: justify;\"><span style=\"color: #ff0000;\"><strong>NOTAS IMPORTANTES:<\/strong><\/span><\/h3>\n<p style=\"text-align: justify;\"><strong>**Precios exclusivos para Peruanos**<\/strong><\/p>\n<p style=\"text-align: justify;\"><em>&#8211; \u00a0Todos los precios son por persona<\/em><\/p>\n<p style=\"text-align: justify;\">&#8211; Los precios est\u00e1n en SOLES.<\/p>\n<p style=\"text-align: justify;\">&#8211; Para confirmar una reserva, un dep\u00f3sito no reembolsable y no transferible de S\/400.00 por persona, debe ser pagado para realizar la reserva. Si el viaje es menos de S\/400 la cantidad total debe ser pagada para confirmar la reserva.<\/p>\n<p style=\"text-align: justify;\">&#8211; Si la reserva se realiza 10 d\u00edas o menos desde el inicio del programa debe ser pagado en su totalidad.<\/p>\n<p style=\"text-align: justify;\">&#8211; Las reservas no se confirman hasta que se pague el dep\u00f3sito.<\/p>\n<p style=\"text-align: justify;\">&#8211; Todas las reservas deben ser pagadas en su totalidad por lo menos 5 d\u00edas antes del inicio de nuestros servicios.<\/p>\n<p style=\"text-align: justify;\">&#8211; Reservas puedes ser pagadas hasta 4 cuotas.<\/p>\n<p style=\"text-align: justify;\">&#8211; PVTravels no se hace responsable de los art\u00edculos perdidos o robados en cualquiera de nuestros tours, programas o alojamientos.<\/p>\n<p style=\"text-align: justify;\">&#8211; Los precios incluyen IGV 18% aplicable a los peruanos o residentes para reservas de hoteles.<\/p>\n<p style=\"text-align: justify;\">-Caso sea deseable la emisi\u00f3n de factura, ser\u00e1 cobrado 18% al valor total que deber\u00e1 ser pagado por el usuario.<\/p>\n<p style=\"text-align: justify;\">-Si el viajero decide irse antes del final del servicio, NO habr\u00e1 reembolso por ello.<\/p>\n<p style=\"text-align: justify;\">-Si el viajero no asiste el d\u00eda del servicio, se considerar\u00e1 \u00abRealizado\u00bb sin reclamos o reembolsos.<\/p>\n<p style=\"text-align: justify;\">&#8211; Todas las cancelaciones 30 d\u00edas o menos antes del inicio de nuestros servicios no son reembolsables ni transferibles.<\/p>\n<p style=\"text-align: justify;\">&#8211; Los servicios cancelados entre 60 a 31 d\u00edas antes del inicio del programa son reembolsables hasta un 50% menos los gastos de pago por transferencia nacional de banco S\/18,00 y \/ o cr\u00e9ditos que se aplica.<\/p>\n<p style=\"text-align: justify;\">&#8211; Los dep\u00f3sitos no son reembolsables ni transferibles en todo momento.<\/p>\n<p style=\"text-align: justify;\">-RESERVAS A MACHUPICCHU NO SON REMBOLSABLE EN NINGUM MOMENTO<\/p>\n","protected":false},"excerpt":{"rendered":"<h3><span style=\"color: #ff0000;\"><strong> Precios:<\/strong><\/span><\/h3>\n<ul>\n<li><strong> 1 persona &#8211; S\/778.00<\/strong><\/li>\n<li><strong>2 personas &#8211; S\/725.00<\/strong><\/li>\n<li><strong>3 personas &#8211; S\/715.00<\/strong><\/li>\n<li><strong>4 personas o m\u00e1s &#8211; S\/709.00<\/strong><\/li>\n<li><strong>Estudiantes de 3 a 12 a\u00f1os &#8211; S\/ 630.00<\/strong><\/li>\n<\/ul>\n<p>Para reservas, por favor <a href=\"https:\/\/www.pvtravels.com\/es\/contacto\/\">contactenos<\/a><\/p>\n","protected":false},"featured_media":5033,"template":"","meta":{"site-sidebar-layout":"default","site-content-layout":"default","ast-site-content-layout":"default","site-content-style":"default","site-sidebar-style":"default","ast-global-header-display":"","ast-banner-title-visibility":"","ast-main-header-display":"","ast-hfb-above-header-display":"","ast-hfb-below-header-display":"","ast-hfb-mobile-header-display":"","site-post-title":"","ast-breadcrumbs-content":"","ast-featured-img":"","footer-sml-layout":"","ast-disable-related-posts":"","theme-transparent-header-meta":"default","adv-header-id-meta":"","stick-header-meta":"default","header-above-stick-meta":"","header-main-stick-meta":"","header-below-stick-meta":"","astra-migrate-meta-layouts":"default","ast-page-background-enabled":"default","ast-page-background-meta":{"desktop":{"background-color":"var(--ast-global-color-4)","background-image":"","background-repeat":"repeat","background-position":"center center","background-size":"auto","background-attachment":"scroll","background-type":"","background-media":"","overlay-type":"","overlay-color":"","overlay-opacity":"","overlay-gradient":""},"tablet":{"background-color":"","background-image":"","background-repeat":"repeat","background-position":"center center","background-size":"auto","background-attachment":"scroll","background-type":"","background-media":"","overlay-type":"","overlay-color":"","overlay-opacity":"","overlay-gradient":""},"mobile":{"background-color":"","background-image":"","background-repeat":"repeat","background-position":"center center","background-size":"auto","background-attachment":"scroll","background-type":"","background-media":"","overlay-type":"","overlay-color":"","overlay-opacity":"","overlay-gradient":""}},"ast-content-background-meta":{"desktop":{"background-color":"var(--ast-global-color-5)","background-image":"","background-repeat":"repeat","background-position":"center center","background-size":"auto","background-attachment":"scroll","background-type":"","background-media":"","overlay-type":"","overlay-color":"","overlay-opacity":"","overlay-gradient":""},"tablet":{"background-color":"var(--ast-global-color-5)","background-image":"","background-repeat":"repeat","background-position":"center center","background-size":"auto","background-attachment":"scroll","background-type":"","background-media":"","overlay-type":"","overlay-color":"","overlay-opacity":"","overlay-gradient":""},"mobile":{"background-color":"var(--ast-global-color-5)","background-image":"","background-repeat":"repeat","background-position":"center center","background-size":"auto","background-attachment":"scroll","background-type":"","background-media":"","overlay-type":"","overlay-color":"","overlay-opacity":"","overlay-gradient":""}},"_joinchat":[]},"product_brand":[],"product_cat":[165],"product_tag":[],"class_list":{"0":"post-4379","1":"product","2":"type-product","3":"status-publish","4":"has-post-thumbnail","6":"product_cat-cusco-machu-picchu-en-tren-es","7":"desktop-align-center","8":"tablet-align-center","9":"mobile-align-center","10":"ast-product-gallery-layout-horizontal-slider","11":"ast-product-gallery-with-no-image","12":"ast-product-tabs-layout-horizontal","14":"first","15":"instock","16":"shipping-taxable","17":"purchasable","18":"product-type-simple"},"_links":{"self":[{"href":"https:\/\/www.pvtravels.com\/es\/wp-json\/wp\/v2\/product\/4379","targetHints":{"allow":["GET"]}}],"collection":[{"href":"https:\/\/www.pvtravels.com\/es\/wp-json\/wp\/v2\/product"}],"about":[{"href":"https:\/\/www.pvtravels.com\/es\/wp-json\/wp\/v2\/types\/product"}],"version-history":[{"count":8,"href":"https:\/\/www.pvtravels.com\/es\/wp-json\/wp\/v2\/product\/4379\/revisions"}],"predecessor-version":[{"id":5173,"href":"https:\/\/www.pvtravels.com\/es\/wp-json\/wp\/v2\/product\/4379\/revisions\/5173"}],"wp:featuredmedia":[{"embeddable":true,"href":"https:\/\/www.pvtravels.com\/es\/wp-json\/wp\/v2\/media\/5033"}],"wp:attachment":[{"href":"https:\/\/www.pvtravels.com\/es\/wp-json\/wp\/v2\/media?parent=4379"}],"wp:term":[{"taxonomy":"product_brand","embeddable":true,"href":"https:\/\/www.pvtravels.com\/es\/wp-json\/wp\/v2\/product_brand?post=4379"},{"taxonomy":"product_cat","embeddable":true,"href":"https:\/\/www.pvtravels.com\/es\/wp-json\/wp\/v2\/product_cat?post=4379"},{"taxonomy":"product_tag","embeddable":true,"href":"https:\/\/www.pvtravels.com\/es\/wp-json\/wp\/v2\/product_tag?post=4379"}],"curies":[{"name":"wp","href":"https:\/\/api.w.org\/{rel}","templated":true}]}}