{"id":433,"date":"2021-12-16T10:59:41","date_gmt":"2021-12-16T15:59:41","guid":{"rendered":"https:\/\/www.pvtravels.com\/?post_type=product&#038;p=433"},"modified":"2026-03-05T12:56:39","modified_gmt":"2026-03-05T17:56:39","slug":"rafting-rio-chuquicahuana","status":"publish","type":"product","link":"https:\/\/www.pvtravels.com\/es\/tour\/cusco-machu-picchu-es\/aventuras-cusco\/rafting-rio-chuquicahuana\/","title":{"rendered":"Rafting Rio Chuquicahuana"},"content":{"rendered":"\t\t<div data-elementor-type=\"product-post\" data-elementor-id=\"433\" class=\"elementor elementor-433 elementor-432\" data-elementor-post-type=\"product\">\n\t\t\t\t\t\t<section class=\"elementor-section elementor-top-section elementor-element elementor-element-78c985d6 elementor-section-boxed elementor-section-height-default elementor-section-height-default\" data-id=\"78c985d6\" data-element_type=\"section\" data-e-type=\"section\">\n\t\t\t\t\t\t<div class=\"elementor-container elementor-column-gap-default\">\n\t\t\t\t\t<div class=\"elementor-column elementor-col-100 elementor-top-column elementor-element elementor-element-8315301\" data-id=\"8315301\" data-element_type=\"column\" data-e-type=\"column\">\n\t\t\t<div class=\"elementor-widget-wrap elementor-element-populated\">\n\t\t\t\t\t\t<div class=\"elementor-element elementor-element-257b6f1 elementor-widget elementor-widget-text-editor\" data-id=\"257b6f1\" data-element_type=\"widget\" data-e-type=\"widget\" data-widget_type=\"text-editor.default\">\n\t\t\t\t<div class=\"elementor-widget-container\">\n\t\t\t\t\t\t\t\t\t<h3><span style=\"color: #008000;\"><strong>Itinerario:<\/strong><\/span><\/h3><p>Nuestro d\u00eda comienza cuando lo recogeremos de su hotel en Cusco alrededor de las 8:50 a. m. Luego conduciremos durante aproximadamente 1,5 horas hasta llegar al Cusipata River Lodge, donde podremos estirar las piernas, utilizar algunas de las instalaciones y salir. cualquier bolso o art\u00edculo personal. Nuestros gu\u00edas de r\u00edo profesionales te dar\u00e1n una charla de seguridad y te explicar\u00e1n los pocos comandos que se utilizan durante el rafting, y luego te entregar\u00e1n todo el equipo necesario: casco, traje de neopreno, chaqueta protectora, remos y, por supuesto, tu balsa autovaciable. .<br \/>Luego conduciremos durante 10 minutos hasta nuestro punto de partida en el tramo Chuquicahuana del r\u00edo Urubamba. Al partir r\u00edo abajo, nos divertiremos mucho mientras navegamos por r\u00e1pidos Clase III y IV llenos de adrenalina con olas estacionarias y hoyos. Su balsa estar\u00e1 acompa\u00f1ada por un kayakista de seguridad, lo que lo mantendr\u00e1 seguro durante todo el viaje. Nuestra aventura de rafting dura aproximadamente dos horas y pasaremos por paisajes espectaculares a medida que avanzamos r\u00edo abajo.<br \/>Una vez que hayamos terminado el rafting, regresaremos a Cusipata River Lodge donde tomaremos un sabroso almuerzo. Tambi\u00e9n puedes sumergirte en la sauna antes de pasar a la siguiente parte de nuestro viaje: tirolesa. Hay dos tirolesas sobre el r\u00edo Urubamba, cada una de unos 120 metros de largo. Es una excelente manera de terminar el d\u00eda, y por la tarde empacaremos y regresaremos a Cusco, cansados \u200b\u200bpero felices despu\u00e9s de nuestro d\u00eda de aventura al aire libre.<\/p><h3><span style=\"color: #008000;\"><strong>Que est\u00e1 incluido:<\/strong><\/span><\/h3><ul><li>Transporte desde Cusco a la puesta en el r\u00edo.<\/li><li>Todo el equipo de rafting, como casco, chaleco salvavidas, remo, balsa<\/li><li>Chaqueta Spray, traje h\u00famedo<\/li><li>Gu\u00eda profesional de rafting en ingl\u00e9s o espa\u00f1ol.<\/li><li>Almuerzo<\/li><li>Transporte de regreso desde el r\u00edo.<\/li><li>Sauna<\/li><li>Duchas de agua caliente<\/li><\/ul><h3><span style=\"color: #008000;\"><strong>No incluido:<\/strong><\/span><\/h3><ul><li>Comidas no especificadas en el itinerario.<\/li><li>Alojamiento en Cusco<\/li><\/ul><h3><span style=\"color: #008000;\"><strong>Lista Recomendada<\/strong><\/span><\/h3><ul><li>Conjunto completo de ropa seca<\/li><li>Par de sandalias o tenis para el r\u00edo<\/li><li>Bloqueador solar<\/li><li>Toalla peque\u00f1a<\/li><li>Traje de ba\u00f1o para usar debajo<\/li><li>Aperitivos<\/li><li>Zapatos para caminar o zapatillas de deporte.<\/li><li>Sombrero o gorra<\/li><li>Gafas de sol<\/li><li>Protector solar<\/li><li>Art\u00edculos de aseo<\/li><li>Botella de agua<\/li><\/ul>\t\t\t\t\t\t\t\t<\/div>\n\t\t\t\t<\/div>\n\t\t\t\t\t<\/div>\n\t\t<\/div>\n\t\t\t\t\t<\/div>\n\t\t<\/section>\n\t\t\t\t<\/div>\n\t\t","protected":false},"excerpt":{"rendered":"<p><strong>C\u00d3DIGO: PVT-CA005<\/strong><\/p>\n<ul>\n<li><strong>Salida: 9:00 am<\/strong><\/li>\n<li><strong>Duraci\u00f3n: d\u00eda completo<\/strong><\/li>\n<\/ul>\n","protected":false},"featured_media":436,"template":"","meta":{"site-sidebar-layout":"default","site-content-layout":"default","ast-site-content-layout":"default","site-content-style":"default","site-sidebar-style":"default","ast-global-header-display":"","ast-banner-title-visibility":"","ast-main-header-display":"","ast-hfb-above-header-display":"","ast-hfb-below-header-display":"","ast-hfb-mobile-header-display":"","site-post-title":"","ast-breadcrumbs-content":"","ast-featured-img":"","footer-sml-layout":"","ast-disable-related-posts":"","theme-transparent-header-meta":"default","adv-header-id-meta":"","stick-header-meta":"default","header-above-stick-meta":"","header-main-stick-meta":"","header-below-stick-meta":"","astra-migrate-meta-layouts":"default","ast-page-background-enabled":"default","ast-page-background-meta":{"desktop":{"background-color":"var(--ast-global-color-4)","background-image":"","background-repeat":"repeat","background-position":"center center","background-size":"auto","background-attachment":"scroll","background-type":"","background-media":"","overlay-type":"","overlay-color":"","overlay-opacity":"","overlay-gradient":""},"tablet":{"background-color":"","background-image":"","background-repeat":"repeat","background-position":"center center","background-size":"auto","background-attachment":"scroll","background-type":"","background-media":"","overlay-type":"","overlay-color":"","overlay-opacity":"","overlay-gradient":""},"mobile":{"background-color":"","background-image":"","background-repeat":"repeat","background-position":"center center","background-size":"auto","background-attachment":"scroll","background-type":"","background-media":"","overlay-type":"","overlay-color":"","overlay-opacity":"","overlay-gradient":""}},"ast-content-background-meta":{"desktop":{"background-color":"var(--ast-global-color-5)","background-image":"","background-repeat":"repeat","background-position":"center center","background-size":"auto","background-attachment":"scroll","background-type":"","background-media":"","overlay-type":"","overlay-color":"","overlay-opacity":"","overlay-gradient":""},"tablet":{"background-color":"var(--ast-global-color-5)","background-image":"","background-repeat":"repeat","background-position":"center center","background-size":"auto","background-attachment":"scroll","background-type":"","background-media":"","overlay-type":"","overlay-color":"","overlay-opacity":"","overlay-gradient":""},"mobile":{"background-color":"var(--ast-global-color-5)","background-image":"","background-repeat":"repeat","background-position":"center center","background-size":"auto","background-attachment":"scroll","background-type":"","background-media":"","overlay-type":"","overlay-color":"","overlay-opacity":"","overlay-gradient":""}},"_joinchat":[]},"product_brand":[],"product_cat":[41,42],"product_tag":[],"class_list":{"0":"post-433","1":"product","2":"type-product","3":"status-publish","4":"has-post-thumbnail","6":"product_cat-cusco-machu-picchu-es","7":"product_cat-aventuras-cusco","8":"desktop-align-center","9":"tablet-align-center","10":"mobile-align-center","11":"ast-product-gallery-layout-horizontal-slider","12":"ast-product-gallery-with-no-image","13":"ast-product-tabs-layout-horizontal","15":"first","16":"instock","17":"shipping-taxable","18":"purchasable","19":"product-type-simple"},"_links":{"self":[{"href":"https:\/\/www.pvtravels.com\/es\/wp-json\/wp\/v2\/product\/433","targetHints":{"allow":["GET"]}}],"collection":[{"href":"https:\/\/www.pvtravels.com\/es\/wp-json\/wp\/v2\/product"}],"about":[{"href":"https:\/\/www.pvtravels.com\/es\/wp-json\/wp\/v2\/types\/product"}],"version-history":[{"count":10,"href":"https:\/\/www.pvtravels.com\/es\/wp-json\/wp\/v2\/product\/433\/revisions"}],"predecessor-version":[{"id":6751,"href":"https:\/\/www.pvtravels.com\/es\/wp-json\/wp\/v2\/product\/433\/revisions\/6751"}],"wp:featuredmedia":[{"embeddable":true,"href":"https:\/\/www.pvtravels.com\/es\/wp-json\/wp\/v2\/media\/436"}],"wp:attachment":[{"href":"https:\/\/www.pvtravels.com\/es\/wp-json\/wp\/v2\/media?parent=433"}],"wp:term":[{"taxonomy":"product_brand","embeddable":true,"href":"https:\/\/www.pvtravels.com\/es\/wp-json\/wp\/v2\/product_brand?post=433"},{"taxonomy":"product_cat","embeddable":true,"href":"https:\/\/www.pvtravels.com\/es\/wp-json\/wp\/v2\/product_cat?post=433"},{"taxonomy":"product_tag","embeddable":true,"href":"https:\/\/www.pvtravels.com\/es\/wp-json\/wp\/v2\/product_tag?post=433"}],"curies":[{"name":"wp","href":"https:\/\/api.w.org\/{rel}","templated":true}]}}