{"id":424,"date":"2021-12-16T10:54:04","date_gmt":"2021-12-16T15:54:04","guid":{"rendered":"https:\/\/www.pvtravels.com\/?post_type=product&#038;p=424"},"modified":"2022-02-02T16:17:01","modified_gmt":"2022-02-02T21:17:01","slug":"quadbiking-maras-moray","status":"publish","type":"product","link":"https:\/\/www.pvtravels.com\/es\/tour\/cusco-machu-picchu-es\/aventuras-cusco\/quadbiking-maras-moray\/","title":{"rendered":"Quadbiking &#8211; Maras &#038; Moray"},"content":{"rendered":"\t\t<div data-elementor-type=\"product-post\" data-elementor-id=\"424\" class=\"elementor elementor-424 elementor-423\" data-elementor-post-type=\"product\">\n\t\t\t\t\t\t<section class=\"elementor-section elementor-top-section elementor-element elementor-element-78c985d6 elementor-section-boxed elementor-section-height-default elementor-section-height-default\" data-id=\"78c985d6\" data-element_type=\"section\" data-e-type=\"section\">\n\t\t\t\t\t\t<div class=\"elementor-container elementor-column-gap-default\">\n\t\t\t\t\t<div class=\"elementor-column elementor-col-100 elementor-top-column elementor-element elementor-element-8315301\" data-id=\"8315301\" data-element_type=\"column\" data-e-type=\"column\">\n\t\t\t<div class=\"elementor-widget-wrap elementor-element-populated\">\n\t\t\t\t\t\t<div class=\"elementor-element elementor-element-257b6f1 elementor-widget elementor-widget-text-editor\" data-id=\"257b6f1\" data-element_type=\"widget\" data-e-type=\"widget\" data-widget_type=\"text-editor.default\">\n\t\t\t\t<div class=\"elementor-widget-container\">\n\t\t\t\t\t\t\t\t\t<div><h3><span style=\"color: #008000;\"><b>Itinerario:<\/b><\/span><\/h3><p>Lo recogemos en su hotel en Cusco para llevarlo una hora en bus a nuestra base ubicada en Cruzpata, luego de una breve informaci\u00f3n acerca de las motos y la seguridad, practicaremos 10 minutos, luego comenzaremos el recorrido, usted viajar\u00e1 aproximadamente \u00a02 y 1\/2 a 3 horas, todo el camino, en la forma en que encontrar\u00e1 personas que est\u00e1n haciendo su vida diaria, pasaremos por lugares donde solo hay poca gente y donde la naturaleza le mostrar\u00e1 lo mejor que pueda imaginar.\u00a0 En cada momento, cada vista lo har\u00e1 sentir especial, en la ruta tambi\u00e9n podemos apreciar el sitio arqueol\u00f3gico de Moray (este fue un tipo de invernadero para los incas), tambi\u00e9n las m\u00e1s de 3000 fuentes de sal (SALINERAS) que se explotan hasta ahora para la gente local y tambi\u00e9n dos lagos (esto depender\u00e1 de la ruta a la que decida ir), luego regresaremos a nuestra base donde nuestro transporte lo estar\u00e1 esperando para llevarlo de regreso a Cusco, sin duda esto ser\u00e1 Una de las mejores opciones para sus muy buenas vacaciones en Cusco.<\/p><p>** <span style=\"text-decoration: underline;\"><strong>IMPORTANTE:<\/strong><\/span> Use pantalones largos y zapatos cerrados, NO sandalias<\/p><h3><span style=\"color: #008000;\"><strong>Que est\u00e1 incluido:<\/strong><\/span><\/h3><ul><li>Traslado del hotel en Cusco<\/li><li>Transporte Cusco &#8211; Cruzpata &#8211; Cusco<\/li><li>Cuatrimotos<\/li><li>Cascos de seguridad y guantes.<\/li><li>Gu\u00eda en ingl\u00e9s o espa\u00f1ol.<\/li><li>Botiqu\u00edn de primeros auxilios<\/li><li>Retorno la Plaza Regocijo (a 2 cuadras de la plaza principal)<\/li><\/ul><h3><strong><span style=\"color: #008000;\">No Incluido:<\/span><\/strong><\/h3><ul><li>Entrada a Maras &#8211; S \/ 10.00 por persona<\/li><li>Entrada a Moray &#8211; S \/ 70.00 por persona (incluidas en el boleto tur\u00edstico)<\/li><li>Comidas no especificadas en el itinerario.<\/li><li>Alojamiento en Cusco<\/li><\/ul><h3><span style=\"color: #008000;\"><strong>Lista recomendada<\/strong><\/span><\/h3><ul><li>Snacks<\/li><li>Zapatos para caminar o zapatillas de deporte<\/li><li>Sombrero o gorra<\/li><li>Gafas de sol<\/li><li>Protector solar<\/li><li>Art\u00edculos de aseo<\/li><li>Botella de agua<\/li><\/ul><\/div>\t\t\t\t\t\t\t\t<\/div>\n\t\t\t\t<\/div>\n\t\t\t\t\t<\/div>\n\t\t<\/div>\n\t\t\t\t\t<\/div>\n\t\t<\/section>\n\t\t\t\t<\/div>\n\t\t","protected":false},"excerpt":{"rendered":"<p><strong>C\u00d3DIGO: PVT-CA004<\/strong><\/p>\n<ul>\n<li><strong>Salida: Diaria &#8211; 07:00 am \/ 13:00<\/strong><\/li>\n<li><strong>Duraci\u00f3n: 4 horas<\/strong><\/li>\n<\/ul>\n","protected":false},"featured_media":427,"template":"","meta":{"site-sidebar-layout":"default","site-content-layout":"default","ast-site-content-layout":"default","site-content-style":"default","site-sidebar-style":"default","ast-global-header-display":"","ast-banner-title-visibility":"","ast-main-header-display":"","ast-hfb-above-header-display":"","ast-hfb-below-header-display":"","ast-hfb-mobile-header-display":"","site-post-title":"","ast-breadcrumbs-content":"","ast-featured-img":"","footer-sml-layout":"","ast-disable-related-posts":"","theme-transparent-header-meta":"default","adv-header-id-meta":"","stick-header-meta":"default","header-above-stick-meta":"","header-main-stick-meta":"","header-below-stick-meta":"","astra-migrate-meta-layouts":"default","ast-page-background-enabled":"default","ast-page-background-meta":{"desktop":{"background-color":"var(--ast-global-color-4)","background-image":"","background-repeat":"repeat","background-position":"center center","background-size":"auto","background-attachment":"scroll","background-type":"","background-media":"","overlay-type":"","overlay-color":"","overlay-opacity":"","overlay-gradient":""},"tablet":{"background-color":"","background-image":"","background-repeat":"repeat","background-position":"center center","background-size":"auto","background-attachment":"scroll","background-type":"","background-media":"","overlay-type":"","overlay-color":"","overlay-opacity":"","overlay-gradient":""},"mobile":{"background-color":"","background-image":"","background-repeat":"repeat","background-position":"center center","background-size":"auto","background-attachment":"scroll","background-type":"","background-media":"","overlay-type":"","overlay-color":"","overlay-opacity":"","overlay-gradient":""}},"ast-content-background-meta":{"desktop":{"background-color":"var(--ast-global-color-5)","background-image":"","background-repeat":"repeat","background-position":"center center","background-size":"auto","background-attachment":"scroll","background-type":"","background-media":"","overlay-type":"","overlay-color":"","overlay-opacity":"","overlay-gradient":""},"tablet":{"background-color":"var(--ast-global-color-5)","background-image":"","background-repeat":"repeat","background-position":"center center","background-size":"auto","background-attachment":"scroll","background-type":"","background-media":"","overlay-type":"","overlay-color":"","overlay-opacity":"","overlay-gradient":""},"mobile":{"background-color":"var(--ast-global-color-5)","background-image":"","background-repeat":"repeat","background-position":"center center","background-size":"auto","background-attachment":"scroll","background-type":"","background-media":"","overlay-type":"","overlay-color":"","overlay-opacity":"","overlay-gradient":""}},"_joinchat":[]},"product_brand":[],"product_cat":[41,42],"product_tag":[],"class_list":{"0":"post-424","1":"product","2":"type-product","3":"status-publish","4":"has-post-thumbnail","6":"product_cat-cusco-machu-picchu-es","7":"product_cat-aventuras-cusco","8":"desktop-align-center","9":"tablet-align-center","10":"mobile-align-center","11":"ast-product-gallery-layout-horizontal-slider","12":"ast-product-gallery-with-no-image","13":"ast-product-tabs-layout-horizontal","15":"first","16":"instock","17":"shipping-taxable","18":"purchasable","19":"product-type-simple"},"_links":{"self":[{"href":"https:\/\/www.pvtravels.com\/es\/wp-json\/wp\/v2\/product\/424","targetHints":{"allow":["GET"]}}],"collection":[{"href":"https:\/\/www.pvtravels.com\/es\/wp-json\/wp\/v2\/product"}],"about":[{"href":"https:\/\/www.pvtravels.com\/es\/wp-json\/wp\/v2\/types\/product"}],"version-history":[{"count":7,"href":"https:\/\/www.pvtravels.com\/es\/wp-json\/wp\/v2\/product\/424\/revisions"}],"predecessor-version":[{"id":3571,"href":"https:\/\/www.pvtravels.com\/es\/wp-json\/wp\/v2\/product\/424\/revisions\/3571"}],"wp:featuredmedia":[{"embeddable":true,"href":"https:\/\/www.pvtravels.com\/es\/wp-json\/wp\/v2\/media\/427"}],"wp:attachment":[{"href":"https:\/\/www.pvtravels.com\/es\/wp-json\/wp\/v2\/media?parent=424"}],"wp:term":[{"taxonomy":"product_brand","embeddable":true,"href":"https:\/\/www.pvtravels.com\/es\/wp-json\/wp\/v2\/product_brand?post=424"},{"taxonomy":"product_cat","embeddable":true,"href":"https:\/\/www.pvtravels.com\/es\/wp-json\/wp\/v2\/product_cat?post=424"},{"taxonomy":"product_tag","embeddable":true,"href":"https:\/\/www.pvtravels.com\/es\/wp-json\/wp\/v2\/product_tag?post=424"}],"curies":[{"name":"wp","href":"https:\/\/api.w.org\/{rel}","templated":true}]}}