{"id":4077,"date":"2022-02-10T12:30:44","date_gmt":"2022-02-10T17:30:44","guid":{"rendered":"https:\/\/www.pvtravels.com\/tour\/sin%20categor\u00eda\/centro-al-norte-lima-trujillo-mancora-lima-8-dias\/"},"modified":"2025-02-12T16:25:37","modified_gmt":"2025-02-12T21:25:37","slug":"centro-al-norte-lima-trujillo-mancora-lima-8-dias","status":"publish","type":"product","link":"https:\/\/www.pvtravels.com\/es\/tour\/por-el-peru\/centro-al-norte-lima-trujillo-mancora-lima-8-dias\/","title":{"rendered":"Centro al Norte:. Lima &#8211; Trujillo &#8211; M\u00e1ncora &#8211; Lima 8 d\u00edas"},"content":{"rendered":"\t\t<div data-elementor-type=\"product-post\" data-elementor-id=\"4077\" class=\"elementor elementor-4077 elementor-4060\" data-elementor-post-type=\"product\">\n\t\t\t\t\t\t<section class=\"elementor-section elementor-top-section elementor-element elementor-element-38d7b8ef elementor-section-boxed elementor-section-height-default elementor-section-height-default\" data-id=\"38d7b8ef\" data-element_type=\"section\" data-e-type=\"section\">\n\t\t\t\t\t\t<div class=\"elementor-container elementor-column-gap-default\">\n\t\t\t\t\t<div class=\"elementor-column elementor-col-100 elementor-top-column elementor-element elementor-element-34688c6d\" data-id=\"34688c6d\" data-element_type=\"column\" data-e-type=\"column\">\n\t\t\t<div class=\"elementor-widget-wrap elementor-element-populated\">\n\t\t\t\t\t\t<div class=\"elementor-element elementor-element-1aaa7ccc elementor-widget elementor-widget-heading\" data-id=\"1aaa7ccc\" data-element_type=\"widget\" data-e-type=\"widget\" data-widget_type=\"heading.default\">\n\t\t\t\t<div class=\"elementor-widget-container\">\n\t\t\t\t\t<h3 class=\"elementor-heading-title elementor-size-default\">Itinerario<\/h3>\t\t\t\t<\/div>\n\t\t\t\t<\/div>\n\t\t\t\t<div class=\"elementor-element elementor-element-60ae8938 elementor-widget elementor-widget-accordion\" data-id=\"60ae8938\" data-element_type=\"widget\" data-e-type=\"widget\" data-widget_type=\"accordion.default\">\n\t\t\t\t<div class=\"elementor-widget-container\">\n\t\t\t\t\t\t\t<div class=\"elementor-accordion\">\n\t\t\t\t\t\t\t<div class=\"elementor-accordion-item\">\n\t\t\t\t\t<div id=\"elementor-tab-title-1621\" class=\"elementor-tab-title\" data-tab=\"1\" role=\"button\" aria-controls=\"elementor-tab-content-1621\" aria-expanded=\"false\">\n\t\t\t\t\t\t\t\t\t\t\t\t\t<span class=\"elementor-accordion-icon elementor-accordion-icon-left\" aria-hidden=\"true\">\n\t\t\t\t\t\t\t\t\t\t\t\t\t\t\t<span class=\"elementor-accordion-icon-closed\"><i class=\"fas fa-plus\"><\/i><\/span>\n\t\t\t\t\t\t\t\t<span class=\"elementor-accordion-icon-opened\"><i class=\"fas fa-minus\"><\/i><\/span>\n\t\t\t\t\t\t\t\t\t\t\t\t\t\t<\/span>\n\t\t\t\t\t\t\t\t\t\t\t\t<a class=\"elementor-accordion-title\" tabindex=\"0\">D\u00eda 1: Llegada en Lima<\/a>\n\t\t\t\t\t<\/div>\n\t\t\t\t\t<div id=\"elementor-tab-content-1621\" class=\"elementor-tab-content elementor-clearfix\" data-tab=\"1\" role=\"region\" aria-labelledby=\"elementor-tab-title-1621\"><p>A su llegada al aeropuerto de Lima, lo estaremos esperando y juntos iremos al alojamiento en Lima.<\/p><p><em>**<span style=\"text-decoration: underline;\"><strong>Nota:.<\/strong><\/span> Check in en el hotel a partir de las 11am.<\/em><\/p><p>Noche en hotel en Lima.<\/p><\/div>\n\t\t\t\t<\/div>\n\t\t\t\t\t\t\t<div class=\"elementor-accordion-item\">\n\t\t\t\t\t<div id=\"elementor-tab-title-1622\" class=\"elementor-tab-title\" data-tab=\"2\" role=\"button\" aria-controls=\"elementor-tab-content-1622\" aria-expanded=\"false\">\n\t\t\t\t\t\t\t\t\t\t\t\t\t<span class=\"elementor-accordion-icon elementor-accordion-icon-left\" aria-hidden=\"true\">\n\t\t\t\t\t\t\t\t\t\t\t\t\t\t\t<span class=\"elementor-accordion-icon-closed\"><i class=\"fas fa-plus\"><\/i><\/span>\n\t\t\t\t\t\t\t\t<span class=\"elementor-accordion-icon-opened\"><i class=\"fas fa-minus\"><\/i><\/span>\n\t\t\t\t\t\t\t\t\t\t\t\t\t\t<\/span>\n\t\t\t\t\t\t\t\t\t\t\t\t<a class=\"elementor-accordion-title\" tabindex=\"0\">D\u00eda 2: Ma\u00f1ana:. Lima City tour <\/a>\n\t\t\t\t\t<\/div>\n\t\t\t\t\t<div id=\"elementor-tab-content-1622\" class=\"elementor-tab-content elementor-clearfix\" data-tab=\"2\" role=\"region\" aria-labelledby=\"elementor-tab-title-1622\"><p>A las 9 a.m., traslado desde nuestro alojamiento para comenzar nuestro recorrido por la ciudad de Lima, comenzaremos con la visita a la \u00abPir\u00e1mide de Pucllana\u00bb y luego al Centro Hist\u00f3rico de Lima con m\u00e1s de cincuenta monumentos y edificaciones coloniales, como el Paseo de la Rep\u00fablica, el San Mart\u00edn Square, Main Square, el Palacio de Gobierno, el Palacio Arzobispal, la Bas\u00edlica de la Catedral y el Palacio del Ayuntamiento, entre otros, el Convento de San Francisco. Regresaremos al alojamiento en Lima alrededor de las 14:00 horas.<\/p><p><span style=\"color: #008000;\"><strong><u>Lima &#8211; Trujillo<\/u><\/strong><\/span><\/p><p>Por la tarde, traslado al terminal de buses de Lima para tomar nuestro bus rumbo a Trujillo, norte de Lima. El viaje durar\u00e1 aproximadamente 11 horas. Tendremos bocadillos a bordo.<\/p><p>A su llegada a Trujillo, traslado al hotel.<\/p><\/div>\n\t\t\t\t<\/div>\n\t\t\t\t\t\t\t<div class=\"elementor-accordion-item\">\n\t\t\t\t\t<div id=\"elementor-tab-title-1623\" class=\"elementor-tab-title\" data-tab=\"3\" role=\"button\" aria-controls=\"elementor-tab-content-1623\" aria-expanded=\"false\">\n\t\t\t\t\t\t\t\t\t\t\t\t\t<span class=\"elementor-accordion-icon elementor-accordion-icon-left\" aria-hidden=\"true\">\n\t\t\t\t\t\t\t\t\t\t\t\t\t\t\t<span class=\"elementor-accordion-icon-closed\"><i class=\"fas fa-plus\"><\/i><\/span>\n\t\t\t\t\t\t\t\t<span class=\"elementor-accordion-icon-opened\"><i class=\"fas fa-minus\"><\/i><\/span>\n\t\t\t\t\t\t\t\t\t\t\t\t\t\t<\/span>\n\t\t\t\t\t\t\t\t\t\t\t\t<a class=\"elementor-accordion-title\" tabindex=\"0\">D\u00eda 3: Tarde :. Chan Chan + Huanchaco<\/a>\n\t\t\t\t\t<\/div>\n\t\t\t\t\t<div id=\"elementor-tab-content-1623\" class=\"elementor-tab-content elementor-clearfix\" data-tab=\"3\" role=\"region\" aria-labelledby=\"elementor-tab-title-1623\"><p>Recogida en el alojamiento alrededor de las 14:00 horas. Nos dirigiremos al Templo del Arco Iris o Huaca Drag\u00f3n, s\u00edmbolo de lluvia y fertilidad en la cultura Chim\u00fa, a menos de 6 kil\u00f3metros de la ciudad de Trujillo. Una vez all\u00ed podremos admirar los vestigios de la cultura Chim\u00fa, como las representaciones del arco iris y serpientes de dos cabezas que adornan sus paredes.<\/p><p>Luego de recorrer el templo, continuaremos hasta el Palacio de NIC-KAN, uno de los m\u00e1s importantes de los diez que encontraremos en la ciudad de Chan Chan. Este palacio est\u00e1 dedicado al dios del mar y por tanto a la decoraci\u00f3n de temas marinos como los peces.<\/p><p>Finalmente nos dirigiremos a la costa para visitar el Balneario de Huanchaco, el m\u00e1s importante de la ciudad de Trujillo. Durante la visita, descubriremos por qu\u00e9 el balneario toma su nombre, proviene de la palabra chim\u00fa \u00abguaukocha\u00bb, que significa \u00ablaguna de peces dorados\u00bb. Paseando por la playa y el malec\u00f3n podemos ver de cerca los t\u00edpicos botes llamados \u00abcaballitos de totora\u00bb, herencia fundamental de las culturas mochica y chim\u00fa. . Regresaremos al alojamiento en Trujillo alrededor de las 6 pm.<\/p><p>Noche de hotel en Trujillo.<\/p><p>Comidas: desayuno<\/p><\/div>\n\t\t\t\t<\/div>\n\t\t\t\t\t\t\t<div class=\"elementor-accordion-item\">\n\t\t\t\t\t<div id=\"elementor-tab-title-1624\" class=\"elementor-tab-title\" data-tab=\"4\" role=\"button\" aria-controls=\"elementor-tab-content-1624\" aria-expanded=\"false\">\n\t\t\t\t\t\t\t\t\t\t\t\t\t<span class=\"elementor-accordion-icon elementor-accordion-icon-left\" aria-hidden=\"true\">\n\t\t\t\t\t\t\t\t\t\t\t\t\t\t\t<span class=\"elementor-accordion-icon-closed\"><i class=\"fas fa-plus\"><\/i><\/span>\n\t\t\t\t\t\t\t\t<span class=\"elementor-accordion-icon-opened\"><i class=\"fas fa-minus\"><\/i><\/span>\n\t\t\t\t\t\t\t\t\t\t\t\t\t\t<\/span>\n\t\t\t\t\t\t\t\t\t\t\t\t<a class=\"elementor-accordion-title\" tabindex=\"0\">D\u00eda 4: Ma\u00f1ana :. Brujo y Museo Cao<\/a>\n\t\t\t\t\t<\/div>\n\t\t\t\t\t<div id=\"elementor-tab-content-1624\" class=\"elementor-tab-content elementor-clearfix\" data-tab=\"4\" role=\"region\" aria-labelledby=\"elementor-tab-title-1624\"><p>Alrededor de las 10 am, recojo de nuestro alojamiento en Trujillo, iniciaremos nuestra visita en el poblado de Magdalena de Cao, a 60 minutos de Trujillo. La excursi\u00f3n comienza con la visita al Museo de Sitio Cao ubicado en el Complejo Arqueol\u00f3gico El Brujo donde se exhiben los hallazgos realizados por el \u00abProyecto Arqueol\u00f3gico El Brujo\u00bb de la Fundaci\u00f3n Wiese con la cooperaci\u00f3n de otras instituciones.<\/p><p>Continuamos con el recorrido por la Huaca Cao viejo, que es la zona del descubrimiento de la Dama de Cao, momia perteneciente a la aristocracia guerrera, quien ten\u00eda tatuajes de serpientes y ara\u00f1as en sus brazos, junto a ella se encontraban joyas, armas y utensilios de cer\u00e1mica, elementos que sustentan la teor\u00eda de que fue una mujer importante en una sociedad militarista y patriarcal.<\/p><p>Continuamos con la visita a la Iglesia colonial, de la que actualmente solo quedan restos. Tendr\u00e1 una vista panor\u00e1mica del valle de Chicama y Huaca Prieta. Regreso al alojamiento en Trujillo alrededor de las 14:00 horas<\/p><p><strong><u>Trujillo &#8211; M\u00e1ncora<\/u><\/strong><\/p><p>Por la tarde, traslado a la estaci\u00f3n de bus para iniciar nuestro viaje de regreso a Lima, el viaje durar\u00e1 aproximadamente 11 horas.<\/p><p>Noche en bus<\/p><\/div>\n\t\t\t\t<\/div>\n\t\t\t\t\t\t\t<div class=\"elementor-accordion-item\">\n\t\t\t\t\t<div id=\"elementor-tab-title-1625\" class=\"elementor-tab-title\" data-tab=\"5\" role=\"button\" aria-controls=\"elementor-tab-content-1625\" aria-expanded=\"false\">\n\t\t\t\t\t\t\t\t\t\t\t\t\t<span class=\"elementor-accordion-icon elementor-accordion-icon-left\" aria-hidden=\"true\">\n\t\t\t\t\t\t\t\t\t\t\t\t\t\t\t<span class=\"elementor-accordion-icon-closed\"><i class=\"fas fa-plus\"><\/i><\/span>\n\t\t\t\t\t\t\t\t<span class=\"elementor-accordion-icon-opened\"><i class=\"fas fa-minus\"><\/i><\/span>\n\t\t\t\t\t\t\t\t\t\t\t\t\t\t<\/span>\n\t\t\t\t\t\t\t\t\t\t\t\t<a class=\"elementor-accordion-title\" tabindex=\"0\">D\u00eda 5: Llegada a Mancora<\/a>\n\t\t\t\t\t<\/div>\n\t\t\t\t\t<div id=\"elementor-tab-content-1625\" class=\"elementor-tab-content elementor-clearfix\" data-tab=\"5\" role=\"region\" aria-labelledby=\"elementor-tab-title-1625\"><p>Llegada y traslado en veh\u00edculo privado al hotel en M\u00e1ncora.<\/p><p>El resto del d\u00eda libre para relajarse.<\/p><p>Noche en hotel en Mancora.<\/p><p>Comidas: desayuno<\/p><\/div>\n\t\t\t\t<\/div>\n\t\t\t\t\t\t\t<div class=\"elementor-accordion-item\">\n\t\t\t\t\t<div id=\"elementor-tab-title-1626\" class=\"elementor-tab-title\" data-tab=\"6\" role=\"button\" aria-controls=\"elementor-tab-content-1626\" aria-expanded=\"false\">\n\t\t\t\t\t\t\t\t\t\t\t\t\t<span class=\"elementor-accordion-icon elementor-accordion-icon-left\" aria-hidden=\"true\">\n\t\t\t\t\t\t\t\t\t\t\t\t\t\t\t<span class=\"elementor-accordion-icon-closed\"><i class=\"fas fa-plus\"><\/i><\/span>\n\t\t\t\t\t\t\t\t<span class=\"elementor-accordion-icon-opened\"><i class=\"fas fa-minus\"><\/i><\/span>\n\t\t\t\t\t\t\t\t\t\t\t\t\t\t<\/span>\n\t\t\t\t\t\t\t\t\t\t\t\t<a class=\"elementor-accordion-title\" tabindex=\"0\">D\u00eda 6: D\u00eda libre en Mancora.<\/a>\n\t\t\t\t\t<\/div>\n\t\t\t\t\t<div id=\"elementor-tab-content-1626\" class=\"elementor-tab-content elementor-clearfix\" data-tab=\"6\" role=\"region\" aria-labelledby=\"elementor-tab-title-1626\"><p>Tendremos el d\u00eda libre para relajarnos y disfrutar de las playas cercanas y la piscina del hotel.<\/p><p>Noche en hotel en Mancora.<\/p><p>Comidas: desayuno<\/p><\/div>\n\t\t\t\t<\/div>\n\t\t\t\t\t\t\t<div class=\"elementor-accordion-item\">\n\t\t\t\t\t<div id=\"elementor-tab-title-1627\" class=\"elementor-tab-title\" data-tab=\"7\" role=\"button\" aria-controls=\"elementor-tab-content-1627\" aria-expanded=\"false\">\n\t\t\t\t\t\t\t\t\t\t\t\t\t<span class=\"elementor-accordion-icon elementor-accordion-icon-left\" aria-hidden=\"true\">\n\t\t\t\t\t\t\t\t\t\t\t\t\t\t\t<span class=\"elementor-accordion-icon-closed\"><i class=\"fas fa-plus\"><\/i><\/span>\n\t\t\t\t\t\t\t\t<span class=\"elementor-accordion-icon-opened\"><i class=\"fas fa-minus\"><\/i><\/span>\n\t\t\t\t\t\t\t\t\t\t\t\t\t\t<\/span>\n\t\t\t\t\t\t\t\t\t\t\t\t<a class=\"elementor-accordion-title\" tabindex=\"0\">D\u00eda 7: Mancora \u2013Lima<\/a>\n\t\t\t\t\t<\/div>\n\t\t\t\t\t<div id=\"elementor-tab-content-1627\" class=\"elementor-tab-content elementor-clearfix\" data-tab=\"7\" role=\"region\" aria-labelledby=\"elementor-tab-title-1627\"><p>A la hora indicada, traslado del hotel en M\u00e1ncora al aeropuerto para tomar su vuelo a Lima.<\/p><p>Arribo a Lima, traslado al hotel.<\/p><p>Noche de hotel en Lima.<\/p><p>Comidas: desayuno<\/p><\/div>\n\t\t\t\t<\/div>\n\t\t\t\t\t\t\t<div class=\"elementor-accordion-item\">\n\t\t\t\t\t<div id=\"elementor-tab-title-1628\" class=\"elementor-tab-title\" data-tab=\"8\" role=\"button\" aria-controls=\"elementor-tab-content-1628\" aria-expanded=\"false\">\n\t\t\t\t\t\t\t\t\t\t\t\t\t<span class=\"elementor-accordion-icon elementor-accordion-icon-left\" aria-hidden=\"true\">\n\t\t\t\t\t\t\t\t\t\t\t\t\t\t\t<span class=\"elementor-accordion-icon-closed\"><i class=\"fas fa-plus\"><\/i><\/span>\n\t\t\t\t\t\t\t\t<span class=\"elementor-accordion-icon-opened\"><i class=\"fas fa-minus\"><\/i><\/span>\n\t\t\t\t\t\t\t\t\t\t\t\t\t\t<\/span>\n\t\t\t\t\t\t\t\t\t\t\t\t<a class=\"elementor-accordion-title\" tabindex=\"0\">D\u00eda 8: Salida de Lima<\/a>\n\t\t\t\t\t<\/div>\n\t\t\t\t\t<div id=\"elementor-tab-content-1628\" class=\"elementor-tab-content elementor-clearfix\" data-tab=\"8\" role=\"region\" aria-labelledby=\"elementor-tab-title-1628\"><p>A hora oportuna, traslado al aeropuerto.<\/p><p>Fin de nuestros servicios<\/p><\/div>\n\t\t\t\t<\/div>\n\t\t\t\t\t\t\t\t<\/div>\n\t\t\t\t\t\t<\/div>\n\t\t\t\t<\/div>\n\t\t\t\t<div class=\"elementor-element elementor-element-30f4afb3 elementor-widget elementor-widget-text-editor\" data-id=\"30f4afb3\" data-element_type=\"widget\" data-e-type=\"widget\" data-widget_type=\"text-editor.default\">\n\t\t\t\t<div class=\"elementor-widget-container\">\n\t\t\t\t\t\t\t\t\t<h3><span style=\"color: #008000;\"><strong>El paquete incluye:<\/strong><\/span><\/h3><ul><li>Traslado privado aeropuerto &#8211; hotel &#8211; aeropuerto en Lima<\/li><li>Vuelo de Mancora a Lima<\/li><li>City Tour Lima por la ma\u00f1ana &#8211; servicio compartido<\/li><li>Tarde:. Chan Chan + Huanchaco &#8211; servicio compartido<\/li><li>Ma\u00f1ana:. Brujo &amp; Museo Cao &#8211; servicio compartido<\/li><li>Gu\u00eda profesional en ingl\u00e9s o espa\u00f1ol.<\/li><li>2 noches en Lima<\/li><li>1 noche en Trujillo<\/li><li>2 noches en Mancora<\/li><li>1 noche en confortable bus de Trujillo a Mancora<\/li><li>Desayuno en el hotel<\/li><li>Transporte a todas las visitas incluidas en el itinerario.<\/li><li>Soporte 24\/7<\/li><\/ul><h3><span style=\"color: #008000;\"><strong>No incluido:<\/strong><\/span><\/h3><ul><li>Vuelos internacionales<\/li><li>Comidas no especificadas en el itinerario.<\/li><li>Propinas<\/li><\/ul><p><em><strong>** Consejos de reserva:<\/strong><\/em><\/p><p>-Puedes llegar a cualquier hora a Lima, te recogeremos del aeropuerto.<\/p><p>-Registro en el hotel en Lima es a las 11am<\/p><p>-Los vuelos deben entrar y salir del aeropuerto de Lima<\/p>\t\t\t\t\t\t\t\t<\/div>\n\t\t\t\t<\/div>\n\t\t\t\t\t<\/div>\n\t\t<\/div>\n\t\t\t\t\t<\/div>\n\t\t<\/section>\n\t\t\t\t<\/div>\n\t\t","protected":false},"excerpt":{"rendered":"<p><strong>Descripci\u00f3n<\/strong><\/p>\n<p><strong>C\u00d3DIGO:<\/strong> PVT-P8001<\/p>\n<ul>\n<li><strong>Salidas:<\/strong> Diarias<\/li>\n<li><strong>Duraci\u00f3n:<\/strong> 8 D\u00edas \/ 7 Noches<\/li>\n<\/ul>\n","protected":false},"featured_media":4066,"template":"","meta":{"site-sidebar-layout":"no-sidebar","site-content-layout":"page-builder","ast-site-content-layout":"full-width-container","site-content-style":"unboxed","site-sidebar-style":"unboxed","ast-global-header-display":"","ast-banner-title-visibility":"","ast-main-header-display":"","ast-hfb-above-header-display":"","ast-hfb-below-header-display":"","ast-hfb-mobile-header-display":"","site-post-title":"disabled","ast-breadcrumbs-content":"","ast-featured-img":"disabled","footer-sml-layout":"","ast-disable-related-posts":"","theme-transparent-header-meta":"default","adv-header-id-meta":"","stick-header-meta":"default","header-above-stick-meta":"","header-main-stick-meta":"","header-below-stick-meta":"","astra-migrate-meta-layouts":"set","ast-page-background-enabled":"default","ast-page-background-meta":{"desktop":{"background-color":"var(--ast-global-color-4)","background-image":"","background-repeat":"repeat","background-position":"center center","background-size":"auto","background-attachment":"scroll","background-type":"","background-media":"","overlay-type":"","overlay-color":"","overlay-opacity":"","overlay-gradient":""},"tablet":{"background-color":"","background-image":"","background-repeat":"repeat","background-position":"center center","background-size":"auto","background-attachment":"scroll","background-type":"","background-media":"","overlay-type":"","overlay-color":"","overlay-opacity":"","overlay-gradient":""},"mobile":{"background-color":"","background-image":"","background-repeat":"repeat","background-position":"center center","background-size":"auto","background-attachment":"scroll","background-type":"","background-media":"","overlay-type":"","overlay-color":"","overlay-opacity":"","overlay-gradient":""}},"ast-content-background-meta":{"desktop":{"background-color":"var(--ast-global-color-5)","background-image":"","background-repeat":"repeat","background-position":"center center","background-size":"auto","background-attachment":"scroll","background-type":"","background-media":"","overlay-type":"","overlay-color":"","overlay-opacity":"","overlay-gradient":""},"tablet":{"background-color":"var(--ast-global-color-5)","background-image":"","background-repeat":"repeat","background-position":"center center","background-size":"auto","background-attachment":"scroll","background-type":"","background-media":"","overlay-type":"","overlay-color":"","overlay-opacity":"","overlay-gradient":""},"mobile":{"background-color":"var(--ast-global-color-5)","background-image":"","background-repeat":"repeat","background-position":"center center","background-size":"auto","background-attachment":"scroll","background-type":"","background-media":"","overlay-type":"","overlay-color":"","overlay-opacity":"","overlay-gradient":""}},"_joinchat":[]},"product_brand":[],"product_cat":[154],"product_tag":[],"class_list":{"0":"post-4077","1":"product","2":"type-product","3":"status-publish","4":"has-post-thumbnail","6":"product_cat-por-el-peru","7":"desktop-align-center","8":"tablet-align-center","9":"mobile-align-center","10":"ast-product-gallery-layout-horizontal-slider","11":"ast-product-gallery-with-no-image","12":"ast-product-single-variable","13":"ast-product-tabs-layout-horizontal","15":"first","16":"instock","17":"shipping-taxable","18":"purchasable","19":"product-type-variable"},"_links":{"self":[{"href":"https:\/\/www.pvtravels.com\/es\/wp-json\/wp\/v2\/product\/4077","targetHints":{"allow":["GET"]}}],"collection":[{"href":"https:\/\/www.pvtravels.com\/es\/wp-json\/wp\/v2\/product"}],"about":[{"href":"https:\/\/www.pvtravels.com\/es\/wp-json\/wp\/v2\/types\/product"}],"version-history":[{"count":13,"href":"https:\/\/www.pvtravels.com\/es\/wp-json\/wp\/v2\/product\/4077\/revisions"}],"predecessor-version":[{"id":5828,"href":"https:\/\/www.pvtravels.com\/es\/wp-json\/wp\/v2\/product\/4077\/revisions\/5828"}],"wp:featuredmedia":[{"embeddable":true,"href":"https:\/\/www.pvtravels.com\/es\/wp-json\/wp\/v2\/media\/4066"}],"wp:attachment":[{"href":"https:\/\/www.pvtravels.com\/es\/wp-json\/wp\/v2\/media?parent=4077"}],"wp:term":[{"taxonomy":"product_brand","embeddable":true,"href":"https:\/\/www.pvtravels.com\/es\/wp-json\/wp\/v2\/product_brand?post=4077"},{"taxonomy":"product_cat","embeddable":true,"href":"https:\/\/www.pvtravels.com\/es\/wp-json\/wp\/v2\/product_cat?post=4077"},{"taxonomy":"product_tag","embeddable":true,"href":"https:\/\/www.pvtravels.com\/es\/wp-json\/wp\/v2\/product_tag?post=4077"}],"curies":[{"name":"wp","href":"https:\/\/api.w.org\/{rel}","templated":true}]}}