{"id":3935,"date":"2022-02-08T18:18:15","date_gmt":"2022-02-08T23:18:15","guid":{"rendered":"https:\/\/www.pvtravels.com\/tour\/sin%20categor\u00eda\/sur-completo-arequipa-puno-cusco-6-dias\/"},"modified":"2026-02-06T11:07:06","modified_gmt":"2026-02-06T16:07:06","slug":"sur-completo-arequipa-puno-cusco-6-dias","status":"publish","type":"product","link":"https:\/\/www.pvtravels.com\/es\/tour\/por-el-peru\/sur-completo-arequipa-puno-cusco-6-dias\/","title":{"rendered":"Sur completo:. Arequipa &#8211; Puno &#8211; Cusco 6 d\u00edas"},"content":{"rendered":"\t\t<div data-elementor-type=\"product-post\" data-elementor-id=\"3935\" class=\"elementor elementor-3935 elementor-3918\" data-elementor-post-type=\"product\">\n\t\t\t\t\t\t<section class=\"elementor-section elementor-top-section elementor-element elementor-element-da33f18 elementor-section-boxed elementor-section-height-default elementor-section-height-default\" data-id=\"da33f18\" data-element_type=\"section\" data-e-type=\"section\">\n\t\t\t\t\t\t<div class=\"elementor-container elementor-column-gap-default\">\n\t\t\t\t\t<div class=\"elementor-column elementor-col-100 elementor-top-column elementor-element elementor-element-4eb87a4f\" data-id=\"4eb87a4f\" data-element_type=\"column\" data-e-type=\"column\">\n\t\t\t<div class=\"elementor-widget-wrap elementor-element-populated\">\n\t\t\t\t\t\t<div class=\"elementor-element elementor-element-3094bb91 elementor-widget elementor-widget-heading\" data-id=\"3094bb91\" data-element_type=\"widget\" data-e-type=\"widget\" data-widget_type=\"heading.default\">\n\t\t\t\t<div class=\"elementor-widget-container\">\n\t\t\t\t\t<h3 class=\"elementor-heading-title elementor-size-default\">Itinerario<\/h3>\t\t\t\t<\/div>\n\t\t\t\t<\/div>\n\t\t\t\t<div class=\"elementor-element elementor-element-6faf313a elementor-widget elementor-widget-accordion\" data-id=\"6faf313a\" data-element_type=\"widget\" data-e-type=\"widget\" data-widget_type=\"accordion.default\">\n\t\t\t\t<div class=\"elementor-widget-container\">\n\t\t\t\t\t\t\t<div class=\"elementor-accordion\">\n\t\t\t\t\t\t\t<div class=\"elementor-accordion-item\">\n\t\t\t\t\t<div id=\"elementor-tab-title-1871\" class=\"elementor-tab-title\" data-tab=\"1\" role=\"button\" aria-controls=\"elementor-tab-content-1871\" aria-expanded=\"false\">\n\t\t\t\t\t\t\t\t\t\t\t\t\t<span class=\"elementor-accordion-icon elementor-accordion-icon-left\" aria-hidden=\"true\">\n\t\t\t\t\t\t\t\t\t\t\t\t\t\t\t<span class=\"elementor-accordion-icon-closed\"><i class=\"fas fa-plus\"><\/i><\/span>\n\t\t\t\t\t\t\t\t<span class=\"elementor-accordion-icon-opened\"><i class=\"fas fa-minus\"><\/i><\/span>\n\t\t\t\t\t\t\t\t\t\t\t\t\t\t<\/span>\n\t\t\t\t\t\t\t\t\t\t\t\t<a class=\"elementor-accordion-title\" tabindex=\"0\">D\u00eda 1: Llegada a Arequipa<\/a>\n\t\t\t\t\t<\/div>\n\t\t\t\t\t<div id=\"elementor-tab-content-1871\" class=\"elementor-tab-content elementor-clearfix\" data-tab=\"1\" role=\"region\" aria-labelledby=\"elementor-tab-title-1871\"><p style=\"text-align: justify;\"><span lang=\"ES-PE\">Una vez que lleguemos a Arequipa, seremos recogidos y trasladados al hotel. Despu\u00e9s del check-in en el hotel, tendremos ma\u00f1ana libre para ir de compras o descansar.<\/span><\/p><p style=\"text-align: justify;\"><em><span lang=\"ES-PE\">**<strong><span style=\"text-decoration: underline;\">Nota:<\/span><\/strong>\u00a0se recomienda llegar antes de las 11 a.m.<\/span><\/em><\/p><p style=\"text-align: justify;\"><span style=\"text-decoration: underline; color: #008000;\"><strong><span lang=\"ES-PE\">Tarde;. <\/span><span lang=\"ES-PE\">Arequipa City tour<\/span><\/strong><\/span><\/p><p style=\"text-align: justify;\"><span lang=\"ES-PE\">Por la tarde, alrededor de las 13:30h, comenzaremos nuestro recorrido por la ciudad de Arequipa, visitaremos el Monasterio de Santa Catalina, luego visitaremos la Plaza de Armas, una de las m\u00e1s bellas del Per\u00fa, la Iglesia Jesuita de la Compa\u00f1\u00eda, que en su hermosa fachada anuncia la llamada arquitectura mestiza, sus claustros y c\u00fapula, la casa Trist\u00e1n del Pozo y al final y para una magn\u00edfica vista desde la ciudad visitaremos los barrios t\u00edpicos de Carmen alto y Yanahuara. (Mirador e Iglesia). Regresaremos a Arequipa alrededor de las 6pm.<\/span><\/p><p style=\"text-align: justify;\"><span lang=\"ES-PE\">Noche en hotel en Arequipa.<\/span><\/p><\/div>\n\t\t\t\t<\/div>\n\t\t\t\t\t\t\t<div class=\"elementor-accordion-item\">\n\t\t\t\t\t<div id=\"elementor-tab-title-1872\" class=\"elementor-tab-title\" data-tab=\"2\" role=\"button\" aria-controls=\"elementor-tab-content-1872\" aria-expanded=\"false\">\n\t\t\t\t\t\t\t\t\t\t\t\t\t<span class=\"elementor-accordion-icon elementor-accordion-icon-left\" aria-hidden=\"true\">\n\t\t\t\t\t\t\t\t\t\t\t\t\t\t\t<span class=\"elementor-accordion-icon-closed\"><i class=\"fas fa-plus\"><\/i><\/span>\n\t\t\t\t\t\t\t\t<span class=\"elementor-accordion-icon-opened\"><i class=\"fas fa-minus\"><\/i><\/span>\n\t\t\t\t\t\t\t\t\t\t\t\t\t\t<\/span>\n\t\t\t\t\t\t\t\t\t\t\t\t<a class=\"elementor-accordion-title\" tabindex=\"0\">D\u00eda 2: Arequipa a Ca\u00f1\u00f3n del Colca a Puno<\/a>\n\t\t\t\t\t<\/div>\n\t\t\t\t\t<div id=\"elementor-tab-content-1872\" class=\"elementor-tab-content elementor-clearfix\" data-tab=\"2\" role=\"region\" aria-labelledby=\"elementor-tab-title-1872\"><p style=\"text-align: justify;\"><span lang=\"ES-PE\">Salimos de Arequipa entre las 2:30-3:00am, conduciremos durante 3 horas al noroeste detr\u00e1s de Chachani a Chivay, capital del Ca\u00f1\u00f3n del Colca. Donde desayunaremos.<\/span><\/p><p style=\"text-align: justify;\"><span lang=\"ES-PE\">Continuamos conduciendo durante 2 horas en el lugar m\u00e1s famoso del Ca\u00f1\u00f3n del Colca \u00abLa Cruz del C\u00f3ndor\u00bb. Aqu\u00ed es donde vemos la profundidad del ca\u00f1\u00f3n y el vuelo del C\u00f3ndor. El \u00e1rea cuenta con hermosos pueblos t\u00edpicos como Yanque y Maca, iglesias coloniales, gente amable con vestidos y sombreros con costura t\u00edpica, y cientos de terrazas preincaicas que todav\u00eda se usan con cultivos andinos como el ma\u00edz, la quinua y el amaranto. Ya en Chivay tendremos un almuerzo tradicional y despu\u00e9s del almuerzo viajaremos a De regreso a Arequipa. Nos detenemos en el camino, en el escal\u00f3n m\u00e1s alto: el mirador de los volcanes y las monta\u00f1as nevadas en Patapampa (4,800m). M\u00e1s tarde veremos vicu\u00f1as, alpacas y llamas salvajes en la reserva nacional de Pampa Ca\u00f1ahuas y algunas aves como flamencos, ibis, gansos andinos, patos y \u00e1guilas quechuas andinas llamadas \u00abKara Kara\u00bb.<\/span><\/p><p style=\"text-align: justify;\"><span style=\"color: #008000;\"><strong><u><span lang=\"ES-PE\">Chivay &#8211; Puno<\/span><\/u><\/strong><\/span><\/p><p style=\"text-align: justify;\"><span lang=\"ES-PE\">Alrededor de las 13:30hs, traslado a la estaci\u00f3n de buses en Chivay para tomar nuestro bus a Puno. En el camino veremos hermosos paisajes, haciendo una parada en Pampa Ca\u00f1ahuas para ver vicu\u00f1as y para tomar mate de hoja de coca, pararemos tambi\u00e9n en Lagunillas donde observaremos aves y peque\u00f1os lagos. Llegaremos a Puno alrededor de las 6 p.m.<\/span><\/p><p style=\"text-align: justify;\"><span lang=\"ES-PE\">Noche en hotel en Puno.<\/span><\/p><p style=\"text-align: justify;\"><span lang=\"ES-PE\">Comidas: desayuno, almuerzo.<\/span><\/p><\/div>\n\t\t\t\t<\/div>\n\t\t\t\t\t\t\t<div class=\"elementor-accordion-item\">\n\t\t\t\t\t<div id=\"elementor-tab-title-1873\" class=\"elementor-tab-title\" data-tab=\"3\" role=\"button\" aria-controls=\"elementor-tab-content-1873\" aria-expanded=\"false\">\n\t\t\t\t\t\t\t\t\t\t\t\t\t<span class=\"elementor-accordion-icon elementor-accordion-icon-left\" aria-hidden=\"true\">\n\t\t\t\t\t\t\t\t\t\t\t\t\t\t\t<span class=\"elementor-accordion-icon-closed\"><i class=\"fas fa-plus\"><\/i><\/span>\n\t\t\t\t\t\t\t\t<span class=\"elementor-accordion-icon-opened\"><i class=\"fas fa-minus\"><\/i><\/span>\n\t\t\t\t\t\t\t\t\t\t\t\t\t\t<\/span>\n\t\t\t\t\t\t\t\t\t\t\t\t<a class=\"elementor-accordion-title\" tabindex=\"0\">D\u00eda 3: Lago Titicaca full day - Isla flotante de los Uros y Taquile<\/a>\n\t\t\t\t\t<\/div>\n\t\t\t\t\t<div id=\"elementor-tab-content-1873\" class=\"elementor-tab-content elementor-clearfix\" data-tab=\"3\" role=\"region\" aria-labelledby=\"elementor-tab-title-1873\"><p style=\"text-align: justify;\"><span lang=\"ES-PE\">Nuestro recorrido comienza con la recogida en su hotel a las 7:00 a.m. para ir al puerto de Puno. Luego hacemos un viaje en bote por 30 minutos en el lago Titicaca a las islas flotantes de los Uros. Estos habitantes del lago son conocidos como la Tribu Agua, han construido sus propias islas agregando peri\u00f3dicamente nuevas capas de una especie \u00fanica de ca\u00f1a de az\u00facar en el \u00e1rea llamada \u00abTotora\u00bb. Sus casas y botes tambi\u00e9n est\u00e1n hechos de estos materiales.<\/span><\/p><p style=\"text-align: justify;\"><span lang=\"ES-PE\">Despu\u00e9s de visitar a los nativos, continuamos nuestro viaje a la isla de Taquile, habitada por lugare\u00f1os que hablan quechua y han desarrollado sistemas sociales eficientes y \u00fanicos, as\u00ed como buenas t\u00e9cnicas de tejido a mano. Al llegar al pueblo de Taquile tendremos un almuerzo t\u00edpico. Luego caminamos por las colinas y los sitios arqueol\u00f3gicos de esta isla de 6 km. Por la tarde, regresamos a Puno en bote.<\/span><\/p><p style=\"text-align: justify;\"><span style=\"color: #008000;\"><strong><u><span lang=\"ES-PE\">Puno &#8211; Cusco<\/span><\/u><\/strong><\/span><\/p><p style=\"text-align: justify;\"><span lang=\"ES-PE\">Por la tarde, traslado a la estaci\u00f3n de buses para nuestro bus nocturno desde Puno a Cusco. El trayecto dura alrededor de 7 horas y tendr\u00e1 servicio a bordo.<\/span><\/p><\/div>\n\t\t\t\t<\/div>\n\t\t\t\t\t\t\t<div class=\"elementor-accordion-item\">\n\t\t\t\t\t<div id=\"elementor-tab-title-1874\" class=\"elementor-tab-title\" data-tab=\"4\" role=\"button\" aria-controls=\"elementor-tab-content-1874\" aria-expanded=\"false\">\n\t\t\t\t\t\t\t\t\t\t\t\t\t<span class=\"elementor-accordion-icon elementor-accordion-icon-left\" aria-hidden=\"true\">\n\t\t\t\t\t\t\t\t\t\t\t\t\t\t\t<span class=\"elementor-accordion-icon-closed\"><i class=\"fas fa-plus\"><\/i><\/span>\n\t\t\t\t\t\t\t\t<span class=\"elementor-accordion-icon-opened\"><i class=\"fas fa-minus\"><\/i><\/span>\n\t\t\t\t\t\t\t\t\t\t\t\t\t\t<\/span>\n\t\t\t\t\t\t\t\t\t\t\t\t<a class=\"elementor-accordion-title\" tabindex=\"0\">D\u00eda 4: Llegada a Cusco<\/a>\n\t\t\t\t\t<\/div>\n\t\t\t\t\t<div id=\"elementor-tab-content-1874\" class=\"elementor-tab-content elementor-clearfix\" data-tab=\"4\" role=\"region\" aria-labelledby=\"elementor-tab-title-1874\"><p style=\"text-align: justify;\"><span lang=\"ES-PE\">A su llegada a Cusco, recepci\u00f3n en la estaci\u00f3n de buses y traslado a nuestro hotel en el centro de la ciudad.<\/span><\/p><p style=\"text-align: justify;\"><span style=\"text-decoration: underline; color: #008000;\"><strong><span lang=\"ES-PE\">Tarde:. <\/span><span lang=\"ES-PE\">Cusco City tour<\/span><\/strong><\/span><\/p><p style=\"text-align: justify;\"><span lang=\"ES-PE\">Por la tarde, alrededor de la 1:10 pm, traslado desde su hotel hasta Cusco City Tour. El recorrido comenzar\u00e1 visitando el Templo del Sol o Qorikancha, Sacsayhuaman, Kenko, Puca Pucara y Tambomachay. Y regreso alrededor de las 7:00 p.m.<\/span><\/p><p style=\"text-align: justify;\"><span lang=\"ES-PE\">Noche en hotel en Cusco.<\/span><\/p><\/div>\n\t\t\t\t<\/div>\n\t\t\t\t\t\t\t<div class=\"elementor-accordion-item\">\n\t\t\t\t\t<div id=\"elementor-tab-title-1875\" class=\"elementor-tab-title\" data-tab=\"5\" role=\"button\" aria-controls=\"elementor-tab-content-1875\" aria-expanded=\"false\">\n\t\t\t\t\t\t\t\t\t\t\t\t\t<span class=\"elementor-accordion-icon elementor-accordion-icon-left\" aria-hidden=\"true\">\n\t\t\t\t\t\t\t\t\t\t\t\t\t\t\t<span class=\"elementor-accordion-icon-closed\"><i class=\"fas fa-plus\"><\/i><\/span>\n\t\t\t\t\t\t\t\t<span class=\"elementor-accordion-icon-opened\"><i class=\"fas fa-minus\"><\/i><\/span>\n\t\t\t\t\t\t\t\t\t\t\t\t\t\t<\/span>\n\t\t\t\t\t\t\t\t\t\t\t\t<a class=\"elementor-accordion-title\" tabindex=\"0\">D\u00eda 5: Full Day Tour a Machu Picchu<\/a>\n\t\t\t\t\t<\/div>\n\t\t\t\t\t<div id=\"elementor-tab-content-1875\" class=\"elementor-tab-content elementor-clearfix\" data-tab=\"5\" role=\"region\" aria-labelledby=\"elementor-tab-title-1875\"><p style=\"text-align: justify;\"><span lang=\"ES-PE\">Recojo de nuestro hotel en Cusco por la ma\u00f1ana. Lo llevaremos a la estaci\u00f3n de tren donde\u00a0 embarcar\u00e1 en este extraordinario viaje en tren a Machu Picchu, donde tendr\u00e1 hermosas vistas e incluir\u00e1 refrigerios. El tren pasa a trav\u00e9s de hermosos ecosistemas y luego tiene su c\u00e1mara lista para tomar fotos.<\/span><\/p><p style=\"text-align: justify;\"><span lang=\"ES-PE\">Aproximadamente cuatro horas despu\u00e9s de su partida de Cusco, llegar\u00e1 a la estaci\u00f3n de tren en Aguas Calientes (el pueblo ubicado en la parte inferior de Machu Picchu). Su gu\u00eda experto lo estar\u00e1 esperando en la estaci\u00f3n. Juntos tomaremos el autob\u00fas de Aguas Calientes a Machu Picchu que dura 25 minutos.<\/span><\/p><p style=\"text-align: justify;\"><span lang=\"ES-PE\">Al llegar a Machu Picchu, ingresar\u00e1 al sitio. Y su gu\u00eda le dar\u00e1 un recorrido por la ciudadela durante 2horas. Despu\u00e9s de la visita guiada, habr\u00e1 tiempo libre para explorar y tomar fotograf\u00edas.<\/span><\/p><p style=\"text-align: justify;\"><span lang=\"ES-PE\">Luego de explorar Machu Picchu bajaremos en bus a Aguas Calientes. Luego podr\u00e1 disfrutar de los restaurantes, explorar el pueblo o relajarse..<\/span><\/p><p style=\"text-align: justify;\"><span lang=\"ES-PE\">Por la tarde, regreso a Cusco en tren, cuatro horas despu\u00e9s de partir, vendr\u00e1 a Cusco y lo trasladar\u00e1 a su hotel.<\/span><\/p><p style=\"text-align: justify;\"><span lang=\"ES-PE\">Noche en hotel en Cusco.<\/span><\/p><p style=\"text-align: justify;\"><span lang=\"ES-PE\">Comidas: desayuno.<\/span><\/p><\/div>\n\t\t\t\t<\/div>\n\t\t\t\t\t\t\t<div class=\"elementor-accordion-item\">\n\t\t\t\t\t<div id=\"elementor-tab-title-1876\" class=\"elementor-tab-title\" data-tab=\"6\" role=\"button\" aria-controls=\"elementor-tab-content-1876\" aria-expanded=\"false\">\n\t\t\t\t\t\t\t\t\t\t\t\t\t<span class=\"elementor-accordion-icon elementor-accordion-icon-left\" aria-hidden=\"true\">\n\t\t\t\t\t\t\t\t\t\t\t\t\t\t\t<span class=\"elementor-accordion-icon-closed\"><i class=\"fas fa-plus\"><\/i><\/span>\n\t\t\t\t\t\t\t\t<span class=\"elementor-accordion-icon-opened\"><i class=\"fas fa-minus\"><\/i><\/span>\n\t\t\t\t\t\t\t\t\t\t\t\t\t\t<\/span>\n\t\t\t\t\t\t\t\t\t\t\t\t<a class=\"elementor-accordion-title\" tabindex=\"0\">D\u00eda 6: Salida de Cusco<\/a>\n\t\t\t\t\t<\/div>\n\t\t\t\t\t<div id=\"elementor-tab-content-1876\" class=\"elementor-tab-content elementor-clearfix\" data-tab=\"6\" role=\"region\" aria-labelledby=\"elementor-tab-title-1876\"><p style=\"text-align: justify;\"><span lang=\"ES-PE\">A la hora apropiada, traslado del hotel en Cusco al aeropuerto para su vuelo a Lima.<\/span><\/p><p style=\"text-align: justify;\"><span lang=\"ES-PE\">Comidas: desayuno.<\/span><\/p><p style=\"text-align: justify;\"><span lang=\"ES-PE\">Fin de nuestros servicios!<\/span><\/p><\/div>\n\t\t\t\t<\/div>\n\t\t\t\t\t\t\t\t<\/div>\n\t\t\t\t\t\t<\/div>\n\t\t\t\t<\/div>\n\t\t\t\t<div class=\"elementor-element elementor-element-57bcfff6 elementor-widget elementor-widget-text-editor\" data-id=\"57bcfff6\" data-element_type=\"widget\" data-e-type=\"widget\" data-widget_type=\"text-editor.default\">\n\t\t\t\t<div class=\"elementor-widget-container\">\n\t\t\t\t\t\t\t\t\t<h3><span style=\"color: #008000;\"><strong>El paquete incluye:<\/strong><\/span><\/h3><ul><li>Traslado privado aeropuerto &#8211; hotel &#8211; aeropuerto o estaci\u00f3n de bus<\/li><li>Tarde Arequipa City Tour<\/li><li>Excursi\u00f3n de d\u00eda completo al Ca\u00f1\u00f3n del Colca &#8211; servicio compartido<\/li><li>D\u00eda completo Lago Titicaca &#8211; servicio compartido<\/li><li>Tarde Cusco City Tour &#8211; servicio compartido<\/li><li>BTG (boleto tur\u00edstico general).<\/li><li>Entradas: Koricancha, Catedral y Machu Picchu.<\/li><li>Gu\u00eda profesional en Ingles o Espa\u00f1ol\u00a0<\/li><li>Boleto de bus: Aguas Calientes-Machu Picchu-Aguas Calientes.<\/li><li>Boleto de tren a Machu Picchu e servicio Ejecutivo<\/li><li>Bus tur\u00edstico de Chivay a Puno<\/li><li>1 noche en Arequipa<\/li><li>1 noche \u00a0en Puno<\/li><li>2 noches en Cusco<\/li><li>1 noche en c\u00f3modo bus de Puno a Cusco<\/li><li>Desayuno en el hotel.<\/li><li>Almuerzo en Chivay<\/li><li>Almuerzo en Taquile<\/li><li>Transporte a todas las visitas incluidas en el itinerario<\/li><li>Soporte 24\/7<\/li><\/ul><h3><span style=\"color: #008000;\"><strong>No incluye:<\/strong><\/span><\/h3><ul><li>Vuelos internacionales<\/li><li>Vuelo de salida desde Cusco<\/li><li>Comidas no especificadas en el itinerario.<\/li><li>Propinas<\/li><\/ul><p><em><strong>** Consejos de reserva:<\/strong><\/em><\/p><p>-El check in en el hotel en Arequipa es a las 11am.<\/p><p>-La llegada debe ser en Arequipa para comenzar el paquete.<\/p><p>-Los vuelos de salida deben ser desde el aeropuerto de Cusco<\/p>\t\t\t\t\t\t\t\t<\/div>\n\t\t\t\t<\/div>\n\t\t\t\t\t<\/div>\n\t\t<\/div>\n\t\t\t\t\t<\/div>\n\t\t<\/section>\n\t\t\t\t<\/div>\n\t\t","protected":false},"excerpt":{"rendered":"<p><strong>Descripci\u00f3n<\/strong><\/p>\n<p><strong>C\u00d3DIGO:<\/strong> PVT \u2013 P6004<\/p>\n<ul>\n<li><strong>Salidas:<\/strong> Diarias<\/li>\n<li><strong>Duraci\u00f3n:<\/strong> 6 D\u00edas \/ 5 Noches<\/li>\n<\/ul>\n","protected":false},"featured_media":3924,"template":"","meta":{"site-sidebar-layout":"no-sidebar","site-content-layout":"page-builder","ast-site-content-layout":"full-width-container","site-content-style":"unboxed","site-sidebar-style":"unboxed","ast-global-header-display":"","ast-banner-title-visibility":"","ast-main-header-display":"","ast-hfb-above-header-display":"","ast-hfb-below-header-display":"","ast-hfb-mobile-header-display":"","site-post-title":"disabled","ast-breadcrumbs-content":"","ast-featured-img":"disabled","footer-sml-layout":"","ast-disable-related-posts":"","theme-transparent-header-meta":"default","adv-header-id-meta":"","stick-header-meta":"default","header-above-stick-meta":"","header-main-stick-meta":"","header-below-stick-meta":"","astra-migrate-meta-layouts":"set","ast-page-background-enabled":"default","ast-page-background-meta":{"desktop":{"background-color":"var(--ast-global-color-4)","background-image":"","background-repeat":"repeat","background-position":"center center","background-size":"auto","background-attachment":"scroll","background-type":"","background-media":"","overlay-type":"","overlay-color":"","overlay-opacity":"","overlay-gradient":""},"tablet":{"background-color":"","background-image":"","background-repeat":"repeat","background-position":"center center","background-size":"auto","background-attachment":"scroll","background-type":"","background-media":"","overlay-type":"","overlay-color":"","overlay-opacity":"","overlay-gradient":""},"mobile":{"background-color":"","background-image":"","background-repeat":"repeat","background-position":"center center","background-size":"auto","background-attachment":"scroll","background-type":"","background-media":"","overlay-type":"","overlay-color":"","overlay-opacity":"","overlay-gradient":""}},"ast-content-background-meta":{"desktop":{"background-color":"var(--ast-global-color-5)","background-image":"","background-repeat":"repeat","background-position":"center center","background-size":"auto","background-attachment":"scroll","background-type":"","background-media":"","overlay-type":"","overlay-color":"","overlay-opacity":"","overlay-gradient":""},"tablet":{"background-color":"var(--ast-global-color-5)","background-image":"","background-repeat":"repeat","background-position":"center center","background-size":"auto","background-attachment":"scroll","background-type":"","background-media":"","overlay-type":"","overlay-color":"","overlay-opacity":"","overlay-gradient":""},"mobile":{"background-color":"var(--ast-global-color-5)","background-image":"","background-repeat":"repeat","background-position":"center center","background-size":"auto","background-attachment":"scroll","background-type":"","background-media":"","overlay-type":"","overlay-color":"","overlay-opacity":"","overlay-gradient":""}},"_joinchat":[]},"product_brand":[],"product_cat":[154],"product_tag":[],"class_list":{"0":"post-3935","1":"product","2":"type-product","3":"status-publish","4":"has-post-thumbnail","6":"product_cat-por-el-peru","7":"desktop-align-center","8":"tablet-align-center","9":"mobile-align-center","10":"ast-product-gallery-layout-horizontal-slider","11":"ast-product-gallery-with-no-image","12":"ast-product-single-variable","13":"ast-product-tabs-layout-horizontal","15":"first","16":"outofstock","17":"shipping-taxable","18":"purchasable","19":"product-type-variable"},"_links":{"self":[{"href":"https:\/\/www.pvtravels.com\/es\/wp-json\/wp\/v2\/product\/3935","targetHints":{"allow":["GET"]}}],"collection":[{"href":"https:\/\/www.pvtravels.com\/es\/wp-json\/wp\/v2\/product"}],"about":[{"href":"https:\/\/www.pvtravels.com\/es\/wp-json\/wp\/v2\/types\/product"}],"version-history":[{"count":8,"href":"https:\/\/www.pvtravels.com\/es\/wp-json\/wp\/v2\/product\/3935\/revisions"}],"predecessor-version":[{"id":6514,"href":"https:\/\/www.pvtravels.com\/es\/wp-json\/wp\/v2\/product\/3935\/revisions\/6514"}],"wp:featuredmedia":[{"embeddable":true,"href":"https:\/\/www.pvtravels.com\/es\/wp-json\/wp\/v2\/media\/3924"}],"wp:attachment":[{"href":"https:\/\/www.pvtravels.com\/es\/wp-json\/wp\/v2\/media?parent=3935"}],"wp:term":[{"taxonomy":"product_brand","embeddable":true,"href":"https:\/\/www.pvtravels.com\/es\/wp-json\/wp\/v2\/product_brand?post=3935"},{"taxonomy":"product_cat","embeddable":true,"href":"https:\/\/www.pvtravels.com\/es\/wp-json\/wp\/v2\/product_cat?post=3935"},{"taxonomy":"product_tag","embeddable":true,"href":"https:\/\/www.pvtravels.com\/es\/wp-json\/wp\/v2\/product_tag?post=3935"}],"curies":[{"name":"wp","href":"https:\/\/api.w.org\/{rel}","templated":true}]}}