{"id":3799,"date":"2022-02-08T10:27:21","date_gmt":"2022-02-08T15:27:21","guid":{"rendered":"https:\/\/www.pvtravels.com\/tour\/sin%20categor\u00eda\/centro-norte-lima-paracas-nazca-lima-6-dias\/"},"modified":"2026-02-06T10:19:27","modified_gmt":"2026-02-06T15:19:27","slug":"centro-norte-lima-paracas-nazca-lima-6-dias","status":"publish","type":"product","link":"https:\/\/www.pvtravels.com\/es\/tour\/por-el-peru\/centro-norte-lima-paracas-nazca-lima-6-dias\/","title":{"rendered":"Costa Central:. Lima &#8211; Paracas &#8211; Nazca &#8211; Lima 6 d\u00edas"},"content":{"rendered":"\t\t<div data-elementor-type=\"product-post\" data-elementor-id=\"3799\" class=\"elementor elementor-3799 elementor-3766\" data-elementor-post-type=\"product\">\n\t\t\t\t\t\t<section class=\"elementor-section elementor-top-section elementor-element elementor-element-7c3d83ed elementor-section-boxed elementor-section-height-default elementor-section-height-default\" data-id=\"7c3d83ed\" data-element_type=\"section\" data-e-type=\"section\">\n\t\t\t\t\t\t<div class=\"elementor-container elementor-column-gap-default\">\n\t\t\t\t\t<div class=\"elementor-column elementor-col-100 elementor-top-column elementor-element elementor-element-1ea7bb89\" data-id=\"1ea7bb89\" data-element_type=\"column\" data-e-type=\"column\">\n\t\t\t<div class=\"elementor-widget-wrap elementor-element-populated\">\n\t\t\t\t\t\t<div class=\"elementor-element elementor-element-56c465f5 elementor-widget elementor-widget-heading\" data-id=\"56c465f5\" data-element_type=\"widget\" data-e-type=\"widget\" data-widget_type=\"heading.default\">\n\t\t\t\t<div class=\"elementor-widget-container\">\n\t\t\t\t\t<h3 class=\"elementor-heading-title elementor-size-default\">Itiner\u00e1rio<\/h3>\t\t\t\t<\/div>\n\t\t\t\t<\/div>\n\t\t\t\t<div class=\"elementor-element elementor-element-45dcf563 elementor-widget elementor-widget-accordion\" data-id=\"45dcf563\" data-element_type=\"widget\" data-e-type=\"widget\" data-widget_type=\"accordion.default\">\n\t\t\t\t<div class=\"elementor-widget-container\">\n\t\t\t\t\t\t\t<div class=\"elementor-accordion\">\n\t\t\t\t\t\t\t<div class=\"elementor-accordion-item\">\n\t\t\t\t\t<div id=\"elementor-tab-title-1171\" class=\"elementor-tab-title\" data-tab=\"1\" role=\"button\" aria-controls=\"elementor-tab-content-1171\" aria-expanded=\"false\">\n\t\t\t\t\t\t\t\t\t\t\t\t\t<span class=\"elementor-accordion-icon elementor-accordion-icon-left\" aria-hidden=\"true\">\n\t\t\t\t\t\t\t\t\t\t\t\t\t\t\t<span class=\"elementor-accordion-icon-closed\"><i class=\"fas fa-plus\"><\/i><\/span>\n\t\t\t\t\t\t\t\t<span class=\"elementor-accordion-icon-opened\"><i class=\"fas fa-minus\"><\/i><\/span>\n\t\t\t\t\t\t\t\t\t\t\t\t\t\t<\/span>\n\t\t\t\t\t\t\t\t\t\t\t\t<a class=\"elementor-accordion-title\" tabindex=\"0\">D\u00eda 1: Llegada a Lima<\/a>\n\t\t\t\t\t<\/div>\n\t\t\t\t\t<div id=\"elementor-tab-content-1171\" class=\"elementor-tab-content elementor-clearfix\" data-tab=\"1\" role=\"region\" aria-labelledby=\"elementor-tab-title-1171\"><p>A su llegada al aeropuerto de Lima, lo estaremos esperando y juntos iremos al alojamiento en Lima.<\/p><p>**Nota:. Check in en el hotel a partir de las 1pm<\/p><p>Noche en hotel en Lima<\/p><\/div>\n\t\t\t\t<\/div>\n\t\t\t\t\t\t\t<div class=\"elementor-accordion-item\">\n\t\t\t\t\t<div id=\"elementor-tab-title-1172\" class=\"elementor-tab-title\" data-tab=\"2\" role=\"button\" aria-controls=\"elementor-tab-content-1172\" aria-expanded=\"false\">\n\t\t\t\t\t\t\t\t\t\t\t\t\t<span class=\"elementor-accordion-icon elementor-accordion-icon-left\" aria-hidden=\"true\">\n\t\t\t\t\t\t\t\t\t\t\t\t\t\t\t<span class=\"elementor-accordion-icon-closed\"><i class=\"fas fa-plus\"><\/i><\/span>\n\t\t\t\t\t\t\t\t<span class=\"elementor-accordion-icon-opened\"><i class=\"fas fa-minus\"><\/i><\/span>\n\t\t\t\t\t\t\t\t\t\t\t\t\t\t<\/span>\n\t\t\t\t\t\t\t\t\t\t\t\t<a class=\"elementor-accordion-title\" tabindex=\"0\">D\u00eda 2: D\u00eda completo:. Tour gastron\u00f3mico y por la ciudad de Lima<\/a>\n\t\t\t\t\t<\/div>\n\t\t\t\t\t<div id=\"elementor-tab-content-1172\" class=\"elementor-tab-content elementor-clearfix\" data-tab=\"2\" role=\"region\" aria-labelledby=\"elementor-tab-title-1172\"><p>09:40 am recojo del alojamiento en Lima y salida para iniciar nuestro tour gastron\u00f3mico. Los mercados son siempre un reflejo bastante preciso de las ciudades. En esta oportunidad visitaremos el popular mercado de Surquillo, el favorito de famosos chefs. En lo que fue una antigua f\u00e1brica de zapatos, al entrar ver\u00e1s que hay moldes de madera en la barra que se encontraron en el espacio donde hoy se encuentra Ka\u00f1ete. Una propuesta totalmente nueva y diferente. En este restaurante tem\u00e1tico de la mano del chef aprenderemos a cocinar nuestro almuerzo, adem\u00e1s podremos degustar Pisco Sour o Chilcano. Vivir\u00e1s una experiencia \u00fanica aprendiendo de lo mejor de la gastronom\u00eda peruana. Luego del almuerzo continuaremos nuestra visita para iniciar nuestro city tour Lima, comenzaremos con Visita a la \u201cPir\u00e1mide Pucllana\u201d luego Centro Hist\u00f3rico de Lima con m\u00e1s de cincuenta monumentos y edificaciones Coloniales, como el Paseo de la Rep\u00fablica, la Plaza San Mart\u00edn , la Plaza de Armas, el Palacio de Gobierno, el Palacio Arzobispal, la Catedral Bas\u00edlica entre otros, Convento de San Francisco. Regreso al alojamiento alrededor de las 6 pm.<\/p><p>Noche en hotel en Lima.<\/p><p>Comidas: desayuno en el hotel y almuerzo<\/p><\/div>\n\t\t\t\t<\/div>\n\t\t\t\t\t\t\t<div class=\"elementor-accordion-item\">\n\t\t\t\t\t<div id=\"elementor-tab-title-1173\" class=\"elementor-tab-title\" data-tab=\"3\" role=\"button\" aria-controls=\"elementor-tab-content-1173\" aria-expanded=\"false\">\n\t\t\t\t\t\t\t\t\t\t\t\t\t<span class=\"elementor-accordion-icon elementor-accordion-icon-left\" aria-hidden=\"true\">\n\t\t\t\t\t\t\t\t\t\t\t\t\t\t\t<span class=\"elementor-accordion-icon-closed\"><i class=\"fas fa-plus\"><\/i><\/span>\n\t\t\t\t\t\t\t\t<span class=\"elementor-accordion-icon-opened\"><i class=\"fas fa-minus\"><\/i><\/span>\n\t\t\t\t\t\t\t\t\t\t\t\t\t\t<\/span>\n\t\t\t\t\t\t\t\t\t\t\t\t<a class=\"elementor-accordion-title\" tabindex=\"0\">D\u00eda 3: Lima \u2013 Paracas - Huacachina<\/a>\n\t\t\t\t\t<\/div>\n\t\t\t\t\t<div id=\"elementor-tab-content-1173\" class=\"elementor-tab-content elementor-clearfix\" data-tab=\"3\" role=\"region\" aria-labelledby=\"elementor-tab-title-1173\"><p>04:00 AM &#8211; 4:50 AM Recojo de su hotel en Lima.<\/p><p>Haremos una breve parada en el camino para comprar desayuno (no incluido), que incluye panes artesanales.<\/p><p>Llegaremos al pueblo de Paracas, donde realizaremos un paseo en bote. Durante el recorrido, podr\u00e1n apreciar el Candelabro (un enorme geoglifo de origen incierto). Tambi\u00e9n observaremos los famosos lobos marinos y los encantadores ping\u00fcinos de Humboldt. Regreso a la Bah\u00eda de Paracas.<\/p><p>Degustaremos dulces t\u00edpicos como las chocotejas, una especialidad local.<\/p><p>El almuerzo ser\u00e1 en ruta, con tiempo suficiente para disfrutar de lo mejor de la gastronom\u00eda ique\u00f1a.<\/p><p>Despu\u00e9s, tendremos una cata de vinos y piscos en una bodega artesanal local. Degustaremos diferentes vinos como Borgo\u00f1a, vino de altar, maceraci\u00f3n de frutas y pisco, entre otros. Cada cata estar\u00e1 acompa\u00f1ada de frases t\u00edpicas ique\u00f1as.<\/p><p>Continuaremos hacia el Oasis de Huacachina. Este oasis surgi\u00f3 de la surgencia de corrientes subterr\u00e1neas de agua, lo que permite el crecimiento de vegetaci\u00f3n compuesta por palmeras, eucaliptos y el algarrobo, conocido localmente como huarango.<\/p><p>Los amantes de los deportes de aventura pueden disfrutar de los famosos buggies areneros y un hermoso paseo por dunas de arena de diferentes tama\u00f1os. Tambi\u00e9n pueden practicar sandboarding.<\/p><p>Regreso a su hotel en Ica.<\/p><p>Noche en Ica-Huacachina.<\/p><\/div>\n\t\t\t\t<\/div>\n\t\t\t\t\t\t\t<div class=\"elementor-accordion-item\">\n\t\t\t\t\t<div id=\"elementor-tab-title-1174\" class=\"elementor-tab-title\" data-tab=\"4\" role=\"button\" aria-controls=\"elementor-tab-content-1174\" aria-expanded=\"false\">\n\t\t\t\t\t\t\t\t\t\t\t\t\t<span class=\"elementor-accordion-icon elementor-accordion-icon-left\" aria-hidden=\"true\">\n\t\t\t\t\t\t\t\t\t\t\t\t\t\t\t<span class=\"elementor-accordion-icon-closed\"><i class=\"fas fa-plus\"><\/i><\/span>\n\t\t\t\t\t\t\t\t<span class=\"elementor-accordion-icon-opened\"><i class=\"fas fa-minus\"><\/i><\/span>\n\t\t\t\t\t\t\t\t\t\t\t\t\t\t<\/span>\n\t\t\t\t\t\t\t\t\t\t\t\t<a class=\"elementor-accordion-title\" tabindex=\"0\">D\u00eda 4: L\u00edneas de Nazca<\/a>\n\t\t\t\t\t<\/div>\n\t\t\t\t\t<div id=\"elementor-tab-content-1174\" class=\"elementor-tab-content elementor-clearfix\" data-tab=\"4\" role=\"region\" aria-labelledby=\"elementor-tab-title-1174\"><p>6:30 a. m. Recojo de su hotel en Ica y nos dirigiremos a la ciudad de Nazca, a aproximadamente 3 horas de Ica.<\/p><p>Llegada a Nazca y sobrevuelo a Nazca (13 figuras). Se trata de antiguos geoglifos ubicados entre las llanuras des\u00e9rticas de Palpa y Nazca. Aprenda sobre estas impresionantes figuras. Podr\u00e1 apreciar las figuras principales, como el Colibr\u00ed, la Ara\u00f1a, el C\u00f3ndor, la Ballena, el Mono y muchas m\u00e1s. Solo son visibles durante los sobrevuelos a\u00e9reos. Seg\u00fan la arque\u00f3loga Mar\u00eda Reiche, quien dedic\u00f3 su vida al estudio de las L\u00edneas de Nazca, estas constituyen un calendario astron\u00f3mico, el m\u00e1s grande del mundo.<\/p><p>El sobrevuelo dura aproximadamente 30 minutos.<\/p><p>**Las personas que pesen m\u00e1s de 100 kg deber\u00e1n pagar un adicional de US$90.00.<\/p><p>Despu\u00e9s del sobrevuelo, regresaremos a la ciudad de Ica, donde tendr\u00e1 tiempo libre para almorzar. Tarde libre para disfrutar de las instalaciones del hotel.<\/p><p>Pernocta en Ica \u2013 Huacachina<\/p><p>Comidas: desayuno en el hotel.<\/p><\/div>\n\t\t\t\t<\/div>\n\t\t\t\t\t\t\t<div class=\"elementor-accordion-item\">\n\t\t\t\t\t<div id=\"elementor-tab-title-1175\" class=\"elementor-tab-title\" data-tab=\"5\" role=\"button\" aria-controls=\"elementor-tab-content-1175\" aria-expanded=\"false\">\n\t\t\t\t\t\t\t\t\t\t\t\t\t<span class=\"elementor-accordion-icon elementor-accordion-icon-left\" aria-hidden=\"true\">\n\t\t\t\t\t\t\t\t\t\t\t\t\t\t\t<span class=\"elementor-accordion-icon-closed\"><i class=\"fas fa-plus\"><\/i><\/span>\n\t\t\t\t\t\t\t\t<span class=\"elementor-accordion-icon-opened\"><i class=\"fas fa-minus\"><\/i><\/span>\n\t\t\t\t\t\t\t\t\t\t\t\t\t\t<\/span>\n\t\t\t\t\t\t\t\t\t\t\t\t<a class=\"elementor-accordion-title\" tabindex=\"0\">D\u00eda 5: Ma\u00f1ana :. L\u00edneas de Nazca<\/a>\n\t\t\t\t\t<\/div>\n\t\t\t\t\t<div id=\"elementor-tab-content-1175\" class=\"elementor-tab-content elementor-clearfix\" data-tab=\"5\" role=\"region\" aria-labelledby=\"elementor-tab-title-1175\"><p style=\"margin-top: 0cm; text-align: justify; background: white;\"><span lang=\"ES-PE\" style=\"font-family: 'Arial',sans-serif; color: #404345;\">A las 8 a.m., despu\u00e9s del desayuno, lo recogeremos para ir al aeropuerto de Nazca para comenzar nuestro recorrido de aventura por el cielo peruano para ver la maravilla de Am\u00e9rica del Sur: las l\u00edneas de Nazca: una vista impresionante desde el aire en un vuelo de 30 minutos sobre una de las mejores creaciones del mundo antiguo. Descubriremos los fascinantes geoglifos en el desierto de Nazca, declarados Patrimonio de la Humanidad por la Unesco.<\/span><\/p><p style=\"margin-top: 0cm; text-align: justify; background: white;\"><span style=\"color: #008000;\"><strong><u><span lang=\"ES-PE\" style=\"font-family: Arial, sans-serif;\">Nazca &#8211; Lima<\/span><\/u><\/strong><\/span><\/p><p style=\"margin-top: 0cm; text-align: justify; background: white;\"><span lang=\"ES-PE\" style=\"font-family: 'Arial',sans-serif; color: #404345;\">Luego, volveremos al hotel para recoger nuestras maletas y nos dirigiremos a la estaci\u00f3n de buses para tomar nuestro bus de regreso a Lima. El viaje durar\u00e1 aprox. 7 horas.<\/span><\/p><p style=\"margin-top: 0cm; text-align: justify; background: white;\"><span lang=\"ES-PE\" style=\"font-family: 'Arial',sans-serif; color: #404345;\">A su llegada a Lima, recepci\u00f3n y traslado a nuestro hotel para descansar.<\/span><\/p><p style=\"margin-top: 0cm; text-align: justify; background: white;\"><span lang=\"ES-PE\" style=\"font-family: 'Arial',sans-serif; color: #404345;\">Noche en el hotel de Lima.<\/span><\/p><p style=\"margin-top: 0cm; text-align: justify; background: white;\"><span lang=\"ES-PE\" style=\"font-family: 'Arial',sans-serif; color: #404345;\">Comidas: desayuno en el hotel.<\/span><\/p><\/div>\n\t\t\t\t<\/div>\n\t\t\t\t\t\t\t<div class=\"elementor-accordion-item\">\n\t\t\t\t\t<div id=\"elementor-tab-title-1176\" class=\"elementor-tab-title\" data-tab=\"6\" role=\"button\" aria-controls=\"elementor-tab-content-1176\" aria-expanded=\"false\">\n\t\t\t\t\t\t\t\t\t\t\t\t\t<span class=\"elementor-accordion-icon elementor-accordion-icon-left\" aria-hidden=\"true\">\n\t\t\t\t\t\t\t\t\t\t\t\t\t\t\t<span class=\"elementor-accordion-icon-closed\"><i class=\"fas fa-plus\"><\/i><\/span>\n\t\t\t\t\t\t\t\t<span class=\"elementor-accordion-icon-opened\"><i class=\"fas fa-minus\"><\/i><\/span>\n\t\t\t\t\t\t\t\t\t\t\t\t\t\t<\/span>\n\t\t\t\t\t\t\t\t\t\t\t\t<a class=\"elementor-accordion-title\" tabindex=\"0\">D\u00eda 6: Salida de Lima<\/a>\n\t\t\t\t\t<\/div>\n\t\t\t\t\t<div id=\"elementor-tab-content-1176\" class=\"elementor-tab-content elementor-clearfix\" data-tab=\"6\" role=\"region\" aria-labelledby=\"elementor-tab-title-1176\"><p>A la hora apropiada, traslado desde el hotel en Lima hacia al aeropuerto.<\/p><p>Nota: check out en el hotel a las 11am<\/p><p>Fin de nuestros servicios!<\/p><\/div>\n\t\t\t\t<\/div>\n\t\t\t\t\t\t\t\t<\/div>\n\t\t\t\t\t\t<\/div>\n\t\t\t\t<\/div>\n\t\t\t\t<div class=\"elementor-element elementor-element-47bff155 elementor-widget elementor-widget-text-editor\" data-id=\"47bff155\" data-element_type=\"widget\" data-e-type=\"widget\" data-widget_type=\"text-editor.default\">\n\t\t\t\t<div class=\"elementor-widget-container\">\n\t\t\t\t\t\t\t\t\t<h3><span style=\"color: #008000;\"><strong>Qu\u00e9 est\u00e1 incluido:<\/strong><\/span><\/h3><ul><li>Traslado privado aeropuerto &#8211; hotel &#8211; aeropuerto\u00a0 (estaci\u00f3n de buses)<\/li><li>3 noches\u00a0en Lima<\/li><li>2 noche en Huacachina<\/li><li>C\u00f3modo bus de Lima- Paracas- Huacachina- Nazca- Lima<\/li><li>Ma\u00f1ana Lima City Tour &#8211; Grupo compartido<\/li><li>Ma\u00f1ana Excursi\u00f3n en barco a la isla Ballestas &#8211; Grupo compartido<\/li><li>Ma\u00f1ana Tour a las L\u00edneas de Nazca &#8211; Grupo compartido<\/li><li>Gu\u00eda profesional en Ingl\u00e9s o Espa\u00f1ol\u00a0<\/li><li>Todas las entradas<\/li><li>Desayuno en el hotel<\/li><li>Transporte a todas las visitas incluidas en el itinerario<\/li><li>Soporte 24\/7<\/li><\/ul><h3><span style=\"color: #008000;\"><strong>No incluido:<\/strong><\/span><\/h3><ul><li>Vuelos internacionales<\/li><li>Comidas no especificadas en el itinerario.<\/li><li>Propinas<\/li><\/ul><p><strong>**<em>\u00a0Consejos de reserva:<\/em><\/strong><\/p><p>-Puedes llegar a Lima en cualquier momento, te recogeremos del aeropuerto.<\/p><p>-El check in en el hotel en Lima es a las 11am.<\/p><p>-Los vuelos deben estar dentro y fuera del aeropuerto de Lima<\/p>\t\t\t\t\t\t\t\t<\/div>\n\t\t\t\t<\/div>\n\t\t\t\t\t<\/div>\n\t\t<\/div>\n\t\t\t\t\t<\/div>\n\t\t<\/section>\n\t\t\t\t<\/div>\n\t\t","protected":false},"excerpt":{"rendered":"<p><strong>Descripci\u00f3n<\/strong><\/p>\n<p><strong>C\u00d3DIGO:<\/strong> PVT- P6001<\/p>\n<ul>\n<li><strong>Salidas:<\/strong> Diarias<\/li>\n<li><strong>Duraci\u00f3n:<\/strong> 6 D\u00edas \/ 5 Noches<\/li>\n<\/ul>\n<p>**<span style=\"color: #ff0000;\"><strong>RESERVA AHORA Y OBT\u00c9N UN 15% DE DESCUENTO!!<\/strong><\/span><\/p>\n","protected":false},"featured_media":3780,"template":"","meta":{"site-sidebar-layout":"no-sidebar","site-content-layout":"page-builder","ast-site-content-layout":"full-width-container","site-content-style":"unboxed","site-sidebar-style":"unboxed","ast-global-header-display":"","ast-banner-title-visibility":"","ast-main-header-display":"","ast-hfb-above-header-display":"","ast-hfb-below-header-display":"","ast-hfb-mobile-header-display":"","site-post-title":"disabled","ast-breadcrumbs-content":"","ast-featured-img":"disabled","footer-sml-layout":"","ast-disable-related-posts":"","theme-transparent-header-meta":"default","adv-header-id-meta":"","stick-header-meta":"default","header-above-stick-meta":"","header-main-stick-meta":"","header-below-stick-meta":"","astra-migrate-meta-layouts":"set","ast-page-background-enabled":"default","ast-page-background-meta":{"desktop":{"background-color":"var(--ast-global-color-4)","background-image":"","background-repeat":"repeat","background-position":"center center","background-size":"auto","background-attachment":"scroll","background-type":"","background-media":"","overlay-type":"","overlay-color":"","overlay-opacity":"","overlay-gradient":""},"tablet":{"background-color":"","background-image":"","background-repeat":"repeat","background-position":"center center","background-size":"auto","background-attachment":"scroll","background-type":"","background-media":"","overlay-type":"","overlay-color":"","overlay-opacity":"","overlay-gradient":""},"mobile":{"background-color":"","background-image":"","background-repeat":"repeat","background-position":"center center","background-size":"auto","background-attachment":"scroll","background-type":"","background-media":"","overlay-type":"","overlay-color":"","overlay-opacity":"","overlay-gradient":""}},"ast-content-background-meta":{"desktop":{"background-color":"var(--ast-global-color-5)","background-image":"","background-repeat":"repeat","background-position":"center center","background-size":"auto","background-attachment":"scroll","background-type":"","background-media":"","overlay-type":"","overlay-color":"","overlay-opacity":"","overlay-gradient":""},"tablet":{"background-color":"var(--ast-global-color-5)","background-image":"","background-repeat":"repeat","background-position":"center center","background-size":"auto","background-attachment":"scroll","background-type":"","background-media":"","overlay-type":"","overlay-color":"","overlay-opacity":"","overlay-gradient":""},"mobile":{"background-color":"var(--ast-global-color-5)","background-image":"","background-repeat":"repeat","background-position":"center center","background-size":"auto","background-attachment":"scroll","background-type":"","background-media":"","overlay-type":"","overlay-color":"","overlay-opacity":"","overlay-gradient":""}},"_joinchat":[]},"product_brand":[],"product_cat":[154],"product_tag":[],"class_list":{"0":"post-3799","1":"product","2":"type-product","3":"status-publish","4":"has-post-thumbnail","6":"product_cat-por-el-peru","7":"desktop-align-center","8":"tablet-align-center","9":"mobile-align-center","10":"ast-product-gallery-layout-horizontal-slider","11":"ast-product-gallery-with-no-image","12":"ast-product-single-variable","13":"ast-product-tabs-layout-horizontal","15":"first","16":"instock","17":"shipping-taxable","18":"purchasable","19":"product-type-variable"},"_links":{"self":[{"href":"https:\/\/www.pvtravels.com\/es\/wp-json\/wp\/v2\/product\/3799","targetHints":{"allow":["GET"]}}],"collection":[{"href":"https:\/\/www.pvtravels.com\/es\/wp-json\/wp\/v2\/product"}],"about":[{"href":"https:\/\/www.pvtravels.com\/es\/wp-json\/wp\/v2\/types\/product"}],"version-history":[{"count":17,"href":"https:\/\/www.pvtravels.com\/es\/wp-json\/wp\/v2\/product\/3799\/revisions"}],"predecessor-version":[{"id":6495,"href":"https:\/\/www.pvtravels.com\/es\/wp-json\/wp\/v2\/product\/3799\/revisions\/6495"}],"wp:featuredmedia":[{"embeddable":true,"href":"https:\/\/www.pvtravels.com\/es\/wp-json\/wp\/v2\/media\/3780"}],"wp:attachment":[{"href":"https:\/\/www.pvtravels.com\/es\/wp-json\/wp\/v2\/media?parent=3799"}],"wp:term":[{"taxonomy":"product_brand","embeddable":true,"href":"https:\/\/www.pvtravels.com\/es\/wp-json\/wp\/v2\/product_brand?post=3799"},{"taxonomy":"product_cat","embeddable":true,"href":"https:\/\/www.pvtravels.com\/es\/wp-json\/wp\/v2\/product_cat?post=3799"},{"taxonomy":"product_tag","embeddable":true,"href":"https:\/\/www.pvtravels.com\/es\/wp-json\/wp\/v2\/product_tag?post=3799"}],"curies":[{"name":"wp","href":"https:\/\/api.w.org\/{rel}","templated":true}]}}