{"id":2971,"date":"2022-01-20T11:21:46","date_gmt":"2022-01-20T16:21:46","guid":{"rendered":"https:\/\/www.pvtravels.com\/tour\/sin%20categor\u00eda\/caminata-waqra-pukara\/"},"modified":"2026-03-10T11:06:37","modified_gmt":"2026-03-10T16:06:37","slug":"caminata-waqra-pukara","status":"publish","type":"product","link":"https:\/\/www.pvtravels.com\/es\/tour\/cusco-machu-picchu-es\/cusco-caminatas\/caminata-waqra-pukara\/","title":{"rendered":"Caminata Waqra Pukara"},"content":{"rendered":"<h3><span style=\"color: #008000;\"><strong>Itinerario:<\/strong><\/span><\/h3>\n<p style=\"text-align: justify;\">Recojo de su alojamiento en Cusco alrededor de las 4:00 am. Nos dirigimos hacia el sur por una carretera pavimentada, en direcci\u00f3n a Puno, hacia una peque\u00f1a comunidad llamada Choquecahuana. Este se encuentra en un distrito de Cusco llamado Acomayo, en el camino veremos el impresionante lago Pomacanchis y varios pueblos pintorescos hasta llegar al cruce de huascar donde termina el camino pavimentado, luego continuaremos nuestro viaje por un camino de terracer\u00eda hasta llegar a Wayki donde comienza nuestra aventura al Waqrapukara (3,350m\/10,990ft) Antes de comenzar la caminata desayunaremos.<\/p>\n<p style=\"text-align: justify;\">La primera parte de nuestra caminata es llamapinta, que tomar\u00e1 alrededor de una hora y media. Desde aqu\u00ed continuamos la caminata durante 2 horas aprox. por un camino sinuoso rodeado de monta\u00f1as. Las vistas aqu\u00ed son impresionantes.<\/p>\n<p style=\"text-align: justify;\">Finalmente, llegaremos al sitio de waqrapukara (4,150 m \/ 13,615 pies), descansaremos y disfrutaremos de nuestro almuerzo en caja, luego comenzaremos nuestra visita guiada a esta fortaleza inca. Despu\u00e9s de haber tenido una historia asombrosa del lugar, regresaremos por el mismo sendero. Finalmente, llegaremos a Wayki donde nuestro transporte nos estar\u00e1 esperando para llevarnos de regreso a Cusco. Fin del tour en la Plaza Regocijo.<\/p>\n<h3><span style=\"color: #008000;\"><strong>Qu\u00e9 est\u00e1 incluido:<\/strong><\/span><\/h3>\n<ul>\n<li>Gu\u00edas profesionales.<\/li>\n<li>Transporte tur\u00edstico con conductor profesional.<\/li>\n<li>Desayuno y Box Lunch.<\/li>\n<li>Botiqu\u00edn de primeros auxilios y bal\u00f3n de ox\u00edgeno.<\/li>\n<li>Retorno a la Plaza Regocijo<\/li>\n<\/ul>\n<h3><span style=\"color: #008000;\"><strong>No Incluye:<\/strong><\/span><\/h3>\n<ul>\n<li>Comidas no especificadas en el itinerario.<\/li>\n<li>Alojamiento en Cusco<\/li>\n<\/ul>\n<h3><span style=\"color: #008000;\"><strong>Lista de embalaje recomendada<\/strong><\/span><\/h3>\n<ul>\n<li>Snack (frutas secas, galletas, dulces, chocolates, etc.)<\/li>\n<li>Zapatos para caminar o zapatillas de deporte<\/li>\n<li>Equipo completo para lluvia o poncho (de noviembre a abril)<\/li>\n<li>Pantalones de senderismo ligeros<\/li>\n<li>Sombrero o gorra<\/li>\n<li>Gafas de sol<\/li>\n<li>Protector solar<\/li>\n<li>C\u00e1maras fotogr\u00e1ficas \/ de video y cargadores<\/li>\n<li>Botella de agua<\/li>\n<\/ul>\n","protected":false},"excerpt":{"rendered":"<p><strong>Descripci\u00f3n<\/strong><\/p>\n<p><strong>CODIGO: PVT-TR009<\/strong><\/p>\n<ul>\n<li><strong> Salida: todos los d\u00edas<\/strong><\/li>\n<li><strong> Duraci\u00f3n: d\u00eda completo<\/strong><\/li>\n<\/ul>\n","protected":false},"featured_media":2957,"template":"","meta":{"site-sidebar-layout":"default","site-content-layout":"default","ast-site-content-layout":"default","site-content-style":"default","site-sidebar-style":"default","ast-global-header-display":"","ast-banner-title-visibility":"","ast-main-header-display":"","ast-hfb-above-header-display":"","ast-hfb-below-header-display":"","ast-hfb-mobile-header-display":"","site-post-title":"","ast-breadcrumbs-content":"","ast-featured-img":"","footer-sml-layout":"","ast-disable-related-posts":"","theme-transparent-header-meta":"default","adv-header-id-meta":"","stick-header-meta":"default","header-above-stick-meta":"","header-main-stick-meta":"","header-below-stick-meta":"","astra-migrate-meta-layouts":"default","ast-page-background-enabled":"default","ast-page-background-meta":{"desktop":{"background-color":"var(--ast-global-color-4)","background-image":"","background-repeat":"repeat","background-position":"center center","background-size":"auto","background-attachment":"scroll","background-type":"","background-media":"","overlay-type":"","overlay-color":"","overlay-opacity":"","overlay-gradient":""},"tablet":{"background-color":"","background-image":"","background-repeat":"repeat","background-position":"center center","background-size":"auto","background-attachment":"scroll","background-type":"","background-media":"","overlay-type":"","overlay-color":"","overlay-opacity":"","overlay-gradient":""},"mobile":{"background-color":"","background-image":"","background-repeat":"repeat","background-position":"center center","background-size":"auto","background-attachment":"scroll","background-type":"","background-media":"","overlay-type":"","overlay-color":"","overlay-opacity":"","overlay-gradient":""}},"ast-content-background-meta":{"desktop":{"background-color":"var(--ast-global-color-5)","background-image":"","background-repeat":"repeat","background-position":"center center","background-size":"auto","background-attachment":"scroll","background-type":"","background-media":"","overlay-type":"","overlay-color":"","overlay-opacity":"","overlay-gradient":""},"tablet":{"background-color":"var(--ast-global-color-5)","background-image":"","background-repeat":"repeat","background-position":"center center","background-size":"auto","background-attachment":"scroll","background-type":"","background-media":"","overlay-type":"","overlay-color":"","overlay-opacity":"","overlay-gradient":""},"mobile":{"background-color":"var(--ast-global-color-5)","background-image":"","background-repeat":"repeat","background-position":"center center","background-size":"auto","background-attachment":"scroll","background-type":"","background-media":"","overlay-type":"","overlay-color":"","overlay-opacity":"","overlay-gradient":""}},"_joinchat":[]},"product_brand":[],"product_cat":[41,45],"product_tag":[],"class_list":{"0":"post-2971","1":"product","2":"type-product","3":"status-publish","4":"has-post-thumbnail","6":"product_cat-cusco-machu-picchu-es","7":"product_cat-cusco-caminatas","8":"desktop-align-center","9":"tablet-align-center","10":"mobile-align-center","11":"ast-product-gallery-layout-horizontal-slider","12":"ast-product-gallery-with-no-image","13":"ast-product-tabs-layout-horizontal","15":"first","16":"instock","17":"shipping-taxable","18":"purchasable","19":"product-type-simple"},"_links":{"self":[{"href":"https:\/\/www.pvtravels.com\/es\/wp-json\/wp\/v2\/product\/2971","targetHints":{"allow":["GET"]}}],"collection":[{"href":"https:\/\/www.pvtravels.com\/es\/wp-json\/wp\/v2\/product"}],"about":[{"href":"https:\/\/www.pvtravels.com\/es\/wp-json\/wp\/v2\/types\/product"}],"version-history":[{"count":3,"href":"https:\/\/www.pvtravels.com\/es\/wp-json\/wp\/v2\/product\/2971\/revisions"}],"predecessor-version":[{"id":6938,"href":"https:\/\/www.pvtravels.com\/es\/wp-json\/wp\/v2\/product\/2971\/revisions\/6938"}],"wp:featuredmedia":[{"embeddable":true,"href":"https:\/\/www.pvtravels.com\/es\/wp-json\/wp\/v2\/media\/2957"}],"wp:attachment":[{"href":"https:\/\/www.pvtravels.com\/es\/wp-json\/wp\/v2\/media?parent=2971"}],"wp:term":[{"taxonomy":"product_brand","embeddable":true,"href":"https:\/\/www.pvtravels.com\/es\/wp-json\/wp\/v2\/product_brand?post=2971"},{"taxonomy":"product_cat","embeddable":true,"href":"https:\/\/www.pvtravels.com\/es\/wp-json\/wp\/v2\/product_cat?post=2971"},{"taxonomy":"product_tag","embeddable":true,"href":"https:\/\/www.pvtravels.com\/es\/wp-json\/wp\/v2\/product_tag?post=2971"}],"curies":[{"name":"wp","href":"https:\/\/api.w.org\/{rel}","templated":true}]}}