{"id":2926,"date":"2022-01-19T15:38:37","date_gmt":"2022-01-19T20:38:37","guid":{"rendered":"https:\/\/www.pvtravels.com\/tour\/sin%20categor\u00eda\/tour-cuatrimotos-maras-moray-zipline\/"},"modified":"2026-03-05T12:48:55","modified_gmt":"2026-03-05T17:48:55","slug":"tour-cuatrimotos-maras-moray-zipline","status":"publish","type":"product","link":"https:\/\/www.pvtravels.com\/es\/tour\/cusco-machu-picchu-es\/aventuras-cusco\/tour-cuatrimotos-maras-moray-zipline\/","title":{"rendered":"Fullday Tour Cuatrimotos Maras &#038; Moray + Zipline"},"content":{"rendered":"<h3><span style=\"color: #008000;\"><strong>Itinerario:<\/strong><\/span><\/h3>\n<p style=\"text-align: justify;\">Comenzamos con el recojo de su alojamiento en Cusco y el transporte por aproximadamente 50 minutos hasta el pueblo conocido como Racchi\u201d. En medio de un paisaje natural que permite disfrutar desde la meseta de Chinchero, el ca\u00f1\u00f3n de Pj&#8217;acchayoc, el valle sagrado de los Incas, los nevados Chic\u00f3n y Pitusiray as\u00ed como la cultura viva de la comunidad de Racchi. Cusco Zipline tiene 4 cables diferentes, el m\u00e1s largo con 600 metros de largo y el m\u00e1s profundo con 2000 metros El primer cable es muy suave donde el participante puede ganar confianza y familiarizarse con la actividad. El segundo cable es m\u00e1s r\u00e1pido para poder imaginar la m\u00e1xima sensaci\u00f3n de volar. El tercer cable es m\u00e1s largo donde el participante tiene tiempo para realizar movimientos o posiciones extremas. El cuarto cable es el m\u00e1s profundo con las mejores vistas del ca\u00f1\u00f3n, valle sagrado y monta\u00f1as.<\/p>\n<p style=\"text-align: justify;\">Terminando el Tour de Tirolesa que es de aproximadamente 1 hora y 30 minutos nos dirigimos a Cruzpata que est\u00e1 a 5 minutos para comenzar con nuestro Tour de Cuatrimotos aqu\u00ed practicaremos 10 minutos, luego comenzamos el recorrido, estar\u00e1s montando aproximadamente 2 y 1\/2 a 3 horas, todo alrededor fuera de la carretera, en el camino encontrar\u00e1s personas que est\u00e1n haciendo su vida diaria, pasaremos por lugares donde pocas personas van y donde la naturaleza te mostrar\u00e1 lo mejor que puedas imaginar; cada momento, cada vista te har\u00e1 sentir especial, en el recorrido tambi\u00e9n podremos apreciar el sitio arqueol\u00f3gico de Moray (este fue una especie de invernadero para los incas), tambi\u00e9n las m\u00e1s de 3000 fuentes de sal (SALINERAS) que se explotan hasta ahora para la gente local y tambi\u00e9n dos lagos (esto depender\u00e1 de la ruta que decidas tomar), luego regresaremos a nuestra base donde nuestro transporte lo estar\u00e1 esperando para traerlo de regreso a Cusco.<\/p>\n<p>** <strong>IMPORTANTE:<\/strong> Use pantalones largos y zapatos cerrados, NO sandalias<\/p>\n<h3><span style=\"color: #008000;\"><strong>Que est\u00e1 incluido:<\/strong><\/span><\/h3>\n<ul>\n<li>Traslado del hotel en Cusco<\/li>\n<li>Transporte Cusco &#8211; Cruzpata &#8211; Cusco<\/li>\n<li>Cuatrimotos<\/li>\n<li>Cascos de seguridad y guantes.<\/li>\n<li>Gu\u00eda en ingl\u00e9s o espa\u00f1ol.<\/li>\n<li>Botiqu\u00edn de primeros auxilios<\/li>\n<li>Retorno la Plaza Regocijo (a 2 cuadras de la plaza principal)<\/li>\n<\/ul>\n<h3><span style=\"color: #008000;\"><strong>No incluido:<\/strong><\/span><\/h3>\n<ul>\n<li>Entrada a Maras<\/li>\n<li>Entrada a Moray\u00a0 (incluidas en el boleto tur\u00edstico)<\/li>\n<li>Comidas no especificadas en el itinerario.<\/li>\n<li>Alojamiento en Cusco<\/li>\n<\/ul>\n<h3><span style=\"color: #008000;\"><strong>Lista recomendada:<\/strong><\/span><\/h3>\n<ul>\n<li>Snacks<\/li>\n<li>Zapatos para caminar o zapatillas de deporte<\/li>\n<li>Sombrero o gorra<\/li>\n<li>Gafas de sol<\/li>\n<li>Protector solar<\/li>\n<li>Art\u00edculos de aseo<\/li>\n<li>Botella de agua<\/li>\n<\/ul>\n<p>&nbsp;<\/p>\n","protected":false},"excerpt":{"rendered":"<p><strong>Descripci\u00f3n<\/strong><\/p>\n<p><strong>C\u00d3DIGO: PVT &#8211; CA009<\/strong><\/p>\n<ul>\n<li><strong>Salida: Diaria &#8211; 07:00 am <\/strong><\/li>\n<li><strong>Duraci\u00f3n: d\u00eda completo<\/strong><\/li>\n<\/ul>\n","protected":false},"featured_media":2894,"template":"","meta":{"site-sidebar-layout":"default","site-content-layout":"default","ast-site-content-layout":"default","site-content-style":"default","site-sidebar-style":"default","ast-global-header-display":"","ast-banner-title-visibility":"","ast-main-header-display":"","ast-hfb-above-header-display":"","ast-hfb-below-header-display":"","ast-hfb-mobile-header-display":"","site-post-title":"","ast-breadcrumbs-content":"","ast-featured-img":"","footer-sml-layout":"","ast-disable-related-posts":"","theme-transparent-header-meta":"default","adv-header-id-meta":"","stick-header-meta":"default","header-above-stick-meta":"","header-main-stick-meta":"","header-below-stick-meta":"","astra-migrate-meta-layouts":"set","ast-page-background-enabled":"default","ast-page-background-meta":{"desktop":{"background-color":"var(--ast-global-color-4)","background-image":"","background-repeat":"repeat","background-position":"center center","background-size":"auto","background-attachment":"scroll","background-type":"","background-media":"","overlay-type":"","overlay-color":"","overlay-opacity":"","overlay-gradient":""},"tablet":{"background-color":"","background-image":"","background-repeat":"repeat","background-position":"center center","background-size":"auto","background-attachment":"scroll","background-type":"","background-media":"","overlay-type":"","overlay-color":"","overlay-opacity":"","overlay-gradient":""},"mobile":{"background-color":"","background-image":"","background-repeat":"repeat","background-position":"center center","background-size":"auto","background-attachment":"scroll","background-type":"","background-media":"","overlay-type":"","overlay-color":"","overlay-opacity":"","overlay-gradient":""}},"ast-content-background-meta":{"desktop":{"background-color":"var(--ast-global-color-5)","background-image":"","background-repeat":"repeat","background-position":"center center","background-size":"auto","background-attachment":"scroll","background-type":"","background-media":"","overlay-type":"","overlay-color":"","overlay-opacity":"","overlay-gradient":""},"tablet":{"background-color":"var(--ast-global-color-5)","background-image":"","background-repeat":"repeat","background-position":"center center","background-size":"auto","background-attachment":"scroll","background-type":"","background-media":"","overlay-type":"","overlay-color":"","overlay-opacity":"","overlay-gradient":""},"mobile":{"background-color":"var(--ast-global-color-5)","background-image":"","background-repeat":"repeat","background-position":"center center","background-size":"auto","background-attachment":"scroll","background-type":"","background-media":"","overlay-type":"","overlay-color":"","overlay-opacity":"","overlay-gradient":""}},"_joinchat":[]},"product_brand":[],"product_cat":[41,42],"product_tag":[],"class_list":{"0":"post-2926","1":"product","2":"type-product","3":"status-publish","4":"has-post-thumbnail","6":"product_cat-cusco-machu-picchu-es","7":"product_cat-aventuras-cusco","8":"desktop-align-center","9":"tablet-align-center","10":"mobile-align-center","11":"ast-product-gallery-layout-horizontal-slider","12":"ast-product-gallery-with-no-image","13":"ast-product-tabs-layout-horizontal","15":"first","16":"instock","17":"shipping-taxable","18":"purchasable","19":"product-type-simple"},"_links":{"self":[{"href":"https:\/\/www.pvtravels.com\/es\/wp-json\/wp\/v2\/product\/2926","targetHints":{"allow":["GET"]}}],"collection":[{"href":"https:\/\/www.pvtravels.com\/es\/wp-json\/wp\/v2\/product"}],"about":[{"href":"https:\/\/www.pvtravels.com\/es\/wp-json\/wp\/v2\/types\/product"}],"version-history":[{"count":3,"href":"https:\/\/www.pvtravels.com\/es\/wp-json\/wp\/v2\/product\/2926\/revisions"}],"predecessor-version":[{"id":6742,"href":"https:\/\/www.pvtravels.com\/es\/wp-json\/wp\/v2\/product\/2926\/revisions\/6742"}],"wp:featuredmedia":[{"embeddable":true,"href":"https:\/\/www.pvtravels.com\/es\/wp-json\/wp\/v2\/media\/2894"}],"wp:attachment":[{"href":"https:\/\/www.pvtravels.com\/es\/wp-json\/wp\/v2\/media?parent=2926"}],"wp:term":[{"taxonomy":"product_brand","embeddable":true,"href":"https:\/\/www.pvtravels.com\/es\/wp-json\/wp\/v2\/product_brand?post=2926"},{"taxonomy":"product_cat","embeddable":true,"href":"https:\/\/www.pvtravels.com\/es\/wp-json\/wp\/v2\/product_cat?post=2926"},{"taxonomy":"product_tag","embeddable":true,"href":"https:\/\/www.pvtravels.com\/es\/wp-json\/wp\/v2\/product_tag?post=2926"}],"curies":[{"name":"wp","href":"https:\/\/api.w.org\/{rel}","templated":true}]}}