{"id":2813,"date":"2022-01-18T16:46:16","date_gmt":"2022-01-18T21:46:16","guid":{"rendered":"https:\/\/www.pvtravels.com\/tour\/sin%20categor\u00eda\/machu-picchu-2-dias-1-noche-by-car-2\/"},"modified":"2026-03-04T16:12:17","modified_gmt":"2026-03-04T21:12:17","slug":"machu-picchu-3-dias-2-noche-by-car-2","status":"publish","type":"product","link":"https:\/\/www.pvtravels.com\/es\/tour\/cusco-machu-picchu-es\/paquetes-cusco\/machu-picchu-3-dias-2-noche-by-car-2\/","title":{"rendered":"Machu Picchu 3 d\u00edas 2 noche by Car"},"content":{"rendered":"\t\t<div data-elementor-type=\"product-post\" data-elementor-id=\"2813\" class=\"elementor elementor-2813 elementor-2802\" data-elementor-post-type=\"product\">\n\t\t\t\t\t\t<section class=\"elementor-section elementor-top-section elementor-element elementor-element-6298d22a elementor-section-boxed elementor-section-height-default elementor-section-height-default\" data-id=\"6298d22a\" data-element_type=\"section\" data-e-type=\"section\">\n\t\t\t\t\t\t<div class=\"elementor-container elementor-column-gap-default\">\n\t\t\t\t\t<div class=\"elementor-column elementor-col-100 elementor-top-column elementor-element elementor-element-6dceb96c\" data-id=\"6dceb96c\" data-element_type=\"column\" data-e-type=\"column\">\n\t\t\t<div class=\"elementor-widget-wrap elementor-element-populated\">\n\t\t\t\t\t\t<div class=\"elementor-element elementor-element-7e41786c elementor-widget elementor-widget-heading\" data-id=\"7e41786c\" data-element_type=\"widget\" data-e-type=\"widget\" data-widget_type=\"heading.default\">\n\t\t\t\t<div class=\"elementor-widget-container\">\n\t\t\t\t\t<h3 class=\"elementor-heading-title elementor-size-default\">Itinerario<\/h3>\t\t\t\t<\/div>\n\t\t\t\t<\/div>\n\t\t\t\t<div class=\"elementor-element elementor-element-499e1da2 elementor-widget elementor-widget-accordion\" data-id=\"499e1da2\" data-element_type=\"widget\" data-e-type=\"widget\" data-widget_type=\"accordion.default\">\n\t\t\t\t<div class=\"elementor-widget-container\">\n\t\t\t\t\t\t\t<div class=\"elementor-accordion\">\n\t\t\t\t\t\t\t<div class=\"elementor-accordion-item\">\n\t\t\t\t\t<div id=\"elementor-tab-title-1231\" class=\"elementor-tab-title\" data-tab=\"1\" role=\"button\" aria-controls=\"elementor-tab-content-1231\" aria-expanded=\"false\">\n\t\t\t\t\t\t\t\t\t\t\t\t\t<span class=\"elementor-accordion-icon elementor-accordion-icon-left\" aria-hidden=\"true\">\n\t\t\t\t\t\t\t\t\t\t\t\t\t\t\t<span class=\"elementor-accordion-icon-closed\"><i class=\"fas fa-plus\"><\/i><\/span>\n\t\t\t\t\t\t\t\t<span class=\"elementor-accordion-icon-opened\"><i class=\"fas fa-minus\"><\/i><\/span>\n\t\t\t\t\t\t\t\t\t\t\t\t\t\t<\/span>\n\t\t\t\t\t\t\t\t\t\t\t\t<a class=\"elementor-accordion-title\" tabindex=\"0\">D\u00eda 1: Cusco \u2013 Aguas Calientes<\/a>\n\t\t\t\t\t<\/div>\n\t\t\t\t\t<div id=\"elementor-tab-content-1231\" class=\"elementor-tab-content elementor-clearfix\" data-tab=\"1\" role=\"region\" aria-labelledby=\"elementor-tab-title-1231\"><p style=\"text-align: justify;\">Punto de encuentro entre las 05:40 y las 06:10 en la Pra\u00e7a Regocijo y salida de Cusco para realizar un viaje de 6 horas y media. Durante el viaje, hasta llegar a Hidroel\u00e9ctrica, se har\u00e1n dos paradas. primero en Ollantaytambo (10 a 15 minutos), donde tienen opci\u00f3n de comprar agua y\/o otros snacks. luego ascender\u00e1n hasta el Abra M\u00e1laga donde podr\u00e1n observar un lindo paisaje de la zona alto andina con picos nevados para despu\u00e9s descender ingresando por la selva alta, pasando por pueblos como Santa Mar\u00eda hasta llegar a Santa Teresa, ah\u00ed realizamos la segunda parada (40 minutos) donde tienen tiempo para almorzar; despu\u00e9s continuamos hasta llegar a Hidroel\u00e9ctrica, lugar donde iniciaremos nuestro viaje en tren que dura aproximadamente 25 minutos.<\/p><p style=\"text-align: justify;\">Al llegar a\u00a0Aguas Calientes\u00a0y despu\u00e9s de acomodarse en el Alojamiento, tendr\u00e1n un peque\u00f1o tiempo libre para descansar o visitar las Aguas termales. Despu\u00e9s tendremos una cena donde al culminar se les dar\u00e1 todas las indicaciones para el d\u00eda siguiente.<\/p><p style=\"text-align: justify;\">Pernocte en Aguas Calientes<\/p><\/div>\n\t\t\t\t<\/div>\n\t\t\t\t\t\t\t<div class=\"elementor-accordion-item\">\n\t\t\t\t\t<div id=\"elementor-tab-title-1232\" class=\"elementor-tab-title\" data-tab=\"2\" role=\"button\" aria-controls=\"elementor-tab-content-1232\" aria-expanded=\"false\">\n\t\t\t\t\t\t\t\t\t\t\t\t\t<span class=\"elementor-accordion-icon elementor-accordion-icon-left\" aria-hidden=\"true\">\n\t\t\t\t\t\t\t\t\t\t\t\t\t\t\t<span class=\"elementor-accordion-icon-closed\"><i class=\"fas fa-plus\"><\/i><\/span>\n\t\t\t\t\t\t\t\t<span class=\"elementor-accordion-icon-opened\"><i class=\"fas fa-minus\"><\/i><\/span>\n\t\t\t\t\t\t\t\t\t\t\t\t\t\t<\/span>\n\t\t\t\t\t\t\t\t\t\t\t\t<a class=\"elementor-accordion-title\" tabindex=\"0\">D\u00eda 2: Machu Picchu - Aguas Calientes<\/a>\n\t\t\t\t\t<\/div>\n\t\t\t\t\t<div id=\"elementor-tab-content-1232\" class=\"elementor-tab-content elementor-clearfix\" data-tab=\"2\" role=\"region\" aria-labelledby=\"elementor-tab-title-1232\"><p>Comenzamos muy temprano (4:30 a. m.) y nos preparamos para ascender a Machu Picchu. Tomaremos un autob\u00fas para ascender al centro arqueol\u00f3gico (25 minutos). El primer autob\u00fas sale a las 5:30 a. m. Al llegar a Machu Picchu, ingresaremos al sitio arqueol\u00f3gico (no olvide su pasaporte) y nuestro gu\u00eda nos dar\u00e1 un recorrido por la ciudadela durante 2 horas. Despu\u00e9s de la visita guiada, tendremos tiempo libre para explorar y tomar fotograf\u00edas.<br \/>Despu\u00e9s de explorar Machu Picchu, tomaremos el autob\u00fas de regreso a Aguas Calientes. Luego, podr\u00e1 disfrutar de los restaurantes, explorar el pueblo o relajarse.<br \/>Pernocte en Aguas Calientes.<\/p><\/div>\n\t\t\t\t<\/div>\n\t\t\t\t\t\t\t<div class=\"elementor-accordion-item\">\n\t\t\t\t\t<div id=\"elementor-tab-title-1233\" class=\"elementor-tab-title\" data-tab=\"3\" role=\"button\" aria-controls=\"elementor-tab-content-1233\" aria-expanded=\"false\">\n\t\t\t\t\t\t\t\t\t\t\t\t\t<span class=\"elementor-accordion-icon elementor-accordion-icon-left\" aria-hidden=\"true\">\n\t\t\t\t\t\t\t\t\t\t\t\t\t\t\t<span class=\"elementor-accordion-icon-closed\"><i class=\"fas fa-plus\"><\/i><\/span>\n\t\t\t\t\t\t\t\t<span class=\"elementor-accordion-icon-opened\"><i class=\"fas fa-minus\"><\/i><\/span>\n\t\t\t\t\t\t\t\t\t\t\t\t\t\t<\/span>\n\t\t\t\t\t\t\t\t\t\t\t\t<a class=\"elementor-accordion-title\" tabindex=\"0\">D\u00eda 3: Aguas Calientes - Cusco<\/a>\n\t\t\t\t\t<\/div>\n\t\t\t\t\t<div id=\"elementor-tab-content-1233\" class=\"elementor-tab-content elementor-clearfix\" data-tab=\"3\" role=\"region\" aria-labelledby=\"elementor-tab-title-1233\"><p>Desayuno en el hotel y ma\u00f1ana libre para explorar Aguas Calientes. Regreso a pie a la Hidroel\u00e9ctrica (3 horas), donde tomaremos nuestro autob\u00fas (salida a las 14:30 h) para regresar a Cusco (llegada aprox. a las 21:30 h).<\/p><\/div>\n\t\t\t\t<\/div>\n\t\t\t\t\t\t\t\t<\/div>\n\t\t\t\t\t\t<\/div>\n\t\t\t\t<\/div>\n\t\t\t\t<div class=\"elementor-element elementor-element-58218740 elementor-widget elementor-widget-text-editor\" data-id=\"58218740\" data-element_type=\"widget\" data-e-type=\"widget\" data-widget_type=\"text-editor.default\">\n\t\t\t\t<div class=\"elementor-widget-container\">\n\t\t\t\t\t\t\t\t\t<h3><span style=\"color: #008000;\"><strong>Qu\u00e9 est\u00e1 incluido:<\/strong><\/span><\/h3><ul><li>Transporte tur\u00edstico Cusco &#8211; Hidroel\u00e9trica &#8211; Cusco.<\/li><li>Boleto de ingreso al parque arqueol\u00f3gico de Machu Picchu.<\/li><li>Pasajes de bus a Machu Picchu.<\/li><li>Gu\u00eda profesional Espa\u00f1ol o Ingl\u00e9s.<\/li><li>Tickets de tren Hidroel\u00e9trica \u2013 Aguas Calientes &#8211; Hidroel\u00e9trica<\/li><li>02 Noches de alojamiento en Aguas Calientes (Pueblo de Machu Picchu).<\/li><li>01 Desayuno.<\/li><li>01 Almuerzo.<\/li><li>01 Cena.<\/li><li>Equipo de primeros auxilios.<\/li><\/ul><h3><span style=\"color: #008000;\"><strong>No inclu\u00eddo:<\/strong><\/span><\/h3><ul><li>Recojo y retorno al alojamiento en Cusco<\/li><li>Comidas no especificadas en el itinerario.<\/li><li>Alojamiento en Cusco<\/li><li>Entradas a las Aguas termales<\/li><\/ul><h3><span style=\"color: #008000;\"><strong>Lista recomendada<\/strong><\/span><\/h3><ul><li>Snacks<\/li><li>Zapatos para caminar o zapatillas de deporte<\/li><li>Equipo completo para lluvia o poncho (de noviembre a abril)<\/li><li>Sombrero o gorra<\/li><li>Gafas de sol<\/li><li>Protector solar<\/li><li>Art\u00edculos de tocador<\/li><li>C\u00e1maras fotogr\u00e1ficas \/ de video y cargadores<\/li><li>Botella de Agua<\/li><\/ul>\t\t\t\t\t\t\t\t<\/div>\n\t\t\t\t<\/div>\n\t\t\t\t\t<\/div>\n\t\t<\/div>\n\t\t\t\t\t<\/div>\n\t\t<\/section>\n\t\t\t\t<\/div>\n\t\t","protected":false},"excerpt":{"rendered":"<p><strong>Descripci\u00f3n<\/strong><\/p>\n<p><strong>CODIGO: PVT-MP006-A<\/strong><\/p>\n<ul>\n<li><strong>Salida: <\/strong>todos los d\u00edas<\/li>\n<li><strong>Duraci\u00f3n:<\/strong> 3 d\u00edas 2 noches<\/li>\n<li><strong><span style=\"color: #ff0000;\">El ingreso a Machu Picchu depender\u00e1 de la disponibilidad al momento de la reserva, puede ser para el<\/span> Circuito 1, Circuito 2 o Circuito 3<\/strong><\/li>\n<\/ul>\n","protected":false},"featured_media":2811,"template":"","meta":{"site-sidebar-layout":"no-sidebar","site-content-layout":"page-builder","ast-site-content-layout":"full-width-container","site-content-style":"unboxed","site-sidebar-style":"unboxed","ast-global-header-display":"","ast-banner-title-visibility":"","ast-main-header-display":"","ast-hfb-above-header-display":"","ast-hfb-below-header-display":"","ast-hfb-mobile-header-display":"","site-post-title":"disabled","ast-breadcrumbs-content":"","ast-featured-img":"disabled","footer-sml-layout":"","ast-disable-related-posts":"","theme-transparent-header-meta":"default","adv-header-id-meta":"","stick-header-meta":"default","header-above-stick-meta":"","header-main-stick-meta":"","header-below-stick-meta":"","astra-migrate-meta-layouts":"set","ast-page-background-enabled":"default","ast-page-background-meta":{"desktop":{"background-color":"var(--ast-global-color-4)","background-image":"","background-repeat":"repeat","background-position":"center center","background-size":"auto","background-attachment":"scroll","background-type":"","background-media":"","overlay-type":"","overlay-color":"","overlay-opacity":"","overlay-gradient":""},"tablet":{"background-color":"","background-image":"","background-repeat":"repeat","background-position":"center center","background-size":"auto","background-attachment":"scroll","background-type":"","background-media":"","overlay-type":"","overlay-color":"","overlay-opacity":"","overlay-gradient":""},"mobile":{"background-color":"","background-image":"","background-repeat":"repeat","background-position":"center center","background-size":"auto","background-attachment":"scroll","background-type":"","background-media":"","overlay-type":"","overlay-color":"","overlay-opacity":"","overlay-gradient":""}},"ast-content-background-meta":{"desktop":{"background-color":"var(--ast-global-color-5)","background-image":"","background-repeat":"repeat","background-position":"center center","background-size":"auto","background-attachment":"scroll","background-type":"","background-media":"","overlay-type":"","overlay-color":"","overlay-opacity":"","overlay-gradient":""},"tablet":{"background-color":"var(--ast-global-color-5)","background-image":"","background-repeat":"repeat","background-position":"center center","background-size":"auto","background-attachment":"scroll","background-type":"","background-media":"","overlay-type":"","overlay-color":"","overlay-opacity":"","overlay-gradient":""},"mobile":{"background-color":"var(--ast-global-color-5)","background-image":"","background-repeat":"repeat","background-position":"center center","background-size":"auto","background-attachment":"scroll","background-type":"","background-media":"","overlay-type":"","overlay-color":"","overlay-opacity":"","overlay-gradient":""}},"_joinchat":[]},"product_brand":[],"product_cat":[43],"product_tag":[],"class_list":{"0":"post-2813","1":"product","2":"type-product","3":"status-publish","4":"has-post-thumbnail","6":"product_cat-paquetes-cusco","7":"desktop-align-center","8":"tablet-align-center","9":"mobile-align-center","10":"ast-product-gallery-layout-horizontal-slider","11":"ast-product-gallery-with-no-image","12":"ast-product-tabs-layout-horizontal","14":"first","15":"instock","16":"shipping-taxable","17":"purchasable","18":"product-type-simple"},"_links":{"self":[{"href":"https:\/\/www.pvtravels.com\/es\/wp-json\/wp\/v2\/product\/2813","targetHints":{"allow":["GET"]}}],"collection":[{"href":"https:\/\/www.pvtravels.com\/es\/wp-json\/wp\/v2\/product"}],"about":[{"href":"https:\/\/www.pvtravels.com\/es\/wp-json\/wp\/v2\/types\/product"}],"version-history":[{"count":19,"href":"https:\/\/www.pvtravels.com\/es\/wp-json\/wp\/v2\/product\/2813\/revisions"}],"predecessor-version":[{"id":6643,"href":"https:\/\/www.pvtravels.com\/es\/wp-json\/wp\/v2\/product\/2813\/revisions\/6643"}],"wp:featuredmedia":[{"embeddable":true,"href":"https:\/\/www.pvtravels.com\/es\/wp-json\/wp\/v2\/media\/2811"}],"wp:attachment":[{"href":"https:\/\/www.pvtravels.com\/es\/wp-json\/wp\/v2\/media?parent=2813"}],"wp:term":[{"taxonomy":"product_brand","embeddable":true,"href":"https:\/\/www.pvtravels.com\/es\/wp-json\/wp\/v2\/product_brand?post=2813"},{"taxonomy":"product_cat","embeddable":true,"href":"https:\/\/www.pvtravels.com\/es\/wp-json\/wp\/v2\/product_cat?post=2813"},{"taxonomy":"product_tag","embeddable":true,"href":"https:\/\/www.pvtravels.com\/es\/wp-json\/wp\/v2\/product_tag?post=2813"}],"curies":[{"name":"wp","href":"https:\/\/api.w.org\/{rel}","templated":true}]}}