{"id":2686,"date":"2022-01-18T12:10:18","date_gmt":"2022-01-18T17:10:18","guid":{"rendered":"https:\/\/www.pvtravels.com\/tour\/sin%20categor\u00eda\/machu-picchu-full-day-con-tren-hiram-bingham\/"},"modified":"2026-03-04T15:58:10","modified_gmt":"2026-03-04T20:58:10","slug":"machu-picchu-full-day-con-tren-hiram-bingham__trashed","status":"publish","type":"product","link":"https:\/\/www.pvtravels.com\/es\/tour\/cusco-machu-picchu-es\/paquetes-cusco\/machu-picchu-full-day-con-tren-hiram-bingham__trashed\/","title":{"rendered":"Machu Picchu Full Day con tren Hiram Bingham"},"content":{"rendered":"<h3 style=\"text-align: justify;\"><span style=\"color: #008000;\"><strong>Itinerario:<\/strong><\/span><\/h3>\n<p style=\"text-align: justify;\">Recogida a las 08:00 de la ma\u00f1ana en coche privado. Traslado a la estaci\u00f3n de tren donde abordar\u00e1 el tren para iniciar este extraordinario viaje en tren a Machu Picchu. Una vez a bordo, el ma\u00eetre lo invitar\u00e1 a un brunch y almuerzo gourmet. El tren pasa por hermosos ecosistemas desde donde se pueden apreciar desde el carro observatorio.<\/p>\n<p style=\"text-align: justify;\">Aproximadamente cuatro horas despu\u00e9s de la salida de Cusco llegar\u00e1 a la estaci\u00f3n de tren en Aguas Calientes donde iniciar\u00e1 su viaje a la ciudadela en un bus exclusivo, solo para el pasajero del tren Hiram Bingham, el viaje durar\u00e1 25 minutos.<\/p>\n<p style=\"text-align: justify;\">Al llegar a Machu Picchu, comenzar\u00e1 el extraordinario recorrido por toda la ciudadela durante 2-3 horas. Despu\u00e9s de la visita guiada, habr\u00e1 tiempo libre para explorar y tomar fotograf\u00edas.<\/p>\n<p style=\"text-align: justify;\">A las 16:00 disfrutar\u00e1 del t\u00e9 de la tarde en uno de los hoteles m\u00e1s hermosos de Per\u00fa, justo al lado de la entrada de Machu Picchu.<\/p>\n<p style=\"text-align: justify;\">A las 17:00 bus de Machu Picchu a Aguas Calientes de donde sale el tren de Aguas Calientes a las 17:50h. El viaje de regreso incluye una excelente experiencia culinaria en la cena. Puede acompa\u00f1ar sus comidas con bebidas (no premium) y una excelente selecci\u00f3n de vinos. Al comp\u00e1s del caj\u00f3n peruano y las panderetas, m\u00fasica tradicional peruana e internacional en vivo marcar\u00e1n la pauta durante todo el viaje para un viaje inolvidable.<\/p>\n<p style=\"text-align: justify;\">A su llegada a la estaci\u00f3n de tren, traslado a su alojamiento en Cusco. Estaremos de vuelta a Cusco alrededor de las 11pm<\/p>\n<h3><span style=\"color: #008000;\"><strong>Qu\u00e9 est\u00e1 incluido:<\/strong><\/span><\/h3>\n<ul>\n<li>Show de bienvenida a bordo con bailes t\u00edpicos de la regi\u00f3n<\/li>\n<li>Un Carro Bar con la mejor cocteler\u00eda peruana<\/li>\n<li>Un Coche Observatorio para disfrutar del paisaje de la ruta<\/li>\n<li>Espect\u00e1culo de m\u00fasica en vivo<\/li>\n<li>Bus de ida a la Ciudadela de Machu Picchu<\/li>\n<li>Un gu\u00eda tur\u00edstico en espa\u00f1ol y\/o ingl\u00e9s.<\/li>\n<li>Entradas a Machu Picchu<\/li>\n<li>Hora del t\u00e9 en el Belmond Sanctuary Lodge Hotel<\/li>\n<li>Bus de retorno a Machu Picchu Pueblo<\/li>\n<li>Sal\u00f3n VIP en la Estaci\u00f3n Machu Picchu<\/li>\n<li>Comidas gourmet a bordo<\/li>\n<li>Recogida y regreso al hotel en Cusco.<\/li>\n<\/ul>\n<h3><span style=\"color: #008000;\"><strong>No inclu\u00eddo:<\/strong><\/span><\/h3>\n<ul>\n<li>Comidas no especificadas en el itinerario.<\/li>\n<li>Alojamiento en Cusco o Aguas Calientes<\/li>\n<\/ul>\n<h3><span style=\"color: #008000;\"><strong>Lista recomendada<\/strong><\/span><\/h3>\n<ul>\n<li>Snacks<\/li>\n<li>Zapatos para caminar o zapatillas de deporte<\/li>\n<li>Equipo completo para lluvia o poncho (de noviembre a abril)<\/li>\n<li>Sombrero o gorra<\/li>\n<li>Gafas de sol<\/li>\n<li>Protector solar<\/li>\n<li>Art\u00edculos de tocador<\/li>\n<li>C\u00e1maras fotogr\u00e1ficas \/ de video y cargadores<\/li>\n<li>Botella de Agua<\/li>\n<\/ul>\n<p>&nbsp;<\/p>\n","protected":false},"excerpt":{"rendered":"<p><strong>Descripci\u00f3n<\/strong><\/p>\n<p><strong>CODIGO: PVT-MP004<\/strong><\/p>\n<ul>\n<li><strong>Salida: todos los d\u00edas<\/strong><\/li>\n<li><strong>Duraci\u00f3n: <\/strong>d\u00eda completo<\/li>\n<li><strong><span style=\"color: #ff0000;\">El ingreso a Machu Picchu depender\u00e1 de la disponibilidad al momento de la reserva, puede ser para el<\/span> Circuito 1, Circuito 2 o Circuito 3<\/strong><\/li>\n<\/ul>\n","protected":false},"featured_media":2682,"template":"","meta":{"site-sidebar-layout":"default","site-content-layout":"default","ast-site-content-layout":"default","site-content-style":"default","site-sidebar-style":"default","ast-global-header-display":"","ast-banner-title-visibility":"","ast-main-header-display":"","ast-hfb-above-header-display":"","ast-hfb-below-header-display":"","ast-hfb-mobile-header-display":"","site-post-title":"","ast-breadcrumbs-content":"","ast-featured-img":"","footer-sml-layout":"","ast-disable-related-posts":"","theme-transparent-header-meta":"default","adv-header-id-meta":"","stick-header-meta":"default","header-above-stick-meta":"","header-main-stick-meta":"","header-below-stick-meta":"","astra-migrate-meta-layouts":"set","ast-page-background-enabled":"default","ast-page-background-meta":{"desktop":{"background-color":"var(--ast-global-color-4)","background-image":"","background-repeat":"repeat","background-position":"center center","background-size":"auto","background-attachment":"scroll","background-type":"","background-media":"","overlay-type":"","overlay-color":"","overlay-opacity":"","overlay-gradient":""},"tablet":{"background-color":"","background-image":"","background-repeat":"repeat","background-position":"center center","background-size":"auto","background-attachment":"scroll","background-type":"","background-media":"","overlay-type":"","overlay-color":"","overlay-opacity":"","overlay-gradient":""},"mobile":{"background-color":"","background-image":"","background-repeat":"repeat","background-position":"center center","background-size":"auto","background-attachment":"scroll","background-type":"","background-media":"","overlay-type":"","overlay-color":"","overlay-opacity":"","overlay-gradient":""}},"ast-content-background-meta":{"desktop":{"background-color":"var(--ast-global-color-5)","background-image":"","background-repeat":"repeat","background-position":"center center","background-size":"auto","background-attachment":"scroll","background-type":"","background-media":"","overlay-type":"","overlay-color":"","overlay-opacity":"","overlay-gradient":""},"tablet":{"background-color":"var(--ast-global-color-5)","background-image":"","background-repeat":"repeat","background-position":"center center","background-size":"auto","background-attachment":"scroll","background-type":"","background-media":"","overlay-type":"","overlay-color":"","overlay-opacity":"","overlay-gradient":""},"mobile":{"background-color":"var(--ast-global-color-5)","background-image":"","background-repeat":"repeat","background-position":"center center","background-size":"auto","background-attachment":"scroll","background-type":"","background-media":"","overlay-type":"","overlay-color":"","overlay-opacity":"","overlay-gradient":""}},"_joinchat":[]},"product_brand":[],"product_cat":[43],"product_tag":[],"class_list":{"0":"post-2686","1":"product","2":"type-product","3":"status-publish","4":"has-post-thumbnail","6":"product_cat-paquetes-cusco","7":"desktop-align-center","8":"tablet-align-center","9":"mobile-align-center","10":"ast-product-gallery-layout-horizontal-slider","11":"ast-product-gallery-with-no-image","12":"ast-product-tabs-layout-horizontal","14":"first","15":"instock","16":"shipping-taxable","17":"purchasable","18":"product-type-simple"},"_links":{"self":[{"href":"https:\/\/www.pvtravels.com\/es\/wp-json\/wp\/v2\/product\/2686","targetHints":{"allow":["GET"]}}],"collection":[{"href":"https:\/\/www.pvtravels.com\/es\/wp-json\/wp\/v2\/product"}],"about":[{"href":"https:\/\/www.pvtravels.com\/es\/wp-json\/wp\/v2\/types\/product"}],"version-history":[{"count":8,"href":"https:\/\/www.pvtravels.com\/es\/wp-json\/wp\/v2\/product\/2686\/revisions"}],"predecessor-version":[{"id":6635,"href":"https:\/\/www.pvtravels.com\/es\/wp-json\/wp\/v2\/product\/2686\/revisions\/6635"}],"wp:featuredmedia":[{"embeddable":true,"href":"https:\/\/www.pvtravels.com\/es\/wp-json\/wp\/v2\/media\/2682"}],"wp:attachment":[{"href":"https:\/\/www.pvtravels.com\/es\/wp-json\/wp\/v2\/media?parent=2686"}],"wp:term":[{"taxonomy":"product_brand","embeddable":true,"href":"https:\/\/www.pvtravels.com\/es\/wp-json\/wp\/v2\/product_brand?post=2686"},{"taxonomy":"product_cat","embeddable":true,"href":"https:\/\/www.pvtravels.com\/es\/wp-json\/wp\/v2\/product_cat?post=2686"},{"taxonomy":"product_tag","embeddable":true,"href":"https:\/\/www.pvtravels.com\/es\/wp-json\/wp\/v2\/product_tag?post=2686"}],"curies":[{"name":"wp","href":"https:\/\/api.w.org\/{rel}","templated":true}]}}