{"id":247,"date":"2021-12-11T18:18:58","date_gmt":"2021-12-11T23:18:58","guid":{"rendered":"https:\/\/www.pvtravels.com\/?post_type=product&#038;p=247"},"modified":"2026-03-05T13:00:35","modified_gmt":"2026-03-05T18:00:35","slug":"paseo-en-caballo","status":"publish","type":"product","link":"https:\/\/www.pvtravels.com\/es\/tour\/cusco-machu-picchu-es\/aventuras-cusco\/paseo-en-caballo\/","title":{"rendered":"Paseo en Caballo"},"content":{"rendered":"\t\t<div data-elementor-type=\"product-post\" data-elementor-id=\"247\" class=\"elementor elementor-247 elementor-223\" data-elementor-post-type=\"product\">\n\t\t\t\t\t\t<section class=\"elementor-section elementor-top-section elementor-element elementor-element-78c985d6 elementor-section-boxed elementor-section-height-default elementor-section-height-default\" data-id=\"78c985d6\" data-element_type=\"section\" data-e-type=\"section\">\n\t\t\t\t\t\t<div class=\"elementor-container elementor-column-gap-default\">\n\t\t\t\t\t<div class=\"elementor-column elementor-col-100 elementor-top-column elementor-element elementor-element-8315301\" data-id=\"8315301\" data-element_type=\"column\" data-e-type=\"column\">\n\t\t\t<div class=\"elementor-widget-wrap elementor-element-populated\">\n\t\t\t\t\t\t<div class=\"elementor-element elementor-element-257b6f1 elementor-widget elementor-widget-text-editor\" data-id=\"257b6f1\" data-element_type=\"widget\" data-e-type=\"widget\" data-widget_type=\"text-editor.default\">\n\t\t\t\t<div class=\"elementor-widget-container\">\n\t\t\t\t\t\t\t\t\t<h3><span style=\"color: #008000;\"><strong>Itinerario:<\/strong><\/span><\/h3><p>09:00 a.m. \u2013 Recojo en la Plaza Regocijo: Nuestro equipo te recoger\u00e1 en la, Plaza Regocijo, donde iniciaremos la experiencia. Llegamos al rancho, donde ser\u00e1s asignado a un caballo cuidadosamente seleccionado seg\u00fan tu nivel de experiencia. Antes de partir, recibir\u00e1s una explicaci\u00f3n sobre las medidas de seguridad, as\u00ed como instrucciones b\u00e1sicas de cabalgata para garantizar un paseo seguro.<br \/>\u00a0Comenzamos el recorrido hacia el majestuoso Templo de la Luna y la emblem\u00e1tica formaci\u00f3n rocosa conocida como la Cara del Inca. A lo largo del camino, disfrutar\u00e1s de vistas panor\u00e1micas de Cusco y sus paisajes andinos mientras el gu\u00eda comparte la historia, la espiritualidad y las leyendas.<br \/>Despu\u00e9s de disfrutar del recorrido y conocer los puntos de inter\u00e9s, retornaremos al rancho. Desde all\u00ed, te llevaremos de regreso al centro de Cusco, concluyendo nuestra experiencia en la Plaza Regocijo alrededor de las 11:30 a.m.<\/p><h3><span style=\"color: #008000;\"><strong>Que est\u00e1 incluido:<\/strong><\/span><\/h3><ul><li>Traslado del alojamiento en Cusco<\/li><li>Caballos<\/li><li>Equipo de seguridad<\/li><li>Transporte<\/li><li>Gu\u00eda en ingl\u00e9s o espa\u00f1ol<\/li><li>Entrenador de caballos<\/li><\/ul><h3><span style=\"color: #008000;\"><strong>No incluido:<\/strong><\/span><\/h3><ul><li>Comidas no especificadas en el itinerario<\/li><li>Alojamiento en Cusco<\/li><\/ul><h3><span style=\"color: #008000;\"><strong>Lista Recomendada<\/strong><\/span><\/h3><ul><li>Snacks<\/li><li>Zapatos para caminar o zapatillas de deporte<\/li><li>Sombrero o gorra<\/li><li>Gafas de sol<\/li><li>Protector solar<\/li><li>Art\u00edculos de aseo<\/li><li>Botella de agua<\/li><\/ul>\t\t\t\t\t\t\t\t<\/div>\n\t\t\t\t<\/div>\n\t\t\t\t\t<\/div>\n\t\t<\/div>\n\t\t\t\t\t<\/div>\n\t\t<\/section>\n\t\t\t\t<\/div>\n\t\t","protected":false},"excerpt":{"rendered":"<p><strong>C\u00d3DIGO: PVT-CA001<\/strong><\/p>\n<ul>\n<li><strong>Salida: Diariamente: 9hrs\u00a0<\/strong><\/li>\n<li><strong>Duraci\u00f3n: 2 horas<\/strong><\/li>\n<\/ul>\n","protected":false},"featured_media":315,"template":"","meta":{"site-sidebar-layout":"default","site-content-layout":"default","ast-site-content-layout":"default","site-content-style":"default","site-sidebar-style":"default","ast-global-header-display":"","ast-banner-title-visibility":"","ast-main-header-display":"","ast-hfb-above-header-display":"","ast-hfb-below-header-display":"","ast-hfb-mobile-header-display":"","site-post-title":"","ast-breadcrumbs-content":"","ast-featured-img":"","footer-sml-layout":"","ast-disable-related-posts":"","theme-transparent-header-meta":"default","adv-header-id-meta":"","stick-header-meta":"default","header-above-stick-meta":"","header-main-stick-meta":"","header-below-stick-meta":"","astra-migrate-meta-layouts":"set","ast-page-background-enabled":"default","ast-page-background-meta":{"desktop":{"background-color":"var(--ast-global-color-4)","background-image":"","background-repeat":"repeat","background-position":"center center","background-size":"auto","background-attachment":"scroll","background-type":"","background-media":"","overlay-type":"","overlay-color":"","overlay-opacity":"","overlay-gradient":""},"tablet":{"background-color":"","background-image":"","background-repeat":"repeat","background-position":"center center","background-size":"auto","background-attachment":"scroll","background-type":"","background-media":"","overlay-type":"","overlay-color":"","overlay-opacity":"","overlay-gradient":""},"mobile":{"background-color":"","background-image":"","background-repeat":"repeat","background-position":"center center","background-size":"auto","background-attachment":"scroll","background-type":"","background-media":"","overlay-type":"","overlay-color":"","overlay-opacity":"","overlay-gradient":""}},"ast-content-background-meta":{"desktop":{"background-color":"var(--ast-global-color-5)","background-image":"","background-repeat":"repeat","background-position":"center center","background-size":"auto","background-attachment":"scroll","background-type":"","background-media":"","overlay-type":"","overlay-color":"","overlay-opacity":"","overlay-gradient":""},"tablet":{"background-color":"var(--ast-global-color-5)","background-image":"","background-repeat":"repeat","background-position":"center center","background-size":"auto","background-attachment":"scroll","background-type":"","background-media":"","overlay-type":"","overlay-color":"","overlay-opacity":"","overlay-gradient":""},"mobile":{"background-color":"var(--ast-global-color-5)","background-image":"","background-repeat":"repeat","background-position":"center center","background-size":"auto","background-attachment":"scroll","background-type":"","background-media":"","overlay-type":"","overlay-color":"","overlay-opacity":"","overlay-gradient":""}},"_joinchat":[]},"product_brand":[],"product_cat":[41,42],"product_tag":[],"class_list":{"0":"post-247","1":"product","2":"type-product","3":"status-publish","4":"has-post-thumbnail","6":"product_cat-cusco-machu-picchu-es","7":"product_cat-aventuras-cusco","8":"desktop-align-center","9":"tablet-align-center","10":"mobile-align-center","11":"ast-product-gallery-layout-horizontal-slider","12":"ast-product-gallery-with-no-image","13":"ast-product-tabs-layout-horizontal","15":"first","16":"instock","17":"shipping-taxable","18":"purchasable","19":"product-type-simple"},"_links":{"self":[{"href":"https:\/\/www.pvtravels.com\/es\/wp-json\/wp\/v2\/product\/247","targetHints":{"allow":["GET"]}}],"collection":[{"href":"https:\/\/www.pvtravels.com\/es\/wp-json\/wp\/v2\/product"}],"about":[{"href":"https:\/\/www.pvtravels.com\/es\/wp-json\/wp\/v2\/types\/product"}],"version-history":[{"count":13,"href":"https:\/\/www.pvtravels.com\/es\/wp-json\/wp\/v2\/product\/247\/revisions"}],"predecessor-version":[{"id":6755,"href":"https:\/\/www.pvtravels.com\/es\/wp-json\/wp\/v2\/product\/247\/revisions\/6755"}],"wp:featuredmedia":[{"embeddable":true,"href":"https:\/\/www.pvtravels.com\/es\/wp-json\/wp\/v2\/media\/315"}],"wp:attachment":[{"href":"https:\/\/www.pvtravels.com\/es\/wp-json\/wp\/v2\/media?parent=247"}],"wp:term":[{"taxonomy":"product_brand","embeddable":true,"href":"https:\/\/www.pvtravels.com\/es\/wp-json\/wp\/v2\/product_brand?post=247"},{"taxonomy":"product_cat","embeddable":true,"href":"https:\/\/www.pvtravels.com\/es\/wp-json\/wp\/v2\/product_cat?post=247"},{"taxonomy":"product_tag","embeddable":true,"href":"https:\/\/www.pvtravels.com\/es\/wp-json\/wp\/v2\/product_tag?post=247"}],"curies":[{"name":"wp","href":"https:\/\/api.w.org\/{rel}","templated":true}]}}