{"id":2306,"date":"2021-12-22T09:46:58","date_gmt":"2021-12-22T14:46:58","guid":{"rendered":"https:\/\/www.pvtravels.com\/tour\/sin%20categor\u00eda\/lima-paracas-nazca-3d-2n\/"},"modified":"2025-02-12T16:29:45","modified_gmt":"2025-02-12T21:29:45","slug":"lima-paracas-nazca-3d-2n","status":"publish","type":"product","link":"https:\/\/www.pvtravels.com\/es\/tour\/lima-nazca-paracas-ica-es\/paquetes\/lima-paracas-nazca-3d-2n\/","title":{"rendered":"Lima \u2013 Paracas \u2013 Nazca 3D\/2N"},"content":{"rendered":"\t\t<div data-elementor-type=\"product-post\" data-elementor-id=\"2306\" class=\"elementor elementor-2306 elementor-2262\" data-elementor-post-type=\"product\">\n\t\t\t\t\t\t<section class=\"elementor-section elementor-top-section elementor-element elementor-element-5cb91ac elementor-section-boxed elementor-section-height-default elementor-section-height-default\" data-id=\"5cb91ac\" data-element_type=\"section\" data-e-type=\"section\">\n\t\t\t\t\t\t<div class=\"elementor-container elementor-column-gap-default\">\n\t\t\t\t\t<div class=\"elementor-column elementor-col-100 elementor-top-column elementor-element elementor-element-73f6f59\" data-id=\"73f6f59\" data-element_type=\"column\" data-e-type=\"column\">\n\t\t\t<div class=\"elementor-widget-wrap elementor-element-populated\">\n\t\t\t\t\t\t<div class=\"elementor-element elementor-element-9ea4db6 elementor-widget elementor-widget-heading\" data-id=\"9ea4db6\" data-element_type=\"widget\" data-e-type=\"widget\" data-widget_type=\"heading.default\">\n\t\t\t\t<div class=\"elementor-widget-container\">\n\t\t\t\t\t<h3 class=\"elementor-heading-title elementor-size-default\">Itinerario:<\/h3>\t\t\t\t<\/div>\n\t\t\t\t<\/div>\n\t\t\t\t<div class=\"elementor-element elementor-element-1a2255e elementor-widget elementor-widget-accordion\" data-id=\"1a2255e\" data-element_type=\"widget\" data-e-type=\"widget\" data-widget_type=\"accordion.default\">\n\t\t\t\t<div class=\"elementor-widget-container\">\n\t\t\t\t\t\t\t<div class=\"elementor-accordion\">\n\t\t\t\t\t\t\t<div class=\"elementor-accordion-item\">\n\t\t\t\t\t<div id=\"elementor-tab-title-2741\" class=\"elementor-tab-title\" data-tab=\"1\" role=\"button\" aria-controls=\"elementor-tab-content-2741\" aria-expanded=\"false\">\n\t\t\t\t\t\t\t\t\t\t\t\t\t<span class=\"elementor-accordion-icon elementor-accordion-icon-left\" aria-hidden=\"true\">\n\t\t\t\t\t\t\t\t\t\t\t\t\t\t\t<span class=\"elementor-accordion-icon-closed\"><i class=\"fas fa-plus\"><\/i><\/span>\n\t\t\t\t\t\t\t\t<span class=\"elementor-accordion-icon-opened\"><i class=\"fas fa-minus\"><\/i><\/span>\n\t\t\t\t\t\t\t\t\t\t\t\t\t\t<\/span>\n\t\t\t\t\t\t\t\t\t\t\t\t<a class=\"elementor-accordion-title\" tabindex=\"0\">Dia 1: Lima - Chincha - Paracas<\/a>\n\t\t\t\t\t<\/div>\n\t\t\t\t\t<div id=\"elementor-tab-content-2741\" class=\"elementor-tab-content elementor-clearfix\" data-tab=\"1\" role=\"region\" aria-labelledby=\"elementor-tab-title-2741\"><p style=\"text-align: justify;\">Salida de Lima entre las 6:30 am &#8211; 7:00 am, desde el hotel en Lima (Miraflores, San Isidro o Barranco). Si se encuentra en un Airbnb o en un alojamiento privado, env\u00edenos un correo electr\u00f3nico y le confirmaremos la ubicaci\u00f3n y la hora exacta de recogida (\u00a1depende de d\u00f3nde se hospede!)<\/p><p style=\"text-align: justify;\">Tendremos una parada para el desayuno (no incluido) entre las 9:30 am y las 10:00 am. El desayuno se detiene en el exclusivo horno de pan: \u00a1el pan m\u00e1s fresco del Per\u00fa!<\/p><p style=\"text-align: justify;\">A las 12:00 pm tendremos una visita guiada a los T\u00faneles Secretos de los Esclavos de la Hacienda San Jos\u00e9 y descubriremos los asombrosos t\u00faneles secretos. Una vez utilizados para el contrabando de esclavos, estos t\u00faneles se pueden encontrar debajo de la hacienda, donde tambi\u00e9n aprender\u00e1 sobre un lado m\u00e1s oscuro de la historia peruana.<\/p><p style=\"text-align: justify;\">Alrededor de las 2:00 pm llegaremos al hermoso pueblito de Paracas junto al mar.<\/p><p style=\"text-align: justify;\">Tendremos el resto del d\u00eda libre para caminar por la tranquila playa y disfrutar del hermoso atardecer o disfrutar de algunos de los mariscos m\u00e1s sabrosos del Per\u00fa en este peque\u00f1o pueblo junto al mar.<\/p><p style=\"text-align: justify;\">Pernocte en Paracas.<\/p><\/div>\n\t\t\t\t<\/div>\n\t\t\t\t\t\t\t<div class=\"elementor-accordion-item\">\n\t\t\t\t\t<div id=\"elementor-tab-title-2742\" class=\"elementor-tab-title\" data-tab=\"2\" role=\"button\" aria-controls=\"elementor-tab-content-2742\" aria-expanded=\"false\">\n\t\t\t\t\t\t\t\t\t\t\t\t\t<span class=\"elementor-accordion-icon elementor-accordion-icon-left\" aria-hidden=\"true\">\n\t\t\t\t\t\t\t\t\t\t\t\t\t\t\t<span class=\"elementor-accordion-icon-closed\"><i class=\"fas fa-plus\"><\/i><\/span>\n\t\t\t\t\t\t\t\t<span class=\"elementor-accordion-icon-opened\"><i class=\"fas fa-minus\"><\/i><\/span>\n\t\t\t\t\t\t\t\t\t\t\t\t\t\t<\/span>\n\t\t\t\t\t\t\t\t\t\t\t\t<a class=\"elementor-accordion-title\" tabindex=\"0\">Dia 2:  Paracas - Huacachina<\/a>\n\t\t\t\t\t<\/div>\n\t\t\t\t\t<div id=\"elementor-tab-content-2742\" class=\"elementor-tab-content elementor-clearfix\" data-tab=\"2\" role=\"region\" aria-labelledby=\"elementor-tab-title-2742\"><p style=\"text-align: justify;\">Luego del desayuno en el hotel, nos trasladaremos al puerto de Paracas para comenzar nuestro tour en bote de 2 horas por las Islas Ballestas. Las Ballestas son una versi\u00f3n m\u00e1s peque\u00f1a de las Gal\u00e1pagos, e igual de geniales. Ver\u00e1 leones marinos, ping\u00fcinos y muchas aves en su h\u00e1bitat natural. Si tienes suerte, \u00a1incluso podr\u00e1s ver un delf\u00edn o tres!<\/p><p style=\"text-align: justify;\">A las 11:00 am tendremos nuestro recorrido por la Reserva Nacional de Paracas, una de las reservas des\u00e9rticas protegidas m\u00e1s grandes de Sudam\u00e9rica. Impresionante costa del Pac\u00edfico donde el desierto se encuentra con el oc\u00e9ano.<\/p><p style=\"text-align: justify;\">Alrededor de la 1:00 pm saldremos en bus de Paracas a Huacachina, un peque\u00f1o oasis natural ubicado en el desierto de Ica.<\/p><p style=\"text-align: justify;\">Donde tendremos 2 horas de emocionantes paseos en buggy y sandboard: s\u00fabete a los buggies y practica sandboard en las dunas m\u00e1s grandes de Sudam\u00e9rica. Una experiencia \u00fanica en el \u00fanico oasis natural en el desierto de Sudam\u00e9rica.<\/p><p style=\"text-align: justify;\">Pernocte en Huacachina.<\/p><\/div>\n\t\t\t\t<\/div>\n\t\t\t\t\t\t\t<div class=\"elementor-accordion-item\">\n\t\t\t\t\t<div id=\"elementor-tab-title-2743\" class=\"elementor-tab-title\" data-tab=\"3\" role=\"button\" aria-controls=\"elementor-tab-content-2743\" aria-expanded=\"false\">\n\t\t\t\t\t\t\t\t\t\t\t\t\t<span class=\"elementor-accordion-icon elementor-accordion-icon-left\" aria-hidden=\"true\">\n\t\t\t\t\t\t\t\t\t\t\t\t\t\t\t<span class=\"elementor-accordion-icon-closed\"><i class=\"fas fa-plus\"><\/i><\/span>\n\t\t\t\t\t\t\t\t<span class=\"elementor-accordion-icon-opened\"><i class=\"fas fa-minus\"><\/i><\/span>\n\t\t\t\t\t\t\t\t\t\t\t\t\t\t<\/span>\n\t\t\t\t\t\t\t\t\t\t\t\t<a class=\"elementor-accordion-title\" tabindex=\"0\">Dia 3: Huacachina - Nazca - Lima<\/a>\n\t\t\t\t\t<\/div>\n\t\t\t\t\t<div id=\"elementor-tab-content-2743\" class=\"elementor-tab-content elementor-clearfix\" data-tab=\"3\" role=\"region\" aria-labelledby=\"elementor-tab-title-2743\"><p style=\"text-align: justify;\">Luego del desayuno, a las 7:30 am, nos reuniremos en el albergue Wild Rover en Huacachina para iniciar nuestro viaje hacia la ciudad de Nazca. El viaje durar\u00e1 aproximadamente 3 horas.<\/p><p style=\"text-align: justify;\">Al llegar a Nazca, nos dirigiremos al aeropuerto para comenzar nuestro sobrevuelo de 35 minutos. El Tour de las L\u00edneas de Nazca es una Incre\u00edble Aventura, en la que podr\u00e1s disfrutar de la Adrenalina, los enormes dise\u00f1os grabados en el desierto han generado un gran misterio en las personas.<\/p><p style=\"text-align: justify;\">Entre las 12:30 pm y las 3:00 pm, tendremos tiempo libre en Nazca, para caminar por la ciudad des\u00e9rtica y descubrir algunos de sus hitos como la Plaza de Armas!<\/p><p style=\"text-align: justify;\">Saldremos de Nazca de regreso a Huacachina a las 3:00 pm.<\/p><p style=\"text-align: justify;\">Saldremos de regreso a Lima a las 7:00 pm con llegada aproximada a las 11:45 pm. Traslado al alojamiento o punto de partida.<\/p><p style=\"text-align: justify;\"><strong>Fin de nuestros servicios.<\/strong><\/p><\/div>\n\t\t\t\t<\/div>\n\t\t\t\t\t\t\t\t<\/div>\n\t\t\t\t\t\t<\/div>\n\t\t\t\t<\/div>\n\t\t\t\t<div class=\"elementor-element elementor-element-ac45da5 elementor-widget elementor-widget-text-editor\" data-id=\"ac45da5\" data-element_type=\"widget\" data-e-type=\"widget\" data-widget_type=\"text-editor.default\">\n\t\t\t\t<div class=\"elementor-widget-container\">\n\t\t\t\t\t\t\t\t\t<h3><span style=\"color: #008000;\"><strong>Qu\u00e9 est\u00e1 incluido<\/strong><strong>:<\/strong><\/span><\/h3><ul><li>Traslado desde alojamiento en Miraflores, San Isidro o Barranco<\/li><li>Transporte de ida y vuelta a Lima.<\/li><li>Transporte en bus<\/li><li>Gu\u00eda profesional en espa\u00f1ol<\/li><li>Tour a las Islas Ballestas en Paracas<\/li><li>Tour a la Reserva Nacional de Paracas en Paracas<\/li><li>Dune Buggy y Sandboard en Huacachina<\/li><li>Recorrido por los t\u00faneles secretos de esclavos en Chincha<\/li><li>Vuelo a las L\u00edneas de Nazca &#8211; NO GUIADO<\/li><li>1 noche en Paracas<\/li><li>1 noche en Huacachina<\/li><li>Desayuno en el hotel<\/li><\/ul><h3><span style=\"color: #008000;\"><strong>No incluido:<\/strong><\/span><\/h3><ul><li>Comidas no especificadas en el itinerario.<\/li><li>Alojamiento en Lima<\/li><li>Tasa de aeropuerto &#8211; 30 soles<\/li><\/ul><p><em>** El l\u00edmite de peso m\u00e1ximo para el vuelo por persona es de 95 kilos, se agregar\u00e1 un costo adicional de $ 80.00 si excede el l\u00edmite de peso dado.<\/em><\/p><h3><span style=\"color: #008000;\"><strong>Lista recomendada:<\/strong><\/span><\/h3><ul><li>Snacks (frutos secos, galletas, dulces, chocolates, etc.)<\/li><li>Zapatos para caminar o zapatillas de deporte.<\/li><li>Sombrero o gorra<\/li><li>Gafas de sol<\/li><li>Protector solar<\/li><li>Art\u00edculos de aseo<\/li><li>C\u00e1maras de foto \/ video y cargadores<\/li><li>Botella de agua<\/li><\/ul>\t\t\t\t\t\t\t\t<\/div>\n\t\t\t\t<\/div>\n\t\t\t\t\t<\/div>\n\t\t<\/div>\n\t\t\t\t\t<\/div>\n\t\t<\/section>\n\t\t\t\t<\/div>\n\t\t","protected":false},"excerpt":{"rendered":"<p><strong>CODIGO:<\/strong>\u00a0PVT-LT009<\/p>\n<ul>\n<li><strong>Salidas: Diarias<\/strong><\/li>\n<li><strong>Duraci\u00f3n:\u00a0 3 dias \/ 2 noches<\/strong><\/li>\n<\/ul>\n","protected":false},"featured_media":2125,"template":"","meta":{"site-sidebar-layout":"no-sidebar","site-content-layout":"page-builder","ast-site-content-layout":"full-width-container","site-content-style":"unboxed","site-sidebar-style":"unboxed","ast-global-header-display":"","ast-banner-title-visibility":"","ast-main-header-display":"","ast-hfb-above-header-display":"","ast-hfb-below-header-display":"","ast-hfb-mobile-header-display":"","site-post-title":"disabled","ast-breadcrumbs-content":"","ast-featured-img":"disabled","footer-sml-layout":"","ast-disable-related-posts":"","theme-transparent-header-meta":"default","adv-header-id-meta":"","stick-header-meta":"default","header-above-stick-meta":"","header-main-stick-meta":"","header-below-stick-meta":"","astra-migrate-meta-layouts":"set","ast-page-background-enabled":"default","ast-page-background-meta":{"desktop":{"background-color":"var(--ast-global-color-4)","background-image":"","background-repeat":"repeat","background-position":"center center","background-size":"auto","background-attachment":"scroll","background-type":"","background-media":"","overlay-type":"","overlay-color":"","overlay-opacity":"","overlay-gradient":""},"tablet":{"background-color":"","background-image":"","background-repeat":"repeat","background-position":"center center","background-size":"auto","background-attachment":"scroll","background-type":"","background-media":"","overlay-type":"","overlay-color":"","overlay-opacity":"","overlay-gradient":""},"mobile":{"background-color":"","background-image":"","background-repeat":"repeat","background-position":"center center","background-size":"auto","background-attachment":"scroll","background-type":"","background-media":"","overlay-type":"","overlay-color":"","overlay-opacity":"","overlay-gradient":""}},"ast-content-background-meta":{"desktop":{"background-color":"var(--ast-global-color-5)","background-image":"","background-repeat":"repeat","background-position":"center center","background-size":"auto","background-attachment":"scroll","background-type":"","background-media":"","overlay-type":"","overlay-color":"","overlay-opacity":"","overlay-gradient":""},"tablet":{"background-color":"var(--ast-global-color-5)","background-image":"","background-repeat":"repeat","background-position":"center center","background-size":"auto","background-attachment":"scroll","background-type":"","background-media":"","overlay-type":"","overlay-color":"","overlay-opacity":"","overlay-gradient":""},"mobile":{"background-color":"var(--ast-global-color-5)","background-image":"","background-repeat":"repeat","background-position":"center center","background-size":"auto","background-attachment":"scroll","background-type":"","background-media":"","overlay-type":"","overlay-color":"","overlay-opacity":"","overlay-gradient":""}},"_joinchat":[]},"product_brand":[],"product_cat":[149],"product_tag":[],"class_list":{"0":"post-2306","1":"product","2":"type-product","3":"status-publish","4":"has-post-thumbnail","6":"product_cat-paquetes","7":"desktop-align-center","8":"tablet-align-center","9":"mobile-align-center","10":"ast-product-gallery-layout-horizontal-slider","11":"ast-product-gallery-with-no-image","12":"ast-product-single-variable","13":"ast-product-tabs-layout-horizontal","15":"first","16":"instock","17":"shipping-taxable","18":"purchasable","19":"product-type-variable"},"_links":{"self":[{"href":"https:\/\/www.pvtravels.com\/es\/wp-json\/wp\/v2\/product\/2306","targetHints":{"allow":["GET"]}}],"collection":[{"href":"https:\/\/www.pvtravels.com\/es\/wp-json\/wp\/v2\/product"}],"about":[{"href":"https:\/\/www.pvtravels.com\/es\/wp-json\/wp\/v2\/types\/product"}],"version-history":[{"count":9,"href":"https:\/\/www.pvtravels.com\/es\/wp-json\/wp\/v2\/product\/2306\/revisions"}],"predecessor-version":[{"id":5837,"href":"https:\/\/www.pvtravels.com\/es\/wp-json\/wp\/v2\/product\/2306\/revisions\/5837"}],"wp:featuredmedia":[{"embeddable":true,"href":"https:\/\/www.pvtravels.com\/es\/wp-json\/wp\/v2\/media\/2125"}],"wp:attachment":[{"href":"https:\/\/www.pvtravels.com\/es\/wp-json\/wp\/v2\/media?parent=2306"}],"wp:term":[{"taxonomy":"product_brand","embeddable":true,"href":"https:\/\/www.pvtravels.com\/es\/wp-json\/wp\/v2\/product_brand?post=2306"},{"taxonomy":"product_cat","embeddable":true,"href":"https:\/\/www.pvtravels.com\/es\/wp-json\/wp\/v2\/product_cat?post=2306"},{"taxonomy":"product_tag","embeddable":true,"href":"https:\/\/www.pvtravels.com\/es\/wp-json\/wp\/v2\/product_tag?post=2306"}],"curies":[{"name":"wp","href":"https:\/\/api.w.org\/{rel}","templated":true}]}}