{"id":2288,"date":"2021-12-22T09:38:55","date_gmt":"2021-12-22T14:38:55","guid":{"rendered":"https:\/\/www.pvtravels.com\/tour\/sin%20categor\u00eda\/fullday-lima-paracas-huacachina\/"},"modified":"2022-02-02T12:54:17","modified_gmt":"2022-02-02T17:54:17","slug":"fullday-lima-paracas-huacachina","status":"publish","type":"product","link":"https:\/\/www.pvtravels.com\/es\/tour\/lima-nazca-paracas-ica-es\/paquetes\/fullday-lima-paracas-huacachina\/","title":{"rendered":"Fullday: Lima \u2013 Paracas &#8211; Huacachina"},"content":{"rendered":"\t\t<div data-elementor-type=\"product-post\" data-elementor-id=\"2288\" class=\"elementor elementor-2288 elementor-2240\" data-elementor-post-type=\"product\">\n\t\t\t\t\t\t<section class=\"elementor-section elementor-top-section elementor-element elementor-element-8ed975a elementor-section-boxed elementor-section-height-default elementor-section-height-default\" data-id=\"8ed975a\" data-element_type=\"section\" data-e-type=\"section\">\n\t\t\t\t\t\t<div class=\"elementor-container elementor-column-gap-default\">\n\t\t\t\t\t<div class=\"elementor-column elementor-col-100 elementor-top-column elementor-element elementor-element-6a974dfd\" data-id=\"6a974dfd\" data-element_type=\"column\" data-e-type=\"column\">\n\t\t\t<div class=\"elementor-widget-wrap elementor-element-populated\">\n\t\t\t\t\t\t<div class=\"elementor-element elementor-element-1537ffd4 elementor-widget elementor-widget-text-editor\" data-id=\"1537ffd4\" data-element_type=\"widget\" data-e-type=\"widget\" data-widget_type=\"text-editor.default\">\n\t\t\t\t<div class=\"elementor-widget-container\">\n\t\t\t\t\t\t\t\t\t<h3><span style=\"color: #008000;\"><strong>Itinerario:<\/strong><\/span><\/h3><p>Salida de Lima entre las 5:30 am &#8211; 6:00 am, desde el hotel en Lima (Miraflores, San Isidro o Barranco). Si est\u00e1s en un Airbnb o en un alojamiento privado, env\u00edanos un correo electr\u00f3nico y te confirmaremos la ubicaci\u00f3n y la hora exacta de recogida (\u00a1dependiendo de d\u00f3nde te alojes!)<\/p><p style=\"text-align: justify;\">Alrededor de las 09:30 estaremos llegando al peque\u00f1o y hermoso pueblo de Paracas junto al mar. Desde donde comenzaremos nuestro recorrido en bote de 2 horas por las Islas Ballestas. Las Ballestas son una versi\u00f3n m\u00e1s peque\u00f1a de las Gal\u00e1pagos, e igual de geniales. Ver\u00e1 leones marinos, ping\u00fcinos y muchas aves en su h\u00e1bitat natural. Si tienes suerte, \u00a1hasta podr\u00e1s ver uno o tres delfines!<\/p><p style=\"text-align: justify;\">A la 1:00 pm nuestro bus partir\u00e1 directamente de Paracas a Huacachina, un peque\u00f1o oasis natural ubicado en el desierto de Ica.<\/p><p style=\"text-align: justify;\">Llegaremos alrededor de las 3:30 pm donde tendremos tiempo libre para explorar y almorzar en uno de los restaurantes locales alrededor del oasis.<\/p><p style=\"text-align: justify;\">A las 4:00 pm comenzaremos nuestro recorrido de 2 horas de emocionantes paseos en buggy y sandboard: aborde los buggies y practique sandboard en las dunas m\u00e1s grandes de Am\u00e9rica del Sur. Una experiencia \u00fanica en el \u00fanico oasis natural en el desierto de Sudam\u00e9rica.<\/p><p style=\"text-align: justify;\">Saldremos de regreso a Lima a las 7:00 pm con llegada aproximada a las 11:45 pm. Traslado al alojamiento o punto de partida.<\/p><p style=\"text-align: justify;\">Fin de nuestros servicios.<\/p><h3><span style=\"color: #008000;\"><strong>Qu\u00e9 est\u00e1 incluido:<\/strong><\/span><\/h3><ul><li>Traslado desde alojamiento en Miraflores, San Isidro o Barranco<\/li><li>Transporte de ida y vuelta a Lima.<\/li><li>Transporte en bus<\/li><li>Gu\u00eda profesional en espa\u00f1ol<\/li><li>Entradas e impuestos para todos los destinos.<\/li><li>Tour a las Islas Ballestas en Paracas<\/li><li>Dune Buggy y Sandboard en Huacachina<\/li><\/ul><h3><span style=\"color: #008000;\"><strong>No incluido:<\/strong><\/span><\/h3><ul><li>Comidas no especificadas en el itinerario.<\/li><li>Alojamiento<\/li><\/ul><h3><span style=\"color: #008000;\"><strong>Lista recomendada<\/strong><\/span><\/h3><ul><li>Snacks (frutos secos, galletas, dulces, chocolates, etc.)<\/li><li>Zapatos para caminar o zapatillas de deporte.<\/li><li>Sombrero o gorra<\/li><li>Gafas de sol<\/li><li>Protector solar<\/li><li>Art\u00edculos de aseo<\/li><li>C\u00e1maras de foto \/ video y cargadores<\/li><li>Botella de agua<\/li><\/ul>\t\t\t\t\t\t\t\t<\/div>\n\t\t\t\t<\/div>\n\t\t\t\t\t<\/div>\n\t\t<\/div>\n\t\t\t\t\t<\/div>\n\t\t<\/section>\n\t\t\t\t<\/div>\n\t\t","protected":false},"excerpt":{"rendered":"<p><strong>CODE:<\/strong>\u00a0PVT-LT007<\/p>\n<ul>\n<li><strong>Salidas: Diarias<\/strong><\/li>\n<li><strong>Duraci\u00f3n: D\u00eda completo, llegada a Lima alrededor de las 11 p.m.<\/strong><\/li>\n<\/ul>\n","protected":false},"featured_media":3375,"template":"","meta":{"site-sidebar-layout":"default","site-content-layout":"default","ast-site-content-layout":"default","site-content-style":"default","site-sidebar-style":"default","ast-global-header-display":"","ast-banner-title-visibility":"","ast-main-header-display":"","ast-hfb-above-header-display":"","ast-hfb-below-header-display":"","ast-hfb-mobile-header-display":"","site-post-title":"","ast-breadcrumbs-content":"","ast-featured-img":"","footer-sml-layout":"","ast-disable-related-posts":"","theme-transparent-header-meta":"default","adv-header-id-meta":"","stick-header-meta":"default","header-above-stick-meta":"","header-main-stick-meta":"","header-below-stick-meta":"","astra-migrate-meta-layouts":"default","ast-page-background-enabled":"default","ast-page-background-meta":{"desktop":{"background-color":"var(--ast-global-color-4)","background-image":"","background-repeat":"repeat","background-position":"center center","background-size":"auto","background-attachment":"scroll","background-type":"","background-media":"","overlay-type":"","overlay-color":"","overlay-opacity":"","overlay-gradient":""},"tablet":{"background-color":"","background-image":"","background-repeat":"repeat","background-position":"center center","background-size":"auto","background-attachment":"scroll","background-type":"","background-media":"","overlay-type":"","overlay-color":"","overlay-opacity":"","overlay-gradient":""},"mobile":{"background-color":"","background-image":"","background-repeat":"repeat","background-position":"center center","background-size":"auto","background-attachment":"scroll","background-type":"","background-media":"","overlay-type":"","overlay-color":"","overlay-opacity":"","overlay-gradient":""}},"ast-content-background-meta":{"desktop":{"background-color":"var(--ast-global-color-5)","background-image":"","background-repeat":"repeat","background-position":"center center","background-size":"auto","background-attachment":"scroll","background-type":"","background-media":"","overlay-type":"","overlay-color":"","overlay-opacity":"","overlay-gradient":""},"tablet":{"background-color":"var(--ast-global-color-5)","background-image":"","background-repeat":"repeat","background-position":"center center","background-size":"auto","background-attachment":"scroll","background-type":"","background-media":"","overlay-type":"","overlay-color":"","overlay-opacity":"","overlay-gradient":""},"mobile":{"background-color":"var(--ast-global-color-5)","background-image":"","background-repeat":"repeat","background-position":"center center","background-size":"auto","background-attachment":"scroll","background-type":"","background-media":"","overlay-type":"","overlay-color":"","overlay-opacity":"","overlay-gradient":""}},"_joinchat":[]},"product_brand":[],"product_cat":[149],"product_tag":[],"class_list":{"0":"post-2288","1":"product","2":"type-product","3":"status-publish","4":"has-post-thumbnail","6":"product_cat-paquetes","7":"desktop-align-center","8":"tablet-align-center","9":"mobile-align-center","10":"ast-product-gallery-layout-horizontal-slider","11":"ast-product-gallery-with-no-image","12":"ast-product-tabs-layout-horizontal","14":"first","15":"instock","16":"shipping-taxable","17":"purchasable","18":"product-type-simple"},"_links":{"self":[{"href":"https:\/\/www.pvtravels.com\/es\/wp-json\/wp\/v2\/product\/2288","targetHints":{"allow":["GET"]}}],"collection":[{"href":"https:\/\/www.pvtravels.com\/es\/wp-json\/wp\/v2\/product"}],"about":[{"href":"https:\/\/www.pvtravels.com\/es\/wp-json\/wp\/v2\/types\/product"}],"version-history":[{"count":4,"href":"https:\/\/www.pvtravels.com\/es\/wp-json\/wp\/v2\/product\/2288\/revisions"}],"predecessor-version":[{"id":3378,"href":"https:\/\/www.pvtravels.com\/es\/wp-json\/wp\/v2\/product\/2288\/revisions\/3378"}],"wp:featuredmedia":[{"embeddable":true,"href":"https:\/\/www.pvtravels.com\/es\/wp-json\/wp\/v2\/media\/3375"}],"wp:attachment":[{"href":"https:\/\/www.pvtravels.com\/es\/wp-json\/wp\/v2\/media?parent=2288"}],"wp:term":[{"taxonomy":"product_brand","embeddable":true,"href":"https:\/\/www.pvtravels.com\/es\/wp-json\/wp\/v2\/product_brand?post=2288"},{"taxonomy":"product_cat","embeddable":true,"href":"https:\/\/www.pvtravels.com\/es\/wp-json\/wp\/v2\/product_cat?post=2288"},{"taxonomy":"product_tag","embeddable":true,"href":"https:\/\/www.pvtravels.com\/es\/wp-json\/wp\/v2\/product_tag?post=2288"}],"curies":[{"name":"wp","href":"https:\/\/api.w.org\/{rel}","templated":true}]}}