{"id":2141,"date":"2021-12-21T16:35:29","date_gmt":"2021-12-21T21:35:29","guid":{"rendered":"https:\/\/www.pvtravels.com\/tour\/sin%20categor\u00eda\/centro-ceremonial-cahuachi\/"},"modified":"2022-02-02T13:04:36","modified_gmt":"2022-02-02T18:04:36","slug":"centro-ceremonial-cahuachi","status":"publish","type":"product","link":"https:\/\/www.pvtravels.com\/es\/tour\/lima-nazca-paracas-ica-es\/nazca-es\/centro-ceremonial-cahuachi\/","title":{"rendered":"Centro Ceremonial Cahuachi"},"content":{"rendered":"<h3 style=\"text-align: justify;\"><span style=\"color: #008000;\"><strong>Itinerario:<\/strong><\/span><\/h3>\n<p style=\"text-align: justify;\">El centro ceremonial de Cahuachi tiene una gran importancia, ya que fue all\u00ed donde se desarroll\u00f3 la antigua cultura Nazca. Hay mucha evidencia que indica que los constructores de las L\u00edneas de Nazca rezaron en Cahuachi, toda esta evidencia est\u00e1 respaldada por la gran variedad de artefactos y los restos encontrados en Cahuachi incluyen calabazas grabadas con dise\u00f1os abstractos y relacionados con la naturaleza, textiles y cer\u00e1mica de la civilizaci\u00f3n nazca, textiles, instrumentos musicales, as\u00ed como los restos de un ni\u00f1o sacrificado y docenas de sitios de entierro que contienen momias que datan de hace 2000 a\u00f1os.<\/p>\n<p style=\"text-align: justify;\">Lo recoger\u00e1n de su hotel en Nazca y lo llevar\u00e1n a un recorrido tur\u00edstico por Cahuachi. Un gu\u00eda biling\u00fce (ingl\u00e9s \/ espa\u00f1ol) lo acompa\u00f1ar\u00e1 en este recorrido.<\/p>\n<p style=\"text-align: justify;\">Conduciremos nuestro recorrido hacia el oeste de Nazca hacia la secci\u00f3n inferior del valle de Nazca y atravesaremos campos agr\u00edcolas y un maravilloso paisaje des\u00e9rtico y, finalmente, antes de llegar a las ruinas de Cahuachi, nos detendremos en un \u00e1rbol de Huarango de doscientos a\u00f1os de antig\u00fcedad, donde aprendemos sobre cu\u00e1n \u00fatil fue este \u00e1rbol en esta civilizaci\u00f3n, luego de caminar un poco m\u00e1s nos toparemos con muchos fragmentos antiguos de cer\u00e1mica y restos humanos.<\/p>\n<p style=\"text-align: justify;\">Al llegar a Cahuachi, nuestro gu\u00eda local nos mostrar\u00e1 los sectores m\u00e1s importantes de Cahuachi, como la Gran Pir\u00e1mide, el Templo Escalonado y muchos otros sectores que constituyen las principales atracciones de Cahuachi.<\/p>\n<p style=\"text-align: justify;\">Al final del recorrido, lo llevar\u00e1n de regreso a su hotel en Nazca.<\/p>\n<h3><span style=\"color: #008000;\"><strong>Qu\u00e9 est\u00e1 incluido:<\/strong><\/span><\/h3>\n<ul>\n<li>Traslado de ida\/retorno al hotel en Nazca<\/li>\n<li>Gu\u00eda en ingl\u00e9s o espa\u00f1ol<\/li>\n<li>Entradas<\/li>\n<li>Transporte<\/li>\n<\/ul>\n<h3><span style=\"color: #008000;\"><strong>No incluido:<\/strong><\/span><\/h3>\n<ul>\n<li>Impuestos aeroportuarios<\/li>\n<li>Comidas no especificadas en el itinerario.<\/li>\n<li>Alojamiento<\/li>\n<\/ul>\n<h3><span style=\"color: #008000;\"><strong>Lista recomendada<\/strong><\/span><\/h3>\n<ul>\n<li>Snacks<\/li>\n<li>Zapatos para caminar o zapatillas de deporte<\/li>\n<li>Sombrero o gorra<\/li>\n<li>Gafas de sol<\/li>\n<li>Protector solar<\/li>\n<li>Art\u00edculos de tocador<\/li>\n<li>C\u00e1maras fotogr\u00e1ficas \/ de video y cargadores<\/li>\n<li>Botella de agua<\/li>\n<\/ul>\n","protected":false},"excerpt":{"rendered":"<p><strong>CODIGO: <\/strong>PVT-NT003<\/p>\n<ul>\n<li><strong>Salidas: diarias<\/strong><\/li>\n<li><strong>Duraci\u00f3n: aproximadamente 2 horas<\/strong><\/li>\n<\/ul>\n","protected":false},"featured_media":2135,"template":"","meta":{"site-sidebar-layout":"default","site-content-layout":"default","ast-site-content-layout":"default","site-content-style":"default","site-sidebar-style":"default","ast-global-header-display":"","ast-banner-title-visibility":"","ast-main-header-display":"","ast-hfb-above-header-display":"","ast-hfb-below-header-display":"","ast-hfb-mobile-header-display":"","site-post-title":"","ast-breadcrumbs-content":"","ast-featured-img":"","footer-sml-layout":"","ast-disable-related-posts":"","theme-transparent-header-meta":"default","adv-header-id-meta":"","stick-header-meta":"default","header-above-stick-meta":"","header-main-stick-meta":"","header-below-stick-meta":"","astra-migrate-meta-layouts":"default","ast-page-background-enabled":"default","ast-page-background-meta":{"desktop":{"background-color":"var(--ast-global-color-4)","background-image":"","background-repeat":"repeat","background-position":"center center","background-size":"auto","background-attachment":"scroll","background-type":"","background-media":"","overlay-type":"","overlay-color":"","overlay-opacity":"","overlay-gradient":""},"tablet":{"background-color":"","background-image":"","background-repeat":"repeat","background-position":"center center","background-size":"auto","background-attachment":"scroll","background-type":"","background-media":"","overlay-type":"","overlay-color":"","overlay-opacity":"","overlay-gradient":""},"mobile":{"background-color":"","background-image":"","background-repeat":"repeat","background-position":"center center","background-size":"auto","background-attachment":"scroll","background-type":"","background-media":"","overlay-type":"","overlay-color":"","overlay-opacity":"","overlay-gradient":""}},"ast-content-background-meta":{"desktop":{"background-color":"var(--ast-global-color-5)","background-image":"","background-repeat":"repeat","background-position":"center center","background-size":"auto","background-attachment":"scroll","background-type":"","background-media":"","overlay-type":"","overlay-color":"","overlay-opacity":"","overlay-gradient":""},"tablet":{"background-color":"var(--ast-global-color-5)","background-image":"","background-repeat":"repeat","background-position":"center center","background-size":"auto","background-attachment":"scroll","background-type":"","background-media":"","overlay-type":"","overlay-color":"","overlay-opacity":"","overlay-gradient":""},"mobile":{"background-color":"var(--ast-global-color-5)","background-image":"","background-repeat":"repeat","background-position":"center center","background-size":"auto","background-attachment":"scroll","background-type":"","background-media":"","overlay-type":"","overlay-color":"","overlay-opacity":"","overlay-gradient":""}},"_joinchat":[]},"product_brand":[],"product_cat":[107],"product_tag":[],"class_list":{"0":"post-2141","1":"product","2":"type-product","3":"status-publish","4":"has-post-thumbnail","6":"product_cat-nazca-es","7":"desktop-align-center","8":"tablet-align-center","9":"mobile-align-center","10":"ast-product-gallery-layout-horizontal-slider","11":"ast-product-gallery-with-no-image","12":"ast-product-tabs-layout-horizontal","14":"first","15":"instock","16":"shipping-taxable","17":"purchasable","18":"product-type-simple"},"_links":{"self":[{"href":"https:\/\/www.pvtravels.com\/es\/wp-json\/wp\/v2\/product\/2141","targetHints":{"allow":["GET"]}}],"collection":[{"href":"https:\/\/www.pvtravels.com\/es\/wp-json\/wp\/v2\/product"}],"about":[{"href":"https:\/\/www.pvtravels.com\/es\/wp-json\/wp\/v2\/types\/product"}],"version-history":[{"count":2,"href":"https:\/\/www.pvtravels.com\/es\/wp-json\/wp\/v2\/product\/2141\/revisions"}],"predecessor-version":[{"id":3385,"href":"https:\/\/www.pvtravels.com\/es\/wp-json\/wp\/v2\/product\/2141\/revisions\/3385"}],"wp:featuredmedia":[{"embeddable":true,"href":"https:\/\/www.pvtravels.com\/es\/wp-json\/wp\/v2\/media\/2135"}],"wp:attachment":[{"href":"https:\/\/www.pvtravels.com\/es\/wp-json\/wp\/v2\/media?parent=2141"}],"wp:term":[{"taxonomy":"product_brand","embeddable":true,"href":"https:\/\/www.pvtravels.com\/es\/wp-json\/wp\/v2\/product_brand?post=2141"},{"taxonomy":"product_cat","embeddable":true,"href":"https:\/\/www.pvtravels.com\/es\/wp-json\/wp\/v2\/product_cat?post=2141"},{"taxonomy":"product_tag","embeddable":true,"href":"https:\/\/www.pvtravels.com\/es\/wp-json\/wp\/v2\/product_tag?post=2141"}],"curies":[{"name":"wp","href":"https:\/\/api.w.org\/{rel}","templated":true}]}}