{"id":2139,"date":"2021-12-21T16:33:39","date_gmt":"2021-12-21T21:33:39","guid":{"rendered":"https:\/\/www.pvtravels.com\/tour\/sin%20categor\u00eda\/cementerio-chauchilla\/"},"modified":"2022-02-03T14:40:01","modified_gmt":"2022-02-03T19:40:01","slug":"cementerio-chauchilla","status":"publish","type":"product","link":"https:\/\/www.pvtravels.com\/es\/tour\/lima-nazca-paracas-ica-es\/nazca-es\/cementerio-chauchilla\/","title":{"rendered":"Cementerio Chauchilla"},"content":{"rendered":"<h3 style=\"text-align: justify;\"><span style=\"color: #008000;\"><strong>Itinerario:<\/strong><\/span><\/h3>\n<p style=\"text-align: justify;\">Lo recoger\u00e1n de su hotel en Nazca y lo llevar\u00e1n a un recorrido tur\u00edstico por el cementerio de Chauchilla. Un gu\u00eda biling\u00fce (ingl\u00e9s \/ espa\u00f1ol) lo acompa\u00f1ar\u00e1 en este recorrido.<\/p>\n<p style=\"text-align: justify;\">Primero comenzaremos nuestro recorrido haciendo una parada en el lugar donde un maestro artesano nos dar\u00e1 una buena explicaci\u00f3n sobre la cer\u00e1mica de Nazca para comprender m\u00e1s sobre la iconograf\u00eda y tambi\u00e9n sobre c\u00f3mo el antiguo pueblo de Nazca hizo alfarer\u00eda colorida y hermosa.<\/p>\n<p style=\"text-align: justify;\">Continuando nuestro recorrido, conduciremos hacia el sur de Nazca, siguiendo la ruta panamericana durante unos 21 kil\u00f3metros y luego haremos un desv\u00edo por un camino irregular de 7 kil\u00f3metros que conduce al cementerio arqueol\u00f3gico de Chauchilla.<\/p>\n<p style=\"text-align: justify;\">En el cementerio de Chauchilla visitaremos varias tumbas que contienen fragmentos antiguos de cer\u00e1mica y restos humanos. Y tambi\u00e9n nuestra gu\u00eda nos mostrar\u00e1 tumbas donde la gente no ha estado para descubrir qu\u00e9 hay all\u00ed.<\/p>\n<p style=\"text-align: justify;\">Al final del recorrido, lo llevar\u00e1n de regreso a su hotel en Nazca.<\/p>\n<h3><span style=\"color: #008000;\"><strong>Qu\u00e9 est\u00e1 incluido:<\/strong><\/span><\/h3>\n<ul>\n<li>Traslado de ida\/retorno al hotel en Nazca<\/li>\n<li>Gu\u00eda en ingl\u00e9s o espa\u00f1ol<\/li>\n<li>Entradas al cementerio de Chauchillas<\/li>\n<li>Transporte<\/li>\n<\/ul>\n<h3><span style=\"color: #008000;\"><strong>No incluido:<\/strong><\/span><\/h3>\n<ul>\n<li>Impuestos aeroportuarios<\/li>\n<li>Comidas no especificadas en el itinerario.<\/li>\n<li>Alojamiento<\/li>\n<\/ul>\n<h3><span style=\"color: #008000;\"><strong>Lista recomendada<\/strong><\/span><\/h3>\n<ul>\n<li>Snacks<\/li>\n<li>Zapatos para caminar o zapatillas de deporte<\/li>\n<li>Sombrero o gorra<\/li>\n<li>Gafas de sol<\/li>\n<li>Protector solar<\/li>\n<li>Art\u00edculos de tocador<\/li>\n<li>C\u00e1maras fotogr\u00e1ficas \/ de video y cargadores<\/li>\n<li>Botella de agua<\/li>\n<\/ul>\n","protected":false},"excerpt":{"rendered":"<p><strong>C\u00d3DIGO: <\/strong>PVT-NT002<\/p>\n<ul>\n<li><strong>Salidas: 7am \/ 3pm<\/strong><\/li>\n<li><strong>Duraci\u00f3n: aproximadamente 3 horas<\/strong><\/li>\n<\/ul>\n","protected":false},"featured_media":3642,"template":"","meta":{"site-sidebar-layout":"default","site-content-layout":"default","ast-site-content-layout":"default","site-content-style":"default","site-sidebar-style":"default","ast-global-header-display":"","ast-banner-title-visibility":"","ast-main-header-display":"","ast-hfb-above-header-display":"","ast-hfb-below-header-display":"","ast-hfb-mobile-header-display":"","site-post-title":"","ast-breadcrumbs-content":"","ast-featured-img":"","footer-sml-layout":"","ast-disable-related-posts":"","theme-transparent-header-meta":"default","adv-header-id-meta":"","stick-header-meta":"default","header-above-stick-meta":"","header-main-stick-meta":"","header-below-stick-meta":"","astra-migrate-meta-layouts":"default","ast-page-background-enabled":"default","ast-page-background-meta":{"desktop":{"background-color":"var(--ast-global-color-4)","background-image":"","background-repeat":"repeat","background-position":"center center","background-size":"auto","background-attachment":"scroll","background-type":"","background-media":"","overlay-type":"","overlay-color":"","overlay-opacity":"","overlay-gradient":""},"tablet":{"background-color":"","background-image":"","background-repeat":"repeat","background-position":"center center","background-size":"auto","background-attachment":"scroll","background-type":"","background-media":"","overlay-type":"","overlay-color":"","overlay-opacity":"","overlay-gradient":""},"mobile":{"background-color":"","background-image":"","background-repeat":"repeat","background-position":"center center","background-size":"auto","background-attachment":"scroll","background-type":"","background-media":"","overlay-type":"","overlay-color":"","overlay-opacity":"","overlay-gradient":""}},"ast-content-background-meta":{"desktop":{"background-color":"var(--ast-global-color-5)","background-image":"","background-repeat":"repeat","background-position":"center center","background-size":"auto","background-attachment":"scroll","background-type":"","background-media":"","overlay-type":"","overlay-color":"","overlay-opacity":"","overlay-gradient":""},"tablet":{"background-color":"var(--ast-global-color-5)","background-image":"","background-repeat":"repeat","background-position":"center center","background-size":"auto","background-attachment":"scroll","background-type":"","background-media":"","overlay-type":"","overlay-color":"","overlay-opacity":"","overlay-gradient":""},"mobile":{"background-color":"var(--ast-global-color-5)","background-image":"","background-repeat":"repeat","background-position":"center center","background-size":"auto","background-attachment":"scroll","background-type":"","background-media":"","overlay-type":"","overlay-color":"","overlay-opacity":"","overlay-gradient":""}},"_joinchat":[]},"product_brand":[],"product_cat":[107],"product_tag":[],"class_list":{"0":"post-2139","1":"product","2":"type-product","3":"status-publish","4":"has-post-thumbnail","6":"product_cat-nazca-es","7":"desktop-align-center","8":"tablet-align-center","9":"mobile-align-center","10":"ast-product-gallery-layout-horizontal-slider","11":"ast-product-gallery-with-no-image","12":"ast-product-tabs-layout-horizontal","14":"first","15":"instock","16":"shipping-taxable","17":"purchasable","18":"product-type-simple"},"_links":{"self":[{"href":"https:\/\/www.pvtravels.com\/es\/wp-json\/wp\/v2\/product\/2139","targetHints":{"allow":["GET"]}}],"collection":[{"href":"https:\/\/www.pvtravels.com\/es\/wp-json\/wp\/v2\/product"}],"about":[{"href":"https:\/\/www.pvtravels.com\/es\/wp-json\/wp\/v2\/types\/product"}],"version-history":[{"count":2,"href":"https:\/\/www.pvtravels.com\/es\/wp-json\/wp\/v2\/product\/2139\/revisions"}],"predecessor-version":[{"id":3386,"href":"https:\/\/www.pvtravels.com\/es\/wp-json\/wp\/v2\/product\/2139\/revisions\/3386"}],"wp:featuredmedia":[{"embeddable":true,"href":"https:\/\/www.pvtravels.com\/es\/wp-json\/wp\/v2\/media\/3642"}],"wp:attachment":[{"href":"https:\/\/www.pvtravels.com\/es\/wp-json\/wp\/v2\/media?parent=2139"}],"wp:term":[{"taxonomy":"product_brand","embeddable":true,"href":"https:\/\/www.pvtravels.com\/es\/wp-json\/wp\/v2\/product_brand?post=2139"},{"taxonomy":"product_cat","embeddable":true,"href":"https:\/\/www.pvtravels.com\/es\/wp-json\/wp\/v2\/product_cat?post=2139"},{"taxonomy":"product_tag","embeddable":true,"href":"https:\/\/www.pvtravels.com\/es\/wp-json\/wp\/v2\/product_tag?post=2139"}],"curies":[{"name":"wp","href":"https:\/\/api.w.org\/{rel}","templated":true}]}}