{"id":2137,"date":"2021-12-21T16:31:26","date_gmt":"2021-12-21T21:31:26","guid":{"rendered":"https:\/\/www.pvtravels.com\/tour\/sin%20categor\u00eda\/lineas-de-nazca-tour\/"},"modified":"2022-02-02T13:08:11","modified_gmt":"2022-02-02T18:08:11","slug":"lineas-de-nazca-tour","status":"publish","type":"product","link":"https:\/\/www.pvtravels.com\/es\/tour\/lima-nazca-paracas-ica-es\/nazca-es\/lineas-de-nazca-tour\/","title":{"rendered":"L\u00edneas de Nazca tour"},"content":{"rendered":"<h3 style=\"text-align: justify;\"><span style=\"color: #008000;\"><strong>Itinerario:<\/strong><\/span><\/h3>\n<p style=\"text-align: justify;\">Las l\u00edneas de Nazca son cientos de l\u00edneas rectas que a menudo superan un kil\u00f3metro de largo, grandes trapecios, espirales, tri\u00e1ngulos y dibujos de animales y personas se extienden en el desierto.<\/p>\n<p style=\"text-align: justify;\">Lo recoger\u00e1n de su hotel en Nazca y lo llevar\u00e1n al aer\u00f3dromo, donde abordar\u00e1 una avioneta para un memorable vuelo en las l\u00edneas de Nazca. Un gu\u00eda biling\u00fce (ingl\u00e9s \/ espa\u00f1ol) lo acompa\u00f1ar\u00e1 en este recorrido.<\/p>\n<p style=\"text-align: justify;\">Este vuelo sobre las L\u00edneas de Nazca cubrir\u00e1 la extensi\u00f3n del pedregoso desierto de Nazca, cuya superficie est\u00e1 marcada por dibujos gigantes y formas geom\u00e9tricas. El vuelo dura exactamente 30 minutos y es la mejor manera de ver estas fascinantes l\u00edneas y dibujos que han intrigado a las personas durante a\u00f1os.<\/p>\n<p style=\"text-align: justify;\">Aqu\u00ed, ver\u00e1 varias figuras dibujadas en la superficie pedregosa del desierto de Nazca, que representan animales y plantas estilizadas, distribuidas en un enorme laberinto de l\u00edneas, trapecios, tri\u00e1ngulos y espirales que se han conservado durante casi 2000 a\u00f1os. Son los restos m\u00e1s incre\u00edbles que una cultura antigua ha dejado atr\u00e1s. Estos dise\u00f1os, algunos de ellos de hasta 500 metros, solo se pueden apreciar desde el cielo a una altitud de 1,500 pies. Regreso al aer\u00f3dromo.<\/p>\n<p style=\"text-align: justify;\">Al final del vuelo de las l\u00edneas de Nazca, lo llevar\u00e1n de regreso a su hotel en Nazca.<\/p>\n<p>**\u00a0<em>El l\u00edmite de peso m\u00e1ximo para el vuelo por persona es de 95 kilos, se agregar\u00e1 un costo adicional de $80 si excede el l\u00edmite de peso dado.<\/em><\/p>\n<h3><span style=\"color: #008000;\"><strong>Qu\u00e9 est\u00e1 incluido:<\/strong><\/span><\/h3>\n<ul>\n<li>Traslado de ida\/retorno al hotel en Nazca<\/li>\n<li>Gu\u00eda en ingl\u00e9s o espa\u00f1ol<\/li>\n<li>Proyecci\u00f3n de video sobre las l\u00edneas de Nazca en el aeropuerto.<\/li>\n<li>Vuelo tur\u00edstico de 30 minutos sobre las l\u00edneas de Nazca.<\/li>\n<\/ul>\n<h3><span style=\"color: #008000;\"><strong>No incluido:<\/strong><\/span><\/h3>\n<ul>\n<li>Impuestos aeroportuarios<\/li>\n<li>Comidas no especificadas en el itinerario.<\/li>\n<li>Alojamiento<\/li>\n<\/ul>\n<h3><span style=\"color: #008000;\"><strong>Lista recomendada<\/strong><\/span><\/h3>\n<ul>\n<li>Snacks<\/li>\n<li>Zapatos para caminar o zapatillas de deporte<\/li>\n<li>Sombrero o gorra<\/li>\n<li>Gafas de sol<\/li>\n<li>Protector solar<\/li>\n<li>Art\u00edculos de tocador<\/li>\n<li>C\u00e1maras fotogr\u00e1ficas \/ de video y cargadores<\/li>\n<li>Botella de agua<\/li>\n<\/ul>\n","protected":false},"excerpt":{"rendered":"<p><strong>C\u00d3DIGO: <\/strong>PVT-NT001<\/p>\n<ul>\n<li><strong>Salidas: diarias<\/strong><\/li>\n<li><strong>Duraci\u00f3n: aproximadamente 30 minutos<\/strong><\/li>\n<\/ul>\n","protected":false},"featured_media":2125,"template":"","meta":{"site-sidebar-layout":"default","site-content-layout":"default","ast-site-content-layout":"default","site-content-style":"default","site-sidebar-style":"default","ast-global-header-display":"","ast-banner-title-visibility":"","ast-main-header-display":"","ast-hfb-above-header-display":"","ast-hfb-below-header-display":"","ast-hfb-mobile-header-display":"","site-post-title":"","ast-breadcrumbs-content":"","ast-featured-img":"","footer-sml-layout":"","ast-disable-related-posts":"","theme-transparent-header-meta":"default","adv-header-id-meta":"","stick-header-meta":"default","header-above-stick-meta":"","header-main-stick-meta":"","header-below-stick-meta":"","astra-migrate-meta-layouts":"default","ast-page-background-enabled":"default","ast-page-background-meta":{"desktop":{"background-color":"var(--ast-global-color-4)","background-image":"","background-repeat":"repeat","background-position":"center center","background-size":"auto","background-attachment":"scroll","background-type":"","background-media":"","overlay-type":"","overlay-color":"","overlay-opacity":"","overlay-gradient":""},"tablet":{"background-color":"","background-image":"","background-repeat":"repeat","background-position":"center center","background-size":"auto","background-attachment":"scroll","background-type":"","background-media":"","overlay-type":"","overlay-color":"","overlay-opacity":"","overlay-gradient":""},"mobile":{"background-color":"","background-image":"","background-repeat":"repeat","background-position":"center center","background-size":"auto","background-attachment":"scroll","background-type":"","background-media":"","overlay-type":"","overlay-color":"","overlay-opacity":"","overlay-gradient":""}},"ast-content-background-meta":{"desktop":{"background-color":"var(--ast-global-color-5)","background-image":"","background-repeat":"repeat","background-position":"center center","background-size":"auto","background-attachment":"scroll","background-type":"","background-media":"","overlay-type":"","overlay-color":"","overlay-opacity":"","overlay-gradient":""},"tablet":{"background-color":"var(--ast-global-color-5)","background-image":"","background-repeat":"repeat","background-position":"center center","background-size":"auto","background-attachment":"scroll","background-type":"","background-media":"","overlay-type":"","overlay-color":"","overlay-opacity":"","overlay-gradient":""},"mobile":{"background-color":"var(--ast-global-color-5)","background-image":"","background-repeat":"repeat","background-position":"center center","background-size":"auto","background-attachment":"scroll","background-type":"","background-media":"","overlay-type":"","overlay-color":"","overlay-opacity":"","overlay-gradient":""}},"_joinchat":[]},"product_brand":[],"product_cat":[107],"product_tag":[],"class_list":{"0":"post-2137","1":"product","2":"type-product","3":"status-publish","4":"has-post-thumbnail","6":"product_cat-nazca-es","7":"desktop-align-center","8":"tablet-align-center","9":"mobile-align-center","10":"ast-product-gallery-layout-horizontal-slider","11":"ast-product-gallery-with-no-image","12":"ast-product-tabs-layout-horizontal","14":"first","15":"instock","16":"shipping-taxable","17":"purchasable","18":"product-type-simple"},"_links":{"self":[{"href":"https:\/\/www.pvtravels.com\/es\/wp-json\/wp\/v2\/product\/2137","targetHints":{"allow":["GET"]}}],"collection":[{"href":"https:\/\/www.pvtravels.com\/es\/wp-json\/wp\/v2\/product"}],"about":[{"href":"https:\/\/www.pvtravels.com\/es\/wp-json\/wp\/v2\/types\/product"}],"version-history":[{"count":2,"href":"https:\/\/www.pvtravels.com\/es\/wp-json\/wp\/v2\/product\/2137\/revisions"}],"predecessor-version":[{"id":3387,"href":"https:\/\/www.pvtravels.com\/es\/wp-json\/wp\/v2\/product\/2137\/revisions\/3387"}],"wp:featuredmedia":[{"embeddable":true,"href":"https:\/\/www.pvtravels.com\/es\/wp-json\/wp\/v2\/media\/2125"}],"wp:attachment":[{"href":"https:\/\/www.pvtravels.com\/es\/wp-json\/wp\/v2\/media?parent=2137"}],"wp:term":[{"taxonomy":"product_brand","embeddable":true,"href":"https:\/\/www.pvtravels.com\/es\/wp-json\/wp\/v2\/product_brand?post=2137"},{"taxonomy":"product_cat","embeddable":true,"href":"https:\/\/www.pvtravels.com\/es\/wp-json\/wp\/v2\/product_cat?post=2137"},{"taxonomy":"product_tag","embeddable":true,"href":"https:\/\/www.pvtravels.com\/es\/wp-json\/wp\/v2\/product_tag?post=2137"}],"curies":[{"name":"wp","href":"https:\/\/api.w.org\/{rel}","templated":true}]}}