{"id":2111,"date":"2021-12-21T16:14:20","date_gmt":"2021-12-21T21:14:20","guid":{"rendered":"https:\/\/www.pvtravels.com\/tour\/sin%20categor\u00eda\/reserva-nacional-de-paracas\/"},"modified":"2022-02-02T13:11:07","modified_gmt":"2022-02-02T18:11:07","slug":"reserva-nacional-de-paracas","status":"publish","type":"product","link":"https:\/\/www.pvtravels.com\/es\/tour\/lima-nazca-paracas-ica-es\/paracas-es\/reserva-nacional-de-paracas\/","title":{"rendered":"Reserva Nacional de Paracas"},"content":{"rendered":"<h3><span style=\"color: #008000;\"><strong>Itinerario:<\/strong><\/span><\/h3>\n<p style=\"text-align: justify;\">La Reserva Nacional de Paracas tiene una de las mayores reservas marinas del Per\u00fa, que alberga m\u00e1s de 200 tipos de aves y una gran cantidad de especies marinas.<\/p>\n<p style=\"text-align: justify;\">Traslado desde el hotel en Paracas alrededor de las 11 a.m. para comenzar nuestra excursi\u00f3n al impresionante Desierto Costero de la Reserva Nacional de Paracas, visitaremos el Centro de Interpretaci\u00f3n de la reserva, que ofrece im\u00e1genes y fotos interesantes que muestran toda la vida y la fauna que existe en \u00e9l. Tambi\u00e9n haremos un recorrido por la pen\u00ednsula de Paracas, observando el colorido desierto amarillo rojizo, formaciones hechas por los vientos y visitando, sus hermosas playas, como la playa de Yumaque, la playa roja y la playa de Lagunillas, en esta playa tendr\u00e1n tiempo libre para que pueden almorzar (no incluido) ya que hay restaurantes frente a la playa o dar paseos por la playa en busca de fotos, luego regresaremos a Paracas aproximadamente a las 3:00 p.m.<\/p>\n<h3><span style=\"color: #008000;\"><strong>Qu\u00e9 est\u00e1 incluido:<\/strong><\/span><\/h3>\n<ul>\n<li>Traslado ida\/retorno del hotel en Paracas<\/li>\n<li>Gu\u00eda en ingl\u00e9s o espa\u00f1ol<\/li>\n<li>Recorrido deslizante moderno a las Islas Ballestas (duraci\u00f3n de 2 horas)<\/li>\n<\/ul>\n<h3><span style=\"color: #008000;\"><strong>No incluido:<\/strong><\/span><\/h3>\n<ul>\n<li>Tax Sernanp + Dock<\/li>\n<li>Comidas no especificadas en el itinerario.<\/li>\n<li>Alojamiento<\/li>\n<\/ul>\n<h3><span style=\"color: #008000;\"><strong>Lista recomendada<\/strong><\/span><\/h3>\n<ul>\n<li>Snacks<\/li>\n<li>Zapatos para caminar o zapatillas de deporte<\/li>\n<li>Sombrero o gorra<\/li>\n<li>Gafas de sol<\/li>\n<li>Protector solar<\/li>\n<li>Art\u00edculos de tocador<\/li>\n<li>C\u00e1maras fotogr\u00e1ficas \/ de video y cargadores<\/li>\n<li>Agua<\/li>\n<\/ul>\n","protected":false},"excerpt":{"rendered":"<p><strong>CODIGO: <\/strong>PVT-PT002<\/p>\n<ul>\n<li><strong>Salidas: diarias<\/strong><\/li>\n<li><strong>Duraci\u00f3n: aproximadamente 3 horas<\/strong><\/li>\n<\/ul>\n","protected":false},"featured_media":2102,"template":"","meta":{"site-sidebar-layout":"default","site-content-layout":"default","ast-site-content-layout":"default","site-content-style":"default","site-sidebar-style":"default","ast-global-header-display":"","ast-banner-title-visibility":"","ast-main-header-display":"","ast-hfb-above-header-display":"","ast-hfb-below-header-display":"","ast-hfb-mobile-header-display":"","site-post-title":"","ast-breadcrumbs-content":"","ast-featured-img":"","footer-sml-layout":"","ast-disable-related-posts":"","theme-transparent-header-meta":"default","adv-header-id-meta":"","stick-header-meta":"default","header-above-stick-meta":"","header-main-stick-meta":"","header-below-stick-meta":"","astra-migrate-meta-layouts":"default","ast-page-background-enabled":"default","ast-page-background-meta":{"desktop":{"background-color":"var(--ast-global-color-4)","background-image":"","background-repeat":"repeat","background-position":"center center","background-size":"auto","background-attachment":"scroll","background-type":"","background-media":"","overlay-type":"","overlay-color":"","overlay-opacity":"","overlay-gradient":""},"tablet":{"background-color":"","background-image":"","background-repeat":"repeat","background-position":"center center","background-size":"auto","background-attachment":"scroll","background-type":"","background-media":"","overlay-type":"","overlay-color":"","overlay-opacity":"","overlay-gradient":""},"mobile":{"background-color":"","background-image":"","background-repeat":"repeat","background-position":"center center","background-size":"auto","background-attachment":"scroll","background-type":"","background-media":"","overlay-type":"","overlay-color":"","overlay-opacity":"","overlay-gradient":""}},"ast-content-background-meta":{"desktop":{"background-color":"var(--ast-global-color-5)","background-image":"","background-repeat":"repeat","background-position":"center center","background-size":"auto","background-attachment":"scroll","background-type":"","background-media":"","overlay-type":"","overlay-color":"","overlay-opacity":"","overlay-gradient":""},"tablet":{"background-color":"var(--ast-global-color-5)","background-image":"","background-repeat":"repeat","background-position":"center center","background-size":"auto","background-attachment":"scroll","background-type":"","background-media":"","overlay-type":"","overlay-color":"","overlay-opacity":"","overlay-gradient":""},"mobile":{"background-color":"var(--ast-global-color-5)","background-image":"","background-repeat":"repeat","background-position":"center center","background-size":"auto","background-attachment":"scroll","background-type":"","background-media":"","overlay-type":"","overlay-color":"","overlay-opacity":"","overlay-gradient":""}},"_joinchat":[]},"product_brand":[],"product_cat":[108],"product_tag":[],"class_list":{"0":"post-2111","1":"product","2":"type-product","3":"status-publish","4":"has-post-thumbnail","6":"product_cat-paracas-es","7":"desktop-align-center","8":"tablet-align-center","9":"mobile-align-center","10":"ast-product-gallery-layout-horizontal-slider","11":"ast-product-gallery-with-no-image","12":"ast-product-tabs-layout-horizontal","14":"first","15":"instock","16":"shipping-taxable","17":"purchasable","18":"product-type-simple"},"_links":{"self":[{"href":"https:\/\/www.pvtravels.com\/es\/wp-json\/wp\/v2\/product\/2111","targetHints":{"allow":["GET"]}}],"collection":[{"href":"https:\/\/www.pvtravels.com\/es\/wp-json\/wp\/v2\/product"}],"about":[{"href":"https:\/\/www.pvtravels.com\/es\/wp-json\/wp\/v2\/types\/product"}],"version-history":[{"count":3,"href":"https:\/\/www.pvtravels.com\/es\/wp-json\/wp\/v2\/product\/2111\/revisions"}],"predecessor-version":[{"id":3389,"href":"https:\/\/www.pvtravels.com\/es\/wp-json\/wp\/v2\/product\/2111\/revisions\/3389"}],"wp:featuredmedia":[{"embeddable":true,"href":"https:\/\/www.pvtravels.com\/es\/wp-json\/wp\/v2\/media\/2102"}],"wp:attachment":[{"href":"https:\/\/www.pvtravels.com\/es\/wp-json\/wp\/v2\/media?parent=2111"}],"wp:term":[{"taxonomy":"product_brand","embeddable":true,"href":"https:\/\/www.pvtravels.com\/es\/wp-json\/wp\/v2\/product_brand?post=2111"},{"taxonomy":"product_cat","embeddable":true,"href":"https:\/\/www.pvtravels.com\/es\/wp-json\/wp\/v2\/product_cat?post=2111"},{"taxonomy":"product_tag","embeddable":true,"href":"https:\/\/www.pvtravels.com\/es\/wp-json\/wp\/v2\/product_tag?post=2111"}],"curies":[{"name":"wp","href":"https:\/\/api.w.org\/{rel}","templated":true}]}}