{"id":1983,"date":"2021-12-21T12:13:07","date_gmt":"2021-12-21T17:13:07","guid":{"rendered":"https:\/\/www.pvtravels.com\/tour\/sin%20categor\u00eda\/arequipa-y-canon-del-colca-5d-4n\/"},"modified":"2026-03-07T09:45:15","modified_gmt":"2026-03-07T14:45:15","slug":"arequipa-y-canon-del-colca-5d-4n","status":"publish","type":"product","link":"https:\/\/www.pvtravels.com\/es\/tour\/arequipa-es\/paquetes-arequipa\/arequipa-y-canon-del-colca-5d-4n\/","title":{"rendered":"Arequipa y Ca\u00f1on del Colca 5D\/4N"},"content":{"rendered":"\t\t<div data-elementor-type=\"product-post\" data-elementor-id=\"1983\" class=\"elementor elementor-1983 elementor-1930\" data-elementor-post-type=\"product\">\n\t\t\t\t\t\t<section class=\"elementor-section elementor-top-section elementor-element elementor-element-4635ea1 elementor-section-boxed elementor-section-height-default elementor-section-height-default\" data-id=\"4635ea1\" data-element_type=\"section\" data-e-type=\"section\">\n\t\t\t\t\t\t<div class=\"elementor-container elementor-column-gap-default\">\n\t\t\t\t\t<div class=\"elementor-column elementor-col-100 elementor-top-column elementor-element elementor-element-381c1c1\" data-id=\"381c1c1\" data-element_type=\"column\" data-e-type=\"column\">\n\t\t\t<div class=\"elementor-widget-wrap elementor-element-populated\">\n\t\t\t\t\t\t<div class=\"elementor-element elementor-element-7ef7d80 elementor-widget elementor-widget-heading\" data-id=\"7ef7d80\" data-element_type=\"widget\" data-e-type=\"widget\" data-widget_type=\"heading.default\">\n\t\t\t\t<div class=\"elementor-widget-container\">\n\t\t\t\t\t<h3 class=\"elementor-heading-title elementor-size-default\">Itinerario:<\/h3>\t\t\t\t<\/div>\n\t\t\t\t<\/div>\n\t\t\t\t<div class=\"elementor-element elementor-element-0e4a509 elementor-widget elementor-widget-accordion\" data-id=\"0e4a509\" data-element_type=\"widget\" data-e-type=\"widget\" data-widget_type=\"accordion.default\">\n\t\t\t\t<div class=\"elementor-widget-container\">\n\t\t\t\t\t\t\t<div class=\"elementor-accordion\">\n\t\t\t\t\t\t\t<div class=\"elementor-accordion-item\">\n\t\t\t\t\t<div id=\"elementor-tab-title-1491\" class=\"elementor-tab-title\" data-tab=\"1\" role=\"button\" aria-controls=\"elementor-tab-content-1491\" aria-expanded=\"false\">\n\t\t\t\t\t\t\t\t\t\t\t\t\t<span class=\"elementor-accordion-icon elementor-accordion-icon-left\" aria-hidden=\"true\">\n\t\t\t\t\t\t\t\t\t\t\t\t\t\t\t<span class=\"elementor-accordion-icon-closed\"><i class=\"fas fa-plus\"><\/i><\/span>\n\t\t\t\t\t\t\t\t<span class=\"elementor-accordion-icon-opened\"><i class=\"fas fa-minus\"><\/i><\/span>\n\t\t\t\t\t\t\t\t\t\t\t\t\t\t<\/span>\n\t\t\t\t\t\t\t\t\t\t\t\t<a class=\"elementor-accordion-title\" tabindex=\"0\">D\u00eda 1: Llegada a Arequipa.<\/a>\n\t\t\t\t\t<\/div>\n\t\t\t\t\t<div id=\"elementor-tab-content-1491\" class=\"elementor-tab-content elementor-clearfix\" data-tab=\"1\" role=\"region\" aria-labelledby=\"elementor-tab-title-1491\"><p>Una vez que lleguemos a Arequipa, seremos recogidos y transferidos al hotel. Despu\u00e9s del check-in en el hotel, tendremos la ma\u00f1ana libre para ir de compras o descansar.<\/p><p>** Se recomienda llegar antes de las 11 de la ma\u00f1ana.<\/p><p><strong>Tarde:. Arequipa City tour<\/strong><\/p><p>Por la tarde, alrededor de las 13: 30h comenzaremos nuestro recorrido por la ciudad de Arequipa, visitaremos el Monasterio de Santa Catalina, luego visitaremos la Plaza de Armas, una de las m\u00e1s bellas del Per\u00fa, la Iglesia Jesuita de la Compa\u00f1\u00eda, que en su hermosa fachada anuncia la llamada arquitectura mestiza, sus claustros y su c\u00fapula, la casa de Trist\u00e1n del Pozo y al final, y para una vista magn\u00edfica de la ciudad, visitaremos los t\u00edpicos distritos de Carmen alto y Yanahuara. (Mirador e Iglesia). Regresaremos a Arequipa alrededor de las 6pm.<\/p><p>Pernocte en Arequipa.<\/p><\/div>\n\t\t\t\t<\/div>\n\t\t\t\t\t\t\t<div class=\"elementor-accordion-item\">\n\t\t\t\t\t<div id=\"elementor-tab-title-1492\" class=\"elementor-tab-title\" data-tab=\"2\" role=\"button\" aria-controls=\"elementor-tab-content-1492\" aria-expanded=\"false\">\n\t\t\t\t\t\t\t\t\t\t\t\t\t<span class=\"elementor-accordion-icon elementor-accordion-icon-left\" aria-hidden=\"true\">\n\t\t\t\t\t\t\t\t\t\t\t\t\t\t\t<span class=\"elementor-accordion-icon-closed\"><i class=\"fas fa-plus\"><\/i><\/span>\n\t\t\t\t\t\t\t\t<span class=\"elementor-accordion-icon-opened\"><i class=\"fas fa-minus\"><\/i><\/span>\n\t\t\t\t\t\t\t\t\t\t\t\t\t\t<\/span>\n\t\t\t\t\t\t\t\t\t\t\t\t<a class=\"elementor-accordion-title\" tabindex=\"0\">D\u00eda 2: Arequipa - Ca\u00f1\u00f3n del Colca<\/a>\n\t\t\t\t\t<\/div>\n\t\t\t\t\t<div id=\"elementor-tab-content-1492\" class=\"elementor-tab-content elementor-clearfix\" data-tab=\"2\" role=\"region\" aria-labelledby=\"elementor-tab-title-1492\"><p style=\"text-align: justify;\">A las 8:00am lo recogemos de su hotel para salir de Arequipa (2,325m) destino a la monta\u00f1a nevada Chachani en nuestro transporte. Veremos vicu\u00f1as silvestres, alpacas y llamas en la Reserva Nacional de Pampa Ca\u00f1ahu, as\u00ed como aves como flamencos, ibis, gansos andinos, patos, \u00e1guilas y andinos llamados Kara Kara.<\/p><p style=\"text-align: justify;\">Tambi\u00e9n visitaremos el mirador de volcanes y monta\u00f1as nevadas en Patapampa (4,800m).<\/p><p style=\"text-align: justify;\">Al llegar a Chivay (3.600 m), la capital del Valle del Colca, almorzaremos y disfrutaremos de una tarde libre para descansar.<\/p><p style=\"text-align: justify;\">Pernocte en hotel 3 * chivay.<\/p><\/div>\n\t\t\t\t<\/div>\n\t\t\t\t\t\t\t<div class=\"elementor-accordion-item\">\n\t\t\t\t\t<div id=\"elementor-tab-title-1493\" class=\"elementor-tab-title\" data-tab=\"3\" role=\"button\" aria-controls=\"elementor-tab-content-1493\" aria-expanded=\"false\">\n\t\t\t\t\t\t\t\t\t\t\t\t\t<span class=\"elementor-accordion-icon elementor-accordion-icon-left\" aria-hidden=\"true\">\n\t\t\t\t\t\t\t\t\t\t\t\t\t\t\t<span class=\"elementor-accordion-icon-closed\"><i class=\"fas fa-plus\"><\/i><\/span>\n\t\t\t\t\t\t\t\t<span class=\"elementor-accordion-icon-opened\"><i class=\"fas fa-minus\"><\/i><\/span>\n\t\t\t\t\t\t\t\t\t\t\t\t\t\t<\/span>\n\t\t\t\t\t\t\t\t\t\t\t\t<a class=\"elementor-accordion-title\" tabindex=\"0\">D\u00eda 3: Ca\u00f1\u00f3n del Colca- Arequipa<\/a>\n\t\t\t\t\t<\/div>\n\t\t\t\t\t<div id=\"elementor-tab-content-1493\" class=\"elementor-tab-content elementor-clearfix\" data-tab=\"3\" role=\"region\" aria-labelledby=\"elementor-tab-title-1493\"><p style=\"text-align: justify;\">Temprano por la ma\u00f1ana despu\u00e9s del desayuno (alrededor de las 6:00 am), salimos para una excursi\u00f3n de un d\u00eda completo en el lado izquierdo del ca\u00f1\u00f3n y visitamos hermosos pueblos como Yanque y Maca con iglesias coloniales y gente amable que est\u00e1 feliz de mostrar su ropa bordada tradicional. Vea cientos de terrazas pre-incas que a\u00fan se utilizan para la granja y el ma\u00edz andino, la quinoa, el amaranto y otros.<\/p><p style=\"text-align: justify;\">Despu\u00e9s de un viaje de dos horas, llegamos al lugar que estaba esperando: La Cruz del C\u00f3ndor. Aqu\u00ed podemos ver la profundidad del ca\u00f1\u00f3n y el maravilloso recorrido del c\u00f3ndor. Tiempo libre para observar a los c\u00f3ndores y explorar el mirador. Luego regresamos a Arequipa donde llegaremos alrededor de las 5:00 pm y nos trasladaremos a su hotel.<\/p><p style=\"text-align: justify;\">Pernocte en Arequipa.<\/p><\/div>\n\t\t\t\t<\/div>\n\t\t\t\t\t\t\t<div class=\"elementor-accordion-item\">\n\t\t\t\t\t<div id=\"elementor-tab-title-1494\" class=\"elementor-tab-title\" data-tab=\"4\" role=\"button\" aria-controls=\"elementor-tab-content-1494\" aria-expanded=\"false\">\n\t\t\t\t\t\t\t\t\t\t\t\t\t<span class=\"elementor-accordion-icon elementor-accordion-icon-left\" aria-hidden=\"true\">\n\t\t\t\t\t\t\t\t\t\t\t\t\t\t\t<span class=\"elementor-accordion-icon-closed\"><i class=\"fas fa-plus\"><\/i><\/span>\n\t\t\t\t\t\t\t\t<span class=\"elementor-accordion-icon-opened\"><i class=\"fas fa-minus\"><\/i><\/span>\n\t\t\t\t\t\t\t\t\t\t\t\t\t\t<\/span>\n\t\t\t\t\t\t\t\t\t\t\t\t<a class=\"elementor-accordion-title\" tabindex=\"0\">D\u00eda 4: Ma\u00f1ana:. Ruta del Sillar<\/a>\n\t\t\t\t\t<\/div>\n\t\t\t\t\t<div id=\"elementor-tab-content-1494\" class=\"elementor-tab-content elementor-clearfix\" data-tab=\"4\" role=\"region\" aria-labelledby=\"elementor-tab-title-1494\"><p style=\"text-align: justify;\">Recojo de nuestro alojamiento alrededor de las 9 am y traslado a las canteras de sillar en el distrito de Cerro Colorado. En un tiempo de arpo. A 30 minutos del centro de Arequipa, llegamos a este lugar conocido como las Canteras A\u00f1ashuayco, en este lugar podemos ver d\u00f3nde los alba\u00f1iles toman Ignimbrite y luego pacientemente desarrollan el Sillar, explicaremos en detalle su preparaci\u00f3n y tambi\u00e9n Aprende la historia detr\u00e1s del Sillar. A su debido tiempo retornaremos a la ciudad de Arequipa y llegaremos alrededor de la 1pm.<\/p><p style=\"text-align: justify;\">Tarde libre para disfrutar de la ciudad o visitar museos.<\/p><p style=\"text-align: justify;\">Pernocte en Arequipa.<\/p><\/div>\n\t\t\t\t<\/div>\n\t\t\t\t\t\t\t<div class=\"elementor-accordion-item\">\n\t\t\t\t\t<div id=\"elementor-tab-title-1495\" class=\"elementor-tab-title\" data-tab=\"5\" role=\"button\" aria-controls=\"elementor-tab-content-1495\" aria-expanded=\"false\">\n\t\t\t\t\t\t\t\t\t\t\t\t\t<span class=\"elementor-accordion-icon elementor-accordion-icon-left\" aria-hidden=\"true\">\n\t\t\t\t\t\t\t\t\t\t\t\t\t\t\t<span class=\"elementor-accordion-icon-closed\"><i class=\"fas fa-plus\"><\/i><\/span>\n\t\t\t\t\t\t\t\t<span class=\"elementor-accordion-icon-opened\"><i class=\"fas fa-minus\"><\/i><\/span>\n\t\t\t\t\t\t\t\t\t\t\t\t\t\t<\/span>\n\t\t\t\t\t\t\t\t\t\t\t\t<a class=\"elementor-accordion-title\" tabindex=\"0\">D\u00eda 5: Salida de Arequipa.<\/a>\n\t\t\t\t\t<\/div>\n\t\t\t\t\t<div id=\"elementor-tab-content-1495\" class=\"elementor-tab-content elementor-clearfix\" data-tab=\"5\" role=\"region\" aria-labelledby=\"elementor-tab-title-1495\"><p>Despu\u00e9s del desayuno en el hotel, traslado al aeropuerto para su vuelo de salida.<\/p><p>Nota: Check out en el hotel a las 11am.<\/p><p>Fin de nuestros servicios.<\/p><\/div>\n\t\t\t\t<\/div>\n\t\t\t\t\t\t\t\t<\/div>\n\t\t\t\t\t\t<\/div>\n\t\t\t\t<\/div>\n\t\t\t\t<div class=\"elementor-element elementor-element-d2786f4 elementor-widget elementor-widget-text-editor\" data-id=\"d2786f4\" data-element_type=\"widget\" data-e-type=\"widget\" data-widget_type=\"text-editor.default\">\n\t\t\t\t<div class=\"elementor-widget-container\">\n\t\t\t\t\t\t\t\t\t<h3><span style=\"color: #008000;\"><strong>Qu\u00e9 est\u00e1 incluido:<\/strong><\/span><\/h3><ul><li>Recoger y dejar en el aeropuerto de Arequipa (o en la estaci\u00f3n de autobuses)<\/li><li>Visita a la ciudad de Arequipa<\/li><li>Visita al Monasterio de Santa Catalina.<\/li><li>Visita al Ca\u00f1\u00f3n del Colca, Cruz del C\u00f3ndor, Yanque, Chivay, Reserva Nacional de Pampa Ca\u00f1ahuas.<\/li><li>Boleto tur\u00edstico al ca\u00f1\u00f3n del colca.<\/li><li>Entrada al Monasterio de Santa Catalina.<\/li><li>Ruta del sillar<\/li><li>Gu\u00eda profesional en ingl\u00e9s o espa\u00f1ol.<\/li><li>3 noches Arequipa\u00a0<\/li><li>1 noche en Chivay\u00a0<\/li><li>Desayuno en el alojamiento.<\/li><li>Almuerzo en Chivay el d\u00eda 2.<\/li><li>Todo el transporte.<\/li><li>Soporte 24\/7<\/li><\/ul><h3><span style=\"color: #008000;\"><strong>No incluido:<\/strong><\/span><\/h3><ul><li>Comidas no especificadas en el itinerario<\/li><li>Entradas a aguas termales<\/li><li>Vuelo \/ bus desde \/ hacia Arequipa<\/li><\/ul><h3><span style=\"color: #008000;\"><strong>Lista recomendada:<\/strong><\/span><\/h3><ul><li>Snacks (frutas secas, galletas, caramelos, chocolates, etc)<\/li><li>Zapatos para caminar o zapatillas de deporte<\/li><li>Guantes<\/li><li>Traje de ba\u00f1o (opcional para aguas termales)<\/li><li>Sombrero o gorra<\/li><li>Lentes de sol<\/li><li>Protector solar<\/li><li>Art\u00edculos de aseo<\/li><li>Botella de agua<\/li><li>Art\u00edculos de ba\u00f1o (champ\u00fa, jab\u00f3n, crema corporal)<\/li><\/ul>\t\t\t\t\t\t\t\t<\/div>\n\t\t\t\t<\/div>\n\t\t\t\t\t<\/div>\n\t\t<\/div>\n\t\t\t\t\t<\/div>\n\t\t<\/section>\n\t\t\t\t<\/div>\n\t\t","protected":false},"excerpt":{"rendered":"<p><strong>C\u00d3DIGO:<\/strong> PVT-AP003<\/p>\n<ul>\n<li><strong>Salidas: Diarias.<\/strong><\/li>\n<li><strong>Duraci\u00f3n: 5 d\u00edas \/ 4 noches.<\/strong><\/li>\n<\/ul>\n","protected":false},"featured_media":3405,"template":"","meta":{"site-sidebar-layout":"no-sidebar","site-content-layout":"page-builder","ast-site-content-layout":"full-width-container","site-content-style":"unboxed","site-sidebar-style":"unboxed","ast-global-header-display":"","ast-banner-title-visibility":"","ast-main-header-display":"","ast-hfb-above-header-display":"","ast-hfb-below-header-display":"","ast-hfb-mobile-header-display":"","site-post-title":"disabled","ast-breadcrumbs-content":"","ast-featured-img":"disabled","footer-sml-layout":"","ast-disable-related-posts":"","theme-transparent-header-meta":"default","adv-header-id-meta":"","stick-header-meta":"default","header-above-stick-meta":"","header-main-stick-meta":"","header-below-stick-meta":"","astra-migrate-meta-layouts":"set","ast-page-background-enabled":"default","ast-page-background-meta":{"desktop":{"background-color":"var(--ast-global-color-4)","background-image":"","background-repeat":"repeat","background-position":"center center","background-size":"auto","background-attachment":"scroll","background-type":"","background-media":"","overlay-type":"","overlay-color":"","overlay-opacity":"","overlay-gradient":""},"tablet":{"background-color":"","background-image":"","background-repeat":"repeat","background-position":"center center","background-size":"auto","background-attachment":"scroll","background-type":"","background-media":"","overlay-type":"","overlay-color":"","overlay-opacity":"","overlay-gradient":""},"mobile":{"background-color":"","background-image":"","background-repeat":"repeat","background-position":"center center","background-size":"auto","background-attachment":"scroll","background-type":"","background-media":"","overlay-type":"","overlay-color":"","overlay-opacity":"","overlay-gradient":""}},"ast-content-background-meta":{"desktop":{"background-color":"var(--ast-global-color-5)","background-image":"","background-repeat":"repeat","background-position":"center center","background-size":"auto","background-attachment":"scroll","background-type":"","background-media":"","overlay-type":"","overlay-color":"","overlay-opacity":"","overlay-gradient":""},"tablet":{"background-color":"var(--ast-global-color-5)","background-image":"","background-repeat":"repeat","background-position":"center center","background-size":"auto","background-attachment":"scroll","background-type":"","background-media":"","overlay-type":"","overlay-color":"","overlay-opacity":"","overlay-gradient":""},"mobile":{"background-color":"var(--ast-global-color-5)","background-image":"","background-repeat":"repeat","background-position":"center center","background-size":"auto","background-attachment":"scroll","background-type":"","background-media":"","overlay-type":"","overlay-color":"","overlay-opacity":"","overlay-gradient":""}},"_joinchat":[]},"product_brand":[],"product_cat":[87,89],"product_tag":[],"class_list":{"0":"post-1983","1":"product","2":"type-product","3":"status-publish","4":"has-post-thumbnail","6":"product_cat-arequipa-es","7":"product_cat-paquetes-arequipa","8":"desktop-align-center","9":"tablet-align-center","10":"mobile-align-center","11":"ast-product-gallery-layout-horizontal-slider","12":"ast-product-gallery-with-no-image","13":"ast-product-single-variable","14":"ast-product-tabs-layout-horizontal","16":"first","17":"instock","18":"shipping-taxable","19":"purchasable","20":"product-type-variable"},"_links":{"self":[{"href":"https:\/\/www.pvtravels.com\/es\/wp-json\/wp\/v2\/product\/1983","targetHints":{"allow":["GET"]}}],"collection":[{"href":"https:\/\/www.pvtravels.com\/es\/wp-json\/wp\/v2\/product"}],"about":[{"href":"https:\/\/www.pvtravels.com\/es\/wp-json\/wp\/v2\/types\/product"}],"version-history":[{"count":12,"href":"https:\/\/www.pvtravels.com\/es\/wp-json\/wp\/v2\/product\/1983\/revisions"}],"predecessor-version":[{"id":6854,"href":"https:\/\/www.pvtravels.com\/es\/wp-json\/wp\/v2\/product\/1983\/revisions\/6854"}],"wp:featuredmedia":[{"embeddable":true,"href":"https:\/\/www.pvtravels.com\/es\/wp-json\/wp\/v2\/media\/3405"}],"wp:attachment":[{"href":"https:\/\/www.pvtravels.com\/es\/wp-json\/wp\/v2\/media?parent=1983"}],"wp:term":[{"taxonomy":"product_brand","embeddable":true,"href":"https:\/\/www.pvtravels.com\/es\/wp-json\/wp\/v2\/product_brand?post=1983"},{"taxonomy":"product_cat","embeddable":true,"href":"https:\/\/www.pvtravels.com\/es\/wp-json\/wp\/v2\/product_cat?post=1983"},{"taxonomy":"product_tag","embeddable":true,"href":"https:\/\/www.pvtravels.com\/es\/wp-json\/wp\/v2\/product_tag?post=1983"}],"curies":[{"name":"wp","href":"https:\/\/api.w.org\/{rel}","templated":true}]}}