{"id":1968,"date":"2021-12-21T12:02:09","date_gmt":"2021-12-21T17:02:09","guid":{"rendered":"https:\/\/www.pvtravels.com\/tour\/sin%20categor\u00eda\/arequipa-y-canon-del-colca-4d-3n\/"},"modified":"2026-03-07T09:44:12","modified_gmt":"2026-03-07T14:44:12","slug":"arequipa-y-canon-del-colca-4d-3n","status":"publish","type":"product","link":"https:\/\/www.pvtravels.com\/es\/tour\/arequipa-es\/paquetes-arequipa\/arequipa-y-canon-del-colca-4d-3n\/","title":{"rendered":"Arequipa &#038; Ca\u00f1on del Colca &#038; Ruta del Sillar 4D\/3N"},"content":{"rendered":"\t\t<div data-elementor-type=\"product-post\" data-elementor-id=\"1968\" class=\"elementor elementor-1968 elementor-1914\" data-elementor-post-type=\"product\">\n\t\t\t\t\t\t<section class=\"elementor-section elementor-top-section elementor-element elementor-element-e8b57b6 elementor-section-boxed elementor-section-height-default elementor-section-height-default\" data-id=\"e8b57b6\" data-element_type=\"section\" data-e-type=\"section\">\n\t\t\t\t\t\t<div class=\"elementor-container elementor-column-gap-default\">\n\t\t\t\t\t<div class=\"elementor-column elementor-col-100 elementor-top-column elementor-element elementor-element-69a0bcf\" data-id=\"69a0bcf\" data-element_type=\"column\" data-e-type=\"column\">\n\t\t\t<div class=\"elementor-widget-wrap elementor-element-populated\">\n\t\t\t\t\t\t<div class=\"elementor-element elementor-element-d9fe1eb elementor-widget elementor-widget-heading\" data-id=\"d9fe1eb\" data-element_type=\"widget\" data-e-type=\"widget\" data-widget_type=\"heading.default\">\n\t\t\t\t<div class=\"elementor-widget-container\">\n\t\t\t\t\t<h3 class=\"elementor-heading-title elementor-size-default\">Itinerario:<\/h3>\t\t\t\t<\/div>\n\t\t\t\t<\/div>\n\t\t\t\t<div class=\"elementor-element elementor-element-0b6d457 elementor-widget elementor-widget-accordion\" data-id=\"0b6d457\" data-element_type=\"widget\" data-e-type=\"widget\" data-widget_type=\"accordion.default\">\n\t\t\t\t<div class=\"elementor-widget-container\">\n\t\t\t\t\t\t\t<div class=\"elementor-accordion\">\n\t\t\t\t\t\t\t<div class=\"elementor-accordion-item\">\n\t\t\t\t\t<div id=\"elementor-tab-title-1191\" class=\"elementor-tab-title\" data-tab=\"1\" role=\"button\" aria-controls=\"elementor-tab-content-1191\" aria-expanded=\"false\">\n\t\t\t\t\t\t\t\t\t\t\t\t\t<span class=\"elementor-accordion-icon elementor-accordion-icon-left\" aria-hidden=\"true\">\n\t\t\t\t\t\t\t\t\t\t\t\t\t\t\t<span class=\"elementor-accordion-icon-closed\"><i class=\"fas fa-plus\"><\/i><\/span>\n\t\t\t\t\t\t\t\t<span class=\"elementor-accordion-icon-opened\"><i class=\"fas fa-minus\"><\/i><\/span>\n\t\t\t\t\t\t\t\t\t\t\t\t\t\t<\/span>\n\t\t\t\t\t\t\t\t\t\t\t\t<a class=\"elementor-accordion-title\" tabindex=\"0\">D\u00eda 1: Llegada a Arequipa.<\/a>\n\t\t\t\t\t<\/div>\n\t\t\t\t\t<div id=\"elementor-tab-content-1191\" class=\"elementor-tab-content elementor-clearfix\" data-tab=\"1\" role=\"region\" aria-labelledby=\"elementor-tab-title-1191\"><p>Una vez que lleguemos a Arequipa, seremos recogidos y transferidos al hotel. Despu\u00e9s del check-in en el hotel, tendremos la ma\u00f1ana libre para ir de compras o descansar.<br \/>** Se recomienda llegar antes de las 11 de la ma\u00f1ana.<\/p><p><strong>Tarde:. Arequipa City tour<\/strong><\/p><p>Por la tarde, alrededor de las 13: 30h comenzaremos nuestro recorrido por la ciudad de Arequipa, visitaremos el Monasterio de Santa Catalina, luego visitaremos la Plaza de Armas, una de las m\u00e1s bellas del Per\u00fa, la Iglesia Jesuita de la Compa\u00f1\u00eda, que en su hermosa fachada anuncia la llamada arquitectura mestiza, sus claustros y su c\u00fapula, la casa de Trist\u00e1n del Pozo y al final, y para una vista magn\u00edfica de la ciudad, visitaremos los t\u00edpicos distritos de Carmen alto y Yanahuara. (Mirador e Iglesia). Regresaremos a Arequipa alrededor de las 6pm.<\/p><p>Pernocte en Arequipa.<\/p><\/div>\n\t\t\t\t<\/div>\n\t\t\t\t\t\t\t<div class=\"elementor-accordion-item\">\n\t\t\t\t\t<div id=\"elementor-tab-title-1192\" class=\"elementor-tab-title\" data-tab=\"2\" role=\"button\" aria-controls=\"elementor-tab-content-1192\" aria-expanded=\"false\">\n\t\t\t\t\t\t\t\t\t\t\t\t\t<span class=\"elementor-accordion-icon elementor-accordion-icon-left\" aria-hidden=\"true\">\n\t\t\t\t\t\t\t\t\t\t\t\t\t\t\t<span class=\"elementor-accordion-icon-closed\"><i class=\"fas fa-plus\"><\/i><\/span>\n\t\t\t\t\t\t\t\t<span class=\"elementor-accordion-icon-opened\"><i class=\"fas fa-minus\"><\/i><\/span>\n\t\t\t\t\t\t\t\t\t\t\t\t\t\t<\/span>\n\t\t\t\t\t\t\t\t\t\t\t\t<a class=\"elementor-accordion-title\" tabindex=\"0\">D\u00eda 2: D\u00eda completo:. Ca\u00f1\u00f3n del Colca<\/a>\n\t\t\t\t\t<\/div>\n\t\t\t\t\t<div id=\"elementor-tab-content-1192\" class=\"elementor-tab-content elementor-clearfix\" data-tab=\"2\" role=\"region\" aria-labelledby=\"elementor-tab-title-1192\"><p>Saldremos de Arequipa entre las 2:30 y las 3:00 a. m., conduciremos durante 3 horas hacia el noroeste detr\u00e1s del Chachani hasta Chivay, la capital del Ca\u00f1\u00f3n del Colca. Donde desayunaremos.<\/p><p>Continuamos conduciendo durante 2 horas en el lugar m\u00e1s famoso del Ca\u00f1\u00f3n del Colca \u00abLa Cruz del C\u00f3ndor\u00bb. Aqu\u00ed es donde vemos la profundidad del ca\u00f1\u00f3n y el vuelo del C\u00f3ndor. La zona cuenta con hermosos pueblos t\u00edpicos como Yanque y Maca, iglesias coloniales, gente amable con vestidos y sombreros con costuras t\u00edpicas, y cientos de terrazas preincas que a\u00fan se utilizan con cultivos andinos como el ma\u00edz, la quinua y el amaranto. Ya en Chivay al mediod\u00eda se realiza una visita opcional a las termas de La Calera, con pozas que tienen una temperatura del agua de 40\u00b0C\/104\u00b0F.<\/p><p>Una vez en Chivay tendremos un almuerzo tradicional y luego del almuerzo viajaremos de regreso a Arequipa. Nos detenemos en el camino, en el escal\u00f3n m\u00e1s alto: el mirador de los volcanes y nevados de Patapampa (4.800 m). Posteriormente veremos vicu\u00f1as, alpacas y llamas salvajes en la reserva nacional de Pampa Ca\u00f1ahuas y algunas aves como flamencos, ibis, gansos andinos, patos y \u00e1guilas andinas llamadas en quechua \u00abKara Kara\u00bb. Finalmente arribamos a la ciudad de Arequipa al final de la tarde, aproximadamente a las 17:00 horas.<\/p><p>Pernocte en Arequipa<\/p><\/div>\n\t\t\t\t<\/div>\n\t\t\t\t\t\t\t<div class=\"elementor-accordion-item\">\n\t\t\t\t\t<div id=\"elementor-tab-title-1193\" class=\"elementor-tab-title\" data-tab=\"3\" role=\"button\" aria-controls=\"elementor-tab-content-1193\" aria-expanded=\"false\">\n\t\t\t\t\t\t\t\t\t\t\t\t\t<span class=\"elementor-accordion-icon elementor-accordion-icon-left\" aria-hidden=\"true\">\n\t\t\t\t\t\t\t\t\t\t\t\t\t\t\t<span class=\"elementor-accordion-icon-closed\"><i class=\"fas fa-plus\"><\/i><\/span>\n\t\t\t\t\t\t\t\t<span class=\"elementor-accordion-icon-opened\"><i class=\"fas fa-minus\"><\/i><\/span>\n\t\t\t\t\t\t\t\t\t\t\t\t\t\t<\/span>\n\t\t\t\t\t\t\t\t\t\t\t\t<a class=\"elementor-accordion-title\" tabindex=\"0\">D\u00eda 3: Ma\u00f1ana:. Tour Canteras del Sillar<\/a>\n\t\t\t\t\t<\/div>\n\t\t\t\t\t<div id=\"elementor-tab-content-1193\" class=\"elementor-tab-content elementor-clearfix\" data-tab=\"3\" role=\"region\" aria-labelledby=\"elementor-tab-title-1193\"><p>Recojo de nuestro alojamiento alrededor de las 9am y traslado a las canteras de sillar en el distrito de Cerro Colorado. En un tiempo de arpo. A 30 minutos del centro de Arequipa arribamos a este lugar conocido como las Canteras A\u00f1ashuayco, en este lugar podemos ver de donde es que los canteros toman Ignimbrita para luego pacientemente lograr elaborar el Sillar, les explicaremos detalladamente la preparaci\u00f3n del mismo y tambi\u00e9n ellos Conoce la historia detr\u00e1s del Sillar. En hora oportuna retornamos a la Ciudad de Arequipa y llegaremos alrededor de la 1pm<\/p><p>Tarde libre para disfrutar de la ciudad o visitar museos.<\/p><p>Pernocte en Arequipa<\/p><\/div>\n\t\t\t\t<\/div>\n\t\t\t\t\t\t\t<div class=\"elementor-accordion-item\">\n\t\t\t\t\t<div id=\"elementor-tab-title-1194\" class=\"elementor-tab-title\" data-tab=\"4\" role=\"button\" aria-controls=\"elementor-tab-content-1194\" aria-expanded=\"false\">\n\t\t\t\t\t\t\t\t\t\t\t\t\t<span class=\"elementor-accordion-icon elementor-accordion-icon-left\" aria-hidden=\"true\">\n\t\t\t\t\t\t\t\t\t\t\t\t\t\t\t<span class=\"elementor-accordion-icon-closed\"><i class=\"fas fa-plus\"><\/i><\/span>\n\t\t\t\t\t\t\t\t<span class=\"elementor-accordion-icon-opened\"><i class=\"fas fa-minus\"><\/i><\/span>\n\t\t\t\t\t\t\t\t\t\t\t\t\t\t<\/span>\n\t\t\t\t\t\t\t\t\t\t\t\t<a class=\"elementor-accordion-title\" tabindex=\"0\">D\u00eda 4: Salida de Arequipa.<\/a>\n\t\t\t\t\t<\/div>\n\t\t\t\t\t<div id=\"elementor-tab-content-1194\" class=\"elementor-tab-content elementor-clearfix\" data-tab=\"4\" role=\"region\" aria-labelledby=\"elementor-tab-title-1194\"><p>Despu\u00e9s del desayuno en el hotel, traslado al aeropuerto para su vuelo de salida.<\/p><p>Nota: Check out en el hotel a las 11am.<\/p><p>Fin de nuestros servicios!<\/p><\/div>\n\t\t\t\t<\/div>\n\t\t\t\t\t\t\t<div class=\"elementor-accordion-item\">\n\t\t\t\t\t<div id=\"elementor-tab-title-1195\" class=\"elementor-tab-title\" data-tab=\"5\" role=\"button\" aria-controls=\"elementor-tab-content-1195\" aria-expanded=\"false\">\n\t\t\t\t\t\t\t\t\t\t\t\t\t<span class=\"elementor-accordion-icon elementor-accordion-icon-left\" aria-hidden=\"true\">\n\t\t\t\t\t\t\t\t\t\t\t\t\t\t\t<span class=\"elementor-accordion-icon-closed\"><i class=\"fas fa-plus\"><\/i><\/span>\n\t\t\t\t\t\t\t\t<span class=\"elementor-accordion-icon-opened\"><i class=\"fas fa-minus\"><\/i><\/span>\n\t\t\t\t\t\t\t\t\t\t\t\t\t\t<\/span>\n\t\t\t\t\t\t\t\t\t\t\t\t<a class=\"elementor-accordion-title\" tabindex=\"0\">Accordion Title<\/a>\n\t\t\t\t\t<\/div>\n\t\t\t\t\t<div id=\"elementor-tab-content-1195\" class=\"elementor-tab-content elementor-clearfix\" data-tab=\"5\" role=\"region\" aria-labelledby=\"elementor-tab-title-1195\"><p>Accordion Content<\/p><\/div>\n\t\t\t\t<\/div>\n\t\t\t\t\t\t\t\t<\/div>\n\t\t\t\t\t\t<\/div>\n\t\t\t\t<\/div>\n\t\t\t\t<div class=\"elementor-element elementor-element-11dcdf8 elementor-widget elementor-widget-text-editor\" data-id=\"11dcdf8\" data-element_type=\"widget\" data-e-type=\"widget\" data-widget_type=\"text-editor.default\">\n\t\t\t\t<div class=\"elementor-widget-container\">\n\t\t\t\t\t\t\t\t\t<h3><span style=\"color: #008000;\"><strong>Qu\u00e9 est\u00e1 incluido:<\/strong><\/span><\/h3><ul><li>Traslado del aeropuerto de Arequipa (o en la estaci\u00f3n de autobuses)<\/li><li>Visita a la ciudad de Arequipa<\/li><li>Visita al Monasterio de Santa Catalina<\/li><li>Visita al Ca\u00f1\u00f3n del Colca, Cruz del C\u00f3ndor, Yanque, Chivay, Reserva Nacional de Pampa Ca\u00f1ahuas<\/li><li>Boleto tur\u00edstico al ca\u00f1\u00f3n del colca<\/li><li>Entrada al Monasterio de Santa Catalina<\/li><li>Gu\u00eda profesional en ingl\u00e9s o espa\u00f1ol<\/li><li>3 noches en Arequipa<\/li><li>Desayuno en el alojamiento<\/li><li>Almuerzo en Chivay<\/li><li>Todo el transporte<\/li><li>Soporte 24\/7<\/li><\/ul><h3><span style=\"color: #008000;\"><strong>No incluido:<\/strong><\/span><\/h3><ul><li>Comidas no especificadas en el itinerario<\/li><li>Entradas a aguas termales<\/li><li>Vuelo \/ bus desde \/ hacia Arequipa<\/li><\/ul><h3><span style=\"color: #008000;\"><strong>Lista recomendada:<\/strong><\/span><\/h3><ul><li>Snacks (frutas secas, galletas, caramelos, chocolates, etc)<\/li><li>Zapatos para caminar o zapatillas de deporte<\/li><li>Guantes<\/li><li>Traje de ba\u00f1o (opcional para aguas termales)<\/li><li>Sombrero o gorra<\/li><li>Lentes de sol<\/li><li>Protector solar<\/li><li>Art\u00edculos de aseo<\/li><li>Botella de agua<\/li><li>Art\u00edculos de ba\u00f1o (champ\u00fa, jab\u00f3n, crema corporal)<\/li><\/ul>\t\t\t\t\t\t\t\t<\/div>\n\t\t\t\t<\/div>\n\t\t\t\t\t<\/div>\n\t\t<\/div>\n\t\t\t\t\t<\/div>\n\t\t<\/section>\n\t\t\t\t<\/div>\n\t\t","protected":false},"excerpt":{"rendered":"<p><strong>C\u00d3DIGO:<\/strong> PVT-AP003<\/p>\n<ul>\n<li><strong>Salidas: Diarias.<\/strong><\/li>\n<li><strong>Duraci\u00f3n: 4 d\u00edas \/ 3 noches.<\/strong><\/li>\n<\/ul>\n","protected":false},"featured_media":3421,"template":"","meta":{"site-sidebar-layout":"no-sidebar","site-content-layout":"page-builder","ast-site-content-layout":"full-width-container","site-content-style":"unboxed","site-sidebar-style":"unboxed","ast-global-header-display":"","ast-banner-title-visibility":"","ast-main-header-display":"","ast-hfb-above-header-display":"","ast-hfb-below-header-display":"","ast-hfb-mobile-header-display":"","site-post-title":"disabled","ast-breadcrumbs-content":"","ast-featured-img":"disabled","footer-sml-layout":"","ast-disable-related-posts":"","theme-transparent-header-meta":"default","adv-header-id-meta":"","stick-header-meta":"default","header-above-stick-meta":"","header-main-stick-meta":"","header-below-stick-meta":"","astra-migrate-meta-layouts":"set","ast-page-background-enabled":"default","ast-page-background-meta":{"desktop":{"background-color":"var(--ast-global-color-4)","background-image":"","background-repeat":"repeat","background-position":"center center","background-size":"auto","background-attachment":"scroll","background-type":"","background-media":"","overlay-type":"","overlay-color":"","overlay-opacity":"","overlay-gradient":""},"tablet":{"background-color":"","background-image":"","background-repeat":"repeat","background-position":"center center","background-size":"auto","background-attachment":"scroll","background-type":"","background-media":"","overlay-type":"","overlay-color":"","overlay-opacity":"","overlay-gradient":""},"mobile":{"background-color":"","background-image":"","background-repeat":"repeat","background-position":"center center","background-size":"auto","background-attachment":"scroll","background-type":"","background-media":"","overlay-type":"","overlay-color":"","overlay-opacity":"","overlay-gradient":""}},"ast-content-background-meta":{"desktop":{"background-color":"var(--ast-global-color-5)","background-image":"","background-repeat":"repeat","background-position":"center center","background-size":"auto","background-attachment":"scroll","background-type":"","background-media":"","overlay-type":"","overlay-color":"","overlay-opacity":"","overlay-gradient":""},"tablet":{"background-color":"var(--ast-global-color-5)","background-image":"","background-repeat":"repeat","background-position":"center center","background-size":"auto","background-attachment":"scroll","background-type":"","background-media":"","overlay-type":"","overlay-color":"","overlay-opacity":"","overlay-gradient":""},"mobile":{"background-color":"var(--ast-global-color-5)","background-image":"","background-repeat":"repeat","background-position":"center center","background-size":"auto","background-attachment":"scroll","background-type":"","background-media":"","overlay-type":"","overlay-color":"","overlay-opacity":"","overlay-gradient":""}},"_joinchat":[]},"product_brand":[],"product_cat":[87,89],"product_tag":[],"class_list":{"0":"post-1968","1":"product","2":"type-product","3":"status-publish","4":"has-post-thumbnail","6":"product_cat-arequipa-es","7":"product_cat-paquetes-arequipa","8":"desktop-align-center","9":"tablet-align-center","10":"mobile-align-center","11":"ast-product-gallery-layout-horizontal-slider","12":"ast-product-gallery-with-no-image","13":"ast-product-single-variable","14":"ast-product-tabs-layout-horizontal","16":"first","17":"instock","18":"shipping-taxable","19":"purchasable","20":"product-type-variable"},"_links":{"self":[{"href":"https:\/\/www.pvtravels.com\/es\/wp-json\/wp\/v2\/product\/1968","targetHints":{"allow":["GET"]}}],"collection":[{"href":"https:\/\/www.pvtravels.com\/es\/wp-json\/wp\/v2\/product"}],"about":[{"href":"https:\/\/www.pvtravels.com\/es\/wp-json\/wp\/v2\/types\/product"}],"version-history":[{"count":16,"href":"https:\/\/www.pvtravels.com\/es\/wp-json\/wp\/v2\/product\/1968\/revisions"}],"predecessor-version":[{"id":6851,"href":"https:\/\/www.pvtravels.com\/es\/wp-json\/wp\/v2\/product\/1968\/revisions\/6851"}],"wp:featuredmedia":[{"embeddable":true,"href":"https:\/\/www.pvtravels.com\/es\/wp-json\/wp\/v2\/media\/3421"}],"wp:attachment":[{"href":"https:\/\/www.pvtravels.com\/es\/wp-json\/wp\/v2\/media?parent=1968"}],"wp:term":[{"taxonomy":"product_brand","embeddable":true,"href":"https:\/\/www.pvtravels.com\/es\/wp-json\/wp\/v2\/product_brand?post=1968"},{"taxonomy":"product_cat","embeddable":true,"href":"https:\/\/www.pvtravels.com\/es\/wp-json\/wp\/v2\/product_cat?post=1968"},{"taxonomy":"product_tag","embeddable":true,"href":"https:\/\/www.pvtravels.com\/es\/wp-json\/wp\/v2\/product_tag?post=1968"}],"curies":[{"name":"wp","href":"https:\/\/api.w.org\/{rel}","templated":true}]}}