{"id":1863,"date":"2021-12-21T11:04:52","date_gmt":"2021-12-21T16:04:52","guid":{"rendered":"https:\/\/www.pvtravels.com\/tour\/sin%20categor\u00eda\/rafting-rio-chilli\/"},"modified":"2022-02-02T14:04:16","modified_gmt":"2022-02-02T19:04:16","slug":"rafting-rio-chilli","status":"publish","type":"product","link":"https:\/\/www.pvtravels.com\/es\/tour\/arequipa-es\/aventuras-arequipa\/rafting-rio-chilli\/","title":{"rendered":"Rafting &#8211; R\u00edo Chilli"},"content":{"rendered":"<h3 style=\"text-align: justify;\"><span style=\"color: #008000;\"><strong>Itinerario:<\/strong><\/span><\/h3>\n<p style=\"text-align: justify;\">Traslado del alojamiento en Arequipa y seguimos para cambiando nuestra ropa por su equipo de r\u00edo. Poco despu\u00e9s, nos dirigimos hacia el r\u00edo a trav\u00e9s de la belleza del valle de Chilina hasta el Santuario de la Virgen de Chapi-Charcani, una peque\u00f1a iglesia que bordea el r\u00edo Chili, donde comienza nuestro recorrido. Antes de subir al agua, nuestros gu\u00edas nos dar\u00e1n una breve lecci\u00f3n sobre seguridad y rescate en el r\u00edo, y tambi\u00e9n explicar\u00e1n el papel de los gu\u00edas de rafting y el kayak de seguridad.<\/p>\n<p style=\"text-align: justify;\">La primera secci\u00f3n de r\u00e1pidos es de Clase II y es \u00fatil para practicar la t\u00e9cnica de remo y la seguridad fluvial. A continuaci\u00f3n, realizaremos una emocionante secci\u00f3n de Clase III, donde seguramente se mojar\u00e1 un poco. La siguiente secci\u00f3n es Clase IV, los r\u00e1pidos m\u00e1s fuertes que encontrar\u00e1s (si no est\u00e1s de humor para los r\u00e1pidos de Clase IV, tienes la opci\u00f3n de salir y caminar una corta distancia). Para la secci\u00f3n final de la Clase III: Casi todos est\u00e1n dispuestos a participar en las aguas salvajes, pero tambi\u00e9n puede salir y caminar hasta el punto final. Despu\u00e9s de una emocionante excursi\u00f3n en clase IV, nos detendremos a nadar y saltaremos desde el acantilado, lo cual es una opci\u00f3n si no se siente lo suficientemente mojado. El \u00faltimo tramo de 15 minutos antes de dejar el r\u00edo es de Clase III con r\u00e1pidos considerable.<\/p>\n<p style=\"text-align: justify;\">Cuando salga del r\u00edo, intercambiar\u00e1 su equipo y haremos una parada r\u00e1pida en nuestro almac\u00e9n para un refrigerio (no incluido). Lo llevaremos de regreso a la Plaza de Armas para disfrutar el resto de su d\u00eda en la ciudad blanca.<\/p>\n<p style=\"text-align: justify;\">Fin de nuestros servicios!<\/p>\n<h3 style=\"text-align: justify;\"><span style=\"color: #008000;\"><strong>Qu\u00e9 est\u00e1 incluido:<\/strong><\/span><\/h3>\n<ul style=\"text-align: justify;\">\n<li>Traslado desde alojamiento en Arequipa<\/li>\n<li>Gu\u00edas profesionales biling\u00fces.<\/li>\n<li>Kayakista de seguridad<\/li>\n<li>Equipo de r\u00edo certificado (casco, chaleco salvavidas, traje de neopreno, botines)<\/li>\n<\/ul>\n<h3 style=\"text-align: justify;\"><span style=\"color: #008000;\"><strong>No incluido:<\/strong><\/span><\/h3>\n<ul style=\"text-align: justify;\">\n<li>Comidas y bebidas no especificadas en el itinerario<\/li>\n<li>Alojamiento en Arequipa<\/li>\n<\/ul>\n<h3 style=\"text-align: justify;\"><span style=\"color: #008000;\"><strong>Lista recomendada:<\/strong><\/span><\/h3>\n<ul>\n<li style=\"text-align: justify;\">Protector solar<\/li>\n<li style=\"text-align: justify;\">Snacks (frutas secas, galletas, dulces, chocolates, etc.)<\/li>\n<li style=\"text-align: justify;\">Agua<\/li>\n<li style=\"text-align: justify;\">Conjunto completo de ropa seca.<\/li>\n<li style=\"text-align: justify;\">Par de sandalias o tenis para el r\u00edo.<\/li>\n<li style=\"text-align: justify;\">Toalla peque\u00f1a<\/li>\n<li style=\"text-align: justify;\">Traje de ba\u00f1o para usar debajo<\/li>\n<\/ul>\n","protected":false},"excerpt":{"rendered":"<p><strong>CODE:\u00a0<\/strong>PVT-AA005<\/p>\n<ul>\n<li><strong>Salidas: Diarias &#8211; 08:00 hrs \/ 14:00 hrs.<\/strong><\/li>\n<li><strong>Duraci\u00f3n: aproximadamente 3 horas.<\/strong><\/li>\n<\/ul>\n","protected":false},"featured_media":3430,"template":"","meta":{"site-sidebar-layout":"default","site-content-layout":"default","ast-site-content-layout":"default","site-content-style":"default","site-sidebar-style":"default","ast-global-header-display":"","ast-banner-title-visibility":"","ast-main-header-display":"","ast-hfb-above-header-display":"","ast-hfb-below-header-display":"","ast-hfb-mobile-header-display":"","site-post-title":"","ast-breadcrumbs-content":"","ast-featured-img":"","footer-sml-layout":"","ast-disable-related-posts":"","theme-transparent-header-meta":"default","adv-header-id-meta":"","stick-header-meta":"default","header-above-stick-meta":"","header-main-stick-meta":"","header-below-stick-meta":"","astra-migrate-meta-layouts":"default","ast-page-background-enabled":"default","ast-page-background-meta":{"desktop":{"background-color":"var(--ast-global-color-4)","background-image":"","background-repeat":"repeat","background-position":"center center","background-size":"auto","background-attachment":"scroll","background-type":"","background-media":"","overlay-type":"","overlay-color":"","overlay-opacity":"","overlay-gradient":""},"tablet":{"background-color":"","background-image":"","background-repeat":"repeat","background-position":"center center","background-size":"auto","background-attachment":"scroll","background-type":"","background-media":"","overlay-type":"","overlay-color":"","overlay-opacity":"","overlay-gradient":""},"mobile":{"background-color":"","background-image":"","background-repeat":"repeat","background-position":"center center","background-size":"auto","background-attachment":"scroll","background-type":"","background-media":"","overlay-type":"","overlay-color":"","overlay-opacity":"","overlay-gradient":""}},"ast-content-background-meta":{"desktop":{"background-color":"var(--ast-global-color-5)","background-image":"","background-repeat":"repeat","background-position":"center center","background-size":"auto","background-attachment":"scroll","background-type":"","background-media":"","overlay-type":"","overlay-color":"","overlay-opacity":"","overlay-gradient":""},"tablet":{"background-color":"var(--ast-global-color-5)","background-image":"","background-repeat":"repeat","background-position":"center center","background-size":"auto","background-attachment":"scroll","background-type":"","background-media":"","overlay-type":"","overlay-color":"","overlay-opacity":"","overlay-gradient":""},"mobile":{"background-color":"var(--ast-global-color-5)","background-image":"","background-repeat":"repeat","background-position":"center center","background-size":"auto","background-attachment":"scroll","background-type":"","background-media":"","overlay-type":"","overlay-color":"","overlay-opacity":"","overlay-gradient":""}},"_joinchat":[]},"product_brand":[],"product_cat":[87,90],"product_tag":[],"class_list":{"0":"post-1863","1":"product","2":"type-product","3":"status-publish","4":"has-post-thumbnail","6":"product_cat-arequipa-es","7":"product_cat-aventuras-arequipa","8":"desktop-align-center","9":"tablet-align-center","10":"mobile-align-center","11":"ast-product-gallery-layout-horizontal-slider","12":"ast-product-gallery-with-no-image","13":"ast-product-tabs-layout-horizontal","15":"first","16":"instock","17":"shipping-taxable","18":"purchasable","19":"product-type-simple"},"_links":{"self":[{"href":"https:\/\/www.pvtravels.com\/es\/wp-json\/wp\/v2\/product\/1863","targetHints":{"allow":["GET"]}}],"collection":[{"href":"https:\/\/www.pvtravels.com\/es\/wp-json\/wp\/v2\/product"}],"about":[{"href":"https:\/\/www.pvtravels.com\/es\/wp-json\/wp\/v2\/types\/product"}],"version-history":[{"count":3,"href":"https:\/\/www.pvtravels.com\/es\/wp-json\/wp\/v2\/product\/1863\/revisions"}],"predecessor-version":[{"id":3427,"href":"https:\/\/www.pvtravels.com\/es\/wp-json\/wp\/v2\/product\/1863\/revisions\/3427"}],"wp:featuredmedia":[{"embeddable":true,"href":"https:\/\/www.pvtravels.com\/es\/wp-json\/wp\/v2\/media\/3430"}],"wp:attachment":[{"href":"https:\/\/www.pvtravels.com\/es\/wp-json\/wp\/v2\/media?parent=1863"}],"wp:term":[{"taxonomy":"product_brand","embeddable":true,"href":"https:\/\/www.pvtravels.com\/es\/wp-json\/wp\/v2\/product_brand?post=1863"},{"taxonomy":"product_cat","embeddable":true,"href":"https:\/\/www.pvtravels.com\/es\/wp-json\/wp\/v2\/product_cat?post=1863"},{"taxonomy":"product_tag","embeddable":true,"href":"https:\/\/www.pvtravels.com\/es\/wp-json\/wp\/v2\/product_tag?post=1863"}],"curies":[{"name":"wp","href":"https:\/\/api.w.org\/{rel}","templated":true}]}}