{"id":1860,"date":"2021-12-21T11:01:51","date_gmt":"2021-12-21T16:01:51","guid":{"rendered":"https:\/\/www.pvtravels.com\/tour\/sin%20categor\u00eda\/campina-tour-en-bicicleta\/"},"modified":"2026-03-04T16:34:09","modified_gmt":"2026-03-04T21:34:09","slug":"bicicleta-por-el-volcan-pichu-picchu","status":"publish","type":"product","link":"https:\/\/www.pvtravels.com\/es\/tour\/arequipa-es\/aventuras-arequipa\/bicicleta-por-el-volcan-pichu-picchu\/","title":{"rendered":"Bicicleta por el volc\u00e1n Pichu Picchu"},"content":{"rendered":"<h3 style=\"text-align: justify;\"><span style=\"color: #008000;\"><strong>Itinerario:<\/strong><\/span><\/h3>\n<p style=\"text-align: justify;\">Pichu Pichu es un volc\u00e1n inactivo erosionado en los Andes peruanos, con siete cumbres; la m\u00e1s alta alcanza los 5664 metros. Se encuentra al este de la ciudad de Arequipa y, junto con sus vecinos Misti y Chachani, forma parte de la Zona Volc\u00e1nica Central de los Andes.<br \/>\n8:00 a. m., recogida en hoteles cercanos a la Plaza de Armas de Arequipa. Contaremos con un veh\u00edculo 4&#215;4 privado para el grupo, que nos llevar\u00e1 a las faldas de Picchu Picchu (4300 metros sobre el nivel del mar), tomando la ruta Chiguata. Este mismo veh\u00edculo nos acompa\u00f1ar\u00e1 durante toda nuestra aventura y adrenalina.<br \/>\nLuego continuaremos por un tramo de arena fina, disfrutando de las vistas del campo y la ciudad, donde la adrenalina se intensifica. Esta ruta es de nivel intermedio, ideal para personas sin mucha experiencia.<br \/>\nRegreso a la Plaza de Armas de Arequipa alrededor de las 2:00 p. m.<\/p>\n<p style=\"text-align: justify;\">Fin de nuestros servicios!<\/p>\n<h3 style=\"text-align: justify;\"><span style=\"color: #008000;\"><strong>Qu\u00e9 est\u00e1 incluido:<\/strong><\/span><\/h3>\n<ul style=\"text-align: justify;\">\n<li>Traslado desde alojamiento en Arequipa<\/li>\n<li>Guiado en Ingl\u00e9s o Espa\u00f1ol<\/li>\n<li>Bicicleta de monta\u00f1a de suspensi\u00f3n delantera<\/li>\n<li>Casco, guantes, rodilleras y coderas<\/li>\n<li>Transporte<\/li>\n<li>Kid de herramientas<\/li>\n<li>Botiqu\u00edn b\u00e1sico de primeros auxilios<\/li>\n<\/ul>\n<h3 style=\"text-align: justify;\"><span style=\"color: #008000;\"><strong>No incluido:<\/strong><\/span><\/h3>\n<ul style=\"text-align: justify;\">\n<li>Comidas y bebidas no especificadas en el itinerario<\/li>\n<li>Alojamiento en Arequipa<\/li>\n<\/ul>\n<h3 style=\"text-align: justify;\"><span style=\"color: #008000;\"><strong>Lista recomendada:<\/strong><\/span><\/h3>\n<ul>\n<li style=\"text-align: justify;\">Bloqueador solar<\/li>\n<li style=\"text-align: justify;\">Snacks (frutas secas, galletas, caramelos, chocolates, etc)<\/li>\n<li style=\"text-align: justify;\">Agua<\/li>\n<li style=\"text-align: justify;\">Zapatos de trekking<\/li>\n<li style=\"text-align: justify;\">Casaca y su\u00e9ter para el fr\u00edo en el punto alto de inicio.<\/li>\n<li style=\"text-align: justify;\">Pantalones largos<\/li>\n<\/ul>\n","protected":false},"excerpt":{"rendered":"<p><strong>CODE:\u00a0<\/strong>PVT-AA004<\/p>\n<ul>\n<li><strong>Salidas: Diarias.<\/strong><\/li>\n<li><strong>Duraci\u00f3n: aproximadamente 5 horas.<\/strong><\/li>\n<\/ul>\n","protected":false},"featured_media":3440,"template":"","meta":{"site-sidebar-layout":"no-sidebar","site-content-layout":"page-builder","ast-site-content-layout":"full-width-container","site-content-style":"unboxed","site-sidebar-style":"unboxed","ast-global-header-display":"","ast-banner-title-visibility":"","ast-main-header-display":"","ast-hfb-above-header-display":"","ast-hfb-below-header-display":"","ast-hfb-mobile-header-display":"","site-post-title":"disabled","ast-breadcrumbs-content":"","ast-featured-img":"disabled","footer-sml-layout":"","ast-disable-related-posts":"","theme-transparent-header-meta":"default","adv-header-id-meta":"","stick-header-meta":"default","header-above-stick-meta":"","header-main-stick-meta":"","header-below-stick-meta":"","astra-migrate-meta-layouts":"set","ast-page-background-enabled":"default","ast-page-background-meta":{"desktop":{"background-color":"var(--ast-global-color-4)","background-image":"","background-repeat":"repeat","background-position":"center center","background-size":"auto","background-attachment":"scroll","background-type":"","background-media":"","overlay-type":"","overlay-color":"","overlay-opacity":"","overlay-gradient":""},"tablet":{"background-color":"","background-image":"","background-repeat":"repeat","background-position":"center center","background-size":"auto","background-attachment":"scroll","background-type":"","background-media":"","overlay-type":"","overlay-color":"","overlay-opacity":"","overlay-gradient":""},"mobile":{"background-color":"","background-image":"","background-repeat":"repeat","background-position":"center center","background-size":"auto","background-attachment":"scroll","background-type":"","background-media":"","overlay-type":"","overlay-color":"","overlay-opacity":"","overlay-gradient":""}},"ast-content-background-meta":{"desktop":{"background-color":"var(--ast-global-color-5)","background-image":"","background-repeat":"repeat","background-position":"center center","background-size":"auto","background-attachment":"scroll","background-type":"","background-media":"","overlay-type":"","overlay-color":"","overlay-opacity":"","overlay-gradient":""},"tablet":{"background-color":"var(--ast-global-color-5)","background-image":"","background-repeat":"repeat","background-position":"center center","background-size":"auto","background-attachment":"scroll","background-type":"","background-media":"","overlay-type":"","overlay-color":"","overlay-opacity":"","overlay-gradient":""},"mobile":{"background-color":"var(--ast-global-color-5)","background-image":"","background-repeat":"repeat","background-position":"center center","background-size":"auto","background-attachment":"scroll","background-type":"","background-media":"","overlay-type":"","overlay-color":"","overlay-opacity":"","overlay-gradient":""}},"_joinchat":[]},"product_brand":[],"product_cat":[87,90],"product_tag":[],"class_list":{"0":"post-1860","1":"product","2":"type-product","3":"status-publish","4":"has-post-thumbnail","6":"product_cat-arequipa-es","7":"product_cat-aventuras-arequipa","8":"desktop-align-center","9":"tablet-align-center","10":"mobile-align-center","11":"ast-product-gallery-layout-horizontal-slider","12":"ast-product-gallery-with-no-image","13":"ast-product-tabs-layout-horizontal","15":"first","16":"instock","17":"shipping-taxable","18":"purchasable","19":"product-type-simple"},"_links":{"self":[{"href":"https:\/\/www.pvtravels.com\/es\/wp-json\/wp\/v2\/product\/1860","targetHints":{"allow":["GET"]}}],"collection":[{"href":"https:\/\/www.pvtravels.com\/es\/wp-json\/wp\/v2\/product"}],"about":[{"href":"https:\/\/www.pvtravels.com\/es\/wp-json\/wp\/v2\/types\/product"}],"version-history":[{"count":4,"href":"https:\/\/www.pvtravels.com\/es\/wp-json\/wp\/v2\/product\/1860\/revisions"}],"predecessor-version":[{"id":6655,"href":"https:\/\/www.pvtravels.com\/es\/wp-json\/wp\/v2\/product\/1860\/revisions\/6655"}],"wp:featuredmedia":[{"embeddable":true,"href":"https:\/\/www.pvtravels.com\/es\/wp-json\/wp\/v2\/media\/3440"}],"wp:attachment":[{"href":"https:\/\/www.pvtravels.com\/es\/wp-json\/wp\/v2\/media?parent=1860"}],"wp:term":[{"taxonomy":"product_brand","embeddable":true,"href":"https:\/\/www.pvtravels.com\/es\/wp-json\/wp\/v2\/product_brand?post=1860"},{"taxonomy":"product_cat","embeddable":true,"href":"https:\/\/www.pvtravels.com\/es\/wp-json\/wp\/v2\/product_cat?post=1860"},{"taxonomy":"product_tag","embeddable":true,"href":"https:\/\/www.pvtravels.com\/es\/wp-json\/wp\/v2\/product_tag?post=1860"}],"curies":[{"name":"wp","href":"https:\/\/api.w.org\/{rel}","templated":true}]}}