{"id":1845,"date":"2021-12-21T10:50:03","date_gmt":"2021-12-21T15:50:03","guid":{"rendered":"https:\/\/www.pvtravels.com\/tour\/sin%20categor\u00eda\/caminata-canon-del-colca-3d-2n\/"},"modified":"2022-02-02T14:31:04","modified_gmt":"2022-02-02T19:31:04","slug":"caminata-canon-del-colca-3d-2n","status":"publish","type":"product","link":"https:\/\/www.pvtravels.com\/es\/tour\/arequipa-es\/aventuras-arequipa\/caminata-canon-del-colca-3d-2n\/","title":{"rendered":"Caminata Ca\u00f1\u00f3n del Colca 3D\/2N"},"content":{"rendered":"\t\t<div data-elementor-type=\"product-post\" data-elementor-id=\"1845\" class=\"elementor elementor-1845 elementor-1809\" data-elementor-post-type=\"product\">\n\t\t\t\t\t\t<section class=\"elementor-section elementor-top-section elementor-element elementor-element-864cdfc elementor-section-boxed elementor-section-height-default elementor-section-height-default\" data-id=\"864cdfc\" data-element_type=\"section\" data-e-type=\"section\">\n\t\t\t\t\t\t<div class=\"elementor-container elementor-column-gap-default\">\n\t\t\t\t\t<div class=\"elementor-column elementor-col-100 elementor-top-column elementor-element elementor-element-623f10d\" data-id=\"623f10d\" data-element_type=\"column\" data-e-type=\"column\">\n\t\t\t<div class=\"elementor-widget-wrap elementor-element-populated\">\n\t\t\t\t\t\t<div class=\"elementor-element elementor-element-117437e elementor-widget elementor-widget-heading\" data-id=\"117437e\" data-element_type=\"widget\" data-e-type=\"widget\" data-widget_type=\"heading.default\">\n\t\t\t\t<div class=\"elementor-widget-container\">\n\t\t\t\t\t<h3 class=\"elementor-heading-title elementor-size-default\">Itinerario:<\/h3>\t\t\t\t<\/div>\n\t\t\t\t<\/div>\n\t\t\t\t<div class=\"elementor-element elementor-element-57c3e24 elementor-widget elementor-widget-accordion\" data-id=\"57c3e24\" data-element_type=\"widget\" data-e-type=\"widget\" data-widget_type=\"accordion.default\">\n\t\t\t\t<div class=\"elementor-widget-container\">\n\t\t\t\t\t\t\t<div class=\"elementor-accordion\">\n\t\t\t\t\t\t\t<div class=\"elementor-accordion-item\">\n\t\t\t\t\t<div id=\"elementor-tab-title-9201\" class=\"elementor-tab-title\" data-tab=\"1\" role=\"button\" aria-controls=\"elementor-tab-content-9201\" aria-expanded=\"false\">\n\t\t\t\t\t\t\t\t\t\t\t\t\t<span class=\"elementor-accordion-icon elementor-accordion-icon-left\" aria-hidden=\"true\">\n\t\t\t\t\t\t\t\t\t\t\t\t\t\t\t<span class=\"elementor-accordion-icon-closed\"><i class=\"fas fa-plus\"><\/i><\/span>\n\t\t\t\t\t\t\t\t<span class=\"elementor-accordion-icon-opened\"><i class=\"fas fa-minus\"><\/i><\/span>\n\t\t\t\t\t\t\t\t\t\t\t\t\t\t<\/span>\n\t\t\t\t\t\t\t\t\t\t\t\t<a class=\"elementor-accordion-title\" tabindex=\"0\">D\u00eda 1: Arequipa \/ Mirador De Tapay \/ San Juan De Chuccho<\/a>\n\t\t\t\t\t<\/div>\n\t\t\t\t\t<div id=\"elementor-tab-content-9201\" class=\"elementor-tab-content elementor-clearfix\" data-tab=\"1\" role=\"region\" aria-labelledby=\"elementor-tab-title-9201\"><p style=\"text-align: justify;\">Traslado de\u00a0<strong>03:00am<\/strong>\u00a0a 03:30am desde hotel en Arequipa para trasladarnos al valle del colca, el viaje nos tomar\u00e1 aproximadamente 4 horas hasta Chivay (pueblo principal del Valle) donde se har\u00e1 una parada para desayunar y luego se continuar\u00e1 el viaje hacia Cabanaconde (dos horas y media m\u00e1s de viaje aprox.) desde donde empezaremos nuestra caminata, descendiendo al ca\u00f1\u00f3n del colca, lo que nos tomar\u00e1 aproximadamente 3 \u00bd a 4 horas, durante el recorrido podremos apreciar, seg\u00fan descendemos la diversa vegetaci\u00f3n entre andina y tropical, y tambi\u00e9n la formaci\u00f3n geol\u00f3gica del ca\u00f1\u00f3n del Colca, parte de la formaci\u00f3n de la cordillera de los andes.<br \/>Una vez en el fondo del ca\u00f1\u00f3n cruzaremos el puente colgante de San Juan de Chuccho, para arribar al pueblo del mismo nombre, donde pasaremos la noche, en casas de los pobladores, acondicionadas para atender a los turistas (acomodaci\u00f3n b\u00e1sica)<\/p><\/div>\n\t\t\t\t<\/div>\n\t\t\t\t\t\t\t<div class=\"elementor-accordion-item\">\n\t\t\t\t\t<div id=\"elementor-tab-title-9202\" class=\"elementor-tab-title\" data-tab=\"2\" role=\"button\" aria-controls=\"elementor-tab-content-9202\" aria-expanded=\"false\">\n\t\t\t\t\t\t\t\t\t\t\t\t\t<span class=\"elementor-accordion-icon elementor-accordion-icon-left\" aria-hidden=\"true\">\n\t\t\t\t\t\t\t\t\t\t\t\t\t\t\t<span class=\"elementor-accordion-icon-closed\"><i class=\"fas fa-plus\"><\/i><\/span>\n\t\t\t\t\t\t\t\t<span class=\"elementor-accordion-icon-opened\"><i class=\"fas fa-minus\"><\/i><\/span>\n\t\t\t\t\t\t\t\t\t\t\t\t\t\t<\/span>\n\t\t\t\t\t\t\t\t\t\t\t\t<a class=\"elementor-accordion-title\" tabindex=\"0\">D\u00eda 2: San Juan \/ Sangalle (Oasis)<\/a>\n\t\t\t\t\t<\/div>\n\t\t\t\t\t<div id=\"elementor-tab-content-9202\" class=\"elementor-tab-content elementor-clearfix\" data-tab=\"2\" role=\"region\" aria-labelledby=\"elementor-tab-title-9202\"><p style=\"text-align: justify;\">Desayunaremos para luego iniciar nuevamente nuestro recorrido, ascenderemos 300 metros aproximadamente para luego llegar a los poblados, primero de Cosnihua y luego Malata; donde se apreciara el modo de vida de la gente, muy caracter\u00edstica, pues en estos poblados no existe acceso de transporte vehicular. Nuevamente descenderemos hacia sangalle (oasis), lugar hecho por los andinos, lleno de vegetaci\u00f3n altoandina mezclada con vegetaci\u00f3n tropical, donde gracias a un manantial de agua templada actualmente se puede disfrutar de un refrescante ba\u00f1o en las piscinas ubicadas en este hermoso lugar (las aguas tienen una temperatura de aprox. de 18\u00baC) almorzaremos, y pasaremos la segunda noche en caba\u00f1as b\u00e0sicas.<\/p><\/div>\n\t\t\t\t<\/div>\n\t\t\t\t\t\t\t<div class=\"elementor-accordion-item\">\n\t\t\t\t\t<div id=\"elementor-tab-title-9203\" class=\"elementor-tab-title\" data-tab=\"3\" role=\"button\" aria-controls=\"elementor-tab-content-9203\" aria-expanded=\"false\">\n\t\t\t\t\t\t\t\t\t\t\t\t\t<span class=\"elementor-accordion-icon elementor-accordion-icon-left\" aria-hidden=\"true\">\n\t\t\t\t\t\t\t\t\t\t\t\t\t\t\t<span class=\"elementor-accordion-icon-closed\"><i class=\"fas fa-plus\"><\/i><\/span>\n\t\t\t\t\t\t\t\t<span class=\"elementor-accordion-icon-opened\"><i class=\"fas fa-minus\"><\/i><\/span>\n\t\t\t\t\t\t\t\t\t\t\t\t\t\t<\/span>\n\t\t\t\t\t\t\t\t\t\t\t\t<a class=\"elementor-accordion-title\" tabindex=\"0\">D\u00eda 3: Oasis \/ Cabanaconde \/Chivay \/ Arequipa<\/a>\n\t\t\t\t\t<\/div>\n\t\t\t\t\t<div id=\"elementor-tab-content-9203\" class=\"elementor-tab-content elementor-clearfix\" data-tab=\"3\" role=\"region\" aria-labelledby=\"elementor-tab-title-9203\"><p style=\"text-align: justify;\"><strong>04:30am<\/strong>\u00a0iniciaremos el ascenso, es un camino zigzagueante y bastante pendiente, pero luego de 3 horas aproximadamente tendremos la satisfacci\u00f3n de terminar este bello recorrido.<br \/>Se tomara desayuno en un restaurant local para luego tomar la movilidad y dirigirnos al mirador de la Cruz del C\u00f3ndor, desde este famoso mirador se tiene una de las m\u00e1s impresionantes vistas del ca\u00f1\u00f3n del Colca y desde donde normalmente se puede ver el impresionante vuelo de los c\u00f3ndores, retorno a Chivay, teniendo la oportunidad de visitar la calera y disfrutar de las relajantes aguas termales.<br \/>Almuerzo y retorno a Arequipa, arribando entre las 17 a 18 horas.<\/p><p style=\"text-align: justify;\"><strong>Fin de nuestros servicios!<\/strong><\/p><\/div>\n\t\t\t\t<\/div>\n\t\t\t\t\t\t\t\t<\/div>\n\t\t\t\t\t\t<\/div>\n\t\t\t\t<\/div>\n\t\t\t\t<div class=\"elementor-element elementor-element-b0e787e elementor-widget elementor-widget-text-editor\" data-id=\"b0e787e\" data-element_type=\"widget\" data-e-type=\"widget\" data-widget_type=\"text-editor.default\">\n\t\t\t\t<div class=\"elementor-widget-container\">\n\t\t\t\t\t\t\t\t\t<h3><span style=\"color: #008000;\"><strong>Qu\u00e9 est\u00e1 incluido:<\/strong><\/span><\/h3><ul><li>Traslado Arequipa\/Cabanaconde\/Arequipa en bus tur\u00edstico<\/li><li>01 noche albergue b\u00e1sico en San Juan de chuccho<\/li><li>01 noche albergue b\u00e1sico en Sangalle)<\/li><li>Alimentos (03 desayunos , 02 almuerzos y 02 cenas)<\/li><li>Gu\u00eda Profesional en Ingl\u00e9s o Espa\u00f1ol<\/li><\/ul><h3><span style=\"color: #008000;\"><strong>No incluido:<\/strong><\/span><\/h3><ul><li>Boleto tur\u00edstico (S\/70.00)<\/li><li>Entrada a los ba\u00f1os termales<\/li><li>Ultimo almuerzo en Chivay<\/li><li>Bebidas<\/li><li>Alojamiento en Arequipa<\/li><\/ul><h3><span style=\"color: #008000;\"><strong>Lista recomendada:<\/strong><\/span><\/h3><ul><li>Dinero local (soles) al menos S \/ 150.00 por persona<\/li><li>Protector solar<\/li><li>Linterna<\/li><li>Repelente<\/li><li>Toallas<\/li><li>Art\u00edculos de tocador (papel higi\u00e9nico, champ\u00fa, jab\u00f3n, crema corporal)<\/li><li>Snacks (frutas secas, galletas, dulces, chocolates, etc.)<\/li><li>Agua (puedes comprar en el camino)<\/li><li>Mochila peque\u00f1a (45lt)<\/li><li>Chubasquero o poncho, ponchos de pl\u00e1stico (solo en la temporada de lluvias de diciembre a abril)<\/li><li>Calzado fuerte, c\u00f3modo e impermeable.<\/li><li>Su\u00e9ter y chaqueta (algo c\u00e1lido)<\/li><li>Bastones para caminar (recomendado)<\/li><li>Sombrero o gorra para protegerte del sol<\/li><li>C\u00e1mara y bater\u00edas de repuesto.<\/li><li>Traje de ba\u00f1o (opcional para aguas termales)<\/li><\/ul>\t\t\t\t\t\t\t\t<\/div>\n\t\t\t\t<\/div>\n\t\t\t\t\t<\/div>\n\t\t<\/div>\n\t\t\t\t\t<\/div>\n\t\t<\/section>\n\t\t\t\t<\/div>\n\t\t","protected":false},"excerpt":{"rendered":"<p><strong>CODE:<\/strong> PVT-AA002<br \/>\n<strong>\u2022 Salidas: Diarias.<\/strong><br \/>\n<strong>\u2022 Duraci\u00f3n: 3 d\u00edas \/ 2 noches.<\/strong><\/p>\n","protected":false},"featured_media":3456,"template":"","meta":{"site-sidebar-layout":"no-sidebar","site-content-layout":"page-builder","ast-site-content-layout":"default","site-content-style":"default","site-sidebar-style":"default","ast-global-header-display":"","ast-banner-title-visibility":"","ast-main-header-display":"","ast-hfb-above-header-display":"","ast-hfb-below-header-display":"","ast-hfb-mobile-header-display":"","site-post-title":"disabled","ast-breadcrumbs-content":"","ast-featured-img":"disabled","footer-sml-layout":"","ast-disable-related-posts":"","theme-transparent-header-meta":"default","adv-header-id-meta":"","stick-header-meta":"default","header-above-stick-meta":"","header-main-stick-meta":"","header-below-stick-meta":"","astra-migrate-meta-layouts":"default","ast-page-background-enabled":"default","ast-page-background-meta":{"desktop":{"background-color":"var(--ast-global-color-4)","background-image":"","background-repeat":"repeat","background-position":"center center","background-size":"auto","background-attachment":"scroll","background-type":"","background-media":"","overlay-type":"","overlay-color":"","overlay-opacity":"","overlay-gradient":""},"tablet":{"background-color":"","background-image":"","background-repeat":"repeat","background-position":"center center","background-size":"auto","background-attachment":"scroll","background-type":"","background-media":"","overlay-type":"","overlay-color":"","overlay-opacity":"","overlay-gradient":""},"mobile":{"background-color":"","background-image":"","background-repeat":"repeat","background-position":"center center","background-size":"auto","background-attachment":"scroll","background-type":"","background-media":"","overlay-type":"","overlay-color":"","overlay-opacity":"","overlay-gradient":""}},"ast-content-background-meta":{"desktop":{"background-color":"var(--ast-global-color-5)","background-image":"","background-repeat":"repeat","background-position":"center center","background-size":"auto","background-attachment":"scroll","background-type":"","background-media":"","overlay-type":"","overlay-color":"","overlay-opacity":"","overlay-gradient":""},"tablet":{"background-color":"var(--ast-global-color-5)","background-image":"","background-repeat":"repeat","background-position":"center center","background-size":"auto","background-attachment":"scroll","background-type":"","background-media":"","overlay-type":"","overlay-color":"","overlay-opacity":"","overlay-gradient":""},"mobile":{"background-color":"var(--ast-global-color-5)","background-image":"","background-repeat":"repeat","background-position":"center center","background-size":"auto","background-attachment":"scroll","background-type":"","background-media":"","overlay-type":"","overlay-color":"","overlay-opacity":"","overlay-gradient":""}},"_joinchat":[]},"product_brand":[],"product_cat":[87,90],"product_tag":[],"class_list":{"0":"post-1845","1":"product","2":"type-product","3":"status-publish","4":"has-post-thumbnail","6":"product_cat-arequipa-es","7":"product_cat-aventuras-arequipa","8":"desktop-align-center","9":"tablet-align-center","10":"mobile-align-center","11":"ast-product-gallery-layout-horizontal-slider","12":"ast-product-gallery-with-no-image","13":"ast-product-tabs-layout-horizontal","15":"first","16":"instock","17":"shipping-taxable","18":"purchasable","19":"product-type-simple"},"_links":{"self":[{"href":"https:\/\/www.pvtravels.com\/es\/wp-json\/wp\/v2\/product\/1845","targetHints":{"allow":["GET"]}}],"collection":[{"href":"https:\/\/www.pvtravels.com\/es\/wp-json\/wp\/v2\/product"}],"about":[{"href":"https:\/\/www.pvtravels.com\/es\/wp-json\/wp\/v2\/types\/product"}],"version-history":[{"count":8,"href":"https:\/\/www.pvtravels.com\/es\/wp-json\/wp\/v2\/product\/1845\/revisions"}],"predecessor-version":[{"id":3446,"href":"https:\/\/www.pvtravels.com\/es\/wp-json\/wp\/v2\/product\/1845\/revisions\/3446"}],"wp:featuredmedia":[{"embeddable":true,"href":"https:\/\/www.pvtravels.com\/es\/wp-json\/wp\/v2\/media\/3456"}],"wp:attachment":[{"href":"https:\/\/www.pvtravels.com\/es\/wp-json\/wp\/v2\/media?parent=1845"}],"wp:term":[{"taxonomy":"product_brand","embeddable":true,"href":"https:\/\/www.pvtravels.com\/es\/wp-json\/wp\/v2\/product_brand?post=1845"},{"taxonomy":"product_cat","embeddable":true,"href":"https:\/\/www.pvtravels.com\/es\/wp-json\/wp\/v2\/product_cat?post=1845"},{"taxonomy":"product_tag","embeddable":true,"href":"https:\/\/www.pvtravels.com\/es\/wp-json\/wp\/v2\/product_tag?post=1845"}],"curies":[{"name":"wp","href":"https:\/\/api.w.org\/{rel}","templated":true}]}}