{"id":1839,"date":"2021-12-21T10:45:29","date_gmt":"2021-12-21T15:45:29","guid":{"rendered":"https:\/\/www.pvtravels.com\/tour\/sin%20categor\u00eda\/caminata-canon-del-colca-2d-1n\/"},"modified":"2022-02-02T14:32:50","modified_gmt":"2022-02-02T19:32:50","slug":"caminata-canon-del-colca-2d-1n","status":"publish","type":"product","link":"https:\/\/www.pvtravels.com\/es\/tour\/arequipa-es\/aventuras-arequipa\/caminata-canon-del-colca-2d-1n\/","title":{"rendered":"Caminata Ca\u00f1\u00f3n del Colca 2D\/1N"},"content":{"rendered":"\t\t<div data-elementor-type=\"product-post\" data-elementor-id=\"1839\" class=\"elementor elementor-1839 elementor-1800\" data-elementor-post-type=\"product\">\n\t\t\t\t\t\t<section class=\"elementor-section elementor-top-section elementor-element elementor-element-72151bf elementor-section-boxed elementor-section-height-default elementor-section-height-default\" data-id=\"72151bf\" data-element_type=\"section\" data-e-type=\"section\">\n\t\t\t\t\t\t<div class=\"elementor-container elementor-column-gap-default\">\n\t\t\t\t\t<div class=\"elementor-column elementor-col-100 elementor-top-column elementor-element elementor-element-0aaccbd\" data-id=\"0aaccbd\" data-element_type=\"column\" data-e-type=\"column\">\n\t\t\t<div class=\"elementor-widget-wrap elementor-element-populated\">\n\t\t\t\t\t\t<div class=\"elementor-element elementor-element-96095fd elementor-widget elementor-widget-heading\" data-id=\"96095fd\" data-element_type=\"widget\" data-e-type=\"widget\" data-widget_type=\"heading.default\">\n\t\t\t\t<div class=\"elementor-widget-container\">\n\t\t\t\t\t<h3 class=\"elementor-heading-title elementor-size-default\">Itinerario:<\/h3>\t\t\t\t<\/div>\n\t\t\t\t<\/div>\n\t\t\t\t<div class=\"elementor-element elementor-element-9a235e0 elementor-widget elementor-widget-accordion\" data-id=\"9a235e0\" data-element_type=\"widget\" data-e-type=\"widget\" data-widget_type=\"accordion.default\">\n\t\t\t\t<div class=\"elementor-widget-container\">\n\t\t\t\t\t\t\t<div class=\"elementor-accordion\">\n\t\t\t\t\t\t\t<div class=\"elementor-accordion-item\">\n\t\t\t\t\t<div id=\"elementor-tab-title-1611\" class=\"elementor-tab-title\" data-tab=\"1\" role=\"button\" aria-controls=\"elementor-tab-content-1611\" aria-expanded=\"false\">\n\t\t\t\t\t\t\t\t\t\t\t\t\t<span class=\"elementor-accordion-icon elementor-accordion-icon-left\" aria-hidden=\"true\">\n\t\t\t\t\t\t\t\t\t\t\t\t\t\t\t<span class=\"elementor-accordion-icon-closed\"><i class=\"fas fa-plus\"><\/i><\/span>\n\t\t\t\t\t\t\t\t<span class=\"elementor-accordion-icon-opened\"><i class=\"fas fa-minus\"><\/i><\/span>\n\t\t\t\t\t\t\t\t\t\t\t\t\t\t<\/span>\n\t\t\t\t\t\t\t\t\t\t\t\t<a class=\"elementor-accordion-title\" tabindex=\"0\">D\u00eda 1: Arequipa\/ Cabanaconde\/ Sangalle<\/a>\n\t\t\t\t\t<\/div>\n\t\t\t\t\t<div id=\"elementor-tab-content-1611\" class=\"elementor-tab-content elementor-clearfix\" data-tab=\"1\" role=\"region\" aria-labelledby=\"elementor-tab-title-1611\"><p style=\"text-align: justify;\"><strong>03:00 a 03:30am<\/strong>\u00a0Traslado desde hotel en Arequipa, para luego partir hacia el Ca\u00f1\u00f3n del Colca, despu\u00e9s de aproximadamente cuatro horas de viaje llegaremos al pueblo principal del Valle, Chivay, donde desayunaremos y luego, continuar nuestro recorrido hasta llegar al pueblo de Cabanaconde desde donde iniciaremos el descenso a la base del ca\u00f1\u00f3n del Colca, durante el recorrido tendremos diferentes espectaculares vistas, una vez en el fondo del ca\u00f1\u00f3n, cruzaremos el puente arribando al pueblo de San Juan de Chuccho, donde podremos tomar un descanso y almorzar, disfrutando de la belleza de las monta\u00f1as , continuaremos nuestro recorrido por un camino pendiente de 1 hora aproximadamente hacia el pueblo de Cosnihua y luego por un camino m\u00e1s plano hacia el pueblo de Malata, terminado luego de 6 a 7 horas de caminata en Sangalle ( Oasis ), bello lugar ubicado entre las monta\u00f1as del ca\u00f1\u00f3n, donde tambi\u00e9n se podr\u00e1 disfrutar de un refrescante ba\u00f1o en las piscinas del lugar.<br \/>Cenaremos y pasaremos la noche en caba\u00f1as (b\u00e1sicas.)<\/p><\/div>\n\t\t\t\t<\/div>\n\t\t\t\t\t\t\t<div class=\"elementor-accordion-item\">\n\t\t\t\t\t<div id=\"elementor-tab-title-1612\" class=\"elementor-tab-title\" data-tab=\"2\" role=\"button\" aria-controls=\"elementor-tab-content-1612\" aria-expanded=\"false\">\n\t\t\t\t\t\t\t\t\t\t\t\t\t<span class=\"elementor-accordion-icon elementor-accordion-icon-left\" aria-hidden=\"true\">\n\t\t\t\t\t\t\t\t\t\t\t\t\t\t\t<span class=\"elementor-accordion-icon-closed\"><i class=\"fas fa-plus\"><\/i><\/span>\n\t\t\t\t\t\t\t\t<span class=\"elementor-accordion-icon-opened\"><i class=\"fas fa-minus\"><\/i><\/span>\n\t\t\t\t\t\t\t\t\t\t\t\t\t\t<\/span>\n\t\t\t\t\t\t\t\t\t\t\t\t<a class=\"elementor-accordion-title\" tabindex=\"0\">D\u00eda 2: Sangalle\/ Cabanaconde\/ Chivay\/ Arequipa<\/a>\n\t\t\t\t\t<\/div>\n\t\t\t\t\t<div id=\"elementor-tab-content-1612\" class=\"elementor-tab-content elementor-clearfix\" data-tab=\"2\" role=\"region\" aria-labelledby=\"elementor-tab-title-1612\"><p style=\"text-align: justify;\"><strong>04:30am<\/strong>\u00a0Iniciaremos el ascenso, es un camino zigzagueante y bastante pendiente, pero luego de 3 horas aproximadamente tendremos la satisfacci\u00f3n de terminar este bello recorrido.<br \/>Tomaremos nuestro desayuno en un restaurant local para luego tomar la movilidad y dirigirnos al mirador de la Cruz del C\u00f3ndor, desde este famoso mirador se tiene una de las m\u00e1s impresionantes vistas del ca\u00f1\u00f3n del Colca y desde donde normalmente se puede ver el impresionante vuelo de los c\u00f3ndores, retorno a Chivay, teniendo la oportunidad de visitar la calera y disfrutar de las relajantes aguas termales.<br \/>Almuerzo y retorno a Arequipa, arribando entre las 17 a 18 horas. Traslado al alojamiento.<\/p><p style=\"text-align: justify;\"><strong>Fin de nuestros servicios!<\/strong><\/p><\/div>\n\t\t\t\t<\/div>\n\t\t\t\t\t\t\t\t<\/div>\n\t\t\t\t\t\t<\/div>\n\t\t\t\t<\/div>\n\t\t\t\t<div class=\"elementor-element elementor-element-8e01630 elementor-widget elementor-widget-text-editor\" data-id=\"8e01630\" data-element_type=\"widget\" data-e-type=\"widget\" data-widget_type=\"text-editor.default\">\n\t\t\t\t<div class=\"elementor-widget-container\">\n\t\t\t\t\t\t\t\t\t<h3><span style=\"color: #008000;\"><strong>Qu\u00e9 est\u00e1 incluido:<\/strong><\/span><\/h3><ul><li>Bus tur\u00edstico en servicio compartido ida y vuelta<\/li><li>Gu\u00eda Profesional en ingl\u00e9s o espa\u00f1ol<\/li><li>01 noche de hospedaje en caba\u00f1as b\u00e1sicas (Sangalle)<\/li><li>Alimentos (02 desayunos , 01 almuerzo y 01 cena)<\/li><\/ul><h3><span style=\"color: #008000;\"><strong>No incluido:<\/strong><\/span><\/h3><ul><li>Boleto tur\u00edstico (S\/70.00)<\/li><li>Entrada a los ba\u00f1os termales<\/li><li>Ultimo almuerzo en Chivay<\/li><li>Bebidas<\/li><li>Alojamiento en Arequipa<\/li><\/ul><h3><span style=\"color: #008000;\"><strong>Lista recomendada:<\/strong><\/span><\/h3><ul><li>Dinero local (soles) al menos S \/ 150.00 por persona<\/li><li>Protector solar<\/li><li>Linterna<\/li><li>Repelente<\/li><li>Toallas<\/li><li>Art\u00edculos de tocador (papel higi\u00e9nico, champ\u00fa, jab\u00f3n, crema corporal)<\/li><li>Snacks (frutas secas, galletas, dulces, chocolates, etc.)<\/li><li>Agua (puedes comprar en el camino)<\/li><li>Mochila peque\u00f1a (45lt)<\/li><li>Chubasquero o poncho, ponchos de pl\u00e1stico (solo en la temporada de lluvias de diciembre a abril)<\/li><li>Calzado fuerte, c\u00f3modo e impermeable.<\/li><li>Su\u00e9ter y chaqueta (algo c\u00e1lido)<\/li><li>Bastones para caminar (recomendado)<\/li><li>Sombrero o gorra para protegerte del sol<\/li><li>C\u00e1mara y bater\u00edas de repuesto.<\/li><li>Traje de ba\u00f1o (opcional para aguas termales)<\/li><\/ul>\t\t\t\t\t\t\t\t<\/div>\n\t\t\t\t<\/div>\n\t\t\t\t\t<\/div>\n\t\t<\/div>\n\t\t\t\t\t<\/div>\n\t\t<\/section>\n\t\t\t\t<\/div>\n\t\t","protected":false},"excerpt":{"rendered":"<p><strong>CODE:<\/strong> PVT-AA001<\/p>\n<ul>\n<li><strong>Salidas: Diarias.<\/strong><\/li>\n<li><strong>Duraci\u00f3n: 2 d\u00edas \/ 1 noche.<\/strong><\/li>\n<\/ul>\n","protected":false},"featured_media":3460,"template":"","meta":{"site-sidebar-layout":"no-sidebar","site-content-layout":"page-builder","ast-site-content-layout":"default","site-content-style":"default","site-sidebar-style":"default","ast-global-header-display":"","ast-banner-title-visibility":"","ast-main-header-display":"","ast-hfb-above-header-display":"","ast-hfb-below-header-display":"","ast-hfb-mobile-header-display":"","site-post-title":"disabled","ast-breadcrumbs-content":"","ast-featured-img":"disabled","footer-sml-layout":"","ast-disable-related-posts":"","theme-transparent-header-meta":"default","adv-header-id-meta":"","stick-header-meta":"default","header-above-stick-meta":"","header-main-stick-meta":"","header-below-stick-meta":"","astra-migrate-meta-layouts":"default","ast-page-background-enabled":"default","ast-page-background-meta":{"desktop":{"background-color":"var(--ast-global-color-4)","background-image":"","background-repeat":"repeat","background-position":"center center","background-size":"auto","background-attachment":"scroll","background-type":"","background-media":"","overlay-type":"","overlay-color":"","overlay-opacity":"","overlay-gradient":""},"tablet":{"background-color":"","background-image":"","background-repeat":"repeat","background-position":"center center","background-size":"auto","background-attachment":"scroll","background-type":"","background-media":"","overlay-type":"","overlay-color":"","overlay-opacity":"","overlay-gradient":""},"mobile":{"background-color":"","background-image":"","background-repeat":"repeat","background-position":"center center","background-size":"auto","background-attachment":"scroll","background-type":"","background-media":"","overlay-type":"","overlay-color":"","overlay-opacity":"","overlay-gradient":""}},"ast-content-background-meta":{"desktop":{"background-color":"var(--ast-global-color-5)","background-image":"","background-repeat":"repeat","background-position":"center center","background-size":"auto","background-attachment":"scroll","background-type":"","background-media":"","overlay-type":"","overlay-color":"","overlay-opacity":"","overlay-gradient":""},"tablet":{"background-color":"var(--ast-global-color-5)","background-image":"","background-repeat":"repeat","background-position":"center center","background-size":"auto","background-attachment":"scroll","background-type":"","background-media":"","overlay-type":"","overlay-color":"","overlay-opacity":"","overlay-gradient":""},"mobile":{"background-color":"var(--ast-global-color-5)","background-image":"","background-repeat":"repeat","background-position":"center center","background-size":"auto","background-attachment":"scroll","background-type":"","background-media":"","overlay-type":"","overlay-color":"","overlay-opacity":"","overlay-gradient":""}},"_joinchat":[]},"product_brand":[],"product_cat":[87,90],"product_tag":[],"class_list":{"0":"post-1839","1":"product","2":"type-product","3":"status-publish","4":"has-post-thumbnail","6":"product_cat-arequipa-es","7":"product_cat-aventuras-arequipa","8":"desktop-align-center","9":"tablet-align-center","10":"mobile-align-center","11":"ast-product-gallery-layout-horizontal-slider","12":"ast-product-gallery-with-no-image","13":"ast-product-tabs-layout-horizontal","15":"first","16":"instock","17":"shipping-taxable","18":"purchasable","19":"product-type-simple"},"_links":{"self":[{"href":"https:\/\/www.pvtravels.com\/es\/wp-json\/wp\/v2\/product\/1839","targetHints":{"allow":["GET"]}}],"collection":[{"href":"https:\/\/www.pvtravels.com\/es\/wp-json\/wp\/v2\/product"}],"about":[{"href":"https:\/\/www.pvtravels.com\/es\/wp-json\/wp\/v2\/types\/product"}],"version-history":[{"count":11,"href":"https:\/\/www.pvtravels.com\/es\/wp-json\/wp\/v2\/product\/1839\/revisions"}],"predecessor-version":[{"id":3449,"href":"https:\/\/www.pvtravels.com\/es\/wp-json\/wp\/v2\/product\/1839\/revisions\/3449"}],"wp:featuredmedia":[{"embeddable":true,"href":"https:\/\/www.pvtravels.com\/es\/wp-json\/wp\/v2\/media\/3460"}],"wp:attachment":[{"href":"https:\/\/www.pvtravels.com\/es\/wp-json\/wp\/v2\/media?parent=1839"}],"wp:term":[{"taxonomy":"product_brand","embeddable":true,"href":"https:\/\/www.pvtravels.com\/es\/wp-json\/wp\/v2\/product_brand?post=1839"},{"taxonomy":"product_cat","embeddable":true,"href":"https:\/\/www.pvtravels.com\/es\/wp-json\/wp\/v2\/product_cat?post=1839"},{"taxonomy":"product_tag","embeddable":true,"href":"https:\/\/www.pvtravels.com\/es\/wp-json\/wp\/v2\/product_tag?post=1839"}],"curies":[{"name":"wp","href":"https:\/\/api.w.org\/{rel}","templated":true}]}}