{"id":1679,"date":"2021-12-20T17:17:24","date_gmt":"2021-12-20T22:17:24","guid":{"rendered":"https:\/\/www.pvtravels.com\/tour\/sin%20categor\u00eda\/ruta-del-sillar\/"},"modified":"2026-03-04T16:26:11","modified_gmt":"2026-03-04T21:26:11","slug":"ruta-del-sillar","status":"publish","type":"product","link":"https:\/\/www.pvtravels.com\/es\/tour\/arequipa-es\/arequipa-tradicional\/ruta-del-sillar\/","title":{"rendered":"Ruta del Sillar"},"content":{"rendered":"<h3 style=\"text-align: justify;\"><span style=\"color: #008000;\"><strong>Itinerario:<\/strong><\/span><\/h3>\n<p style=\"text-align: justify;\">Traslado del hotel en Arequipa a las 08:00am para trasladarnos a las\u00a0canteras Culebrillas\u00a0(3km desde el centro de Arequipa), las que se ubican principalmente en el distrito de\u00a0Cerro Colorado\u00a0y\u00a0Yura. Despu\u00e9s del terremoto ocurrido en Arequipa en 1687 se produjo el uso masivo del sistema constructivo con\u00a0Sillar, y al perfeccionarse dio como resultado la bella arquitectura colonial Arequipe\u00f1a.<\/p>\n<p style=\"text-align: justify;\">Las\u00a0canteras de Sillar\u00a0provienen de las erupciones y en el recorrido podremos apreciar a los cortadores de esta piedra en sus faenas diarias, as\u00ed como algunas muestras de tallados.<\/p>\n<p style=\"text-align: justify;\">En este lugar podemos ver d\u00f3nde los alba\u00f1iles toman Ignimbrite y luego pacientemente desarrollan el Sillar, nos explicar\u00e1n detalladamente la preparaci\u00f3n all\u00ed y tambi\u00e9n aprenderemos la historia detr\u00e1s del Sillar.<\/p>\n<p style=\"text-align: justify;\">Regresamos a la ciudad de Arequipa alrededor de las 12pm y traslado al hotel en Arequipa<\/p>\n<h3 style=\"text-align: justify;\"><span style=\"color: #008000;\"><strong>Qu\u00e9 est\u00e1 incluido:<\/strong><\/span><\/h3>\n<ul style=\"text-align: justify;\">\n<li>Recojo de su hotel en Arequipa.<\/li>\n<li>Transporte tur\u00edstico.<\/li>\n<li>Gu\u00eda profesional en ingl\u00e9s o espa\u00f1ol.<\/li>\n<\/ul>\n<h3 style=\"text-align: justify;\"><span style=\"color: #008000;\"><strong>No incluido:<\/strong><\/span><\/h3>\n<ul style=\"text-align: justify;\">\n<li>Comidas no especificadas en el itinerario<\/li>\n<li>Entradas a las canteras.<\/li>\n<li>Alojamiento en Arequipa<\/li>\n<\/ul>\n<h3 style=\"text-align: justify;\"><span style=\"color: #008000;\"><strong>Lista recomendada:<\/strong><\/span><\/h3>\n<ul>\n<li style=\"text-align: justify;\">Snacks<\/li>\n<li style=\"text-align: justify;\">Zapatos para caminar o zapatillas de deporte<\/li>\n<li style=\"text-align: justify;\">Sombrero o gorra<\/li>\n<li style=\"text-align: justify;\">Gafas de sol<\/li>\n<li style=\"text-align: justify;\">Protector solar<\/li>\n<li style=\"text-align: justify;\">Art\u00edculos de aseo<\/li>\n<li style=\"text-align: justify;\">Botella de agua<\/li>\n<\/ul>\n","protected":false},"excerpt":{"rendered":"<p><strong>C\u00d3DIGO: <\/strong>PVT-AT004<\/p>\n<ul>\n<li><strong>Duraci\u00f3n: Diarias &#8211; 4 horas<\/strong><\/li>\n<li><strong>Horario: 08:00 hrs<\/strong><\/li>\n<\/ul>\n","protected":false},"featured_media":1662,"template":"","meta":{"site-sidebar-layout":"default","site-content-layout":"default","ast-site-content-layout":"default","site-content-style":"default","site-sidebar-style":"default","ast-global-header-display":"","ast-banner-title-visibility":"","ast-main-header-display":"","ast-hfb-above-header-display":"","ast-hfb-below-header-display":"","ast-hfb-mobile-header-display":"","site-post-title":"","ast-breadcrumbs-content":"","ast-featured-img":"","footer-sml-layout":"","ast-disable-related-posts":"","theme-transparent-header-meta":"default","adv-header-id-meta":"","stick-header-meta":"default","header-above-stick-meta":"","header-main-stick-meta":"","header-below-stick-meta":"","astra-migrate-meta-layouts":"set","ast-page-background-enabled":"default","ast-page-background-meta":{"desktop":{"background-color":"var(--ast-global-color-4)","background-image":"","background-repeat":"repeat","background-position":"center center","background-size":"auto","background-attachment":"scroll","background-type":"","background-media":"","overlay-type":"","overlay-color":"","overlay-opacity":"","overlay-gradient":""},"tablet":{"background-color":"","background-image":"","background-repeat":"repeat","background-position":"center center","background-size":"auto","background-attachment":"scroll","background-type":"","background-media":"","overlay-type":"","overlay-color":"","overlay-opacity":"","overlay-gradient":""},"mobile":{"background-color":"","background-image":"","background-repeat":"repeat","background-position":"center center","background-size":"auto","background-attachment":"scroll","background-type":"","background-media":"","overlay-type":"","overlay-color":"","overlay-opacity":"","overlay-gradient":""}},"ast-content-background-meta":{"desktop":{"background-color":"var(--ast-global-color-5)","background-image":"","background-repeat":"repeat","background-position":"center center","background-size":"auto","background-attachment":"scroll","background-type":"","background-media":"","overlay-type":"","overlay-color":"","overlay-opacity":"","overlay-gradient":""},"tablet":{"background-color":"var(--ast-global-color-5)","background-image":"","background-repeat":"repeat","background-position":"center center","background-size":"auto","background-attachment":"scroll","background-type":"","background-media":"","overlay-type":"","overlay-color":"","overlay-opacity":"","overlay-gradient":""},"mobile":{"background-color":"var(--ast-global-color-5)","background-image":"","background-repeat":"repeat","background-position":"center center","background-size":"auto","background-attachment":"scroll","background-type":"","background-media":"","overlay-type":"","overlay-color":"","overlay-opacity":"","overlay-gradient":""}},"_joinchat":[]},"product_brand":[],"product_cat":[87,88],"product_tag":[],"class_list":{"0":"post-1679","1":"product","2":"type-product","3":"status-publish","4":"has-post-thumbnail","6":"product_cat-arequipa-es","7":"product_cat-arequipa-tradicional","8":"desktop-align-center","9":"tablet-align-center","10":"mobile-align-center","11":"ast-product-gallery-layout-horizontal-slider","12":"ast-product-gallery-with-no-image","13":"ast-product-tabs-layout-horizontal","15":"first","16":"instock","17":"shipping-taxable","18":"purchasable","19":"product-type-simple"},"_links":{"self":[{"href":"https:\/\/www.pvtravels.com\/es\/wp-json\/wp\/v2\/product\/1679","targetHints":{"allow":["GET"]}}],"collection":[{"href":"https:\/\/www.pvtravels.com\/es\/wp-json\/wp\/v2\/product"}],"about":[{"href":"https:\/\/www.pvtravels.com\/es\/wp-json\/wp\/v2\/types\/product"}],"version-history":[{"count":3,"href":"https:\/\/www.pvtravels.com\/es\/wp-json\/wp\/v2\/product\/1679\/revisions"}],"predecessor-version":[{"id":6650,"href":"https:\/\/www.pvtravels.com\/es\/wp-json\/wp\/v2\/product\/1679\/revisions\/6650"}],"wp:featuredmedia":[{"embeddable":true,"href":"https:\/\/www.pvtravels.com\/es\/wp-json\/wp\/v2\/media\/1662"}],"wp:attachment":[{"href":"https:\/\/www.pvtravels.com\/es\/wp-json\/wp\/v2\/media?parent=1679"}],"wp:term":[{"taxonomy":"product_brand","embeddable":true,"href":"https:\/\/www.pvtravels.com\/es\/wp-json\/wp\/v2\/product_brand?post=1679"},{"taxonomy":"product_cat","embeddable":true,"href":"https:\/\/www.pvtravels.com\/es\/wp-json\/wp\/v2\/product_cat?post=1679"},{"taxonomy":"product_tag","embeddable":true,"href":"https:\/\/www.pvtravels.com\/es\/wp-json\/wp\/v2\/product_tag?post=1679"}],"curies":[{"name":"wp","href":"https:\/\/api.w.org\/{rel}","templated":true}]}}