{"id":1677,"date":"2021-12-20T17:15:24","date_gmt":"2021-12-20T22:15:24","guid":{"rendered":"https:\/\/www.pvtravels.com\/tour\/sin%20categor\u00eda\/arequipa-city-tour\/"},"modified":"2022-02-02T14:59:49","modified_gmt":"2022-02-02T19:59:49","slug":"arequipa-city-tour","status":"publish","type":"product","link":"https:\/\/www.pvtravels.com\/es\/tour\/arequipa-es\/arequipa-tradicional\/arequipa-city-tour\/","title":{"rendered":"Arequipa City Tour"},"content":{"rendered":"<h3 style=\"text-align: justify;\"><span style=\"color: #008000;\"><strong>Itinerario:<\/strong><\/span><\/h3>\n<p style=\"text-align: justify;\">Traslado desde su hotel en Arequipa entre 14:00 a 14:30, para luego dirigirnos a los distritos\u00a0de Carmen Alto y Yanahuara\u00a0donde observaremos paisajes maravillosos de la ciudad rodeada de los\u00a0volcanes Chachani, Misti y Pichu pichu; su bella campi\u00f1a formada por su a\u00fan conservada andener\u00eda pre inca y por supuesto el\u00a0rio Chili. El distrito de Yanahuara es el siguiente punto en nuestro recorrido, en la plaza principal tenemos la iglesia del a\u00f1o 1750, de fachada barroca, pero lo m\u00e1s destacado son los arcos que enmarcan hermosas estampas de la ciudad y donde se han grabado textos con toda la filosof\u00eda de vida e inspiraci\u00f3n del poblador arequipe\u00f1o. Yanahuara tambi\u00e9n es una muestra de la\u00a0Arequipa Colonial, posee pintorescas callejuelas estrechas y a\u00f1ejas y sus casonas hechas en sillar.<\/p>\n<p style=\"text-align: justify;\">Retornaremos al centro hist\u00f3rico para visitar el\u00a0Monasterio\u00a0de\u00a0Santa Catalina, que es un muestrario de cuatro siglos de arquitectura arequipe\u00f1a, las celdas intrusas, Las peque\u00f1as calles y claustros llenos de flores coloridas y las paredes pintadas en tintes frescos. Los callejones estrechos llevan a las diversas partes del convento que atraviesan por sitios pintorescos y sitios de estar y dormir con los muebles originales. Los visitantes revivir\u00e1n y se perder\u00e1n en el camino del tiempo.<\/p>\n<p style=\"text-align: justify;\">Visitaremos la Plaza de armas, una de las m\u00e1s bellas del Per\u00fa, la\u00a0Iglesia jesuita de la Compa\u00f1\u00eda, que en su bella fachada anuncia la denominada arquitectura mestiza, sus claustros y c\u00fapula, la\u00a0casona Trist\u00e1n del Pozo\u00a0como muestra de una casona colonial y terminaremos en la Plaza de Armas de Arequipa alrededor de las 18:00pm<\/p>\n<h3 style=\"text-align: justify;\"><span style=\"color: #008000;\"><strong>Qu\u00e9 est\u00e1 incluido:<\/strong><\/span><\/h3>\n<ul style=\"text-align: justify;\">\n<li>Recojo de su hotel en Arequipa<\/li>\n<li>Transporte tur\u00edstico<\/li>\n<li>Gu\u00eda profesional en ingl\u00e9s o espa\u00f1ol<\/li>\n<li>Entradas del Monasterio de Santa Catalina<\/li>\n<\/ul>\n<h3 style=\"text-align: justify;\">No incluido:<\/h3>\n<ul style=\"text-align: justify;\">\n<li>Comidas no especificadas en el itinerario<\/li>\n<li>Alojamiento en Arequipa<\/li>\n<\/ul>\n<h3 style=\"text-align: justify;\">Lista recomendada:<\/h3>\n<ul>\n<li style=\"text-align: justify;\">Snacks<\/li>\n<li style=\"text-align: justify;\">Zapatos para caminar o zapatillas de deporte<\/li>\n<li style=\"text-align: justify;\">Sombrero o gorra<\/li>\n<li style=\"text-align: justify;\">Gafas de sol<\/li>\n<li style=\"text-align: justify;\">Protector solar<\/li>\n<li style=\"text-align: justify;\">Art\u00edculos de aseo<\/li>\n<li style=\"text-align: justify;\">Botella de agua<\/li>\n<\/ul>\n","protected":false},"excerpt":{"rendered":"<p><strong>C\u00d3DIGO: <\/strong>PVT-AT003<\/p>\n<ul>\n<li><strong>Duraci\u00f3n: Diarias &#8211; 4 horas<\/strong><\/li>\n<li><strong>Horario: 13:00 hrs<\/strong><\/li>\n<\/ul>\n","protected":false},"featured_media":3475,"template":"","meta":{"site-sidebar-layout":"default","site-content-layout":"default","ast-site-content-layout":"default","site-content-style":"default","site-sidebar-style":"default","ast-global-header-display":"","ast-banner-title-visibility":"","ast-main-header-display":"","ast-hfb-above-header-display":"","ast-hfb-below-header-display":"","ast-hfb-mobile-header-display":"","site-post-title":"","ast-breadcrumbs-content":"","ast-featured-img":"","footer-sml-layout":"","ast-disable-related-posts":"","theme-transparent-header-meta":"default","adv-header-id-meta":"","stick-header-meta":"default","header-above-stick-meta":"","header-main-stick-meta":"","header-below-stick-meta":"","astra-migrate-meta-layouts":"default","ast-page-background-enabled":"default","ast-page-background-meta":{"desktop":{"background-color":"var(--ast-global-color-4)","background-image":"","background-repeat":"repeat","background-position":"center center","background-size":"auto","background-attachment":"scroll","background-type":"","background-media":"","overlay-type":"","overlay-color":"","overlay-opacity":"","overlay-gradient":""},"tablet":{"background-color":"","background-image":"","background-repeat":"repeat","background-position":"center center","background-size":"auto","background-attachment":"scroll","background-type":"","background-media":"","overlay-type":"","overlay-color":"","overlay-opacity":"","overlay-gradient":""},"mobile":{"background-color":"","background-image":"","background-repeat":"repeat","background-position":"center center","background-size":"auto","background-attachment":"scroll","background-type":"","background-media":"","overlay-type":"","overlay-color":"","overlay-opacity":"","overlay-gradient":""}},"ast-content-background-meta":{"desktop":{"background-color":"var(--ast-global-color-5)","background-image":"","background-repeat":"repeat","background-position":"center center","background-size":"auto","background-attachment":"scroll","background-type":"","background-media":"","overlay-type":"","overlay-color":"","overlay-opacity":"","overlay-gradient":""},"tablet":{"background-color":"var(--ast-global-color-5)","background-image":"","background-repeat":"repeat","background-position":"center center","background-size":"auto","background-attachment":"scroll","background-type":"","background-media":"","overlay-type":"","overlay-color":"","overlay-opacity":"","overlay-gradient":""},"mobile":{"background-color":"var(--ast-global-color-5)","background-image":"","background-repeat":"repeat","background-position":"center center","background-size":"auto","background-attachment":"scroll","background-type":"","background-media":"","overlay-type":"","overlay-color":"","overlay-opacity":"","overlay-gradient":""}},"_joinchat":[]},"product_brand":[],"product_cat":[87,88],"product_tag":[],"class_list":{"0":"post-1677","1":"product","2":"type-product","3":"status-publish","4":"has-post-thumbnail","6":"product_cat-arequipa-es","7":"product_cat-arequipa-tradicional","8":"desktop-align-center","9":"tablet-align-center","10":"mobile-align-center","11":"ast-product-gallery-layout-horizontal-slider","12":"ast-product-gallery-with-no-image","13":"ast-product-tabs-layout-horizontal","15":"first","16":"instock","17":"shipping-taxable","18":"purchasable","19":"product-type-simple"},"_links":{"self":[{"href":"https:\/\/www.pvtravels.com\/es\/wp-json\/wp\/v2\/product\/1677","targetHints":{"allow":["GET"]}}],"collection":[{"href":"https:\/\/www.pvtravels.com\/es\/wp-json\/wp\/v2\/product"}],"about":[{"href":"https:\/\/www.pvtravels.com\/es\/wp-json\/wp\/v2\/types\/product"}],"version-history":[{"count":2,"href":"https:\/\/www.pvtravels.com\/es\/wp-json\/wp\/v2\/product\/1677\/revisions"}],"predecessor-version":[{"id":3470,"href":"https:\/\/www.pvtravels.com\/es\/wp-json\/wp\/v2\/product\/1677\/revisions\/3470"}],"wp:featuredmedia":[{"embeddable":true,"href":"https:\/\/www.pvtravels.com\/es\/wp-json\/wp\/v2\/media\/3475"}],"wp:attachment":[{"href":"https:\/\/www.pvtravels.com\/es\/wp-json\/wp\/v2\/media?parent=1677"}],"wp:term":[{"taxonomy":"product_brand","embeddable":true,"href":"https:\/\/www.pvtravels.com\/es\/wp-json\/wp\/v2\/product_brand?post=1677"},{"taxonomy":"product_cat","embeddable":true,"href":"https:\/\/www.pvtravels.com\/es\/wp-json\/wp\/v2\/product_cat?post=1677"},{"taxonomy":"product_tag","embeddable":true,"href":"https:\/\/www.pvtravels.com\/es\/wp-json\/wp\/v2\/product_tag?post=1677"}],"curies":[{"name":"wp","href":"https:\/\/api.w.org\/{rel}","templated":true}]}}