{"id":1614,"date":"2021-12-20T16:02:57","date_gmt":"2021-12-20T21:02:57","guid":{"rendered":"https:\/\/www.pvtravels.com\/tour\/sin%20categor\u00eda\/tour-chucuito-medio-dia\/"},"modified":"2022-02-02T15:08:30","modified_gmt":"2022-02-02T20:08:30","slug":"tour-chucuito-medio-dia","status":"publish","type":"product","link":"https:\/\/www.pvtravels.com\/es\/tour\/puno-es\/tour-chucuito-medio-dia\/","title":{"rendered":"Tour Chucuito Medio d\u00eda"},"content":{"rendered":"<h3 style=\"text-align: justify;\"><span style=\"color: #008000;\"><strong>Itinerario:<\/strong><\/span><\/h3>\n<p style=\"text-align: justify;\">Recojo y traslado de su hotel a Chucuito, lugar de la visita de bailarines y parejas rom\u00e1nticas. Debido a su ubicaci\u00f3n, tiene una hermosa vista del Lago Titicaca.<\/p>\n<p style=\"text-align: justify;\">Lo primero que viene a visitar Chucuito es el Templo de la Fertilidad. Se sabe que el Inca Uyo fue un templo a la fertilidad donde la naturaleza agradeci\u00f3 el milagro de la reproducci\u00f3n humana, y a la Pachamama o la Madre Tierra.<\/p>\n<p style=\"text-align: justify;\">El Inka Uyo se ha construido en la ciudad del tesoro real, donde algunas personas van que no pueden brillar por varias razones, luego visitan la Iglesia de Chucuito que muestra la belleza de su construcci\u00f3n desde la entrada lateral, compuesta de columnas y arcos. por algunos investigadores como uno de los mejores de la regi\u00f3n y un excelente ejemplo de la arquitectura colonial peruana renacentista, el Reloj Solar en el centro de la plaza principal. El reloj de sol Chucuito es de gran importancia.<\/p>\n<p style=\"text-align: justify;\">Algo que le da personalidad a la gente, es el reloj de piedra de Huamanga, de forma rectangular, en la parte superior y central tiene una aguja que marca las horas a medida que se mueve el sol. Finalmente traslado a piscicultura.<\/p>\n<p style=\"text-align: justify;\">Regreso a la ciudad de Puno y traslado a su hotel.<\/p>\n<h3 style=\"text-align: justify;\"><span style=\"color: #008000;\"><strong>Qu\u00e9 est\u00e1 incluido:<\/strong><\/span><\/h3>\n<ul style=\"text-align: justify;\">\n<li>Traslado ida\/retorno al hotel en Puno<\/li>\n<li>Transporte<\/li>\n<li>Gu\u00eda en espa\u00f1ol e ingl\u00e9s.<\/li>\n<li>Entrada al complejo arqueol\u00f3gico.<\/li>\n<\/ul>\n<h3 style=\"text-align: justify;\"><span style=\"color: #008000;\"><strong>No incluido:<\/strong><\/span><\/h3>\n<ul style=\"text-align: justify;\">\n<li>Comidas no especificadas en el itinerario.<\/li>\n<li>Alojamiento<\/li>\n<\/ul>\n<h3 style=\"text-align: justify;\"><span style=\"color: #008000;\"><strong>Lista recomendada<\/strong><\/span><\/h3>\n<ul>\n<li style=\"text-align: justify;\">Aperitivos (frutas secas, galletas, dulces, chocolates, etc.)<\/li>\n<li style=\"text-align: justify;\">Zapatos para caminar o zapatillas de deporte<\/li>\n<li style=\"text-align: justify;\">Equipo completo para lluvia o poncho (de noviembre a abril)<\/li>\n<li style=\"text-align: justify;\">Ropa abrigada<\/li>\n<li style=\"text-align: justify;\">Sombrero o gorra<\/li>\n<li style=\"text-align: justify;\">Gafas de sol<\/li>\n<li style=\"text-align: justify;\">Protector solar<\/li>\n<li style=\"text-align: justify;\">Art\u00edculos de tocador<\/li>\n<li style=\"text-align: justify;\">C\u00e1maras fotogr\u00e1ficas \/ de video y cargadores<\/li>\n<li style=\"text-align: justify;\">Botella de agua<\/li>\n<\/ul>\n","protected":false},"excerpt":{"rendered":"<p><strong>CODIGO: <\/strong>PVT-PU004<\/p>\n<ul>\n<li><strong>Salidas: diarias<\/strong><\/li>\n<li><strong>Duraci\u00f3n: 3 horas aprox<\/strong><\/li>\n<\/ul>\n","protected":false},"featured_media":1602,"template":"","meta":{"site-sidebar-layout":"default","site-content-layout":"default","ast-site-content-layout":"default","site-content-style":"default","site-sidebar-style":"default","ast-global-header-display":"","ast-banner-title-visibility":"","ast-main-header-display":"","ast-hfb-above-header-display":"","ast-hfb-below-header-display":"","ast-hfb-mobile-header-display":"","site-post-title":"","ast-breadcrumbs-content":"","ast-featured-img":"","footer-sml-layout":"","ast-disable-related-posts":"","theme-transparent-header-meta":"default","adv-header-id-meta":"","stick-header-meta":"default","header-above-stick-meta":"","header-main-stick-meta":"","header-below-stick-meta":"","astra-migrate-meta-layouts":"default","ast-page-background-enabled":"default","ast-page-background-meta":{"desktop":{"background-color":"var(--ast-global-color-4)","background-image":"","background-repeat":"repeat","background-position":"center center","background-size":"auto","background-attachment":"scroll","background-type":"","background-media":"","overlay-type":"","overlay-color":"","overlay-opacity":"","overlay-gradient":""},"tablet":{"background-color":"","background-image":"","background-repeat":"repeat","background-position":"center center","background-size":"auto","background-attachment":"scroll","background-type":"","background-media":"","overlay-type":"","overlay-color":"","overlay-opacity":"","overlay-gradient":""},"mobile":{"background-color":"","background-image":"","background-repeat":"repeat","background-position":"center center","background-size":"auto","background-attachment":"scroll","background-type":"","background-media":"","overlay-type":"","overlay-color":"","overlay-opacity":"","overlay-gradient":""}},"ast-content-background-meta":{"desktop":{"background-color":"var(--ast-global-color-5)","background-image":"","background-repeat":"repeat","background-position":"center center","background-size":"auto","background-attachment":"scroll","background-type":"","background-media":"","overlay-type":"","overlay-color":"","overlay-opacity":"","overlay-gradient":""},"tablet":{"background-color":"var(--ast-global-color-5)","background-image":"","background-repeat":"repeat","background-position":"center center","background-size":"auto","background-attachment":"scroll","background-type":"","background-media":"","overlay-type":"","overlay-color":"","overlay-opacity":"","overlay-gradient":""},"mobile":{"background-color":"var(--ast-global-color-5)","background-image":"","background-repeat":"repeat","background-position":"center center","background-size":"auto","background-attachment":"scroll","background-type":"","background-media":"","overlay-type":"","overlay-color":"","overlay-opacity":"","overlay-gradient":""}},"_joinchat":[]},"product_brand":[],"product_cat":[82],"product_tag":[],"class_list":{"0":"post-1614","1":"product","2":"type-product","3":"status-publish","4":"has-post-thumbnail","6":"product_cat-puno-es","7":"desktop-align-center","8":"tablet-align-center","9":"mobile-align-center","10":"ast-product-gallery-layout-horizontal-slider","11":"ast-product-gallery-with-no-image","12":"ast-product-tabs-layout-horizontal","14":"first","15":"instock","16":"shipping-taxable","17":"purchasable","18":"product-type-simple"},"_links":{"self":[{"href":"https:\/\/www.pvtravels.com\/es\/wp-json\/wp\/v2\/product\/1614","targetHints":{"allow":["GET"]}}],"collection":[{"href":"https:\/\/www.pvtravels.com\/es\/wp-json\/wp\/v2\/product"}],"about":[{"href":"https:\/\/www.pvtravels.com\/es\/wp-json\/wp\/v2\/types\/product"}],"version-history":[{"count":3,"href":"https:\/\/www.pvtravels.com\/es\/wp-json\/wp\/v2\/product\/1614\/revisions"}],"predecessor-version":[{"id":3479,"href":"https:\/\/www.pvtravels.com\/es\/wp-json\/wp\/v2\/product\/1614\/revisions\/3479"}],"wp:featuredmedia":[{"embeddable":true,"href":"https:\/\/www.pvtravels.com\/es\/wp-json\/wp\/v2\/media\/1602"}],"wp:attachment":[{"href":"https:\/\/www.pvtravels.com\/es\/wp-json\/wp\/v2\/media?parent=1614"}],"wp:term":[{"taxonomy":"product_brand","embeddable":true,"href":"https:\/\/www.pvtravels.com\/es\/wp-json\/wp\/v2\/product_brand?post=1614"},{"taxonomy":"product_cat","embeddable":true,"href":"https:\/\/www.pvtravels.com\/es\/wp-json\/wp\/v2\/product_cat?post=1614"},{"taxonomy":"product_tag","embeddable":true,"href":"https:\/\/www.pvtravels.com\/es\/wp-json\/wp\/v2\/product_tag?post=1614"}],"curies":[{"name":"wp","href":"https:\/\/api.w.org\/{rel}","templated":true}]}}