{"id":1611,"date":"2021-12-20T15:58:49","date_gmt":"2021-12-20T20:58:49","guid":{"rendered":"https:\/\/www.pvtravels.com\/tour\/sin%20categor\u00eda\/tour-sillustani-medio-dia\/"},"modified":"2022-02-02T15:10:45","modified_gmt":"2022-02-02T20:10:45","slug":"tour-sillustani-medio-dia","status":"publish","type":"product","link":"https:\/\/www.pvtravels.com\/es\/tour\/puno-es\/tour-sillustani-medio-dia\/","title":{"rendered":"Tour Sillustani medio d\u00eda"},"content":{"rendered":"<h3 style=\"text-align: justify;\"><span style=\"color: #008000;\"><strong>Itinerario:<\/strong><\/span><\/h3>\n<p style=\"text-align: justify;\">Recojo de su hotel alrededor de las 14:00h para comenzar su visita al Centro ceremonial Sillustani ubicado a 34 km de la ciudad de Puno, a unos 40 minutos del centro de Puno, el recorrido dura aproximadamente 3.5 horas.<\/p>\n<p style=\"text-align: justify;\">Salimos de Puno por tierra en el camino hacia el norte de Puno, esta visita nos permitir\u00e1 apreciar la magn\u00edfica arquitectura e ingenier\u00eda de la \u00e9poca, que se muestra en la chullpa del lagarto de manera f\u00e1lica con 12 m de altura en forma c\u00f3nica. invertido con inmensos bloques de piedra que desaf\u00edan la gravedad de la Tierra (pre-inca) e inca (necr\u00f3polis), \u00fanica en Per\u00fa; Disfrute de la energ\u00eda positiva de este magn\u00edfico lugar sagrado, rodeado de una naturaleza deslumbrante, un paisaje maravilloso rodeado de la m\u00edstica Laguna y la Isla de Umayo y la vida silvestre (Vicu\u00f1as, alpacas y Vizcachas).<\/p>\n<p style=\"text-align: justify;\">Regresaremos a Puno alrededor de las 6pm.<\/p>\n<h3 style=\"text-align: justify;\"><span style=\"color: #008000;\"><strong>Qu\u00e9 est\u00e1 incluido:<\/strong><\/span><\/h3>\n<ul style=\"text-align: justify;\">\n<li>Traslado ida\/retorno al hotel en Puno<\/li>\n<li>Transporte<\/li>\n<li>Gu\u00eda en espa\u00f1ol e ingl\u00e9s.<\/li>\n<li>Entrada al complejo arqueol\u00f3gico.<\/li>\n<\/ul>\n<h3 style=\"text-align: justify;\"><span style=\"color: #008000;\"><strong>No incluido:<\/strong><\/span><\/h3>\n<ul style=\"text-align: justify;\">\n<li>Comidas no especificadas en el itinerario.<\/li>\n<li>Alojamiento<\/li>\n<\/ul>\n<h3 style=\"text-align: justify;\"><span style=\"color: #008000;\"><strong>Lista recomendada<\/strong><\/span><\/h3>\n<ul>\n<li style=\"text-align: justify;\">Aperitivos (frutas secas, galletas, dulces, chocolates, etc.)<\/li>\n<li style=\"text-align: justify;\">Zapatos para caminar o zapatillas de deporte<\/li>\n<li style=\"text-align: justify;\">Equipo completo para lluvia o poncho (de noviembre a abril)<\/li>\n<li style=\"text-align: justify;\">Ropa abrigada<\/li>\n<li style=\"text-align: justify;\">Sombrero o gorra<\/li>\n<li style=\"text-align: justify;\">Gafas de sol<\/li>\n<li style=\"text-align: justify;\">Protector solar<\/li>\n<li style=\"text-align: justify;\">Art\u00edculos de tocador<\/li>\n<li style=\"text-align: justify;\">C\u00e1maras fotogr\u00e1ficas \/ de video y cargadores<\/li>\n<li style=\"text-align: justify;\">Botella de agua<\/li>\n<\/ul>\n","protected":false},"excerpt":{"rendered":"<p><strong>CODIGO: <\/strong>PVT-PU003<\/p>\n<ul>\n<li><strong>Salidas: diarias<\/strong><\/li>\n<li><strong>Duraci\u00f3n: 4 horas aprox<\/strong><\/li>\n<\/ul>\n","protected":false},"featured_media":3743,"template":"","meta":{"site-sidebar-layout":"default","site-content-layout":"default","ast-site-content-layout":"default","site-content-style":"default","site-sidebar-style":"default","ast-global-header-display":"","ast-banner-title-visibility":"","ast-main-header-display":"","ast-hfb-above-header-display":"","ast-hfb-below-header-display":"","ast-hfb-mobile-header-display":"","site-post-title":"","ast-breadcrumbs-content":"","ast-featured-img":"","footer-sml-layout":"","ast-disable-related-posts":"","theme-transparent-header-meta":"default","adv-header-id-meta":"","stick-header-meta":"default","header-above-stick-meta":"","header-main-stick-meta":"","header-below-stick-meta":"","astra-migrate-meta-layouts":"default","ast-page-background-enabled":"default","ast-page-background-meta":{"desktop":{"background-color":"var(--ast-global-color-4)","background-image":"","background-repeat":"repeat","background-position":"center center","background-size":"auto","background-attachment":"scroll","background-type":"","background-media":"","overlay-type":"","overlay-color":"","overlay-opacity":"","overlay-gradient":""},"tablet":{"background-color":"","background-image":"","background-repeat":"repeat","background-position":"center center","background-size":"auto","background-attachment":"scroll","background-type":"","background-media":"","overlay-type":"","overlay-color":"","overlay-opacity":"","overlay-gradient":""},"mobile":{"background-color":"","background-image":"","background-repeat":"repeat","background-position":"center center","background-size":"auto","background-attachment":"scroll","background-type":"","background-media":"","overlay-type":"","overlay-color":"","overlay-opacity":"","overlay-gradient":""}},"ast-content-background-meta":{"desktop":{"background-color":"var(--ast-global-color-5)","background-image":"","background-repeat":"repeat","background-position":"center center","background-size":"auto","background-attachment":"scroll","background-type":"","background-media":"","overlay-type":"","overlay-color":"","overlay-opacity":"","overlay-gradient":""},"tablet":{"background-color":"var(--ast-global-color-5)","background-image":"","background-repeat":"repeat","background-position":"center center","background-size":"auto","background-attachment":"scroll","background-type":"","background-media":"","overlay-type":"","overlay-color":"","overlay-opacity":"","overlay-gradient":""},"mobile":{"background-color":"var(--ast-global-color-5)","background-image":"","background-repeat":"repeat","background-position":"center center","background-size":"auto","background-attachment":"scroll","background-type":"","background-media":"","overlay-type":"","overlay-color":"","overlay-opacity":"","overlay-gradient":""}},"_joinchat":[]},"product_brand":[],"product_cat":[82],"product_tag":[],"class_list":{"0":"post-1611","1":"product","2":"type-product","3":"status-publish","4":"has-post-thumbnail","6":"product_cat-puno-es","7":"desktop-align-center","8":"tablet-align-center","9":"mobile-align-center","10":"ast-product-gallery-layout-horizontal-slider","11":"ast-product-gallery-with-no-image","12":"ast-product-tabs-layout-horizontal","14":"first","15":"instock","16":"shipping-taxable","17":"purchasable","18":"product-type-simple"},"_links":{"self":[{"href":"https:\/\/www.pvtravels.com\/es\/wp-json\/wp\/v2\/product\/1611","targetHints":{"allow":["GET"]}}],"collection":[{"href":"https:\/\/www.pvtravels.com\/es\/wp-json\/wp\/v2\/product"}],"about":[{"href":"https:\/\/www.pvtravels.com\/es\/wp-json\/wp\/v2\/types\/product"}],"version-history":[{"count":3,"href":"https:\/\/www.pvtravels.com\/es\/wp-json\/wp\/v2\/product\/1611\/revisions"}],"predecessor-version":[{"id":3480,"href":"https:\/\/www.pvtravels.com\/es\/wp-json\/wp\/v2\/product\/1611\/revisions\/3480"}],"wp:featuredmedia":[{"embeddable":true,"href":"https:\/\/www.pvtravels.com\/es\/wp-json\/wp\/v2\/media\/3743"}],"wp:attachment":[{"href":"https:\/\/www.pvtravels.com\/es\/wp-json\/wp\/v2\/media?parent=1611"}],"wp:term":[{"taxonomy":"product_brand","embeddable":true,"href":"https:\/\/www.pvtravels.com\/es\/wp-json\/wp\/v2\/product_brand?post=1611"},{"taxonomy":"product_cat","embeddable":true,"href":"https:\/\/www.pvtravels.com\/es\/wp-json\/wp\/v2\/product_cat?post=1611"},{"taxonomy":"product_tag","embeddable":true,"href":"https:\/\/www.pvtravels.com\/es\/wp-json\/wp\/v2\/product_tag?post=1611"}],"curies":[{"name":"wp","href":"https:\/\/api.w.org\/{rel}","templated":true}]}}