{"id":1519,"date":"2021-12-20T14:39:23","date_gmt":"2021-12-20T19:39:23","guid":{"rendered":"https:\/\/www.pvtravels.com\/tour\/sin%20categor\u00eda\/lago-titicaca-2d-1n\/"},"modified":"2022-02-02T15:19:15","modified_gmt":"2022-02-02T20:19:15","slug":"lago-titicaca-2d-1n","status":"publish","type":"product","link":"https:\/\/www.pvtravels.com\/es\/tour\/puno-es\/lago-titicaca-2d-1n\/","title":{"rendered":"Lago Titicaca 2D\/1N"},"content":{"rendered":"\t\t<div data-elementor-type=\"product-post\" data-elementor-id=\"1519\" class=\"elementor elementor-1519 elementor-1477\" data-elementor-post-type=\"product\">\n\t\t\t\t\t\t<section class=\"elementor-section elementor-top-section elementor-element elementor-element-b78a3c5 elementor-section-boxed elementor-section-height-default elementor-section-height-default\" data-id=\"b78a3c5\" data-element_type=\"section\" data-e-type=\"section\">\n\t\t\t\t\t\t<div class=\"elementor-container elementor-column-gap-default\">\n\t\t\t\t\t<div class=\"elementor-column elementor-col-100 elementor-top-column elementor-element elementor-element-9f1dc1b\" data-id=\"9f1dc1b\" data-element_type=\"column\" data-e-type=\"column\">\n\t\t\t<div class=\"elementor-widget-wrap elementor-element-populated\">\n\t\t\t\t\t\t<div class=\"elementor-element elementor-element-a10e891 elementor-widget elementor-widget-heading\" data-id=\"a10e891\" data-element_type=\"widget\" data-e-type=\"widget\" data-widget_type=\"heading.default\">\n\t\t\t\t<div class=\"elementor-widget-container\">\n\t\t\t\t\t<h3 class=\"elementor-heading-title elementor-size-default\">Itinerario:<\/h3>\t\t\t\t<\/div>\n\t\t\t\t<\/div>\n\t\t\t\t<div class=\"elementor-element elementor-element-118c265 elementor-widget elementor-widget-accordion\" data-id=\"118c265\" data-element_type=\"widget\" data-e-type=\"widget\" data-widget_type=\"accordion.default\">\n\t\t\t\t<div class=\"elementor-widget-container\">\n\t\t\t\t\t\t\t<div class=\"elementor-accordion\">\n\t\t\t\t\t\t\t<div class=\"elementor-accordion-item\">\n\t\t\t\t\t<div id=\"elementor-tab-title-1831\" class=\"elementor-tab-title\" data-tab=\"1\" role=\"button\" aria-controls=\"elementor-tab-content-1831\" aria-expanded=\"false\">\n\t\t\t\t\t\t\t\t\t\t\t\t\t<span class=\"elementor-accordion-icon elementor-accordion-icon-left\" aria-hidden=\"true\">\n\t\t\t\t\t\t\t\t\t\t\t\t\t\t\t<span class=\"elementor-accordion-icon-closed\"><i class=\"fas fa-plus\"><\/i><\/span>\n\t\t\t\t\t\t\t\t<span class=\"elementor-accordion-icon-opened\"><i class=\"fas fa-minus\"><\/i><\/span>\n\t\t\t\t\t\t\t\t\t\t\t\t\t\t<\/span>\n\t\t\t\t\t\t\t\t\t\t\t\t<a class=\"elementor-accordion-title\" tabindex=\"0\">D\u00eda 1: Puno - Amantani<\/a>\n\t\t\t\t\t<\/div>\n\t\t\t\t\t<div id=\"elementor-tab-content-1831\" class=\"elementor-tab-content elementor-clearfix\" data-tab=\"1\" role=\"region\" aria-labelledby=\"elementor-tab-title-1831\"><p style=\"text-align: justify;\">Nuestro recorrido comienza con la recogida en su hotel en Puno o en la estaci\u00f3n de buses.<\/p><p style=\"text-align: justify;\">Luego iremos al puerto en Puno, donde nuestro gu\u00eda local estar\u00e1 esperando con el bote para comenzar nuestra aventura en el lago Titicaca. Una vez que nos vayamos, nuestro gu\u00eda nos explicar\u00e1 los puntos importantes de este gran lago, y despu\u00e9s de 30 minutos llegaremos a las islas flotantes de los Uros. Aqu\u00ed nos detenemos en una isla, visitamos a sus habitantes y conocemos las costumbres de estas comunidades que viven durante a\u00f1os en las tierras altas. En la comunidad de los Uros tomamos una balsa hecha de juncos y un peque\u00f1o paseo por el lago (opcional).<\/p><p style=\"text-align: justify;\">M\u00e1s tarde regresamos al bote y continuamos nuestro viaje hacia la isla de Amantani. El viaje dura aproximadamente 3 horas en bote. A su llegada, ser\u00e1 recibido por grupos de isle\u00f1os que nos proporcionar\u00e1n alojamiento en sus humildes hogares.<\/p><p style=\"text-align: justify;\">La tarde es libre para explorar por su cuenta o simplemente compartir la noche con su familia anfitriona. Poco antes del atardecer, nuestro gu\u00eda lo invitar\u00e1 a caminar hasta una peque\u00f1a colina conocida como Pachatata, donde se encuentra un complejo arqueol\u00f3gico construido por las antiguas culturas que habitaban la isla hace mucho tiempo. Desde este punto, tambi\u00e9n podemos ver una hermosa puesta de sol. Luego descendemos a nuestros hogares y cenamos con nuestras respectivas familias.<\/p><p style=\"text-align: justify;\">M\u00e1s tarde veremos un festival de folklore, donde podremos bailar con la gente local. Nuestras familias nos dan ropa tradicional para asistir a la fiesta. Las mujeres est\u00e1n vestidas con faldas muy coloridas, hermosas blusas, bordado a mano y velo negro. A los hombres se les dio un poncho Chuyo muy largo (gorro de lana t\u00edpico de los Andes). Una vez listo, iremos a la fiesta.<\/p><p style=\"text-align: justify;\">Pasaremos la noche con una familia local.<\/p><\/div>\n\t\t\t\t<\/div>\n\t\t\t\t\t\t\t<div class=\"elementor-accordion-item\">\n\t\t\t\t\t<div id=\"elementor-tab-title-1832\" class=\"elementor-tab-title\" data-tab=\"2\" role=\"button\" aria-controls=\"elementor-tab-content-1832\" aria-expanded=\"false\">\n\t\t\t\t\t\t\t\t\t\t\t\t\t<span class=\"elementor-accordion-icon elementor-accordion-icon-left\" aria-hidden=\"true\">\n\t\t\t\t\t\t\t\t\t\t\t\t\t\t\t<span class=\"elementor-accordion-icon-closed\"><i class=\"fas fa-plus\"><\/i><\/span>\n\t\t\t\t\t\t\t\t<span class=\"elementor-accordion-icon-opened\"><i class=\"fas fa-minus\"><\/i><\/span>\n\t\t\t\t\t\t\t\t\t\t\t\t\t\t<\/span>\n\t\t\t\t\t\t\t\t\t\t\t\t<a class=\"elementor-accordion-title\" tabindex=\"0\">D\u00eda 2: Isla de Taquile - Regreso a Puno<\/a>\n\t\t\t\t\t<\/div>\n\t\t\t\t\t<div id=\"elementor-tab-content-1832\" class=\"elementor-tab-content elementor-clearfix\" data-tab=\"2\" role=\"region\" aria-labelledby=\"elementor-tab-title-1832\"><p style=\"text-align: justify;\">Despu\u00e9s del desayuno, nos despedimos de nuestra familia y bajamos al muelle para continuar nuestra visita a la isla de Taquile. El viaje durar\u00e1 aproximadamente una hora.<\/p><p style=\"text-align: justify;\">Taquile es una isla enorme que se caracteriza por hermosas telas. Aqu\u00ed los visitantes pueden ver c\u00f3mo la gente en la isla hace ponchos, cinturones, guantes y otras prendas t\u00edpicas alto andinas, todo hecho a mano. Para llegar a la cima de la isla, caminamos por un hermoso sendero, algo inclinado que ofrece espectaculares vistas del lago. Aqu\u00ed recomendamos caminar lentamente y tomarlo con calma, ya que la altitud es de aproximadamente 3800 msnm.<\/p><p style=\"text-align: justify;\">Despu\u00e9s almorzaremos en un restaurante t\u00edpico alrededor de la plaza. Despu\u00e9s del almuerzo, tendr\u00e1 tiempo libre para visitar las f\u00e1bricas de telas y tomar fotograf\u00edas con los isle\u00f1os.<\/p><p style=\"text-align: justify;\">M\u00e1s tarde, descenderemos al puerto para tomar nuestro bote de regreso a Puno, llegando a la ciudad aproximadamente a las 17: 00h.<\/p><p style=\"text-align: justify;\">Fin de nuestro servicio!<\/p><\/div>\n\t\t\t\t<\/div>\n\t\t\t\t\t\t\t\t<\/div>\n\t\t\t\t\t\t<\/div>\n\t\t\t\t<\/div>\n\t\t\t\t<div class=\"elementor-element elementor-element-d44e20c elementor-widget elementor-widget-text-editor\" data-id=\"d44e20c\" data-element_type=\"widget\" data-e-type=\"widget\" data-widget_type=\"text-editor.default\">\n\t\t\t\t<div class=\"elementor-widget-container\">\n\t\t\t\t\t\t\t\t\t<h3><span style=\"color: #008000;\"><strong>Qu\u00e9 est\u00e1 incluido:<\/strong><\/span><\/h3><ul><li>Traslado desde hotel o estaci\u00f3n de bus en Puno<\/li><li>Tours Uros, Amantani y Taquile<\/li><li>Cena y desayuno en Amantani.<\/li><li>Almuerzo en Taquile<\/li><li>1 noche en familia de acogida en Amantani<\/li><li>Todas las entradas.<\/li><li>Gu\u00eda profesional en ingl\u00e9s o espa\u00f1ol.<\/li><li>Movilidad para los recorridos<\/li><\/ul><h3><span style=\"color: #008000;\"><strong>No incluido:<\/strong><\/span><\/h3><ul><li>Trasferencia<\/li><li>Traslado desde el aeropuerto de Juliaca.<\/li><li>Comidas no especificadas en el itinerario.<\/li><li>Alojamiento en Puno<\/li><\/ul><h3><span style=\"color: #008000;\"><strong>Lista recomendada<\/strong><\/span><\/h3><ul><li>Aperitivos (frutas secas, galletas, dulces, chocolates, etc.)<\/li><li>Zapatos para caminar o zapatillas de deporte<\/li><li>Equipo completo para lluvia o poncho (de noviembre a abril)<\/li><li>Ropa abrigada<\/li><li>Sombrero o gorra<\/li><li>Gafas de sol<\/li><li>Protector solar<\/li><li>Art\u00edculos de tocador (champ\u00fa, jab\u00f3n, crema corporal)<\/li><li>C\u00e1maras fotogr\u00e1ficas \/ de video y cargadores<\/li><li>Botella de agua<\/li><\/ul>\t\t\t\t\t\t\t\t<\/div>\n\t\t\t\t<\/div>\n\t\t\t\t\t<\/div>\n\t\t<\/div>\n\t\t\t\t\t<\/div>\n\t\t<\/section>\n\t\t\t\t<\/div>\n\t\t","protected":false},"excerpt":{"rendered":"<p><strong>CODIGO: <\/strong>PVT-PP001<\/p>\n<ul>\n<li><strong>Salidas: diarias<\/strong><\/li>\n<li><strong>Duraci\u00f3n: 2 d\u00edas \/ 1 noche<\/strong><\/li>\n<\/ul>\n","protected":false},"featured_media":3620,"template":"","meta":{"site-sidebar-layout":"no-sidebar","site-content-layout":"page-builder","ast-site-content-layout":"default","site-content-style":"default","site-sidebar-style":"default","ast-global-header-display":"","ast-banner-title-visibility":"","ast-main-header-display":"","ast-hfb-above-header-display":"","ast-hfb-below-header-display":"","ast-hfb-mobile-header-display":"","site-post-title":"disabled","ast-breadcrumbs-content":"","ast-featured-img":"disabled","footer-sml-layout":"","ast-disable-related-posts":"","theme-transparent-header-meta":"default","adv-header-id-meta":"","stick-header-meta":"default","header-above-stick-meta":"","header-main-stick-meta":"","header-below-stick-meta":"","astra-migrate-meta-layouts":"default","ast-page-background-enabled":"default","ast-page-background-meta":{"desktop":{"background-color":"var(--ast-global-color-4)","background-image":"","background-repeat":"repeat","background-position":"center center","background-size":"auto","background-attachment":"scroll","background-type":"","background-media":"","overlay-type":"","overlay-color":"","overlay-opacity":"","overlay-gradient":""},"tablet":{"background-color":"","background-image":"","background-repeat":"repeat","background-position":"center center","background-size":"auto","background-attachment":"scroll","background-type":"","background-media":"","overlay-type":"","overlay-color":"","overlay-opacity":"","overlay-gradient":""},"mobile":{"background-color":"","background-image":"","background-repeat":"repeat","background-position":"center center","background-size":"auto","background-attachment":"scroll","background-type":"","background-media":"","overlay-type":"","overlay-color":"","overlay-opacity":"","overlay-gradient":""}},"ast-content-background-meta":{"desktop":{"background-color":"var(--ast-global-color-5)","background-image":"","background-repeat":"repeat","background-position":"center center","background-size":"auto","background-attachment":"scroll","background-type":"","background-media":"","overlay-type":"","overlay-color":"","overlay-opacity":"","overlay-gradient":""},"tablet":{"background-color":"var(--ast-global-color-5)","background-image":"","background-repeat":"repeat","background-position":"center center","background-size":"auto","background-attachment":"scroll","background-type":"","background-media":"","overlay-type":"","overlay-color":"","overlay-opacity":"","overlay-gradient":""},"mobile":{"background-color":"var(--ast-global-color-5)","background-image":"","background-repeat":"repeat","background-position":"center center","background-size":"auto","background-attachment":"scroll","background-type":"","background-media":"","overlay-type":"","overlay-color":"","overlay-opacity":"","overlay-gradient":""}},"_joinchat":[]},"product_brand":[],"product_cat":[82],"product_tag":[],"class_list":{"0":"post-1519","1":"product","2":"type-product","3":"status-publish","4":"has-post-thumbnail","6":"product_cat-puno-es","7":"desktop-align-center","8":"tablet-align-center","9":"mobile-align-center","10":"ast-product-gallery-layout-horizontal-slider","11":"ast-product-gallery-with-no-image","12":"ast-product-tabs-layout-horizontal","14":"first","15":"instock","16":"shipping-taxable","17":"purchasable","18":"product-type-simple"},"_links":{"self":[{"href":"https:\/\/www.pvtravels.com\/es\/wp-json\/wp\/v2\/product\/1519","targetHints":{"allow":["GET"]}}],"collection":[{"href":"https:\/\/www.pvtravels.com\/es\/wp-json\/wp\/v2\/product"}],"about":[{"href":"https:\/\/www.pvtravels.com\/es\/wp-json\/wp\/v2\/types\/product"}],"version-history":[{"count":8,"href":"https:\/\/www.pvtravels.com\/es\/wp-json\/wp\/v2\/product\/1519\/revisions"}],"predecessor-version":[{"id":3492,"href":"https:\/\/www.pvtravels.com\/es\/wp-json\/wp\/v2\/product\/1519\/revisions\/3492"}],"wp:featuredmedia":[{"embeddable":true,"href":"https:\/\/www.pvtravels.com\/es\/wp-json\/wp\/v2\/media\/3620"}],"wp:attachment":[{"href":"https:\/\/www.pvtravels.com\/es\/wp-json\/wp\/v2\/media?parent=1519"}],"wp:term":[{"taxonomy":"product_brand","embeddable":true,"href":"https:\/\/www.pvtravels.com\/es\/wp-json\/wp\/v2\/product_brand?post=1519"},{"taxonomy":"product_cat","embeddable":true,"href":"https:\/\/www.pvtravels.com\/es\/wp-json\/wp\/v2\/product_cat?post=1519"},{"taxonomy":"product_tag","embeddable":true,"href":"https:\/\/www.pvtravels.com\/es\/wp-json\/wp\/v2\/product_tag?post=1519"}],"curies":[{"name":"wp","href":"https:\/\/api.w.org\/{rel}","templated":true}]}}