{"id":1422,"date":"2021-12-20T12:22:47","date_gmt":"2021-12-20T17:22:47","guid":{"rendered":"https:\/\/www.pvtravels.com\/tour\/sin%20categor\u00eda\/iquitos-selva-amazonica-2d-1n\/"},"modified":"2025-02-12T16:16:48","modified_gmt":"2025-02-12T21:16:48","slug":"iquitos-selva-amazonica-2d-1n","status":"publish","type":"product","link":"https:\/\/www.pvtravels.com\/es\/tour\/selva-es\/iquitos-es\/iquitos-selva-amazonica-2d-1n\/","title":{"rendered":"Iquitos Selva Amaz\u00f3nica 2D\/1N"},"content":{"rendered":"\t\t<div data-elementor-type=\"product-post\" data-elementor-id=\"1422\" class=\"elementor elementor-1422 elementor-1397\" data-elementor-post-type=\"product\">\n\t\t\t\t\t\t<section class=\"elementor-section elementor-top-section elementor-element elementor-element-a80378d elementor-section-boxed elementor-section-height-default elementor-section-height-default\" data-id=\"a80378d\" data-element_type=\"section\" data-e-type=\"section\">\n\t\t\t\t\t\t<div class=\"elementor-container elementor-column-gap-default\">\n\t\t\t\t\t<div class=\"elementor-column elementor-col-100 elementor-top-column elementor-element elementor-element-ed05b23\" data-id=\"ed05b23\" data-element_type=\"column\" data-e-type=\"column\">\n\t\t\t<div class=\"elementor-widget-wrap elementor-element-populated\">\n\t\t\t\t\t\t<div class=\"elementor-element elementor-element-37b668e elementor-widget elementor-widget-heading\" data-id=\"37b668e\" data-element_type=\"widget\" data-e-type=\"widget\" data-widget_type=\"heading.default\">\n\t\t\t\t<div class=\"elementor-widget-container\">\n\t\t\t\t\t<h3 class=\"elementor-heading-title elementor-size-default\">Itinerario:<\/h3>\t\t\t\t<\/div>\n\t\t\t\t<\/div>\n\t\t\t\t<div class=\"elementor-element elementor-element-6b75876 elementor-widget elementor-widget-accordion\" data-id=\"6b75876\" data-element_type=\"widget\" data-e-type=\"widget\" data-widget_type=\"accordion.default\">\n\t\t\t\t<div class=\"elementor-widget-container\">\n\t\t\t\t\t\t\t<div class=\"elementor-accordion\">\n\t\t\t\t\t\t\t<div class=\"elementor-accordion-item\">\n\t\t\t\t\t<div id=\"elementor-tab-title-1121\" class=\"elementor-tab-title\" data-tab=\"1\" role=\"button\" aria-controls=\"elementor-tab-content-1121\" aria-expanded=\"false\">\n\t\t\t\t\t\t\t\t\t\t\t\t\t<span class=\"elementor-accordion-icon elementor-accordion-icon-left\" aria-hidden=\"true\">\n\t\t\t\t\t\t\t\t\t\t\t\t\t\t\t<span class=\"elementor-accordion-icon-closed\"><i class=\"fas fa-plus\"><\/i><\/span>\n\t\t\t\t\t\t\t\t<span class=\"elementor-accordion-icon-opened\"><i class=\"fas fa-minus\"><\/i><\/span>\n\t\t\t\t\t\t\t\t\t\t\t\t\t\t<\/span>\n\t\t\t\t\t\t\t\t\t\t\t\t<a class=\"elementor-accordion-title\" tabindex=\"0\">D\u00eda 1 - Llegada a Iquitos - Traslado al lodge<\/a>\n\t\t\t\t\t<\/div>\n\t\t\t\t\t<div id=\"elementor-tab-content-1121\" class=\"elementor-tab-content elementor-clearfix\" data-tab=\"1\" role=\"region\" aria-labelledby=\"elementor-tab-title-1121\"><p style=\"text-align: justify;\">Recepci\u00f3n a su llegada al aeropuerto de la ciudad de Iquitos, desde donde iremos al puerto para tomar nuestro bote, en el camino hacia el puerto tendremos una breve descripci\u00f3n de la ciudad y sus alrededores.<\/p><p style=\"text-align: justify;\">Luego tomaremos nuestro bote a trav\u00e9s del r\u00edo Nanay para llegar al majestuoso r\u00edo Amazonas, el m\u00e1s grande del mundo. Nuestra primera parada ser\u00e1 visitar el Fundo Pedrito, los due\u00f1os de esta granja preservan para su conservaci\u00f3n algunos animales como paiches, pira\u00f1as, caimanes, tortugas, loros, guacamayos, anacondas y la famosa planta Victoria Regia.<\/p><p style=\"text-align: justify;\">Al llegar a nuestro Lodge, visitaremos el \u00abMIRADOR\u00bb a 26 metros de donde podr\u00e1 apreciar una maravillosa vista de la selva. \u00a1Comenzaremos nuestra aventura donde podr\u00e1s lanzar las cinco l\u00edneas de tirolesa, 2 puentes colgantes, 1 malla de escalada y rapel desde 25 metros, una experiencia llena de adrenalina!<\/p><p style=\"text-align: justify;\">Almuerzo en el Lodge.<\/p><p style=\"text-align: justify;\">Por la tarde haremos un paseo en canoa con un gu\u00eda nativo profesional, que conoce todos los senderos de la zona. Podr\u00e1 observar la flora y fauna t\u00edpica del lugar y aprender de los m\u00faltiples usos que la gente local le da a cada planta.<\/p><p style=\"text-align: justify;\">Cena en el Lodge disfruta de una deliciosa cena y nuestro acogedor bar.<\/p><p style=\"text-align: justify;\">Excursi\u00f3n al anochecer, ser\u00e1 guiado en una caminata o en canoa por la misteriosa jungla para observar las tar\u00e1ntulas, cigarras, ara\u00f1as, mantis religiosa. Tambi\u00e9n escucharemos las canciones de los b\u00fahos y los \u00abayaymamas\u00bb y los sonidos de los animales nocturnos.<\/p><p style=\"text-align: justify;\">Alojamiento en el Lodge.<\/p><p style=\"text-align: justify;\"><strong>** Nota: los vuelos deben llegar antes de las 8 a.m. para el transporte<\/strong><\/p><\/div>\n\t\t\t\t<\/div>\n\t\t\t\t\t\t\t<div class=\"elementor-accordion-item\">\n\t\t\t\t\t<div id=\"elementor-tab-title-1122\" class=\"elementor-tab-title\" data-tab=\"2\" role=\"button\" aria-controls=\"elementor-tab-content-1122\" aria-expanded=\"false\">\n\t\t\t\t\t\t\t\t\t\t\t\t\t<span class=\"elementor-accordion-icon elementor-accordion-icon-left\" aria-hidden=\"true\">\n\t\t\t\t\t\t\t\t\t\t\t\t\t\t\t<span class=\"elementor-accordion-icon-closed\"><i class=\"fas fa-plus\"><\/i><\/span>\n\t\t\t\t\t\t\t\t<span class=\"elementor-accordion-icon-opened\"><i class=\"fas fa-minus\"><\/i><\/span>\n\t\t\t\t\t\t\t\t\t\t\t\t\t\t<\/span>\n\t\t\t\t\t\t\t\t\t\t\t\t<a class=\"elementor-accordion-title\" tabindex=\"0\">D\u00eda 2 \u2013 Visita Comunidad ind\u00edgena - Regreso a Iquitos<\/a>\n\t\t\t\t\t<\/div>\n\t\t\t\t\t<div id=\"elementor-tab-content-1122\" class=\"elementor-tab-content elementor-clearfix\" data-tab=\"2\" role=\"region\" aria-labelledby=\"elementor-tab-title-1122\"><p style=\"text-align: justify;\">Excursi\u00f3n al amanecer a las 4:30am donde podremos disfrutar del amanecer en este maravilloso paisaje \u00fanico en el mundo.<\/p><p style=\"text-align: justify;\">Esta caminata matutina lo llevar\u00e1 a observar y aprender sobre las aves t\u00edpicas de la zona en todo su esplendor, no olvide su c\u00e1mara y haga silencio para no asustar a los animales.<\/p><p style=\"text-align: justify;\">Desayuno 8am regreso a nuestro ecolodge para disfrutar de un delicioso desayuno.<\/p><p style=\"text-align: justify;\">Visita a la comunidad ind\u00edgena \u00abYaguas\u00bb donde podr\u00e1 disfrutar y participar en una exposici\u00f3n con canciones, bailes y comprar las hermosas artesan\u00edas hechas por ellos.<\/p><p style=\"text-align: justify;\">Comenzaremos nuestra excursi\u00f3n a la Reserva de animales, visitaremos este espacio original donde los monos te estar\u00e1n esperando para divertirte y llamar tu atenci\u00f3n. Tambi\u00e9n observaremos guacamayos, monos, loros, osos perezosos y la temida anaconda o boa constrictor.<\/p><p style=\"text-align: justify;\">Nuestro check out es a las 12: 30pm y el almuerzo a las 1:00 pm en el Lodge.<\/p><p style=\"text-align: justify;\">Nos trasladar\u00e1n a las 02:30p.m., navegando por el r\u00edo Amazonas durante 1 hora aproximadamente. Llegada a Iquitos 4:00 pm aproximadamente, traslado al aeropuerto<\/p><p style=\"text-align: justify;\"><strong>** Nota: los vuelos deben partir despu\u00e9s de las 6 p.m. para el transporte<\/strong><\/p><\/div>\n\t\t\t\t<\/div>\n\t\t\t\t\t\t\t\t<\/div>\n\t\t\t\t\t\t<\/div>\n\t\t\t\t<\/div>\n\t\t\t\t<div class=\"elementor-element elementor-element-43bafe3 elementor-widget elementor-widget-text-editor\" data-id=\"43bafe3\" data-element_type=\"widget\" data-e-type=\"widget\" data-widget_type=\"text-editor.default\">\n\t\t\t\t<div class=\"elementor-widget-container\">\n\t\t\t\t\t\t\t\t\t<h3><span style=\"color: #008000;\"><strong>Qu\u00e9 est\u00e1 incluido:<\/strong><\/span><\/h3><ul><li>Traslado del aeropuerto de Iquitos<\/li><li>Transporte y barco<\/li><li>Todas las entradas<\/li><li>1 noche en el Lodge<\/li><li>02 almuerzos &#8211; 01 cena y 01 desayuno<\/li><li>Visita a la familia ribere\u00f1a.<\/li><li>Visita a comunidad ind\u00edgena Yaguas<\/li><li>Tour nocturno peatonal<\/li><li>Gu\u00eda profesional en ingles \/ espa\u00f1ol<\/li><\/ul><h3><span style=\"color: #008000;\"><strong>No incluido:<\/strong><\/span><\/h3><ul><li>Comidas y bebidas no especificadas en el itinerario.<\/li><li>Alojamiento en Iquitos<\/li><li>Vuelos<\/li><\/ul><h3><span style=\"color: #008000;\"><strong>Lista recomendada:<\/strong><\/span><\/h3><ul><li>Aperitivos (frutas secas, galletas, dulces, chocolates, etc.)<\/li><li>Zapatos para caminar o zapatillas de deporte<\/li><li>Equipo completo para lluvia o poncho (de noviembre a abril)<\/li><li>Pantalones de senderismo ligeros<\/li><li>Sombrero o gorra<\/li><li>Lentes de sol<\/li><li>Protector solar<\/li><li>Repelente de insectos ** muy importante **<\/li><li>Linterna<\/li><li>Art\u00edculos de tocador (champ\u00fa, jab\u00f3n, crema corporal)<\/li><li>C\u00e1maras fotogr\u00e1ficas \/ de video y cargadores<\/li><li>Botella de agua<\/li><\/ul>\t\t\t\t\t\t\t\t<\/div>\n\t\t\t\t<\/div>\n\t\t\t\t\t<\/div>\n\t\t<\/div>\n\t\t\t\t\t<\/div>\n\t\t<\/section>\n\t\t\t\t<\/div>\n\t\t","protected":false},"excerpt":{"rendered":"<p><strong>C\u00d3DIGO: <\/strong>PVT-JIQ001<\/p>\n<ul>\n<li><strong>Salidas: diarias<\/strong><\/li>\n<li><strong>Duraci\u00f3n: 2 d\u00edas \/ 1 noche<\/strong><\/li>\n<\/ul>\n","protected":false},"featured_media":3632,"template":"","meta":{"site-sidebar-layout":"no-sidebar","site-content-layout":"page-builder","ast-site-content-layout":"full-width-container","site-content-style":"unboxed","site-sidebar-style":"unboxed","ast-global-header-display":"","ast-banner-title-visibility":"","ast-main-header-display":"","ast-hfb-above-header-display":"","ast-hfb-below-header-display":"","ast-hfb-mobile-header-display":"","site-post-title":"disabled","ast-breadcrumbs-content":"","ast-featured-img":"disabled","footer-sml-layout":"","ast-disable-related-posts":"","theme-transparent-header-meta":"default","adv-header-id-meta":"","stick-header-meta":"default","header-above-stick-meta":"","header-main-stick-meta":"","header-below-stick-meta":"","astra-migrate-meta-layouts":"set","ast-page-background-enabled":"default","ast-page-background-meta":{"desktop":{"background-color":"var(--ast-global-color-4)","background-image":"","background-repeat":"repeat","background-position":"center center","background-size":"auto","background-attachment":"scroll","background-type":"","background-media":"","overlay-type":"","overlay-color":"","overlay-opacity":"","overlay-gradient":""},"tablet":{"background-color":"","background-image":"","background-repeat":"repeat","background-position":"center center","background-size":"auto","background-attachment":"scroll","background-type":"","background-media":"","overlay-type":"","overlay-color":"","overlay-opacity":"","overlay-gradient":""},"mobile":{"background-color":"","background-image":"","background-repeat":"repeat","background-position":"center center","background-size":"auto","background-attachment":"scroll","background-type":"","background-media":"","overlay-type":"","overlay-color":"","overlay-opacity":"","overlay-gradient":""}},"ast-content-background-meta":{"desktop":{"background-color":"var(--ast-global-color-5)","background-image":"","background-repeat":"repeat","background-position":"center center","background-size":"auto","background-attachment":"scroll","background-type":"","background-media":"","overlay-type":"","overlay-color":"","overlay-opacity":"","overlay-gradient":""},"tablet":{"background-color":"var(--ast-global-color-5)","background-image":"","background-repeat":"repeat","background-position":"center center","background-size":"auto","background-attachment":"scroll","background-type":"","background-media":"","overlay-type":"","overlay-color":"","overlay-opacity":"","overlay-gradient":""},"mobile":{"background-color":"var(--ast-global-color-5)","background-image":"","background-repeat":"repeat","background-position":"center center","background-size":"auto","background-attachment":"scroll","background-type":"","background-media":"","overlay-type":"","overlay-color":"","overlay-opacity":"","overlay-gradient":""}},"_joinchat":[]},"product_brand":[],"product_cat":[79,76],"product_tag":[],"class_list":{"0":"post-1422","1":"product","2":"type-product","3":"status-publish","4":"has-post-thumbnail","6":"product_cat-selva-es","7":"product_cat-iquitos-es","8":"desktop-align-center","9":"tablet-align-center","10":"mobile-align-center","11":"ast-product-gallery-layout-horizontal-slider","12":"ast-product-gallery-with-no-image","13":"ast-product-single-variable","14":"ast-product-tabs-layout-horizontal","16":"first","17":"instock","18":"shipping-taxable","19":"purchasable","20":"product-type-variable"},"_links":{"self":[{"href":"https:\/\/www.pvtravels.com\/es\/wp-json\/wp\/v2\/product\/1422","targetHints":{"allow":["GET"]}}],"collection":[{"href":"https:\/\/www.pvtravels.com\/es\/wp-json\/wp\/v2\/product"}],"about":[{"href":"https:\/\/www.pvtravels.com\/es\/wp-json\/wp\/v2\/types\/product"}],"version-history":[{"count":9,"href":"https:\/\/www.pvtravels.com\/es\/wp-json\/wp\/v2\/product\/1422\/revisions"}],"predecessor-version":[{"id":5817,"href":"https:\/\/www.pvtravels.com\/es\/wp-json\/wp\/v2\/product\/1422\/revisions\/5817"}],"wp:featuredmedia":[{"embeddable":true,"href":"https:\/\/www.pvtravels.com\/es\/wp-json\/wp\/v2\/media\/3632"}],"wp:attachment":[{"href":"https:\/\/www.pvtravels.com\/es\/wp-json\/wp\/v2\/media?parent=1422"}],"wp:term":[{"taxonomy":"product_brand","embeddable":true,"href":"https:\/\/www.pvtravels.com\/es\/wp-json\/wp\/v2\/product_brand?post=1422"},{"taxonomy":"product_cat","embeddable":true,"href":"https:\/\/www.pvtravels.com\/es\/wp-json\/wp\/v2\/product_cat?post=1422"},{"taxonomy":"product_tag","embeddable":true,"href":"https:\/\/www.pvtravels.com\/es\/wp-json\/wp\/v2\/product_tag?post=1422"}],"curies":[{"name":"wp","href":"https:\/\/api.w.org\/{rel}","templated":true}]}}