{"id":1333,"date":"2021-12-20T11:30:34","date_gmt":"2021-12-20T16:30:34","guid":{"rendered":"https:\/\/www.pvtravels.com\/tour\/sin%20categor\u00eda\/tambopata-selva-amazonica-3d-2n\/"},"modified":"2025-05-26T11:43:44","modified_gmt":"2025-05-26T16:43:44","slug":"tambopata-selva-amazonica-3d-2n","status":"publish","type":"product","link":"https:\/\/www.pvtravels.com\/es\/tour\/selva-es\/puerto-maldonado-es\/tambopata-selva-amazonica-3d-2n\/","title":{"rendered":"Tambopata Selva Amaz\u00f3nica 3D\/2N"},"content":{"rendered":"\t\t<div data-elementor-type=\"product-post\" data-elementor-id=\"1333\" class=\"elementor elementor-1333 elementor-1307\" data-elementor-post-type=\"product\">\n\t\t\t\t\t\t<section class=\"elementor-section elementor-top-section elementor-element elementor-element-9931423 elementor-section-boxed elementor-section-height-default elementor-section-height-default\" data-id=\"9931423\" data-element_type=\"section\" data-e-type=\"section\">\n\t\t\t\t\t\t<div class=\"elementor-container elementor-column-gap-default\">\n\t\t\t\t\t<div class=\"elementor-column elementor-col-100 elementor-top-column elementor-element elementor-element-4c9a27a\" data-id=\"4c9a27a\" data-element_type=\"column\" data-e-type=\"column\">\n\t\t\t<div class=\"elementor-widget-wrap elementor-element-populated\">\n\t\t\t\t\t\t<div class=\"elementor-element elementor-element-bb89eed elementor-widget elementor-widget-heading\" data-id=\"bb89eed\" data-element_type=\"widget\" data-e-type=\"widget\" data-widget_type=\"heading.default\">\n\t\t\t\t<div class=\"elementor-widget-container\">\n\t\t\t\t\t<h3 class=\"elementor-heading-title elementor-size-default\">Itinerario:<\/h3>\t\t\t\t<\/div>\n\t\t\t\t<\/div>\n\t\t\t\t<div class=\"elementor-element elementor-element-0b76abf elementor-widget elementor-widget-accordion\" data-id=\"0b76abf\" data-element_type=\"widget\" data-e-type=\"widget\" data-widget_type=\"accordion.default\">\n\t\t\t\t<div class=\"elementor-widget-container\">\n\t\t\t\t\t\t\t<div class=\"elementor-accordion\">\n\t\t\t\t\t\t\t<div class=\"elementor-accordion-item\">\n\t\t\t\t\t<div id=\"elementor-tab-title-1201\" class=\"elementor-tab-title\" data-tab=\"1\" role=\"button\" aria-controls=\"elementor-tab-content-1201\" aria-expanded=\"false\">\n\t\t\t\t\t\t\t\t\t\t\t\t\t<span class=\"elementor-accordion-icon elementor-accordion-icon-left\" aria-hidden=\"true\">\n\t\t\t\t\t\t\t\t\t\t\t\t\t\t\t<span class=\"elementor-accordion-icon-closed\"><i class=\"fas fa-plus\"><\/i><\/span>\n\t\t\t\t\t\t\t\t<span class=\"elementor-accordion-icon-opened\"><i class=\"fas fa-minus\"><\/i><\/span>\n\t\t\t\t\t\t\t\t\t\t\t\t\t\t<\/span>\n\t\t\t\t\t\t\t\t\t\t\t\t<a class=\"elementor-accordion-title\" tabindex=\"0\">D\u00eda 1: Puerto Maldonado al Lodge.<\/a>\n\t\t\t\t\t<\/div>\n\t\t\t\t\t<div id=\"elementor-tab-content-1201\" class=\"elementor-tab-content elementor-clearfix\" data-tab=\"1\" role=\"region\" aria-labelledby=\"elementor-tab-title-1201\"><p>A su llegada al aeropuerto o estaci\u00f3n de bus en Puerto Maldonado, lo recibiremos y lo trasladaremos a nuestra oficina para realizar su registro.<br \/>Su exceso de equipaje se almacenar\u00e1 de manera segura en nuestra oficina en Puerto Maldonado y luego lo trasladaremos a nuestro albergue. Una bebida fresca de bienvenida lo espera.<\/p><p>Despu\u00e9s de un merecido almuerzo, comenzaremos nuestro Canopy Tower. Tiene 35 metros de altura y est\u00e1 construido en la base de un enorme \u00e1rbol de Lupuna, que representa al Amazonas con su enorme tama\u00f1o.<br \/>Durante todo el d\u00eda, podr\u00e1 observar varias especies de aves aqu\u00ed. Nuestro experto local le brindar\u00e1 explicaciones detalladas sobre la flora y fauna de la zona.<\/p><p>TIROLESA: una vez que haya disfrutado de la caminata por el dosel, haremos tirolesa a trav\u00e9s del bosque. Nuestro instructor local le brindar\u00e1 consejos de seguridad y compartir\u00e1 informaci\u00f3n sobre c\u00f3mo aprovechar al m\u00e1ximo esta actividad. Luego, se deslizar\u00e1 por la tirolesa de 190 metros de largo.<\/p><p>Uno de nuestros monitores lo recibir\u00e1 y lo ayudar\u00e1 a cruzar un peque\u00f1o puente de 100 m. Luego regresaremos al punto de partida en tirolesa.<\/p><p>M\u00e1s tarde iniciaremos nuestra siguiente actividad, donde tomaremos nuestro bote y navegaremos por el r\u00edo Madre de Dios en busca de los caimanes de la selva. Generalmente se encuentran en las orillas del r\u00edo Madre de Dios, con suerte podremos ver al capibara, el roedor m\u00e1s grande del mundo que puede pesar 60 kilos, una familia impresionante del cuy peruano.<\/p><p style=\"text-align: justify;\">Noche en el Lodge.<\/p><p style=\"text-align: justify;\"><strong>**NOTA:. El vuelo de llegada debe ser antes de las 13:00hs para el transporte.<\/strong><\/p><\/div>\n\t\t\t\t<\/div>\n\t\t\t\t\t\t\t<div class=\"elementor-accordion-item\">\n\t\t\t\t\t<div id=\"elementor-tab-title-1202\" class=\"elementor-tab-title\" data-tab=\"2\" role=\"button\" aria-controls=\"elementor-tab-content-1202\" aria-expanded=\"false\">\n\t\t\t\t\t\t\t\t\t\t\t\t\t<span class=\"elementor-accordion-icon elementor-accordion-icon-left\" aria-hidden=\"true\">\n\t\t\t\t\t\t\t\t\t\t\t\t\t\t\t<span class=\"elementor-accordion-icon-closed\"><i class=\"fas fa-plus\"><\/i><\/span>\n\t\t\t\t\t\t\t\t<span class=\"elementor-accordion-icon-opened\"><i class=\"fas fa-minus\"><\/i><\/span>\n\t\t\t\t\t\t\t\t\t\t\t\t\t\t<\/span>\n\t\t\t\t\t\t\t\t\t\t\t\t<a class=\"elementor-accordion-title\" tabindex=\"0\">D\u00eda 2: Lago Sandoval<\/a>\n\t\t\t\t\t<\/div>\n\t\t\t\t\t<div id=\"elementor-tab-content-1202\" class=\"elementor-tab-content elementor-clearfix\" data-tab=\"2\" role=\"region\" aria-labelledby=\"elementor-tab-title-1202\"><p style=\"text-align: justify;\">Despu\u00e9s de un excelente desayuno, tomaremos el bote para llegar al control de la Zona de Reserva Nacional Tambopata, luego de 1 hora y media de caminata por el bosque lluvioso, nos acercamos al famoso Lago Sandoval. Donde estaremos rodeados de inmensos \u00e1rboles antiguos y enredaderas enredadas; Podremos ver flores y fauna de varios tonos, como: nutrias gigantes, aves, mariposas de colores, tortugas y variedad de peces. Pasaremos algunas horas en canoa en este uno de los lagos m\u00e1s hermosos de la regi\u00f3n.<\/p><p style=\"text-align: justify;\">Despu\u00e9s del almuerzo, la aventura comienza llegando a una torre y escalera que asciende a las copas de los \u00e1rboles donde se vive una experiencia inolvidable a trav\u00e9s de puentes colgantes que cruzan las copas de los grandes \u00e1rboles de la selva baja amaz\u00f3nica, desde donde se pueden observar coloridas especies de animales que normalmente no pueden verse desde el suelo.<\/p><p style=\"text-align: justify;\">Resto del d\u00eda para descansar y disfrutar del sonido y relajante Jungla.<\/p><p style=\"text-align: justify;\">Noche en el lodge.<\/p><\/div>\n\t\t\t\t<\/div>\n\t\t\t\t\t\t\t<div class=\"elementor-accordion-item\">\n\t\t\t\t\t<div id=\"elementor-tab-title-1203\" class=\"elementor-tab-title\" data-tab=\"3\" role=\"button\" aria-controls=\"elementor-tab-content-1203\" aria-expanded=\"false\">\n\t\t\t\t\t\t\t\t\t\t\t\t\t<span class=\"elementor-accordion-icon elementor-accordion-icon-left\" aria-hidden=\"true\">\n\t\t\t\t\t\t\t\t\t\t\t\t\t\t\t<span class=\"elementor-accordion-icon-closed\"><i class=\"fas fa-plus\"><\/i><\/span>\n\t\t\t\t\t\t\t\t<span class=\"elementor-accordion-icon-opened\"><i class=\"fas fa-minus\"><\/i><\/span>\n\t\t\t\t\t\t\t\t\t\t\t\t\t\t<\/span>\n\t\t\t\t\t\t\t\t\t\t\t\t<a class=\"elementor-accordion-title\" tabindex=\"0\">D\u00eda 3: Colpa de Loros y Periquitos - Puerto Maldonado<\/a>\n\t\t\t\t\t<\/div>\n\t\t\t\t\t<div id=\"elementor-tab-content-1203\" class=\"elementor-tab-content elementor-clearfix\" data-tab=\"3\" role=\"region\" aria-labelledby=\"elementor-tab-title-1203\"><p style=\"text-align: justify;\">Muy temprano en la ma\u00f1ana, saldremos de nuestro lodge para llegar a la Colpa de loros y periquitos. Cada d\u00eda, temprano, vienen a comer arcilla rica que les proporciona las sales y los minerales necesarios para metabolizar y neutralizar las toxinas y \u00e1cidos de las flores, frutas y semillas de las que se alimentan.<\/p><p style=\"text-align: justify;\">Regresaremos al Lodge alrededor de las 7am para el desayuno y tomaremos nuestro bote de regreso a Puerto Maldonado, nuestras salidas de bote a las 10:30am. Seguida de traslado al aeropuerto o estaci\u00f3n de buses.<\/p><p style=\"text-align: justify;\">Fin de nuestro servicio!<\/p><p style=\"text-align: justify;\"><strong>**NOTA:. El vuelo de regreso debe ser despu\u00e9s de las 13:00hs para transporte<\/strong><\/p><\/div>\n\t\t\t\t<\/div>\n\t\t\t\t\t\t\t\t<\/div>\n\t\t\t\t\t\t<\/div>\n\t\t\t\t<\/div>\n\t\t\t\t<div class=\"elementor-element elementor-element-c874a6f elementor-widget elementor-widget-text-editor\" data-id=\"c874a6f\" data-element_type=\"widget\" data-e-type=\"widget\" data-widget_type=\"text-editor.default\">\n\t\t\t\t<div class=\"elementor-widget-container\">\n\t\t\t\t\t\t\t\t\t<h3><span style=\"color: #008000;\"><strong>Qu\u00e9 est\u00e1 incluido:<\/strong><\/span><\/h3><ul><li style=\"list-style-type: none;\"><ul><li>Recogida \/ traslado al aeropuerto o estaci\u00f3n de buses en Puerto Maldonado<\/li><li>2 desayunos, 2 almuerzos, 2 cenas.<\/li><li>2 noches en Lodge<\/li><li>Senderismo al lago Sandoval<\/li><li>Canoa en el lago Sandoval<\/li><li>Canopy &amp; Tirolesa<\/li><li>Visita a Colpa de loros<\/li><li>Visita guiada en ingl\u00e9s o espa\u00f1ol.<\/li><li>Equipo necesario para cada excursi\u00f3n.<\/li><li>Entradas a todos los sitios visitados.<\/li><\/ul><\/li><\/ul><h3><span style=\"color: #008000;\"><strong>No incluido:<\/strong><\/span><\/h3><ul><li>Comidas y bebidas no especificadas en el itinerario.<\/li><li>Alojamiento en puerto Maldonado<\/li><li>Transporte desde \/ hacia puerto Maldonado<\/li><\/ul><h3><span style=\"color: #008000;\"><strong>Lista recomendada:<\/strong><\/span><\/h3><ul><li>Snacks (frutas secas, galletas, dulces, chocolates, etc.)<\/li><li>Zapatos para caminar o zapatillas de deporte<\/li><li>Equipo completo para lluvia o poncho ( Noviembre a Abril)<\/li><li>Pantalones de senderismo ligeros<\/li><li>Sombrero<\/li><li>Lentes de sol<\/li><li>Protector solar<\/li><li>Repelente de insectos ** muy importante **<\/li><li>Linterna<\/li><li>Art\u00edculos de ba\u00f1o (champ\u00fa, jab\u00f3n, crema corporal)<\/li><li>C\u00e1maras de fotos \/ video y cargadores.<\/li><li>Botella de agua<\/li><\/ul>\t\t\t\t\t\t\t\t<\/div>\n\t\t\t\t<\/div>\n\t\t\t\t\t<\/div>\n\t\t<\/div>\n\t\t\t\t\t<\/div>\n\t\t<\/section>\n\t\t\t\t<\/div>\n\t\t","protected":false},"excerpt":{"rendered":"<p><strong>CODE:\u00a0<\/strong>PVT-JT002<\/p>\n<ul>\n<li><strong>Salidas: Diarias.<\/strong><\/li>\n<li><strong>Duraci\u00f3n: 3 d\u00edas \/ 2 noches.<\/strong><\/li>\n<\/ul>\n<p><em>***TODOS LOS PRECIOS SON POR PERSONA EN HABITACI\u00d3N PRIVADA**<\/em><\/p>\n","protected":false},"featured_media":1312,"template":"","meta":{"site-sidebar-layout":"no-sidebar","site-content-layout":"page-builder","ast-site-content-layout":"full-width-container","site-content-style":"unboxed","site-sidebar-style":"unboxed","ast-global-header-display":"","ast-banner-title-visibility":"","ast-main-header-display":"","ast-hfb-above-header-display":"","ast-hfb-below-header-display":"","ast-hfb-mobile-header-display":"","site-post-title":"disabled","ast-breadcrumbs-content":"","ast-featured-img":"disabled","footer-sml-layout":"","ast-disable-related-posts":"","theme-transparent-header-meta":"default","adv-header-id-meta":"","stick-header-meta":"default","header-above-stick-meta":"","header-main-stick-meta":"","header-below-stick-meta":"","astra-migrate-meta-layouts":"set","ast-page-background-enabled":"default","ast-page-background-meta":{"desktop":{"background-color":"var(--ast-global-color-4)","background-image":"","background-repeat":"repeat","background-position":"center center","background-size":"auto","background-attachment":"scroll","background-type":"","background-media":"","overlay-type":"","overlay-color":"","overlay-opacity":"","overlay-gradient":""},"tablet":{"background-color":"","background-image":"","background-repeat":"repeat","background-position":"center center","background-size":"auto","background-attachment":"scroll","background-type":"","background-media":"","overlay-type":"","overlay-color":"","overlay-opacity":"","overlay-gradient":""},"mobile":{"background-color":"","background-image":"","background-repeat":"repeat","background-position":"center center","background-size":"auto","background-attachment":"scroll","background-type":"","background-media":"","overlay-type":"","overlay-color":"","overlay-opacity":"","overlay-gradient":""}},"ast-content-background-meta":{"desktop":{"background-color":"var(--ast-global-color-5)","background-image":"","background-repeat":"repeat","background-position":"center center","background-size":"auto","background-attachment":"scroll","background-type":"","background-media":"","overlay-type":"","overlay-color":"","overlay-opacity":"","overlay-gradient":""},"tablet":{"background-color":"var(--ast-global-color-5)","background-image":"","background-repeat":"repeat","background-position":"center center","background-size":"auto","background-attachment":"scroll","background-type":"","background-media":"","overlay-type":"","overlay-color":"","overlay-opacity":"","overlay-gradient":""},"mobile":{"background-color":"var(--ast-global-color-5)","background-image":"","background-repeat":"repeat","background-position":"center center","background-size":"auto","background-attachment":"scroll","background-type":"","background-media":"","overlay-type":"","overlay-color":"","overlay-opacity":"","overlay-gradient":""}},"_joinchat":[]},"product_brand":[],"product_cat":[72],"product_tag":[],"class_list":{"0":"post-1333","1":"product","2":"type-product","3":"status-publish","4":"has-post-thumbnail","6":"product_cat-puerto-maldonado-es","7":"desktop-align-center","8":"tablet-align-center","9":"mobile-align-center","10":"ast-product-gallery-layout-horizontal-slider","11":"ast-product-gallery-with-no-image","12":"ast-product-single-variable","13":"ast-product-tabs-layout-horizontal","15":"first","16":"instock","17":"shipping-taxable","18":"purchasable","19":"product-type-variable"},"_links":{"self":[{"href":"https:\/\/www.pvtravels.com\/es\/wp-json\/wp\/v2\/product\/1333","targetHints":{"allow":["GET"]}}],"collection":[{"href":"https:\/\/www.pvtravels.com\/es\/wp-json\/wp\/v2\/product"}],"about":[{"href":"https:\/\/www.pvtravels.com\/es\/wp-json\/wp\/v2\/types\/product"}],"version-history":[{"count":17,"href":"https:\/\/www.pvtravels.com\/es\/wp-json\/wp\/v2\/product\/1333\/revisions"}],"predecessor-version":[{"id":5933,"href":"https:\/\/www.pvtravels.com\/es\/wp-json\/wp\/v2\/product\/1333\/revisions\/5933"}],"wp:featuredmedia":[{"embeddable":true,"href":"https:\/\/www.pvtravels.com\/es\/wp-json\/wp\/v2\/media\/1312"}],"wp:attachment":[{"href":"https:\/\/www.pvtravels.com\/es\/wp-json\/wp\/v2\/media?parent=1333"}],"wp:term":[{"taxonomy":"product_brand","embeddable":true,"href":"https:\/\/www.pvtravels.com\/es\/wp-json\/wp\/v2\/product_brand?post=1333"},{"taxonomy":"product_cat","embeddable":true,"href":"https:\/\/www.pvtravels.com\/es\/wp-json\/wp\/v2\/product_cat?post=1333"},{"taxonomy":"product_tag","embeddable":true,"href":"https:\/\/www.pvtravels.com\/es\/wp-json\/wp\/v2\/product_tag?post=1333"}],"curies":[{"name":"wp","href":"https:\/\/api.w.org\/{rel}","templated":true}]}}