{"id":1280,"date":"2021-12-20T10:54:34","date_gmt":"2021-12-20T15:54:34","guid":{"rendered":"https:\/\/www.pvtravels.com\/tour\/sin%20categor\u00eda\/machu-picchu-full-day-en-tren-de-lujo\/"},"modified":"2026-03-04T15:56:35","modified_gmt":"2026-03-04T20:56:35","slug":"machu-picchu-full-day-en-tren-de-lujo","status":"publish","type":"product","link":"https:\/\/www.pvtravels.com\/es\/tour\/cusco-machu-picchu-es\/paquetes-cusco\/machu-picchu-full-day-en-tren-de-lujo\/","title":{"rendered":"Machu Picchu Full Day en tren First Class"},"content":{"rendered":"<h3><span style=\"color: #008000;\"><strong>Itinerario:<\/strong><\/span><\/h3>\n<p style=\"text-align: justify;\">Temprano por la ma\u00f1ana, a las 7:30 a. m., nuestro transporte privado lo recoger\u00e1 de su hotel en Cusco. Luego, nos dirigiremos a la estaci\u00f3n de tren. Al llegar, abordaremos el tren para comenzar este extraordinario viaje a Machu Picchu.<br \/>\nEl tren cuenta con un lujoso vag\u00f3n con sala de observaci\u00f3n y m\u00fasica en vivo, y ventanas panor\u00e1micas para admirar el incre\u00edble paisaje.<br \/>\nAproximadamente cuatro horas despu\u00e9s de salir de Cusco, llegaremos a la estaci\u00f3n de tren de Aguas Calientes (el pueblo ubicado a los pies de Machu Picchu), desde donde tomaremos el autob\u00fas de Aguas Calientes a Machu Picchu, que dura 25 minutos.<br \/>\nAl llegar a Machu Picchu, nos reuniremos con nuestro gu\u00eda tur\u00edstico experto, ingresaremos al sitio y nuestro gu\u00eda le brindar\u00e1 un recorrido privado por la ciudadela durante 2 horas.<br \/>\nDespu\u00e9s de explorar Machu Picchu, disfrutaremos de un t\u00e9 en el restaurante del Belmond Sanctuary Lodge y luego regresaremos a Aguas Calientes.<br \/>\nPor la tarde, tomaremos el tren de regreso. Llegaremos al tren, donde nuestro conductor les estar\u00e1 esperando para llevarlos de regreso a su alojamiento. Llegada sobre las 23:00.<\/p>\n<h3><span style=\"color: #008000;\"><strong>Qu\u00e9 est\u00e1 incluido:<\/strong><\/span><\/h3>\n<ul>\n<li>Men\u00fa gourmet de brunch y cena elaborado con ingredientes andinos<\/li>\n<li>Amplias ventanas para admirar el hermoso paisaje<\/li>\n<li>M\u00fasica en vivo<\/li>\n<li>Selecci\u00f3n de bebidas fr\u00edas y calientes preparadas con frutas locales frescas<\/li>\n<li>Recogida y regreso privado desde su alojamiento en Cusco<\/li>\n<li>Entradas a Machu Picchu<\/li>\n<li>Autobuses de ida y vuelta Aguas Calientes \/ Machu Picchu \/ Aguas Calientes<\/li>\n<li>Visita guiada privada a Machu Picchu de 2 a 3 horas<\/li>\n<li>Tren de ida y vuelta en Inca Rail de primera clase<\/li>\n<\/ul>\n<h3><span style=\"color: #008000;\"><strong>No inclu\u00eddo:<\/strong><\/span><\/h3>\n<ul>\n<li>Comidas no especificadas en el itinerario.<\/li>\n<li>Alojamiento en Cusco o Aguas Calientes<\/li>\n<\/ul>\n<h3><span style=\"color: #008000;\"><strong>Lista recomendada<\/strong><\/span><\/h3>\n<ul>\n<li>Snacks<\/li>\n<li>Zapatos para caminar o zapatillas de deporte<\/li>\n<li>Equipo completo para lluvia o poncho (de noviembre a abril)<\/li>\n<li>Sombrero o gorra<\/li>\n<li>Gafas de sol<\/li>\n<li>Protector solar<\/li>\n<li>Art\u00edculos de tocador<\/li>\n<li>C\u00e1maras fotogr\u00e1ficas \/ de video y cargadores<\/li>\n<li>Botella de Agua<\/li>\n<\/ul>\n","protected":false},"excerpt":{"rendered":"<p><strong>CODIGO: PVT-MP003<\/strong><\/p>\n<ul>\n<li><strong>Salida: todos los d\u00edas<\/strong><\/li>\n<li><strong>Duraci\u00f3n: d\u00eda completo<\/strong><\/li>\n<li><strong><span style=\"color: #ff0000;\">El ingreso a Machu Picchu depender\u00e1 de la disponibilidad al momento de la reserva, puede ser para el<\/span> Circuito 1, Circuito 2 o Circuito 3<\/strong><\/li>\n<\/ul>\n","protected":false},"featured_media":2989,"template":"","meta":{"site-sidebar-layout":"default","site-content-layout":"default","ast-site-content-layout":"default","site-content-style":"default","site-sidebar-style":"default","ast-global-header-display":"","ast-banner-title-visibility":"","ast-main-header-display":"","ast-hfb-above-header-display":"","ast-hfb-below-header-display":"","ast-hfb-mobile-header-display":"","site-post-title":"","ast-breadcrumbs-content":"","ast-featured-img":"","footer-sml-layout":"","ast-disable-related-posts":"","theme-transparent-header-meta":"default","adv-header-id-meta":"","stick-header-meta":"default","header-above-stick-meta":"","header-main-stick-meta":"","header-below-stick-meta":"","astra-migrate-meta-layouts":"set","ast-page-background-enabled":"default","ast-page-background-meta":{"desktop":{"background-color":"var(--ast-global-color-4)","background-image":"","background-repeat":"repeat","background-position":"center center","background-size":"auto","background-attachment":"scroll","background-type":"","background-media":"","overlay-type":"","overlay-color":"","overlay-opacity":"","overlay-gradient":""},"tablet":{"background-color":"","background-image":"","background-repeat":"repeat","background-position":"center center","background-size":"auto","background-attachment":"scroll","background-type":"","background-media":"","overlay-type":"","overlay-color":"","overlay-opacity":"","overlay-gradient":""},"mobile":{"background-color":"","background-image":"","background-repeat":"repeat","background-position":"center center","background-size":"auto","background-attachment":"scroll","background-type":"","background-media":"","overlay-type":"","overlay-color":"","overlay-opacity":"","overlay-gradient":""}},"ast-content-background-meta":{"desktop":{"background-color":"var(--ast-global-color-5)","background-image":"","background-repeat":"repeat","background-position":"center center","background-size":"auto","background-attachment":"scroll","background-type":"","background-media":"","overlay-type":"","overlay-color":"","overlay-opacity":"","overlay-gradient":""},"tablet":{"background-color":"var(--ast-global-color-5)","background-image":"","background-repeat":"repeat","background-position":"center center","background-size":"auto","background-attachment":"scroll","background-type":"","background-media":"","overlay-type":"","overlay-color":"","overlay-opacity":"","overlay-gradient":""},"mobile":{"background-color":"var(--ast-global-color-5)","background-image":"","background-repeat":"repeat","background-position":"center center","background-size":"auto","background-attachment":"scroll","background-type":"","background-media":"","overlay-type":"","overlay-color":"","overlay-opacity":"","overlay-gradient":""}},"_joinchat":[]},"product_brand":[],"product_cat":[41,43],"product_tag":[],"class_list":{"0":"post-1280","1":"product","2":"type-product","3":"status-publish","4":"has-post-thumbnail","6":"product_cat-cusco-machu-picchu-es","7":"product_cat-paquetes-cusco","8":"desktop-align-center","9":"tablet-align-center","10":"mobile-align-center","11":"ast-product-gallery-layout-horizontal-slider","12":"ast-product-gallery-with-no-image","13":"ast-product-tabs-layout-horizontal","15":"first","16":"instock","17":"shipping-taxable","18":"purchasable","19":"product-type-simple"},"_links":{"self":[{"href":"https:\/\/www.pvtravels.com\/es\/wp-json\/wp\/v2\/product\/1280","targetHints":{"allow":["GET"]}}],"collection":[{"href":"https:\/\/www.pvtravels.com\/es\/wp-json\/wp\/v2\/product"}],"about":[{"href":"https:\/\/www.pvtravels.com\/es\/wp-json\/wp\/v2\/types\/product"}],"version-history":[{"count":7,"href":"https:\/\/www.pvtravels.com\/es\/wp-json\/wp\/v2\/product\/1280\/revisions"}],"predecessor-version":[{"id":6634,"href":"https:\/\/www.pvtravels.com\/es\/wp-json\/wp\/v2\/product\/1280\/revisions\/6634"}],"wp:featuredmedia":[{"embeddable":true,"href":"https:\/\/www.pvtravels.com\/es\/wp-json\/wp\/v2\/media\/2989"}],"wp:attachment":[{"href":"https:\/\/www.pvtravels.com\/es\/wp-json\/wp\/v2\/media?parent=1280"}],"wp:term":[{"taxonomy":"product_brand","embeddable":true,"href":"https:\/\/www.pvtravels.com\/es\/wp-json\/wp\/v2\/product_brand?post=1280"},{"taxonomy":"product_cat","embeddable":true,"href":"https:\/\/www.pvtravels.com\/es\/wp-json\/wp\/v2\/product_cat?post=1280"},{"taxonomy":"product_tag","embeddable":true,"href":"https:\/\/www.pvtravels.com\/es\/wp-json\/wp\/v2\/product_tag?post=1280"}],"curies":[{"name":"wp","href":"https:\/\/api.w.org\/{rel}","templated":true}]}}