{"id":1272,"date":"2021-12-20T10:22:01","date_gmt":"2021-12-20T15:22:01","guid":{"rendered":"https:\/\/www.pvtravels.com\/tour\/sin%20categor\u00eda\/machu-picchu-full-day-en-tren-panoramico\/"},"modified":"2026-03-04T15:55:37","modified_gmt":"2026-03-04T20:55:37","slug":"machu-picchu-full-day-en-tren-panoramico","status":"publish","type":"product","link":"https:\/\/www.pvtravels.com\/es\/tour\/cusco-machu-picchu-es\/paquetes-cusco\/machu-picchu-full-day-en-tren-panoramico\/","title":{"rendered":"Machu Picchu Full Day en tren Panor\u00e1mico"},"content":{"rendered":"<h3 style=\"text-align: justify;\"><span style=\"color: #008000;\"><strong>Itinerario:<\/strong><\/span><\/h3>\n<p style=\"text-align: justify;\">Temprano en la ma\u00f1ana, a las 5am recogida en el alojamiento en Cusco, y luego viaje a la estaci\u00f3n de tren para tomar el incre\u00edble viaje en tren de Machupicchu hacia Machu Picchu.<\/p>\n<p style=\"text-align: justify;\">El Tren Machupicchu est\u00e1 equipado con ventanas panor\u00e1micas m\u00e1s anchas y altas y un vag\u00f3n de observaci\u00f3n al aire libre que incluye un bar. El \u00fanico tren en Per\u00fa con una aplicaci\u00f3n de entretenimiento a bordo que le permitir\u00e1 aprender m\u00e1s sobre el viaje en tren y la civilizaci\u00f3n inca.<\/p>\n<p style=\"text-align: justify;\">Al llegar a Aguas Calientes, el gu\u00eda lo estar\u00e1 esperando en la estaci\u00f3n de tren para acompa\u00f1arlo a las ruinas de Machu Picchu en autob\u00fas. Viaje durante unos 25 minutos a trav\u00e9s del impresionante paisaje, y al llegar al sitio de la \u00abCiudad Perdida de los Incas\u00bb, ingrese a la ciudadela hist\u00f3rica y realice una visita guiada de 2 horas visitando el famoso Templo del Sol, el Templo de las Tres Ventanas , El Intihuatana o Sun Dial, el templo del C\u00f3ndor y muchos otros sectores importantes de este magn\u00edfico sitio antiguo. Tendr\u00e1s tiempo para explorar la ciudad t\u00fa solo.<\/p>\n<p style=\"text-align: justify;\">Regrese en autob\u00fas a Aguas Calientes y disfrute de un poco de tiempo libre para explorar la ciudad por su cuenta. Luego, aborde el tren Machupicchu en el Sunset Time para el viaje de regreso a la estaci\u00f3n de tren, donde a la llegada nuestro conductor lo estar\u00e1 esperando para llevarlo de regreso a su alojamiento en Cusco.<\/p>\n<h3 style=\"text-align: justify;\"><span style=\"color: #008000;\"><strong>Qu\u00e9 est\u00e1 incluido:<\/strong><\/span><\/h3>\n<ul style=\"text-align: justify;\">\n<li>Traslado desde su alojamiento en Cusco<\/li>\n<li>Boleto de ingreso a Machu Picchu<\/li>\n<li>Transporte privado de ida y vuelta a la estaci\u00f3n de tren.<\/li>\n<li>Boletos de tren de ida y vuelta en el servicio de tren panor\u00e1mico.<\/li>\n<li>Boletos de ida y vuelta en bus entre Aguas Calientes y Machu Picchu<\/li>\n<li>Tour privado de 2 horas por Machu Picchu<\/li>\n<li>Asientos c\u00f3modos con mesas al frente.<\/li>\n<li>Servicio de refrigerios a bordo con caf\u00e9 y t\u00e9.<\/li>\n<li>Ventanas panor\u00e1micas m\u00e1s grandes y anchas.<\/li>\n<li>Carro al aire libre que incluye un bar para disfrutar del paisaje.<\/li>\n<\/ul>\n<h3 style=\"text-align: justify;\"><span style=\"color: #008000;\"><strong>No inclu\u00eddo:<\/strong><\/span><\/h3>\n<ul style=\"text-align: justify;\">\n<li>Comidas no especificadas en el itinerario.<\/li>\n<li>Alojamiento en Cusco o Aguas Calientes<\/li>\n<li>Entradas a las aguas termales<\/li>\n<\/ul>\n<h3 style=\"text-align: justify;\"><span style=\"color: #008000;\"><strong>Lista recomendada<\/strong><\/span><\/h3>\n<ul>\n<li style=\"text-align: justify;\">Snacks<\/li>\n<li style=\"text-align: justify;\">Zapatos para caminar o zapatillas de deporte<\/li>\n<li style=\"text-align: justify;\">Equipo completo para lluvia o poncho (de noviembre a abril)<\/li>\n<li style=\"text-align: justify;\">Sombrero o gorra<\/li>\n<li style=\"text-align: justify;\">Gafas de sol<\/li>\n<li style=\"text-align: justify;\">Protector solar<\/li>\n<li style=\"text-align: justify;\">Art\u00edculos de tocador<\/li>\n<li style=\"text-align: justify;\">C\u00e1maras fotogr\u00e1ficas \/ de video y cargadores<\/li>\n<li style=\"text-align: justify;\">Botella de Agua<\/li>\n<\/ul>\n","protected":false},"excerpt":{"rendered":"<p><strong>CODIGO: <\/strong>PVT-CP002<\/p>\n<ul>\n<li><strong>Salida: todos los d\u00edas<\/strong><\/li>\n<li><strong>Duraci\u00f3n: d\u00eda completo<\/strong><\/li>\n<li><strong><span style=\"color: #ff0000;\">El ingreso a Machu Picchu depender\u00e1 de la disponibilidad al momento de la reserva, puede ser para el<\/span> Circuito 1, Circuito 2 o Circuito 3<\/strong><\/li>\n<\/ul>\n","protected":false},"featured_media":3650,"template":"","meta":{"site-sidebar-layout":"default","site-content-layout":"default","ast-site-content-layout":"default","site-content-style":"default","site-sidebar-style":"default","ast-global-header-display":"","ast-banner-title-visibility":"","ast-main-header-display":"","ast-hfb-above-header-display":"","ast-hfb-below-header-display":"","ast-hfb-mobile-header-display":"","site-post-title":"","ast-breadcrumbs-content":"","ast-featured-img":"","footer-sml-layout":"","ast-disable-related-posts":"","theme-transparent-header-meta":"default","adv-header-id-meta":"","stick-header-meta":"default","header-above-stick-meta":"","header-main-stick-meta":"","header-below-stick-meta":"","astra-migrate-meta-layouts":"set","ast-page-background-enabled":"default","ast-page-background-meta":{"desktop":{"background-color":"var(--ast-global-color-4)","background-image":"","background-repeat":"repeat","background-position":"center center","background-size":"auto","background-attachment":"scroll","background-type":"","background-media":"","overlay-type":"","overlay-color":"","overlay-opacity":"","overlay-gradient":""},"tablet":{"background-color":"","background-image":"","background-repeat":"repeat","background-position":"center center","background-size":"auto","background-attachment":"scroll","background-type":"","background-media":"","overlay-type":"","overlay-color":"","overlay-opacity":"","overlay-gradient":""},"mobile":{"background-color":"","background-image":"","background-repeat":"repeat","background-position":"center center","background-size":"auto","background-attachment":"scroll","background-type":"","background-media":"","overlay-type":"","overlay-color":"","overlay-opacity":"","overlay-gradient":""}},"ast-content-background-meta":{"desktop":{"background-color":"var(--ast-global-color-5)","background-image":"","background-repeat":"repeat","background-position":"center center","background-size":"auto","background-attachment":"scroll","background-type":"","background-media":"","overlay-type":"","overlay-color":"","overlay-opacity":"","overlay-gradient":""},"tablet":{"background-color":"var(--ast-global-color-5)","background-image":"","background-repeat":"repeat","background-position":"center center","background-size":"auto","background-attachment":"scroll","background-type":"","background-media":"","overlay-type":"","overlay-color":"","overlay-opacity":"","overlay-gradient":""},"mobile":{"background-color":"var(--ast-global-color-5)","background-image":"","background-repeat":"repeat","background-position":"center center","background-size":"auto","background-attachment":"scroll","background-type":"","background-media":"","overlay-type":"","overlay-color":"","overlay-opacity":"","overlay-gradient":""}},"_joinchat":[]},"product_brand":[],"product_cat":[41,43],"product_tag":[],"class_list":{"0":"post-1272","1":"product","2":"type-product","3":"status-publish","4":"has-post-thumbnail","6":"product_cat-cusco-machu-picchu-es","7":"product_cat-paquetes-cusco","8":"desktop-align-center","9":"tablet-align-center","10":"mobile-align-center","11":"ast-product-gallery-layout-horizontal-slider","12":"ast-product-gallery-with-no-image","13":"ast-product-tabs-layout-horizontal","15":"first","16":"instock","17":"shipping-taxable","18":"purchasable","19":"product-type-simple"},"_links":{"self":[{"href":"https:\/\/www.pvtravels.com\/es\/wp-json\/wp\/v2\/product\/1272","targetHints":{"allow":["GET"]}}],"collection":[{"href":"https:\/\/www.pvtravels.com\/es\/wp-json\/wp\/v2\/product"}],"about":[{"href":"https:\/\/www.pvtravels.com\/es\/wp-json\/wp\/v2\/types\/product"}],"version-history":[{"count":5,"href":"https:\/\/www.pvtravels.com\/es\/wp-json\/wp\/v2\/product\/1272\/revisions"}],"predecessor-version":[{"id":6633,"href":"https:\/\/www.pvtravels.com\/es\/wp-json\/wp\/v2\/product\/1272\/revisions\/6633"}],"wp:featuredmedia":[{"embeddable":true,"href":"https:\/\/www.pvtravels.com\/es\/wp-json\/wp\/v2\/media\/3650"}],"wp:attachment":[{"href":"https:\/\/www.pvtravels.com\/es\/wp-json\/wp\/v2\/media?parent=1272"}],"wp:term":[{"taxonomy":"product_brand","embeddable":true,"href":"https:\/\/www.pvtravels.com\/es\/wp-json\/wp\/v2\/product_brand?post=1272"},{"taxonomy":"product_cat","embeddable":true,"href":"https:\/\/www.pvtravels.com\/es\/wp-json\/wp\/v2\/product_cat?post=1272"},{"taxonomy":"product_tag","embeddable":true,"href":"https:\/\/www.pvtravels.com\/es\/wp-json\/wp\/v2\/product_tag?post=1272"}],"curies":[{"name":"wp","href":"https:\/\/api.w.org\/{rel}","templated":true}]}}