{"id":503,"date":"2021-12-16T13:57:32","date_gmt":"2021-12-16T18:57:32","guid":{"rendered":"https:\/\/www.pvtravels.com\/?page_id=503"},"modified":"2021-12-16T13:59:18","modified_gmt":"2021-12-16T18:59:18","slug":"politicas-de-privacidad","status":"publish","type":"page","link":"https:\/\/www.pvtravels.com\/es\/politicas-de-privacidad\/","title":{"rendered":"Pol\u00edticas de Privacidad"},"content":{"rendered":"\t\t<div data-elementor-type=\"wp-page\" data-elementor-id=\"503\" class=\"elementor elementor-503 elementor-274\" data-elementor-post-type=\"page\">\n\t\t\t\t\t\t<section class=\"elementor-section elementor-top-section elementor-element elementor-element-d186d6a elementor-section-boxed elementor-section-height-default elementor-section-height-default\" data-id=\"d186d6a\" data-element_type=\"section\" data-e-type=\"section\" data-settings=\"{&quot;background_background&quot;:&quot;classic&quot;}\">\n\t\t\t\t\t\t\t<div class=\"elementor-background-overlay\"><\/div>\n\t\t\t\t\t\t\t<div class=\"elementor-container elementor-column-gap-default\">\n\t\t\t\t\t<div class=\"elementor-column elementor-col-100 elementor-top-column elementor-element elementor-element-1dbeb25\" data-id=\"1dbeb25\" data-element_type=\"column\" data-e-type=\"column\">\n\t\t\t<div class=\"elementor-widget-wrap elementor-element-populated\">\n\t\t\t\t\t\t<div class=\"elementor-element elementor-element-ef2a524 elementor-widget elementor-widget-heading\" data-id=\"ef2a524\" data-element_type=\"widget\" data-e-type=\"widget\" data-widget_type=\"heading.default\">\n\t\t\t\t<div class=\"elementor-widget-container\">\n\t\t\t\t\t<h1 class=\"elementor-heading-title elementor-size-default\">Pol\u00edticas de Privacidad<\/h1>\t\t\t\t<\/div>\n\t\t\t\t<\/div>\n\t\t\t\t\t<\/div>\n\t\t<\/div>\n\t\t\t\t\t<\/div>\n\t\t<\/section>\n\t\t\t\t<section class=\"elementor-section elementor-top-section elementor-element elementor-element-4e9a65a8 elementor-section-boxed elementor-section-height-default elementor-section-height-default\" data-id=\"4e9a65a8\" data-element_type=\"section\" data-e-type=\"section\">\n\t\t\t\t\t\t<div class=\"elementor-container elementor-column-gap-default\">\n\t\t\t\t\t<div class=\"elementor-column elementor-col-100 elementor-top-column elementor-element elementor-element-2d45678b\" data-id=\"2d45678b\" data-element_type=\"column\" data-e-type=\"column\">\n\t\t\t<div class=\"elementor-widget-wrap elementor-element-populated\">\n\t\t\t\t\t\t<div class=\"elementor-element elementor-element-7bbf38cd elementor-widget elementor-widget-text-editor\" data-id=\"7bbf38cd\" data-element_type=\"widget\" data-e-type=\"widget\" data-widget_type=\"text-editor.default\">\n\t\t\t\t<div class=\"elementor-widget-container\">\n\t\t\t\t\t\t\t\t\t<p>Esta Pol\u00edtica de Privacidad establece los t\u00e9rminos en los que PV TRAVEL utiliza y protege la informaci\u00f3n que le brindan sus usuarios al utilizar su sitio web. Esta empresa est\u00e1 comprometida con la seguridad de los datos de sus usuarios. Cuando le pedimos que complete los campos de informaci\u00f3n personal con los que puede ser identificado, lo hacemos asegur\u00e1ndonos de que solo se utilizar\u00e1 de acuerdo con los t\u00e9rminos de este documento. Sin embargo, esta Pol\u00edtica de privacidad puede cambiar con el tiempo o actualizarse seg\u00fan lo que recomendamos y le recomendamos encarecidamente que revise continuamente esta p\u00e1gina para asegurarse de que est\u00e1 de acuerdo con dichos cambios.<\/p><p><strong>Informaci\u00f3n que se recopila<\/strong><\/p><p>Nuestro sitio web puede recopilar informaci\u00f3n personal, por ejemplo: Nombre, informaci\u00f3n de contacto como su direcci\u00f3n de correo electr\u00f3nico e informaci\u00f3n demogr\u00e1fica. Adem\u00e1s, cuando sea necesario, es posible que se requiera informaci\u00f3n espec\u00edfica para procesar un pedido o realizar una entrega o facturaci\u00f3n.<\/p><p><strong>Uso de la informaci\u00f3n recopilada<\/strong><\/p><p>Nuestro sitio web utiliza la informaci\u00f3n con el fin de brindar el mejor servicio posible, en particular para mantener un registro de usuarios, pedidos en su caso, y mejorar nuestros productos y servicios. Es posible que a trav\u00e9s de nuestro sitio se env\u00eden correos electr\u00f3nicos peri\u00f3dicos con ofertas especiales, nuevos productos y otra informaci\u00f3n publicitaria que consideremos relevante para usted o que pueda beneficiarlo, estos correos electr\u00f3nicos ser\u00e1n enviados a la direcci\u00f3n que usted proporcione y pueden ser cancelado. cualquier momento.<\/p><p>PV TRAVEL est\u00e1 altamente comprometido a cumplir con el compromiso de mantener segura su informaci\u00f3n. Usamos los sistemas m\u00e1s avanzados y los actualizamos constantemente para asegurarnos de que no haya accesos no autorizados.<\/p><p><strong>Cookies<\/strong><\/p><p>Una cookie se refiere a un archivo que se env\u00eda con la finalidad de solicitar permiso para ser almacenado en su computadora, al momento de aceptar dicho archivo se crea y la cookie luego sirve para tener informaci\u00f3n sobre el tr\u00e1fico web, y tambi\u00e9n facilita futuras visitas a un sitio web recurrentes. Otra funci\u00f3n que tienen las cookies es que con ellas la web puede reconocerte individualmente y por tanto brindarte el mejor servicio personalizado en tu sitio web.<\/p><p>Nuestro sitio web utiliza cookies para identificar las p\u00e1ginas visitadas y su frecuencia. Esta informaci\u00f3n se usa solo para an\u00e1lisis estad\u00edstico y luego la informaci\u00f3n se elimina permanentemente. Puede eliminar las cookies en cualquier momento desde su computadora. Sin embargo, las cookies ayudan a brindar un mejor servicio a los sitios web, usted no da acceso a la informaci\u00f3n en su computadora ni en usted, a menos que lo desee y lo proporcione directamente. Puede aceptar o rechazar el uso de cookies, sin embargo la mayor\u00eda de los navegadores aceptan autom\u00e1ticamente las cookies porque sirve para tener un mejor servicio web. Tambi\u00e9n puede cambiar la configuraci\u00f3n de su computadora para rechazar las cookies. Si se niega, es posible que no pueda utilizar algunos de nuestros servicios.<\/p><p><strong>Enlaces a terceros<\/strong><\/p><p>Este sitio web puede contener enlaces a otros sitios que pueden ser de su inter\u00e9s. Una vez que hace clic en estos enlaces y abandona nuestro sitio, ya no tenemos control sobre el sitio al que es redirigido y, por lo tanto, no somos responsables de los t\u00e9rminos o la privacidad o la protecci\u00f3n de sus datos en esos otros sitios de terceros. Estos sitios est\u00e1n sujetos a sus propias pol\u00edticas de privacidad, por lo que se recomienda que los consulte para confirmar que est\u00e1 de acuerdo con ellos.<\/p><p><strong>Control de su informaci\u00f3n personal<\/strong><\/p><p>En cualquier momento, puede restringir la recopilaci\u00f3n o el uso de la informaci\u00f3n personal que se proporciona a nuestro sitio web. Cada vez que se le solicite que complete un formulario, como el formulario de registro de usuario, puede marcar o desmarcar la opci\u00f3n para recibir informaci\u00f3n por correo electr\u00f3nico. En caso de que hayas marcado la opci\u00f3n de recibir nuestra newsletter o publicidad puedes cancelarla en cualquier momento.<\/p><p>Esta empresa no vender\u00e1, ceder\u00e1 ni distribuir\u00e1 informaci\u00f3n personal que se recopile sin su consentimiento, a menos que lo requiera un juez con una orden judicial.<\/p><p>PV TRAVEL se reserva el derecho de cambiar los t\u00e9rminos de esta Pol\u00edtica de Privacidad en cualquier momento.<\/p>\t\t\t\t\t\t\t\t<\/div>\n\t\t\t\t<\/div>\n\t\t\t\t\t<\/div>\n\t\t<\/div>\n\t\t\t\t\t<\/div>\n\t\t<\/section>\n\t\t\t\t<\/div>\n\t\t","protected":false},"excerpt":{"rendered":"<p>Esta Pol\u00edtica de Privacidad establece los t\u00e9rminos en los que PV TRAVEL utiliza y protege la informaci\u00f3n que le brindan sus usuarios al utilizar su sitio web. Esta empresa est\u00e1 comprometida con la seguridad de los datos de sus usuarios. Cuando le pedimos que complete los campos de informaci\u00f3n personal con los que puede ser [&hellip;]<\/p>\n","protected":false},"author":1,"featured_media":0,"parent":0,"menu_order":0,"comment_status":"closed","ping_status":"closed","template":"elementor_header_footer","meta":{"site-sidebar-layout":"default","site-content-layout":"","ast-site-content-layout":"default","site-content-style":"default","site-sidebar-style":"default","ast-global-header-display":"","ast-banner-title-visibility":"","ast-main-header-display":"","ast-hfb-above-header-display":"","ast-hfb-below-header-display":"","ast-hfb-mobile-header-display":"","site-post-title":"","ast-breadcrumbs-content":"","ast-featured-img":"","footer-sml-layout":"","ast-disable-related-posts":"","theme-transparent-header-meta":"","adv-header-id-meta":"","stick-header-meta":"","header-above-stick-meta":"","header-main-stick-meta":"","header-below-stick-meta":"","astra-migrate-meta-layouts":"default","ast-page-background-enabled":"default","ast-page-background-meta":{"desktop":{"background-color":"var(--ast-global-color-4)","background-image":"","background-repeat":"repeat","background-position":"center center","background-size":"auto","background-attachment":"scroll","background-type":"","background-media":"","overlay-type":"","overlay-color":"","overlay-opacity":"","overlay-gradient":""},"tablet":{"background-color":"","background-image":"","background-repeat":"repeat","background-position":"center center","background-size":"auto","background-attachment":"scroll","background-type":"","background-media":"","overlay-type":"","overlay-color":"","overlay-opacity":"","overlay-gradient":""},"mobile":{"background-color":"","background-image":"","background-repeat":"repeat","background-position":"center center","background-size":"auto","background-attachment":"scroll","background-type":"","background-media":"","overlay-type":"","overlay-color":"","overlay-opacity":"","overlay-gradient":""}},"ast-content-background-meta":{"desktop":{"background-color":"var(--ast-global-color-5)","background-image":"","background-repeat":"repeat","background-position":"center center","background-size":"auto","background-attachment":"scroll","background-type":"","background-media":"","overlay-type":"","overlay-color":"","overlay-opacity":"","overlay-gradient":""},"tablet":{"background-color":"var(--ast-global-color-5)","background-image":"","background-repeat":"repeat","background-position":"center center","background-size":"auto","background-attachment":"scroll","background-type":"","background-media":"","overlay-type":"","overlay-color":"","overlay-opacity":"","overlay-gradient":""},"mobile":{"background-color":"var(--ast-global-color-5)","background-image":"","background-repeat":"repeat","background-position":"center center","background-size":"auto","background-attachment":"scroll","background-type":"","background-media":"","overlay-type":"","overlay-color":"","overlay-opacity":"","overlay-gradient":""}},"_joinchat":[],"footnotes":""},"class_list":["post-503","page","type-page","status-publish","hentry"],"_links":{"self":[{"href":"https:\/\/www.pvtravels.com\/es\/wp-json\/wp\/v2\/pages\/503","targetHints":{"allow":["GET"]}}],"collection":[{"href":"https:\/\/www.pvtravels.com\/es\/wp-json\/wp\/v2\/pages"}],"about":[{"href":"https:\/\/www.pvtravels.com\/es\/wp-json\/wp\/v2\/types\/page"}],"author":[{"embeddable":true,"href":"https:\/\/www.pvtravels.com\/es\/wp-json\/wp\/v2\/users\/1"}],"replies":[{"embeddable":true,"href":"https:\/\/www.pvtravels.com\/es\/wp-json\/wp\/v2\/comments?post=503"}],"version-history":[{"count":4,"href":"https:\/\/www.pvtravels.com\/es\/wp-json\/wp\/v2\/pages\/503\/revisions"}],"predecessor-version":[{"id":507,"href":"https:\/\/www.pvtravels.com\/es\/wp-json\/wp\/v2\/pages\/503\/revisions\/507"}],"wp:attachment":[{"href":"https:\/\/www.pvtravels.com\/es\/wp-json\/wp\/v2\/media?parent=503"}],"curies":[{"name":"wp","href":"https:\/\/api.w.org\/{rel}","templated":true}]}}