{"id":497,"date":"2021-12-16T13:53:52","date_gmt":"2021-12-16T18:53:52","guid":{"rendered":"https:\/\/www.pvtravels.com\/?page_id=497"},"modified":"2025-11-28T11:46:44","modified_gmt":"2025-11-28T16:46:44","slug":"terminos-y-condiciones","status":"publish","type":"page","link":"https:\/\/www.pvtravels.com\/es\/terminos-y-condiciones\/","title":{"rendered":"T\u00e9rminos y Condiciones"},"content":{"rendered":"\t\t<div data-elementor-type=\"wp-page\" data-elementor-id=\"497\" class=\"elementor elementor-497 elementor-255\" data-elementor-post-type=\"page\">\n\t\t\t\t\t\t<section class=\"elementor-section elementor-top-section elementor-element elementor-element-d186d6a elementor-section-boxed elementor-section-height-default elementor-section-height-default\" data-id=\"d186d6a\" data-element_type=\"section\" data-e-type=\"section\" data-settings=\"{&quot;background_background&quot;:&quot;classic&quot;}\">\n\t\t\t\t\t\t\t<div class=\"elementor-background-overlay\"><\/div>\n\t\t\t\t\t\t\t<div class=\"elementor-container elementor-column-gap-default\">\n\t\t\t\t\t<div class=\"elementor-column elementor-col-100 elementor-top-column elementor-element elementor-element-1dbeb25\" data-id=\"1dbeb25\" data-element_type=\"column\" data-e-type=\"column\">\n\t\t\t<div class=\"elementor-widget-wrap elementor-element-populated\">\n\t\t\t\t\t\t<div class=\"elementor-element elementor-element-ef2a524 elementor-widget elementor-widget-heading\" data-id=\"ef2a524\" data-element_type=\"widget\" data-e-type=\"widget\" data-widget_type=\"heading.default\">\n\t\t\t\t<div class=\"elementor-widget-container\">\n\t\t\t\t\t<h1 class=\"elementor-heading-title elementor-size-default\">T\u00e9rminos y Condiciones<\/h1>\t\t\t\t<\/div>\n\t\t\t\t<\/div>\n\t\t\t\t\t<\/div>\n\t\t<\/div>\n\t\t\t\t\t<\/div>\n\t\t<\/section>\n\t\t\t\t<section class=\"elementor-section elementor-top-section elementor-element elementor-element-4e9a65a8 elementor-section-boxed elementor-section-height-default elementor-section-height-default\" data-id=\"4e9a65a8\" data-element_type=\"section\" data-e-type=\"section\">\n\t\t\t\t\t\t<div class=\"elementor-container elementor-column-gap-default\">\n\t\t\t\t\t<div class=\"elementor-column elementor-col-100 elementor-top-column elementor-element elementor-element-2d45678b\" data-id=\"2d45678b\" data-element_type=\"column\" data-e-type=\"column\">\n\t\t\t<div class=\"elementor-widget-wrap elementor-element-populated\">\n\t\t\t\t\t\t<div class=\"elementor-element elementor-element-7bbf38cd elementor-widget elementor-widget-text-editor\" data-id=\"7bbf38cd\" data-element_type=\"widget\" data-e-type=\"widget\" data-widget_type=\"text-editor.default\">\n\t\t\t\t<div class=\"elementor-widget-container\">\n\t\t\t\t\t\t\t\t\t<h3><strong>Pol\u00edtica de Reservas<\/strong><\/h3>\n<ul>\n<li>Precios en d\u00f3lares estadounidenses.<\/li>\n<li>Todos los precios son por persona.<\/li>\n<li>Para confirmar una reserva, se debe abonar el importe total.<\/li>\n<li>PV Travel no se responsabiliza por la p\u00e9rdida o el robo de objetos en ninguno de nuestros tours, programas o alojamientos.<\/li>\n<li>Los precios no incluyen el IGV del 18% (aplicable solo para peruanos o residentes en Per\u00fa).<\/li><li>Caso sea deseable la emisi\u00f3n de factura, ser\u00e1 cobrado 18% al valor total que deber\u00e1 ser pagado por el usuario<\/li>\n<li>Las cancelaciones por cambios clim\u00e1ticos, tormentas, deslizamientos o fuerza mayor NO ser\u00e1n reembolsadas.<\/li>\n<li>Si el viajero decide retirarse antes de la finalizaci\u00f3n del servicio, NO se realizar\u00e1 ning\u00fan reembolso.<\/li>\n<li>Si el viajero no asiste el d\u00eda del servicio, este se considerar\u00e1 \u00abcompletado\u00bb sin derecho a reclamos ni reembolsos.<\/li>\n<li>Los asientos en el transporte no se asignan; el transporte se organiza por orden de llegada.<\/li>\n<li>Todos los servicios se comparten con otros viajeros en grupos, a menos que se especifique lo contrario.<\/li>\n<li>Los ni\u00f1os menores de 3 a\u00f1os no pagan, siempre que compartan asiento y cama con sus tutores. M\u00e1ximo un ni\u00f1o por habitaci\u00f3n que no paga.<\/li>\n<\/ul>\n<h3>Pol\u00edtica de cancelaci\u00f3n y reembolso<\/h3>\n<ul>\n<li>Todas las cancelaciones realizadas 30 d\u00edas o menos antes del inicio de nuestros servicios tendr\u00e1n un cargo del 100% y, por lo tanto, no son reembolsables ni transferibles.<\/li>\n<li>Los servicios de viaje cancelados 31 d\u00edas antes del inicio del programa son reembolsables hasta el 50%, menos los cargos de pago (PayPal 6%, transferencia bancaria internacional $50.00) y\/o los cr\u00e9ditos aplicados.<\/li>\n<li><strong>Las reservas para Machu Picchu NO son reembolsables en ning\u00fan momento.<\/strong><\/li>\n<\/ul>\t\t\t\t\t\t\t\t<\/div>\n\t\t\t\t<\/div>\n\t\t\t\t\t<\/div>\n\t\t<\/div>\n\t\t\t\t\t<\/div>\n\t\t<\/section>\n\t\t\t\t<\/div>\n\t\t","protected":false},"excerpt":{"rendered":"<p>Pol\u00edtica de Reservas Precios en d\u00f3lares estadounidenses. Todos los precios son por persona. Para confirmar una reserva, se debe abonar el importe total. PV Travel no se responsabiliza por la p\u00e9rdida o el robo de objetos en ninguno de nuestros tours, programas o alojamientos. Los precios no incluyen el IGV del 18% (aplicable solo para [&hellip;]<\/p>\n","protected":false},"author":1,"featured_media":0,"parent":0,"menu_order":0,"comment_status":"closed","ping_status":"closed","template":"elementor_header_footer","meta":{"site-sidebar-layout":"default","site-content-layout":"","ast-site-content-layout":"default","site-content-style":"default","site-sidebar-style":"default","ast-global-header-display":"","ast-banner-title-visibility":"","ast-main-header-display":"","ast-hfb-above-header-display":"","ast-hfb-below-header-display":"","ast-hfb-mobile-header-display":"","site-post-title":"disabled","ast-breadcrumbs-content":"","ast-featured-img":"","footer-sml-layout":"","ast-disable-related-posts":"","theme-transparent-header-meta":"","adv-header-id-meta":"","stick-header-meta":"","header-above-stick-meta":"","header-main-stick-meta":"","header-below-stick-meta":"","astra-migrate-meta-layouts":"default","ast-page-background-enabled":"default","ast-page-background-meta":{"desktop":{"background-color":"var(--ast-global-color-4)","background-image":"","background-repeat":"repeat","background-position":"center center","background-size":"auto","background-attachment":"scroll","background-type":"","background-media":"","overlay-type":"","overlay-color":"","overlay-opacity":"","overlay-gradient":""},"tablet":{"background-color":"","background-image":"","background-repeat":"repeat","background-position":"center center","background-size":"auto","background-attachment":"scroll","background-type":"","background-media":"","overlay-type":"","overlay-color":"","overlay-opacity":"","overlay-gradient":""},"mobile":{"background-color":"","background-image":"","background-repeat":"repeat","background-position":"center center","background-size":"auto","background-attachment":"scroll","background-type":"","background-media":"","overlay-type":"","overlay-color":"","overlay-opacity":"","overlay-gradient":""}},"ast-content-background-meta":{"desktop":{"background-color":"var(--ast-global-color-5)","background-image":"","background-repeat":"repeat","background-position":"center center","background-size":"auto","background-attachment":"scroll","background-type":"","background-media":"","overlay-type":"","overlay-color":"","overlay-opacity":"","overlay-gradient":""},"tablet":{"background-color":"var(--ast-global-color-5)","background-image":"","background-repeat":"repeat","background-position":"center center","background-size":"auto","background-attachment":"scroll","background-type":"","background-media":"","overlay-type":"","overlay-color":"","overlay-opacity":"","overlay-gradient":""},"mobile":{"background-color":"var(--ast-global-color-5)","background-image":"","background-repeat":"repeat","background-position":"center center","background-size":"auto","background-attachment":"scroll","background-type":"","background-media":"","overlay-type":"","overlay-color":"","overlay-opacity":"","overlay-gradient":""}},"_joinchat":[],"footnotes":""},"class_list":["post-497","page","type-page","status-publish","hentry"],"_links":{"self":[{"href":"https:\/\/www.pvtravels.com\/es\/wp-json\/wp\/v2\/pages\/497","targetHints":{"allow":["GET"]}}],"collection":[{"href":"https:\/\/www.pvtravels.com\/es\/wp-json\/wp\/v2\/pages"}],"about":[{"href":"https:\/\/www.pvtravels.com\/es\/wp-json\/wp\/v2\/types\/page"}],"author":[{"embeddable":true,"href":"https:\/\/www.pvtravels.com\/es\/wp-json\/wp\/v2\/users\/1"}],"replies":[{"embeddable":true,"href":"https:\/\/www.pvtravels.com\/es\/wp-json\/wp\/v2\/comments?post=497"}],"version-history":[{"count":22,"href":"https:\/\/www.pvtravels.com\/es\/wp-json\/wp\/v2\/pages\/497\/revisions"}],"predecessor-version":[{"id":6046,"href":"https:\/\/www.pvtravels.com\/es\/wp-json\/wp\/v2\/pages\/497\/revisions\/6046"}],"wp:attachment":[{"href":"https:\/\/www.pvtravels.com\/es\/wp-json\/wp\/v2\/media?parent=497"}],"curies":[{"name":"wp","href":"https:\/\/api.w.org\/{rel}","templated":true}]}}