{"id":2176,"date":"2021-12-21T19:04:41","date_gmt":"2021-12-22T00:04:41","guid":{"rendered":"https:\/\/www.pvtravels.com\/acerca-de-peru\/"},"modified":"2025-12-11T12:47:32","modified_gmt":"2025-12-11T17:47:32","slug":"acerca-de-peru","status":"publish","type":"page","link":"https:\/\/www.pvtravels.com\/es\/acerca-de-peru\/","title":{"rendered":"Acerca de Per\u00fa"},"content":{"rendered":"\t\t<div data-elementor-type=\"wp-page\" data-elementor-id=\"2176\" class=\"elementor elementor-2176 elementor-1746\" data-elementor-post-type=\"page\">\n\t\t\t\t\t\t<section class=\"elementor-section elementor-top-section elementor-element elementor-element-36fec4de elementor-section-full_width elementor-section-stretched elementor-section-height-default elementor-section-height-default\" data-id=\"36fec4de\" data-element_type=\"section\" data-e-type=\"section\" data-settings=\"{&quot;background_background&quot;:&quot;classic&quot;,&quot;stretch_section&quot;:&quot;section-stretched&quot;}\">\n\t\t\t\t\t\t\t<div class=\"elementor-background-overlay\"><\/div>\n\t\t\t\t\t\t\t<div class=\"elementor-container elementor-column-gap-default\">\n\t\t\t\t\t<div class=\"elementor-column elementor-col-100 elementor-top-column elementor-element elementor-element-4e25538\" data-id=\"4e25538\" data-element_type=\"column\" data-e-type=\"column\">\n\t\t\t<div class=\"elementor-widget-wrap elementor-element-populated\">\n\t\t\t\t\t\t<div class=\"elementor-element elementor-element-34601b8 elementor-widget elementor-widget-spacer\" data-id=\"34601b8\" data-element_type=\"widget\" data-e-type=\"widget\" data-widget_type=\"spacer.default\">\n\t\t\t\t<div class=\"elementor-widget-container\">\n\t\t\t\t\t\t\t<div class=\"elementor-spacer\">\n\t\t\t<div class=\"elementor-spacer-inner\"><\/div>\n\t\t<\/div>\n\t\t\t\t\t\t<\/div>\n\t\t\t\t<\/div>\n\t\t\t\t<div class=\"elementor-element elementor-element-4e76d31 elementor-widget elementor-widget-heading\" data-id=\"4e76d31\" data-element_type=\"widget\" data-e-type=\"widget\" data-widget_type=\"heading.default\">\n\t\t\t\t<div class=\"elementor-widget-container\">\n\t\t\t\t\t<h1 class=\"elementor-heading-title elementor-size-default\">Informaci\u00f3n de viaje a Per\u00fa<\/h1>\t\t\t\t<\/div>\n\t\t\t\t<\/div>\n\t\t\t\t<div class=\"elementor-element elementor-element-d65654a elementor-widget elementor-widget-spacer\" data-id=\"d65654a\" data-element_type=\"widget\" data-e-type=\"widget\" data-widget_type=\"spacer.default\">\n\t\t\t\t<div class=\"elementor-widget-container\">\n\t\t\t\t\t\t\t<div class=\"elementor-spacer\">\n\t\t\t<div class=\"elementor-spacer-inner\"><\/div>\n\t\t<\/div>\n\t\t\t\t\t\t<\/div>\n\t\t\t\t<\/div>\n\t\t\t\t\t<\/div>\n\t\t<\/div>\n\t\t\t\t\t<\/div>\n\t\t<\/section>\n\t\t\t\t<section class=\"elementor-section elementor-top-section elementor-element elementor-element-112c1c73 elementor-section-boxed elementor-section-height-default elementor-section-height-default\" data-id=\"112c1c73\" data-element_type=\"section\" data-e-type=\"section\">\n\t\t\t\t\t\t<div class=\"elementor-container elementor-column-gap-default\">\n\t\t\t\t\t<div class=\"elementor-column elementor-col-50 elementor-top-column elementor-element elementor-element-4dc392be\" data-id=\"4dc392be\" data-element_type=\"column\" data-e-type=\"column\">\n\t\t\t<div class=\"elementor-widget-wrap elementor-element-populated\">\n\t\t\t\t\t\t<div class=\"elementor-element elementor-element-c2e1050 elementor-widget elementor-widget-heading\" data-id=\"c2e1050\" data-element_type=\"widget\" data-e-type=\"widget\" data-widget_type=\"heading.default\">\n\t\t\t\t<div class=\"elementor-widget-container\">\n\t\t\t\t\t<h2 class=\"elementor-heading-title elementor-size-default\">Informaci\u00f3n sobre Per\u00fa:<\/h2>\t\t\t\t<\/div>\n\t\t\t\t<\/div>\n\t\t\t\t<div class=\"elementor-element elementor-element-31e056d7 elementor-widget elementor-widget-text-editor\" data-id=\"31e056d7\" data-element_type=\"widget\" data-e-type=\"widget\" data-widget_type=\"text-editor.default\">\n\t\t\t\t<div class=\"elementor-widget-container\">\n\t\t\t\t\t\t\t\t\t<p data-start=\"0\" data-end=\"502\">Poblaci\u00f3n: 30 millones de personas (aproximadamente)<br data-start=\"52\" data-end=\"55\" \/>Superficie: 1.285.215,60 km\u00b2 de selva, monta\u00f1as y costa<br data-start=\"110\" data-end=\"113\" \/>Idioma: El espa\u00f1ol y el quechua son los dos idiomas principales<br data-start=\"176\" data-end=\"179\" \/>Econom\u00eda: La econom\u00eda de Per\u00fa se basa en recursos naturales e industriales. En los \u00faltimos a\u00f1os, la econom\u00eda peruana ha mejorado considerablemente<br data-start=\"325\" data-end=\"328\" \/>Poblaci\u00f3n: Casi el 45% de la poblaci\u00f3n de Per\u00fa es ind\u00edgena y aproximadamente el 37% es mestiza (mezcla de nativos y espa\u00f1oles)<br data-start=\"454\" data-end=\"457\" \/>Moneda: La moneda peruana es el \u00abNuevo Sol\u00bb<\/p>\n<p><\/p>\n<p data-start=\"504\" data-end=\"637\" data-is-last-node=\"\" data-is-only-node=\"\">Per\u00fa es el tercer pa\u00eds m\u00e1s grande de Sudam\u00e9rica y se encuentra entre los 20 pa\u00edses m\u00e1s grandes del mundo. La capital de Per\u00fa es Lima.<\/p>\n\t\t\t\t\t\t\t\t<\/div>\n\t\t\t\t<\/div>\n\t\t\t\t\t<\/div>\n\t\t<\/div>\n\t\t\t\t<div class=\"elementor-column elementor-col-50 elementor-top-column elementor-element elementor-element-d19dbb5\" data-id=\"d19dbb5\" data-element_type=\"column\" data-e-type=\"column\">\n\t\t\t<div class=\"elementor-widget-wrap elementor-element-populated\">\n\t\t\t\t\t\t<div class=\"elementor-element elementor-element-56c47f0 elementor-widget elementor-widget-image\" data-id=\"56c47f0\" data-element_type=\"widget\" data-e-type=\"widget\" data-widget_type=\"image.default\">\n\t\t\t\t<div class=\"elementor-widget-container\">\n\t\t\t\t\t\t\t\t\t\t\t\t\t\t\t<img fetchpriority=\"high\" decoding=\"async\" width=\"352\" height=\"211\" src=\"https:\/\/www.pvtravels.com\/wp-content\/uploads\/2021\/12\/peru-travel.png\" class=\"attachment-large size-large wp-image-1751\" alt=\"\" \/>\t\t\t\t\t\t\t\t\t\t\t\t\t\t\t<\/div>\n\t\t\t\t<\/div>\n\t\t\t\t\t<\/div>\n\t\t<\/div>\n\t\t\t\t\t<\/div>\n\t\t<\/section>\n\t\t\t\t<section class=\"elementor-section elementor-top-section elementor-element elementor-element-88bfa8a elementor-section-boxed elementor-section-height-default elementor-section-height-default\" data-id=\"88bfa8a\" data-element_type=\"section\" data-e-type=\"section\">\n\t\t\t\t\t\t<div class=\"elementor-container elementor-column-gap-default\">\n\t\t\t\t\t<div class=\"elementor-column elementor-col-100 elementor-top-column elementor-element elementor-element-ee25780\" data-id=\"ee25780\" data-element_type=\"column\" data-e-type=\"column\">\n\t\t\t<div class=\"elementor-widget-wrap elementor-element-populated\">\n\t\t\t\t\t\t<div class=\"elementor-element elementor-element-e9e5987 elementor-widget elementor-widget-text-editor\" data-id=\"e9e5987\" data-element_type=\"widget\" data-e-type=\"widget\" data-widget_type=\"text-editor.default\">\n\t\t\t\t<div class=\"elementor-widget-container\">\n\t\t\t\t\t\t\t\t\t<p data-start=\"0\" data-end=\"527\"><strong data-start=\"0\" data-end=\"15\">El Paisaje:<\/strong><br data-start=\"15\" data-end=\"18\" \/>La hermosa costa occidental de Per\u00fa est\u00e1 ba\u00f1ada por el Oc\u00e9ano Pac\u00edfico Sur, con magn\u00edficas playas. Hacia el interior, al este, se encuentran los Andes con sus desiertos y valles. La regi\u00f3n de la Sierra comprende los Andes y la puna (terreno plano con temperaturas que van de fr\u00edas a casi heladas), conocida por su gran diversidad de cultivos gracias a su clima favorable. La parte oriental de Per\u00fa se caracteriza por su vasta extensi\u00f3n de densa vegetaci\u00f3n de selva tropical que rodea el famoso r\u00edo Amazonas.<\/p>\n<p><\/p>\n<p data-start=\"529\" data-end=\"1175\"><strong data-start=\"529\" data-end=\"542\">El Clima:<\/strong><br data-start=\"542\" data-end=\"545\" \/>Per\u00fa tiene tres zonas clim\u00e1ticas principales, lo que lo convierte en un pa\u00eds muy interesante. Debido a la costa, los Andes y la Amazon\u00eda, se pueden experimentar numerosos climas diferentes; 28 de los 32 climas del mundo se encuentran en el pa\u00eds. La cordillera de los Andes y la Corriente de Humboldt contribuyen en gran medida a esta diversidad clim\u00e1tica. El clima de la costa es subtropical, con muy poca lluvia. En los Andes son comunes los veranos lluviosos y los inviernos muy secos, con temperaturas de templadas a fr\u00edas. La Amazon\u00eda oriental se caracteriza por un clima caluroso y h\u00famedo debido a su proximidad al ecuador.<\/p>\n<p><\/p>\n<p data-start=\"1177\" data-end=\"1658\"><strong data-start=\"1177\" data-end=\"1216\">Inmigraci\u00f3n \u2013 Regulaciones y Visas:<\/strong><br data-start=\"1216\" data-end=\"1219\" \/>Los ciudadanos de la mayor\u00eda de los pa\u00edses de Europa Occidental, Norte y Suram\u00e9rica, Australia, Nueva Zelanda o Sud\u00e1frica no necesitan visa para entrar a Per\u00fa; solo un pasaporte v\u00e1lido con al menos 6 meses de vigencia. Para obtener una visa de turista, se requiere presentar un pasaporte v\u00e1lido, dos fotos a color, un formulario de solicitud, un boleto de regreso desde Per\u00fa, comprobante de solvencia econ\u00f3mica y el pago correspondiente.<\/p>\n<p><\/p>\n<p data-start=\"1660\" data-end=\"1869\"><em data-start=\"1660\" data-end=\"1867\">En inmigraci\u00f3n, al turista se le entrega una peque\u00f1a tarjeta llamada Tarjeta de Inmigraci\u00f3n \/ Tarjeta Andina, importante para no pagar impuestos nacionales (18%) en hoteles y necesaria para salir del pa\u00eds.<\/em><\/p>\n<p><\/p>\n<p data-start=\"1871\" data-end=\"2119\"><strong data-start=\"1871\" data-end=\"1880\">Nota:<\/strong> Durante tu visita a Per\u00fa est\u00e1 absolutamente prohibido comprar o intentar sacar del pa\u00eds objetos arqueol\u00f3gicos o hist\u00f3ricos. Per\u00fa tiene acuerdos internacionales con la mayor\u00eda de pa\u00edses y confiscara dichos objetos si se intentan retirar.<\/p>\n<p><\/p>\n<p data-start=\"2121\" data-end=\"2946\"><strong data-start=\"2121\" data-end=\"2135\">Seguridad:<\/strong><br data-start=\"2135\" data-end=\"2138\" \/>La seguridad en Per\u00fa est\u00e1 mejorando. Los peque\u00f1os robos son el problema m\u00e1s com\u00fan; se debe tener especial cuidado en \u00e1reas concurridas, transporte p\u00fablico, estaciones de buses y trenes, y en el centro de Lima por la noche. Las mujeres deben tomar precauciones usando solo taxis oficiales o reservados por hoteles o empresas, y los viajeros que lleguen al Aeropuerto Internacional de Lima deben estar atentos a falsos taxistas o agentes tur\u00edsticos. Ha habido un aumento de delitos asociados con taxis en las principales ciudades. Se recomienda evitar manifestaciones y reuniones pol\u00edticas. Otra forma com\u00fan de delito es cometida por \u201cagencias de viajes\u201d fraudulentas que enga\u00f1an a turistas. Aseg\u00farate de hacer negocios solo con agencias establecidas o reserva directamente con nosotros para mayor seguridad.<\/p>\n<p><\/p>\n<p data-start=\"2948\" data-end=\"3256\"><strong data-start=\"2948\" data-end=\"2958\">Taxis:<\/strong><br data-start=\"2958\" data-end=\"2961\" \/>Toma solo taxis oficiales. Los taxis oficiales tienen una calcoman\u00eda en el parabrisas que dice \u201ctaxi autorizado\u201d y el n\u00famero de placa est\u00e1 escrito en las puertas, dentro y fuera del veh\u00edculo. En Lima y Arequipa, el nombre del conductor est\u00e1 dentro del auto. Las tarifas var\u00edan seg\u00fan la ciudad.<\/p>\n<p><\/p>\n<p data-start=\"3258\" data-end=\"3464\"><strong data-start=\"3258\" data-end=\"3272\">Impuestos:<\/strong><br data-start=\"3272\" data-end=\"3275\" \/>Per\u00fa tiene varios impuestos; el impuesto de ventas oficial es del 18%. Si te alojas en un hotel, tu pasaporte te exime de pagar este impuesto en la tarifa de la habitaci\u00f3n por tres meses.<\/p>\n<p><\/p>\n<p data-start=\"3466\" data-end=\"4059\"><strong data-start=\"3466\" data-end=\"3490\">Gastronom\u00eda Peruana:<\/strong><br data-start=\"3490\" data-end=\"3493\" \/>La cocina peruana es una de las mejores de Sudam\u00e9rica, reconocida por su sabor, variedad y fusi\u00f3n de influencias culturales. Gracias a sus regiones geogr\u00e1ficas diversas y su costa, hay abundancia de ingredientes frescos. Los platos combinan tradiciones culinarias de \u00c1frica, Italia, Francia, China y Espa\u00f1a, con granos tradicionales (arroz, ma\u00edz y frijoles), ra\u00edces (yuca, taro y papa), especias (cilantro, ajo, achiote, azafr\u00e1n, perejil, or\u00e9gano, tomillo, nuez moscada), frutas y vegetales frescos. Generalmente, la comida es ligeramente a moderadamente sazonada.<\/p>\n<p><\/p>\n<p data-start=\"4061\" data-end=\"4082\">Platos m\u00e1s comunes:<\/p>\n<ul data-start=\"4083\" data-end=\"4642\">\n<li data-start=\"4083\" data-end=\"4214\">\n<p data-start=\"4085\" data-end=\"4214\"><strong data-start=\"4085\" data-end=\"4097\">Ceviche:<\/strong> Pescado y mariscos marinados en jugos c\u00edtricos con cebolla y rocoto andino, servido fr\u00edo o a temperatura ambiente.<\/p>\n<\/li>\n<li data-start=\"4215\" data-end=\"4330\">\n<p data-start=\"4217\" data-end=\"4330\"><strong data-start=\"4217\" data-end=\"4232\">Anticuchos:<\/strong> Carnes asadas o estofadas, incluyendo res, cuy, pollo y alpaca, usualmente acompa\u00f1adas de papa.<\/p>\n<\/li>\n<li data-start=\"4331\" data-end=\"4424\">\n<p data-start=\"4333\" data-end=\"4424\"><strong data-start=\"4333\" data-end=\"4350\">Lomo saltado:<\/strong> Verduras y carne salteadas en salsa peruana, servidas con arroz y papa.<\/p>\n<\/li>\n<li data-start=\"4425\" data-end=\"4536\">\n<p data-start=\"4427\" data-end=\"4536\"><strong data-start=\"4427\" data-end=\"4448\">Pollo a la Brasa:<\/strong> Pollo asado acompa\u00f1ado de papas fritas y ensalada, famoso como comida r\u00e1pida peruana.<\/p>\n<\/li>\n<li data-start=\"4537\" data-end=\"4642\">\n<p data-start=\"4539\" data-end=\"4642\"><strong data-start=\"4539\" data-end=\"4558\">Aj\u00ed de Gallina:<\/strong> Pollo desmenuzado en salsa de man\u00ed, servido con lechuga, aceitunas, papa y arroz.<\/p>\n<\/li>\n<\/ul>\n<p><\/p>\n<p data-start=\"4644\" data-end=\"4675\"><strong data-start=\"4644\" data-end=\"4673\">Servicios y Electricidad:<\/strong><\/p>\n<ul data-start=\"4676\" data-end=\"5215\">\n<li data-start=\"4676\" data-end=\"4964\">\n<p data-start=\"4678\" data-end=\"4964\"><strong data-start=\"4678\" data-end=\"4695\">Electricidad:<\/strong> El voltaje en Per\u00fa es 220V. Para aparatos estadounidenses o europeos como secadores de pelo o afeitadoras se puede necesitar un convertidor. Los laptops y otros dispositivos de gama alta suelen ser de doble voltaje. Revisa el voltaje antes de usar cualquier aparato.<\/p>\n<\/li>\n<li data-start=\"4965\" data-end=\"5215\">\n<p data-start=\"4967\" data-end=\"5215\"><strong data-start=\"4967\" data-end=\"4976\">Agua:<\/strong> El agua de grifo no es potable; hervirla por 5 minutos elimina bacterias. El agua embotellada est\u00e1 disponible en todo el pa\u00eds. El agua caliente suele estar disponible 24 horas, aunque es limitada en comparaci\u00f3n con pa\u00edses desarrollados.<\/p>\n<\/li>\n<\/ul>\n<p><\/p>\n<p data-start=\"5217\" data-end=\"5455\"><strong data-start=\"5217\" data-end=\"5237\">Altitud y Clima:<\/strong><br data-start=\"5237\" data-end=\"5240\" \/>Por las tres zonas clim\u00e1ticas, se recomienda vestir en capas. Cusco est\u00e1 a 3.500 metros (11.000 pies), donde las noches son fr\u00edas. Para la Amazon\u00eda, el Valle Sagrado y Machu Picchu, prep\u00e1rate para calor y humedad.<\/p>\n<p><\/p>\n<p data-start=\"5457\" data-end=\"5682\"><strong data-start=\"5457\" data-end=\"5483\">Documentos Personales:<\/strong><br data-start=\"5483\" data-end=\"5486\" \/>Se recomienda llevar siempre una fotocopia del pasaporte y de otros documentos importantes (boletos, recetas, tarjetas de vacunaci\u00f3n). Evita llevar el pasaporte original salvo que sea necesario.<\/p>\n<p><\/p>\n<p data-start=\"5684\" data-end=\"6017\"><strong data-start=\"5684\" data-end=\"5697\">Propinas:<\/strong><br data-start=\"5697\" data-end=\"5700\" \/>No se espera propina en restaurantes, pero se agradece si el servicio es excepcional. Los taxistas no reciben propina. Porteros y maleteros s\u00ed deben recibir entre 5-10 soles; gu\u00edas tur\u00edsticos entre 10-20 soles (m\u00e1s si deseas). Muchos hoteles y restaurantes agregan 10% de servicio, no se requiere propina adicional.<\/p>\n<p><\/p>\n<p data-start=\"6019\" data-end=\"6046\"><strong data-start=\"6019\" data-end=\"6044\">Salud y Precauciones:<\/strong><\/p>\n<ul data-start=\"6047\" data-end=\"6742\">\n<li data-start=\"6047\" data-end=\"6156\">\n<p data-start=\"6049\" data-end=\"6156\"><strong data-start=\"6049\" data-end=\"6089\">Prevenci\u00f3n de picaduras de insectos:<\/strong> Usar repelente con 30%-50% DEET, ropa de manga larga y sombrero.<\/p>\n<\/li>\n<li data-start=\"6157\" data-end=\"6255\">\n<p data-start=\"6159\" data-end=\"6255\"><strong data-start=\"6159\" data-end=\"6200\">Prevenci\u00f3n de mordeduras de animales:<\/strong> Mantener distancia y vacunaci\u00f3n antitet\u00e1nica al d\u00eda.<\/p>\n<\/li>\n<li data-start=\"6256\" data-end=\"6440\">\n<p data-start=\"6258\" data-end=\"6440\"><strong data-start=\"6258\" data-end=\"6279\">Alimentos y agua:<\/strong> Consumir agua embotellada o hervida, lavar manos, evitar comida de vendedores ambulantes y productos l\u00e1cteos no pasteurizados. Llevar medicaci\u00f3n para diarrea.<\/p>\n<\/li>\n<li data-start=\"6441\" data-end=\"6516\">\n<p data-start=\"6443\" data-end=\"6516\"><strong data-start=\"6443\" data-end=\"6464\">Protecci\u00f3n solar:<\/strong> Usar bloqueador SPF 30+, especialmente en altura.<\/p>\n<\/li>\n<li data-start=\"6517\" data-end=\"6742\">\n<p data-start=\"6519\" data-end=\"6742\"><strong data-start=\"6519\" data-end=\"6531\">Vacunas:<\/strong> Aparte de vacunas tradicionales, se recomiendan fiebre amarilla, hepatitis A y B, tifoidea y rabia si hay contacto con animales. Antimal\u00e1ricos no son obligatorios, salvo que visites la selva o pa\u00edses vecinos.<\/p>\n<\/li>\n<\/ul>\n<p><\/p>\n<p data-start=\"6744\" data-end=\"7017\" data-is-last-node=\"\" data-is-only-node=\"\"><strong data-start=\"6744\" data-end=\"6765\">Cambio de Moneda:<\/strong><br data-start=\"6765\" data-end=\"6768\" \/>Casas de cambio est\u00e1n en todas las ciudades. En aeropuertos hay servicio 24h. Las tarjetas de cr\u00e9dito se aceptan en \u00e1reas urbanas y se puede retirar dinero en ATMs 24h. Trae billetes en buen estado; billetes viejos o da\u00f1ados pueden no ser aceptados.<\/p>\n<p><\/p>\n<p data-start=\"0\" data-end=\"529\">Las tarjetas de cr\u00e9dito son ampliamente aceptadas en las zonas urbanas y se puede retirar dinero\u2014ya sea en soles o en d\u00f3lares estadounidenses\u2014con tarjetas de cr\u00e9dito o d\u00e9bito en la mayor\u00eda de los bancos. Los bancos suelen estar abiertos de 9:00 a.m. a 6:00 p.m. de lunes a viernes, de 9:00 a.m. a 1:00 p.m. los s\u00e1bados, y permanecen cerrados los domingos. Los cajeros autom\u00e1ticos est\u00e1n disponibles las 24 horas en todas las principales ciudades. Se informa que los cajeros de Scotiabank y BanBif no cobran comisi\u00f3n por retiros.<\/p>\n<p><\/p>\n<p data-start=\"531\" data-end=\"745\" data-is-last-node=\"\" data-is-only-node=\"\"><strong data-start=\"531\" data-end=\"546\">IMPORTANTE:<\/strong> Si planeas cambiar d\u00f3lares estadounidenses, procura llevar billetes lo m\u00e1s nuevos y limpios posible. La mayor\u00eda de los lugares (\u00a1incluso los bancos!) NO aceptar\u00e1n billetes viejos, sucios o rasgados.<\/p>\n\t\t\t\t\t\t\t\t<\/div>\n\t\t\t\t<\/div>\n\t\t\t\t\t<\/div>\n\t\t<\/div>\n\t\t\t\t\t<\/div>\n\t\t<\/section>\n\t\t\t\t<\/div>\n\t\t","protected":false},"excerpt":{"rendered":"<p>Informaci\u00f3n de viaje a Per\u00fa Informaci\u00f3n sobre Per\u00fa: Poblaci\u00f3n: 30 millones de personas (aproximadamente)Superficie: 1.285.215,60 km\u00b2 de selva, monta\u00f1as y costaIdioma: El espa\u00f1ol y el quechua son los dos idiomas principalesEconom\u00eda: La econom\u00eda de Per\u00fa se basa en recursos naturales e industriales. En los \u00faltimos a\u00f1os, la econom\u00eda peruana ha mejorado considerablementePoblaci\u00f3n: Casi el 45% [&hellip;]<\/p>\n","protected":false},"author":1,"featured_media":0,"parent":0,"menu_order":0,"comment_status":"closed","ping_status":"closed","template":"elementor_header_footer","meta":{"site-sidebar-layout":"default","site-content-layout":"","ast-site-content-layout":"default","site-content-style":"default","site-sidebar-style":"default","ast-global-header-display":"","ast-banner-title-visibility":"","ast-main-header-display":"","ast-hfb-above-header-display":"","ast-hfb-below-header-display":"","ast-hfb-mobile-header-display":"","site-post-title":"disabled","ast-breadcrumbs-content":"","ast-featured-img":"","footer-sml-layout":"","ast-disable-related-posts":"","theme-transparent-header-meta":"","adv-header-id-meta":"","stick-header-meta":"","header-above-stick-meta":"","header-main-stick-meta":"","header-below-stick-meta":"","astra-migrate-meta-layouts":"default","ast-page-background-enabled":"default","ast-page-background-meta":{"desktop":{"background-color":"var(--ast-global-color-4)","background-image":"","background-repeat":"repeat","background-position":"center center","background-size":"auto","background-attachment":"scroll","background-type":"","background-media":"","overlay-type":"","overlay-color":"","overlay-opacity":"","overlay-gradient":""},"tablet":{"background-color":"","background-image":"","background-repeat":"repeat","background-position":"center center","background-size":"auto","background-attachment":"scroll","background-type":"","background-media":"","overlay-type":"","overlay-color":"","overlay-opacity":"","overlay-gradient":""},"mobile":{"background-color":"","background-image":"","background-repeat":"repeat","background-position":"center center","background-size":"auto","background-attachment":"scroll","background-type":"","background-media":"","overlay-type":"","overlay-color":"","overlay-opacity":"","overlay-gradient":""}},"ast-content-background-meta":{"desktop":{"background-color":"var(--ast-global-color-5)","background-image":"","background-repeat":"repeat","background-position":"center center","background-size":"auto","background-attachment":"scroll","background-type":"","background-media":"","overlay-type":"","overlay-color":"","overlay-opacity":"","overlay-gradient":""},"tablet":{"background-color":"var(--ast-global-color-5)","background-image":"","background-repeat":"repeat","background-position":"center center","background-size":"auto","background-attachment":"scroll","background-type":"","background-media":"","overlay-type":"","overlay-color":"","overlay-opacity":"","overlay-gradient":""},"mobile":{"background-color":"var(--ast-global-color-5)","background-image":"","background-repeat":"repeat","background-position":"center center","background-size":"auto","background-attachment":"scroll","background-type":"","background-media":"","overlay-type":"","overlay-color":"","overlay-opacity":"","overlay-gradient":""}},"_joinchat":[],"footnotes":""},"class_list":["post-2176","page","type-page","status-publish","hentry"],"_links":{"self":[{"href":"https:\/\/www.pvtravels.com\/es\/wp-json\/wp\/v2\/pages\/2176","targetHints":{"allow":["GET"]}}],"collection":[{"href":"https:\/\/www.pvtravels.com\/es\/wp-json\/wp\/v2\/pages"}],"about":[{"href":"https:\/\/www.pvtravels.com\/es\/wp-json\/wp\/v2\/types\/page"}],"author":[{"embeddable":true,"href":"https:\/\/www.pvtravels.com\/es\/wp-json\/wp\/v2\/users\/1"}],"replies":[{"embeddable":true,"href":"https:\/\/www.pvtravels.com\/es\/wp-json\/wp\/v2\/comments?post=2176"}],"version-history":[{"count":8,"href":"https:\/\/www.pvtravels.com\/es\/wp-json\/wp\/v2\/pages\/2176\/revisions"}],"predecessor-version":[{"id":6351,"href":"https:\/\/www.pvtravels.com\/es\/wp-json\/wp\/v2\/pages\/2176\/revisions\/6351"}],"wp:attachment":[{"href":"https:\/\/www.pvtravels.com\/es\/wp-json\/wp\/v2\/media?parent=2176"}],"curies":[{"name":"wp","href":"https:\/\/api.w.org\/{rel}","templated":true}]}}